{"id":2750,"date":"2015-03-19T21:21:02","date_gmt":"2015-03-19T20:21:02","guid":{"rendered":"http:\/\/blogs.univ-jfc.fr\/projetcroixrouge\/?page_id=2750"},"modified":"2015-04-02T08:22:22","modified_gmt":"2015-04-02T07:22:22","slug":"guillaume-bouyssou","status":"publish","type":"page","link":"https:\/\/blogs.univ-jfc.fr\/projetcroixrouge\/la-croix-rouge-tarnaise-des-hommes-et-des-femmes\/les-benevoles-de-la-croix-rouge-tarnaise-2\/guillaume-bouyssou\/","title":{"rendered":"Guillaume Bouyssou"},"content":{"rendered":"<p align=\"JUSTIFY\"><span style=\"font-family: Arial,sans-serif\">Guillaume Bouyssou est b\u00e9n\u00e9vole \u00e0 la Croix-Rouge depuis 1981. Il avait alors seulement 18 ans. Son entr\u00e9e \u00e0 la Croix-Rouge a \u00e9t\u00e9 facilit\u00e9e et permise par son environnement familial. Sa m\u00e8re et sa s\u0153ur \u00e9taient d\u00e9j\u00e0 des b\u00e9n\u00e9voles. Il est actif dans le secteur du secourisme, avec la pr\u00e9sence sur de nombreux postes de secours lors de manifestations ou de rassemblement. Il participe \u00e9galement \u00e0 la formation des personnes. Son activit\u00e9 professionnelle est en lien avec la Croix-Rouge et le secourisme, puisqu&rsquo;il travaille dans une soci\u00e9t\u00e9 d&rsquo;ambulances sur l&rsquo;Albigeois. <\/span><\/p>\n","protected":false},"excerpt":{"rendered":"<p>Guillaume Bouyssou est b\u00e9n\u00e9vole \u00e0 la Croix-Rouge depuis 1981. Il avait alors seulement 18 ans. Son entr\u00e9e \u00e0 la Croix-Rouge a \u00e9t\u00e9 facilit\u00e9e et permise par son environnement familial. Sa m\u00e8re et sa s\u0153ur \u00e9taient d\u00e9j\u00e0 des b\u00e9n\u00e9voles. Il est actif dans le secteur du secourisme, avec la pr\u00e9sence sur de nombreux postes de secours &hellip; <a href=\"https:\/\/blogs.univ-jfc.fr\/projetcroixrouge\/la-croix-rouge-tarnaise-des-hommes-et-des-femmes\/les-benevoles-de-la-croix-rouge-tarnaise-2\/guillaume-bouyssou\/\" class=\"more-link\">Continuer la lecture de <span class=\"screen-reader-text\">Guillaume Bouyssou<\/span> <span class=\"meta-nav\">&rarr;<\/span><\/a><\/p>\n","protected":false},"author":85,"featured_media":0,"parent":2249,"menu_order":3,"comment_status":"closed","ping_status":"open","template":"","meta":[],"_links":{"self":[{"href":"https:\/\/blogs.univ-jfc.fr\/projetcroixrouge\/wp-json\/wp\/v2\/pages\/2750"}],"collection":[{"href":"https:\/\/blogs.univ-jfc.fr\/projetcroixrouge\/wp-json\/wp\/v2\/pages"}],"about":[{"href":"https:\/\/blogs.univ-jfc.fr\/projetcroixrouge\/wp-json\/wp\/v2\/types\/page"}],"author":[{"embeddable":true,"href":"https:\/\/blogs.univ-jfc.fr\/projetcroixrouge\/wp-json\/wp\/v2\/users\/85"}],"replies":[{"embeddable":true,"href":"https:\/\/blogs.univ-jfc.fr\/projetcroixrouge\/wp-json\/wp\/v2\/comments?post=2750"}],"version-history":[{"count":3,"href":"https:\/\/blogs.univ-jfc.fr\/projetcroixrouge\/wp-json\/wp\/v2\/pages\/2750\/revisions"}],"predecessor-version":[{"id":3773,"href":"https:\/\/blogs.univ-jfc.fr\/projetcroixrouge\/wp-json\/wp\/v2\/pages\/2750\/revisions\/3773"}],"up":[{"embeddable":true,"href":"https:\/\/blogs.univ-jfc.fr\/projetcroixrouge\/wp-json\/wp\/v2\/pages\/2249"}],"wp:attachment":[{"href":"https:\/\/blogs.univ-jfc.fr\/projetcroixrouge\/wp-json\/wp\/v2\/media?parent=2750"}],"curies":[{"name":"wp","href":"https:\/\/api.w.org\/{rel}","templated":true}]}}