{"id":277,"date":"2015-01-29T09:54:59","date_gmt":"2015-01-29T08:54:59","guid":{"rendered":"http:\/\/blogs.univ-jfc.fr\/projetcroixrouge\/?page_id=277"},"modified":"2015-04-12T08:53:34","modified_gmt":"2015-04-12T07:53:34","slug":"1914-1944-les-formes-dinterventions-sociales-et-sanitaires-dans-la-premiere-partie-du-siecle","status":"publish","type":"page","link":"https:\/\/blogs.univ-jfc.fr\/projetcroixrouge\/pauvrete-action-sanitaire-et-sociale\/pauvrete-action-sanitaire-et-sociale-au-xxe-siecle\/1914-1944-les-formes-dinterventions-sociales-et-sanitaires-dans-la-premiere-partie-du-siecle\/","title":{"rendered":"1914-1944 : les formes d&rsquo;interventions sociales et sanitaires dans la premi\u00e8re partie du si\u00e8cle"},"content":{"rendered":"<figure id=\"attachment_1422\" aria-describedby=\"caption-attachment-1422\" style=\"width: 300px\" class=\"wp-caption alignright\"><a href=\"http:\/\/blogs.univ-jfc.fr\/projetcroixrouge\/wp-content\/uploads\/sites\/40\/2015\/01\/p\u00e9niches.jpeg\"><img loading=\"lazy\" class=\"size-medium wp-image-1422 \" title=\"Une p\u00e9niche de la Croix-Rouge pour le secours aux bless\u00e9s, 1914, Photographie de l'agence Rol, BNF, Biblioth\u00e8que Nationale de France, D\u00e9partement estampes et photographie\" alt=\"p\u00e9niches\" src=\"http:\/\/blogs.univ-jfc.fr\/projetcroixrouge\/wp-content\/uploads\/sites\/40\/2015\/01\/p\u00e9niches-300x231.jpeg\" width=\"300\" height=\"231\" srcset=\"https:\/\/blogs.univ-jfc.fr\/projetcroixrouge\/wp-content\/uploads\/sites\/40\/2015\/01\/p\u00e9niches-300x231.jpeg 300w, https:\/\/blogs.univ-jfc.fr\/projetcroixrouge\/wp-content\/uploads\/sites\/40\/2015\/01\/p\u00e9niches.jpeg 702w\" sizes=\"(max-width: 300px) 100vw, 300px\" \/><\/a><figcaption id=\"caption-attachment-1422\" class=\"wp-caption-text\">L&rsquo;action de la Croix-Rouge fran\u00e7aise pendant la Premi\u00e8re Guerre mondiale<\/figcaption><\/figure>\n<p style=\"text-align: justify\"><span style=\"color: #000000;font-size: medium\">Suite au choc de la Premi\u00e8re Guerre mondiale, la pauvret\u00e9 se d\u00e9veloppe en France. Ce ph\u00e9nom\u00e8ne est d\u00fb principalement \u00e0 la guerre : soldats, veuves, ou orphelins<\/span><a title=\"\" href=\"\/textesiteword.docx#_ftn1\"><sup><sup><span style=\"text-decoration: underline\">[1]<\/span><\/sup><\/sup><\/a><span style=\"color: #000000;font-size: medium\">ont du mal \u00e0 se r\u00e9adapter. L\u2019\u00c9tat propose des pensions souvent bien insuffisantes pour les veuves de guerre.<\/span><a title=\"\" href=\"\/textesiteword.docx#_ftn2\"><sup><sup><span style=\"text-decoration: underline\">[2].<\/span><\/sup><\/sup><\/a><span style=\"color: #000000;font-size: medium\"> Les institutions locales via les bureaux de bienfaisance tentent d\u2019am\u00e9liorer la situation<\/span><a title=\"\" href=\"\/textesiteword.docx#_ftn3\"><sup><sup><span style=\"text-decoration: underline\">[3]<\/span><\/sup><\/sup><\/a><span style=\"font-size: medium\"><span style=\"color: #000000\">. La Grande Guerre a entra\u00een\u00e9 une \u00e9volution notable de l\u2019action sociale de la part de l\u2019Etat<\/span><\/span><a title=\"\" href=\"\/textesiteword.docx#_ftn4\"><sup><sup><span style=\"text-decoration: underline\">[4]<\/span><\/sup><\/sup><\/a><span style=\"color: #000000;font-size: medium\">. De plus, les grandes \u0153uvres, surtout religieuses, catholiques ou protestantes \u00e0 l\u2019image de l\u2019Arm\u00e9e du Salut, interviennent toujours dans le domaine sanitaire et social<\/span><a title=\"\" href=\"\/textesiteword.docx#_ftn5\"><sup><sup><span style=\"text-decoration: underline\">[5]<\/span><\/sup><\/sup><\/a><span style=\"color: #000000;font-size: medium\"> : r\u00e9insertion, dons de subsistance, ou dans le domaine du logement. L\u2019\u00c9tat s\u2019est associ\u00e9 avec certaines de ces \u0153uvres, reconnues d\u2019utilit\u00e9 publique, \u00e0 l\u2019image de l\u2019oeuvre des orphelins apprentis d\u2019Auteuil, cr\u00e9\u00e9e en 1886, intervenant aupr\u00e8s des jeunes vagabonds ou de sans abris, pour leur permettre de se r\u00e9ins\u00e9rer<\/span><a title=\"\" href=\"\/textesiteword.docx#_ftn6\"><sup><sup><span style=\"text-decoration: underline\">[6]<\/span><\/sup><\/sup><\/a><span style=\"font-size: medium\"><span style=\"color: #000000\">.\u00a0<\/span><\/span><\/p>\n<figure id=\"attachment_1247\" aria-describedby=\"caption-attachment-1247\" style=\"width: 300px\" class=\"wp-caption alignleft\"><a href=\"http:\/\/blogs.univ-jfc.fr\/projetcroixrouge\/wp-content\/uploads\/sites\/40\/2015\/01\/641539e549.jpg\"><img loading=\"lazy\" class=\"size-medium wp-image-1247  \" title=\"Un groupe de jeunes recueillis par les Apprentis d\u2019Auteuil qui passent devant la tombe du Soldat Inconnu, 1918, Archives historiques des Apprentis d\u2019Auteuil, http:\/\/www.apprentis- auteuil.org!\" alt=\"641539e549\" src=\"http:\/\/blogs.univ-jfc.fr\/projetcroixrouge\/wp-content\/uploads\/sites\/40\/2015\/01\/641539e549-300x212.jpg\" width=\"300\" height=\"212\" srcset=\"https:\/\/blogs.univ-jfc.fr\/projetcroixrouge\/wp-content\/uploads\/sites\/40\/2015\/01\/641539e549-300x212.jpg 300w, https:\/\/blogs.univ-jfc.fr\/projetcroixrouge\/wp-content\/uploads\/sites\/40\/2015\/01\/641539e549.jpg 330w\" sizes=\"(max-width: 300px) 100vw, 300px\" \/><\/a><figcaption id=\"caption-attachment-1247\" class=\"wp-caption-text\">Une oeuvre hybride entre priv\u00e9 et public : les Orphelins apprentis d&rsquo;Auteuil<\/figcaption><\/figure>\n<p style=\"text-align: justify\"><span style=\"font-size: medium\"><span style=\"color: #000000\">\u00a0\u00a0\u00a0\u00a0\u00a0\u00a0\u00a0\u00a0\u00a0\u00a0\u00a0 Mais cette p\u00e9riode de fragilit\u00e9 due \u00e0 la guerre ne fait qu\u2019empirer suite \u00e0 un choc qui secoue l\u2019occident : la crise des ann\u00e9es 30. La crise touche l\u2019ensemble des pays industrialis\u00e9s et engendre un ch\u00f4mage de masse<\/span><\/span><a title=\"\" href=\"\/textesiteword.docx#_ftn7\"><sup><sup><span style=\"text-decoration: underline\">[7]<\/span><\/sup><\/sup><\/a><span style=\"color: #000000;font-size: medium\"> : 465 000 personnes sont recens\u00e9es comme sans emploi en France en 1936<\/span><a title=\"\" href=\"\/textesiteword.docx#_ftn8\"><sup><sup><span style=\"text-decoration: underline\">[8]<\/span><\/sup><\/sup><\/a><span style=\"color: #000000;font-size: medium\">. Ce fl\u00e9au affecte les personnes les plus vuln\u00e9rables comme les immigr\u00e9s<\/span><a title=\"\" href=\"\/textesiteword.docx#_ftn9\"><sup><sup><span style=\"text-decoration: underline\">[9]<\/span><\/sup><\/sup><\/a><span style=\"color: #000000;font-size: medium\">. Face \u00e0 ce d\u00e9sastre, les pouvoirs publics r\u00e9agissent\u00a0: de plus, le service public soutient les populations les plus touch\u00e9es par la crise et r\u00e9alise l\u2019enjeu que repr\u00e9sente le ch\u00f4mage, contribuant ainsi \u00e0 l\u2019aide des personnes atteintes par ce cataclysme. En effet, les interventions ne sont pas homog\u00e8nes et d\u00e9pendent des communes, certaines interviennent en donnant des fonds, d\u2019autres en faisant des dons en nature, sous la forme de bons alimentaires par exemple<\/span><a title=\"\" href=\"\/textesiteword.docx#_ftn10\"><sup><sup><span style=\"text-decoration: underline\">[10]<\/span><\/sup><\/sup><\/a><span style=\"color: #000000;font-size: medium\">. Les caisses de secours d\u00e9partementales sont mises \u00e0 disposition des plus pauvres en 1932, mais avec des conditions drastiques : les ch\u00f4meurs doivent vivre dans la commune depuis une certaine dur\u00e9e, d\u00e9tenir un certificat de l\u2019employeur pr\u00e9c\u00e9dent, \u00eatre un homme et ne pas \u00eatre \u00e9tranger.<\/span><a title=\"\" href=\"\/textesiteword.docx#_ftn11\"><sup><sup><span style=\"text-decoration: underline\">[11]<\/span><\/sup><\/sup><\/a><span style=\"color: #000000;font-size: medium\"> Une forte x\u00e9nophobie se d\u00e9veloppe en effet dans les ann\u00e9es 1930. <\/span><\/p>\n<p style=\"text-align: justify\"><span style=\"color: #000000;font-size: medium\">Deux \u0153uvres s\u2019emploient \u00e9galement \u00e0 soulager ces ch\u00f4meurs, en plus des oeuvres traditionnelles \u00e9voqu\u00e9es ci-dessus : l\u2019asile de nuit et les restaurants \u00e9conomiques<\/span><a title=\"\" href=\"\/textesiteword.docx#_ftn12\"><sup><sup><span style=\"text-decoration: underline\">[12]<\/span><\/sup><\/sup><\/a><span style=\"color: #000000;font-size: medium\">. Mais la crise est toujours pr\u00e9sente quand la Seconde Guerre mondiale \u00e9clate.<\/span><\/p>\n<p style=\"text-align: justify\"><span style=\"color: #000000;font-size: medium\">La France, au bout d\u2019un an de combat, signe l&rsquo;armistice et ne s&rsquo;est pas relev\u00e9e \u00e9conomiquement.<\/span><\/p>\n<figure id=\"attachment_1250\" aria-describedby=\"caption-attachment-1250\" style=\"width: 228px\" class=\"wp-caption alignright\"><img loading=\"lazy\" class=\"size-medium wp-image-1250 \" title=\"Une affiche de propagande du mar\u00e9chal P\u00e9tain pour une campagne de don du Secours National, 1940 - 1944, Mus\u00e9e Edmond Michelet\" alt=\"P\u00e9tain SN\" src=\"http:\/\/blogs.univ-jfc.fr\/projetcroixrouge\/wp-content\/uploads\/sites\/40\/2015\/01\/P\u00e9tain-SN-228x300.jpg\" width=\"228\" height=\"300\" srcset=\"https:\/\/blogs.univ-jfc.fr\/projetcroixrouge\/wp-content\/uploads\/sites\/40\/2015\/01\/P\u00e9tain-SN-228x300.jpg 228w, https:\/\/blogs.univ-jfc.fr\/projetcroixrouge\/wp-content\/uploads\/sites\/40\/2015\/01\/P\u00e9tain-SN.jpg 366w\" sizes=\"(max-width: 228px) 100vw, 228px\" \/><figcaption id=\"caption-attachment-1250\" class=\"wp-caption-text\">L&rsquo;action sociale sous l&#8217;emprise de la propagande<\/figcaption><\/figure>\n<p style=\"text-align: justify\"><span style=\"font-size: medium\"><span style=\"color: #000000\">Pendant le r\u00e9gime de Vichy, la pauvret\u00e9 subsiste, redoubl\u00e9e par une nouvelle forme de mis\u00e8re remarquable chez les populations traqu\u00e9es<\/span><\/span><a title=\"\" href=\"\/textesiteword.docx#_ftn13\"><sup><sup><span style=\"text-decoration: underline\">[13]<\/span><\/sup><\/sup><\/a><span style=\"color: #000000;font-size: medium\">. Pour contrer cette pauvret\u00e9, le r\u00e9gime de Vichy renouvelle le Secours National n\u00e9 pendant la Premi\u00e8re Guerre mondiale. Ce dernier est financ\u00e9 par des fonds priv\u00e9s mais aussi l\u2019\u00c9tat et les collectivit\u00e9s publiques<\/span><a title=\"\" href=\"\/textesiteword.docx#_ftn14\"><sup><sup><span style=\"text-decoration: underline\">[14]<\/span><\/sup><\/sup><\/a><span style=\"color: #000000;font-size: medium\">. Le mar\u00e9chal P\u00e9tain en est le pr\u00e9sident d\u2019honneur, ce qui lui permet de prendre les rennes de l\u2019assistance publique<\/span><a title=\"\" href=\"\/textesiteword.docx#_ftn15\"><sup><sup><span style=\"text-decoration: underline\">[15]<\/span><\/sup><\/sup><\/a><span style=\"color: #000000;font-size: medium\">. Il vise \u00e0 aider les victimes civiles de la guerre et fait des dons de nourriture et de v\u00eatements<\/span><a title=\"\" href=\"\/textesiteword.docx#_ftn16\"><sup><sup><span style=\"text-decoration: underline\">[16]<\/span><\/sup><\/sup><\/a><span style=\"color: #000000;font-size: medium\">. La loi du 4 octobre 1940 permet \u00e0 P\u00e9tain de saisir le Conseil d\u2019Etat pour faire interdire les oeuvres qui pourraient faire de l\u2019ombre au Secours National<\/span><a title=\"\" href=\"\/textesiteword.docx#_ftn17\"><sup><sup><span style=\"text-decoration: underline\">[17]<\/span><\/sup><\/sup><\/a><span style=\"color: #000000;font-size: medium\">. Face \u00e0 cette injustice, certaines \u0153uvres montrent leur d\u00e9saccord, \u00e0 l\u2019image du Secours Populaire<\/span><a title=\"\" href=\"\/textesiteword.docx#_ftn18\"><sup><sup><span style=\"text-decoration: underline\">[18]<\/span><\/sup><\/sup><\/a><span style=\"color: #000000;font-size: medium\"> qui subit des entraves de la part de l\u2019oeuvre de P\u00e9tain, notamment par des arrestations multiples au sein de l\u2019organisation<\/span><a title=\"\" href=\"\/textesiteword.docx#_ftn19\"><sup><sup><span style=\"text-decoration: underline\">[19]<\/span><\/sup><\/sup><\/a><span style=\"color: #000000;font-size: medium\">.<\/span><\/p>\n<p style=\"text-align: justify\"><span style=\"color: #000000;font-size: medium\">D\u2019autres, comme la Croix-Rouge, se r\u00e9organisent et tentent de composer avec la r\u00e9alit\u00e9 du r\u00e9gime de Vichy afin de continuer \u00e0 agir. L\u2019aide de la Croix-Rouge est d\u2019ordre sanitaire \u00e0 travers des dispensaires, ou encore des h\u00f4pitaux, mais aussi sociale. Cette \u0153uvre s\u2019\u00e9tablit sous la forme que nous lui connaissons aujourd\u2019hui au cours du r\u00e9gime de Vichy, c\u2019est \u00e0 dire d\u2019une association unique car jusque l\u00e0, elle \u00e9tait divis\u00e9e en trois soci\u00e9t\u00e9s diff\u00e9rentes : la Soci\u00e9t\u00e9 de Secours aux Bless\u00e9s Militaires, l&rsquo;Association des Dames de France, et l&rsquo;Union des Dames de France<\/span><a title=\"\" href=\"\/textesiteword.docx#_ftn20\"><sup><sup><span style=\"text-decoration: underline\">[20]<\/span><\/sup><\/sup><\/a><span style=\"color: #000000;font-size: medium\">. Etant une oeuvre parapublique, les ressources financi\u00e8res de la Croix Rouge sont pour la plupart originaires du Secours National<\/span><a title=\"\" href=\"\/textesiteword.docx#_ftn21\"><sup><sup><span style=\"text-decoration: underline\">[21]<\/span><\/sup><\/sup><\/a><span style=\"color: #000000;font-size: medium\">.<\/span><\/p>\n<p style=\"text-align: justify\"><span style=\"color: #000000;font-size: medium\">Ce n\u2019est qu\u2019\u00e0 la lib\u00e9ration que le paysage caritatif fran\u00e7ais se reforme<\/span><a title=\"\" href=\"\/textesiteword.docx#_ftn22\"><sup><sup><span style=\"text-decoration: underline\">[22]<\/span><\/sup><\/sup><\/a><span style=\"color: #000000;font-size: medium\">.<\/span><\/p>\n<div>\n<hr align=\"left\" size=\"1\" width=\"33%\" \/>\n<div>\n<p><a title=\"\" href=\"\/textesiteword.docx#_ftnref1\"><sup><sup><span style=\"text-decoration: underline\">[1]<\/span><\/sup><\/sup><\/a><span style=\"font-size: medium\"><span style=\"color: #000000\"><span style=\"font-family: Arial\"> Andr\u00e9<\/span> <span style=\"font-family: Arial\">Gueslin, <i>op cit<\/i>, p30 <\/span><\/span><\/span><\/p>\n<\/div>\n<div>\n<p><a title=\"\" href=\"\/textesiteword.docx#_ftnref2\"><sup><sup><span style=\"text-decoration: underline\">[2]<\/span><\/sup><\/sup><\/a><span style=\"font-size: medium\"><span style=\"color: #000000\"><span style=\"font-family: Arial\"> Andr\u00e9<\/span> <span style=\"font-family: Arial\">Gueslin, <i>op cit<\/i>, p35<\/span><\/span><\/span><\/p>\n<\/div>\n<div>\n<p><a title=\"\" href=\"\/textesiteword.docx#_ftnref3\"><sup><sup><span style=\"text-decoration: underline\">[3]<\/span><\/sup><\/sup><\/a><span style=\"font-family: Arial\"><span style=\"font-size: medium\"><span style=\"color: #000000\"> <i>Ibid<\/i><\/span><\/span><\/span><\/p>\n<\/div>\n<div>\n<p><a title=\"\" href=\"\/textesiteword.docx#_ftnref4\"><sup><sup><span style=\"text-decoration: underline\">[4]<\/span><\/sup><\/sup><\/a><span style=\"font-size: medium\"><span style=\"color: #000000\"><span style=\"font-family: Arial\"> Andr\u00e9<\/span> <span style=\"font-family: Arial\">Gueslin, <i>op cit<\/i>, p37<\/span><\/span><\/span><\/p>\n<\/div>\n<div>\n<p><a title=\"\" href=\"\/textesiteword.docx#_ftnref5\"><sup><sup><span style=\"text-decoration: underline\">[5]<\/span><\/sup><\/sup><\/a><span style=\"font-size: medium\"><span style=\"color: #000000\"><span style=\"font-family: Arial\"> Andr\u00e9<\/span> <span style=\"font-family: Arial\">Gueslin, <i>op cit<\/i>, p45<\/span><\/span><\/span><\/p>\n<\/div>\n<div>\n<p><a title=\"\" href=\"\/textesiteword.docx#_ftnref6\"><sup><sup><span style=\"text-decoration: underline\">[6]<\/span><\/sup><\/sup><\/a><span style=\"font-family: Arial\"><span style=\"font-size: medium\"><span style=\"color: #000000\"> <i>Ibid<\/i><\/span><\/span><\/span><\/p>\n<\/div>\n<div>\n<p><a title=\"\" href=\"\/textesiteword.docx#_ftnref7\"><sup><sup><span style=\"text-decoration: underline\">[7]<\/span><\/sup><\/sup><\/a><span style=\"font-size: medium\"><span style=\"color: #000000\"><span style=\"font-family: Arial\"> Andr\u00e9<\/span> <span style=\"font-family: Arial\">Gueslin, <i>op cit<\/i>, p72<\/span><\/span><\/span><\/p>\n<\/div>\n<div>\n<p><a title=\"\" href=\"\/textesiteword.docx#_ftnref8\"><sup><sup><span style=\"text-decoration: underline\">[8]<\/span><\/sup><\/sup><\/a><span style=\"font-family: Arial\"><span style=\"font-size: medium\"><span style=\"color: #000000\"> Serge Berstein et Pierre Milza, <i>Histoire de la France au XXe si<\/i><i>\u00e8<\/i><i>cle<\/i>, Bruxelles, Complexe, 1995, p415<\/span><\/span><\/span><\/p>\n<\/div>\n<div>\n<p><a title=\"\" href=\"\/textesiteword.docx#_ftnref9\"><sup><sup><span style=\"text-decoration: underline\">[9]<\/span><\/sup><\/sup><\/a><span style=\"font-size: medium\"><span style=\"color: #000000\"><span style=\"font-family: Arial\"> Andr\u00e9<\/span> <span style=\"font-family: Arial\">Gueslin, <i>op cit<\/i>, p74<\/span><\/span><\/span><\/p>\n<\/div>\n<div>\n<p><a title=\"\" href=\"\/textesiteword.docx#_ftnref10\"><sup><sup><span style=\"text-decoration: underline\">[10]<\/span><\/sup><\/sup><\/a><span style=\"font-size: medium\"><span style=\"color: #000000\"><span style=\"font-family: Arial\"> Andr\u00e9<\/span> <span style=\"font-family: Arial\">Gueslin, <i>op cit<\/i>, p92<\/span><\/span><\/span><\/p>\n<\/div>\n<div>\n<p><a title=\"\" href=\"\/textesiteword.docx#_ftnref11\"><sup><sup><span style=\"text-decoration: underline\">[11]<\/span><\/sup><\/sup><\/a><span style=\"font-size: medium\"><span style=\"color: #000000\"><span style=\"font-family: Arial\"> Andr\u00e9<\/span> <span style=\"font-family: Arial\">Gueslin, <i>op cit<\/i>, p76<\/span><\/span><\/span><\/p>\n<\/div>\n<div>\n<p><a title=\"\" href=\"\/textesiteword.docx#_ftnref12\"><sup><sup><span style=\"text-decoration: underline\">[12]<\/span><\/sup><\/sup><\/a><span style=\"font-size: medium\"><span style=\"color: #000000\"><span style=\"font-family: Arial\"> Andr\u00e9<\/span> <span style=\"font-family: Arial\">Gueslin, <i>op cit<\/i>, p84<\/span><\/span><\/span><\/p>\n<\/div>\n<div>\n<p><a title=\"\" href=\"\/textesiteword.docx#_ftnref13\"><sup><sup><span style=\"text-decoration: underline\">[13]<\/span><\/sup><\/sup><\/a><span style=\"font-size: medium\"><span style=\"color: #000000\"><span style=\"font-family: Arial\"> Andr\u00e9<\/span> <span style=\"font-family: Arial\">Gueslin, <i>op cit<\/i>, p103<\/span><\/span><\/span><\/p>\n<\/div>\n<div>\n<p><a title=\"\" href=\"\/textesiteword.docx#_ftnref14\"><sup><sup><span style=\"text-decoration: underline\">[14]<\/span><\/sup><\/sup><\/a><span style=\"font-family: Arial\"><span style=\"font-size: medium\"><span style=\"color: #000000\"> Jean-Pierre Le Crom, <i>Au secours Mar<\/i><i>\u00e9<\/i><i>chal : l<\/i><i>\u2019<\/i><i>instrumentalisation de l<\/i><i>\u2019<\/i><i>humanitaire (1940-1944)<\/i>, Paris, Presses Universitaires de France, 2013, p16<\/span><\/span><\/span><\/p>\n<\/div>\n<div>\n<p><a title=\"\" href=\"\/textesiteword.docx#_ftnref15\"><sup><sup><span style=\"text-decoration: underline\">[15]<\/span><\/sup><\/sup><\/a><span style=\"color: #000000;font-family: Arial;font-size: medium\"> Jean-Pierre Le Crom, <i>op cit<\/i>, p17<\/span><\/p>\n<\/div>\n<div>\n<p><a title=\"\" href=\"\/textesiteword.docx#_ftnref16\"><sup><sup><span style=\"text-decoration: underline\">[16]<\/span><\/sup><\/sup><\/a><span style=\"color: #000000;font-family: Arial;font-size: medium\"> Jean-Pierre Le Crom, <i>op cit<\/i>, p89<\/span><\/p>\n<\/div>\n<div>\n<p><a title=\"\" href=\"\/textesiteword.docx#_ftnref17\"><sup><sup><span style=\"text-decoration: underline\">[17]<\/span><\/sup><\/sup><\/a><span style=\"color: #000000;font-family: Arial;font-size: medium\"> Jean-Pierre Le Crom, <i>op cit<\/i>, p17<\/span><\/p>\n<\/div>\n<div>\n<p><a title=\"\" href=\"\/textesiteword.docx#_ftnref18\"><sup><sup><span style=\"text-decoration: underline\">[18]<\/span><\/sup><\/sup><\/a><span style=\"font-size: medium\"><span style=\"color: #000000\"><span style=\"font-family: Arial\"> Axelle Brodiez-Dolino, <i>Le Secours Populaire fran<\/i><i>\u00e7<\/i><i>ais, 1945-2000 : du communisme <\/i><i>\u00e0<\/i><\/span><i> <\/i><span style=\"font-family: Arial\"><i>l<\/i><i>\u2019<\/i><i>humanitaire<\/i>, Paris, Presses Universitaires de Sciences Po, 2006, p39<\/span><\/span><\/span><\/p>\n<\/div>\n<div>\n<p><a title=\"\" href=\"\/textesiteword.docx#_ftnref19\"><sup><sup><span style=\"text-decoration: underline\">[19]<\/span><\/sup><\/sup><\/a><span style=\"color: #000000;font-family: Arial;font-size: medium\"> Axelle Brodiez-Dolino, <i>op cit<\/i>, pp40-41<\/span><\/p>\n<\/div>\n<div>\n<p><a title=\"\" href=\"\/textesiteword.docx#_ftnref20\"><sup><sup><span style=\"text-decoration: underline\">[20]<\/span><\/sup><\/sup><\/a><span style=\"color: #000000;font-family: Arial;font-size: medium\"> Jean-Pierre Le Crom,<i>op cit<\/i>, p25<\/span><\/p>\n<\/div>\n<div>\n<p><a title=\"\" href=\"\/textesiteword.docx#_ftnref21\"><sup><sup><span style=\"text-decoration: underline\">[21]<\/span><\/sup><\/sup><\/a><span style=\"color: #000000;font-family: Arial;font-size: medium\">Jean Pierre Le Crom, <i>op cit<\/i>, p 52<\/span><\/p>\n<\/div>\n<div>\n<p><a title=\"\" href=\"\/textesiteword.docx#_ftnref22\"><sup><sup><span style=\"text-decoration: underline\">[22]<\/span><\/sup><\/sup><\/a><span style=\"font-size: medium\"><span style=\"color: #000000\"><span style=\"font-family: Arial\"> Andr\u00e9<\/span> <span style=\"font-family: Arial\">Gueslin, <i>op cit<\/i>, p129<\/span><\/span><\/span><\/p>\n<\/div>\n<\/div>\n","protected":false},"excerpt":{"rendered":"<p>Suite au choc de la Premi\u00e8re Guerre mondiale, la pauvret\u00e9 se d\u00e9veloppe en France. Ce ph\u00e9nom\u00e8ne est d\u00fb principalement \u00e0 la guerre : soldats, veuves, ou orphelins[1]ont du mal \u00e0 se r\u00e9adapter. L\u2019\u00c9tat propose des pensions souvent bien insuffisantes pour les veuves de guerre.[2]. Les institutions locales via les bureaux de bienfaisance tentent d\u2019am\u00e9liorer la &hellip; <a href=\"https:\/\/blogs.univ-jfc.fr\/projetcroixrouge\/pauvrete-action-sanitaire-et-sociale\/pauvrete-action-sanitaire-et-sociale-au-xxe-siecle\/1914-1944-les-formes-dinterventions-sociales-et-sanitaires-dans-la-premiere-partie-du-siecle\/\" class=\"more-link\">Continuer la lecture de <span class=\"screen-reader-text\">1914-1944 : les formes d&rsquo;interventions sociales et sanitaires dans la premi\u00e8re partie du si\u00e8cle<\/span> <span class=\"meta-nav\">&rarr;<\/span><\/a><\/p>\n","protected":false},"author":72,"featured_media":0,"parent":98,"menu_order":1,"comment_status":"closed","ping_status":"open","template":"","meta":[],"_links":{"self":[{"href":"https:\/\/blogs.univ-jfc.fr\/projetcroixrouge\/wp-json\/wp\/v2\/pages\/277"}],"collection":[{"href":"https:\/\/blogs.univ-jfc.fr\/projetcroixrouge\/wp-json\/wp\/v2\/pages"}],"about":[{"href":"https:\/\/blogs.univ-jfc.fr\/projetcroixrouge\/wp-json\/wp\/v2\/types\/page"}],"author":[{"embeddable":true,"href":"https:\/\/blogs.univ-jfc.fr\/projetcroixrouge\/wp-json\/wp\/v2\/users\/72"}],"replies":[{"embeddable":true,"href":"https:\/\/blogs.univ-jfc.fr\/projetcroixrouge\/wp-json\/wp\/v2\/comments?post=277"}],"version-history":[{"count":31,"href":"https:\/\/blogs.univ-jfc.fr\/projetcroixrouge\/wp-json\/wp\/v2\/pages\/277\/revisions"}],"predecessor-version":[{"id":3903,"href":"https:\/\/blogs.univ-jfc.fr\/projetcroixrouge\/wp-json\/wp\/v2\/pages\/277\/revisions\/3903"}],"up":[{"embeddable":true,"href":"https:\/\/blogs.univ-jfc.fr\/projetcroixrouge\/wp-json\/wp\/v2\/pages\/98"}],"wp:attachment":[{"href":"https:\/\/blogs.univ-jfc.fr\/projetcroixrouge\/wp-json\/wp\/v2\/media?parent=277"}],"curies":[{"name":"wp","href":"https:\/\/api.w.org\/{rel}","templated":true}]}}