{"id":279,"date":"2015-01-29T09:55:51","date_gmt":"2015-01-29T08:55:51","guid":{"rendered":"http:\/\/blogs.univ-jfc.fr\/projetcroixrouge\/?page_id=279"},"modified":"2015-04-12T09:12:29","modified_gmt":"2015-04-12T08:12:29","slug":"1945-1974-le-programme-social-au-sortir-de-la-guerre-et-pendant-les-trente-glorieuses","status":"publish","type":"page","link":"https:\/\/blogs.univ-jfc.fr\/projetcroixrouge\/pauvrete-action-sanitaire-et-sociale\/pauvrete-action-sanitaire-et-sociale-au-xxe-siecle\/1945-1974-le-programme-social-au-sortir-de-la-guerre-et-pendant-les-trente-glorieuses\/","title":{"rendered":"1945-1974 : le programme social au sortir de la guerre et pendant les Trente Glorieuses"},"content":{"rendered":"<figure id=\"attachment_1254\" aria-describedby=\"caption-attachment-1254\" style=\"width: 300px\" class=\"wp-caption alignright\"><a href=\"http:\/\/blogs.univ-jfc.fr\/projetcroixrouge\/wp-content\/uploads\/sites\/40\/2015\/01\/Unknown.jpeg\"><img loading=\"lazy\" class=\"size-medium wp-image-1254 \" title=\" La cit\u00e9 des Dervalli\u00e8res \u00e0 Nantes au milieu des ann\u00e9es 60 \u00a9 Archives municipales de la Ville de Nantes\" alt=\"Unknown\" src=\"http:\/\/blogs.univ-jfc.fr\/projetcroixrouge\/wp-content\/uploads\/sites\/40\/2015\/01\/Unknown-300x160.jpeg\" width=\"300\" height=\"160\" srcset=\"https:\/\/blogs.univ-jfc.fr\/projetcroixrouge\/wp-content\/uploads\/sites\/40\/2015\/01\/Unknown-300x160.jpeg 300w, https:\/\/blogs.univ-jfc.fr\/projetcroixrouge\/wp-content\/uploads\/sites\/40\/2015\/01\/Unknown.jpeg 307w\" sizes=\"(max-width: 300px) 100vw, 300px\" \/><\/a><figcaption id=\"caption-attachment-1254\" class=\"wp-caption-text\">Les logements HLM<\/figcaption><\/figure>\n<p style=\"text-align: justify\"><span style=\"color: #000000;font-size: medium\">Au lendemain de la Seconde Guerre mondiale, la France est en grande partie d\u00e9truite et la grande pauvret\u00e9 est visible. Cependant, la reconstruction est lanc\u00e9e et la France conna\u00eet une p\u00e9riode de croissance r\u00e9guli\u00e8re de 1948 \u00e0 1973.<\/span><a title=\"\" href=\"\/textesiteword.docx#_ftn1\"><sup><sup><span style=\"text-decoration: underline\">[1]<\/span><\/sup><\/sup><\/a><span style=\"color: #000000;font-size: medium\">Les Trente Glorieuses sont une p\u00e9riode de grande expansion et de prosp\u00e9rit\u00e9 \u00e9conomique, durant laquelle les fran\u00e7ais ont connu une \u00e9l\u00e9vation significative de leur niveau de vie. Malgr\u00e9 cette prosp\u00e9rit\u00e9, une partie de la soci\u00e9t\u00e9 englobant les personnes \u00e2g\u00e9es, les immigr\u00e9s, les handicap\u00e9s physiques et mentaux vit toujours dans des conditions difficiles voire dans un extr\u00eame d\u00e9nuement. Les formes de pauvret\u00e9 ant\u00e9rieures demeurent tandis que de nouvelles viennent s&rsquo;ajouter au paysage de la grande pauvret\u00e9, m\u00eame si la pauvret\u00e9 recule globalement au cours de cette p\u00e9riode. Ces populations sont toujours confront\u00e9es \u00e0 une p\u00e9nurie de logements d\u00e9cents, et les grandes destructions ont caus\u00e9 une inflation des loyers. L\u2019\u00c9tat tente d&rsquo;intervenir et cr\u00e9e les HLM (habitation \u00e0 loyer mod\u00e9r\u00e9) mais les loyers restent trop \u00e9lev\u00e9s pour les personnes ou les familles sans ressources.<\/span><a title=\"\" href=\"\/textesiteword.docx#_ftn2\"><sup><sup><span style=\"text-decoration: underline\">[2]<\/span><\/sup><\/sup><\/a><\/p>\n<p style=\"text-align: justify\"><span style=\"font-size: medium\"><span style=\"color: #000000\">\u00a0\u00a0\u00a0\u00a0\u00a0\u00a0\u00a0\u00a0\u00a0\u00a0\u00a0 La question sanitaire est moins pr\u00e9sente au sortir de la guerre en raison de la mise en place de la S\u00e9curit\u00e9 Sociale \u00e0 la Lib\u00e9ration. Bien s\u00fbr, les plus pauvres, priv\u00e9s pour la grande majorit\u00e9 de travail, ne peuvent pas cotiser\u00a0 pour avoir acc\u00e8s \u00e0 l&rsquo;assurance maladie mais le recul de la mortalit\u00e9 et des maladies infectieuses est spectaculaire.<\/span><\/span><\/p>\n<p style=\"text-align: justify\"><span style=\"color: #000000;font-size: medium\">C\u2019est pour les populations fragilis\u00e9es que l\u2019Etat institutionnalise le social : en 1953 appara\u00eet l&rsquo;aide sociale, qui se met en place quand l\u2019Etat r\u00e9forme les lois d&rsquo;assistance<\/span><a title=\"\" href=\"\/textesiteword.docx#_ftn3\"><sup><sup><span style=\"text-decoration: underline\">[3]<\/span><\/sup><\/sup><\/a><span style=\"color: #000000;font-size: medium\">.\u00a0 De cette r\u00e9forme naissent les BAS ou bureaux d&rsquo;aide sociale, qui originellement aident les personnes \u00e2g\u00e9es dont les retraites sont insuffisantes mais bien vite, ils interviennent aupr\u00e8s des sans-abris<\/span><a title=\"\" href=\"\/textesiteword.docx#_ftn4\"><sup><sup><span style=\"text-decoration: underline\">[4]<\/span><\/sup><\/sup><\/a><span style=\"color: #000000;font-size: medium\">. Aussi, la BAPSA (Brigade d\u2019assistance aux personnes sans-abris) est une division polici\u00e8re sp\u00e9cialis\u00e9e qui am\u00e8ne les SDF de Paris vers des centres sp\u00e9cialis\u00e9s<\/span><a title=\"\" href=\"\/textesiteword.docx#_ftn5\"><sup><sup><span style=\"text-decoration: underline\">[5]<\/span><\/sup><\/sup><\/a><span style=\"color: #000000;font-size: medium\">. <\/span><\/p>\n<p style=\"text-align: justify\"><span style=\"color: #000000;font-size: medium\">Parall\u00e8lement \u00e0 cette institutionnalisation du social, une renouveau caritatif se remarque. Effectivement, depuis longtemps et encore au d\u00e9but du si\u00e8cle, la charit\u00e9 \u00e9tait majoritairement chr\u00e9tienne<\/span><a title=\"\" href=\"\/textesiteword.docx#_ftn6\"><sup><sup><span style=\"text-decoration: underline\">[6]<\/span><\/sup><\/sup><\/a><span style=\"color: #000000;font-size: medium\">. Certes, il n&rsquo;y a pas disparition de la charit\u00e9 religieuse dans les associations comme le montre la cr\u00e9ation d&rsquo;oeuvres caritatives explicitement religieuse comme le Secours Catholique qui se forme en 1946 \u00e0 l&rsquo;initiative du Vatican, ou encore Emma\u00fcs, cr\u00e9\u00e9 par l&rsquo;Abb\u00e9 Pierre, mais des associations profond\u00e9ment la\u00efques voient le jour, m\u00eame si certaines existaient d\u00e9j\u00e0 avant 1945<\/span><a title=\"\" href=\"\/textesiteword.docx#_ftn7\"><sup><sup><span style=\"text-decoration: underline\">[7]<\/span><\/sup><\/sup><\/a><span style=\"color: #000000;font-size: medium\">. Emma\u00fcs est clairement religieuse : elle est n\u00e9e en 1949 sous la direction de l&rsquo;Abb\u00e9 Pierre, dont les premi\u00e8res actions sont dans le domaine du logement.<\/span><a title=\"\" href=\"\/textesiteword.docx#_ftn8\"><sup><sup><span style=\"text-decoration: underline\">[8]<\/span><\/sup><\/sup><\/a><\/p>\n<figure id=\"attachment_1256\" aria-describedby=\"caption-attachment-1256\" style=\"width: 222px\" class=\"wp-caption alignleft\"><a href=\"http:\/\/blogs.univ-jfc.fr\/projetcroixrouge\/wp-content\/uploads\/sites\/40\/2015\/01\/Secours-populaire.jpg\"><img loading=\"lazy\" class=\"size-medium wp-image-1256 \" title=\"Affiche g\u00e9n\u00e9rique de la f\u00e9d\u00e9ration de Lyon reproduisant un dessin offert par Jean Cocteau au Secours populaire fran\u00e7ais \u00e0 la fin des ann\u00e9es 1950, www.secourspopulaire.fr\" alt=\"Secours populaire\" src=\"http:\/\/blogs.univ-jfc.fr\/projetcroixrouge\/wp-content\/uploads\/sites\/40\/2015\/01\/Secours-populaire-222x300.jpg\" width=\"222\" height=\"300\" srcset=\"https:\/\/blogs.univ-jfc.fr\/projetcroixrouge\/wp-content\/uploads\/sites\/40\/2015\/01\/Secours-populaire-222x300.jpg 222w, https:\/\/blogs.univ-jfc.fr\/projetcroixrouge\/wp-content\/uploads\/sites\/40\/2015\/01\/Secours-populaire.jpg 300w\" sizes=\"(max-width: 222px) 100vw, 222px\" \/><\/a><figcaption id=\"caption-attachment-1256\" class=\"wp-caption-text\">L&rsquo;implication des artistes dans la charit\u00e9<\/figcaption><\/figure>\n<p style=\"text-align: justify\"><span style=\"font-size: medium\"><span style=\"color: #000000\">Le Secours Populaire, cr\u00e9\u00e9 pratiquement en m\u00eame temps que le Secours Catholique, revendique une action d\u00e9nu\u00e9e de sens partisan et recherche l&rsquo;\u00e9galit\u00e9 sociale.<\/span><\/span><\/p>\n<p style=\"text-align: justify\"><span style=\"color: #000000;font-size: medium\">Un renouveau caritatif se met ainsi en place dans la France des Trente Glorieuses, coupl\u00e9 d&rsquo;une action sociale qui se fortifie et s\u2019institutionnalise, ce qui est accompagn\u00e9 paradoxalement d\u2019une vague de pauvret\u00e9 qui accompagne la croissance. Ces nouveaux pauvres ont le visage des immigr\u00e9s, appel\u00e9s en France pour reconstruire le pays : d\u00e9j\u00e0 nombreux avant la guerre, leur nombre augmente apr\u00e8s 1945<\/span><a title=\"\" href=\"\/textesiteword.docx#_ftn9\"><sup><sup><span style=\"text-decoration: underline\">[9]<\/span><\/sup><\/sup><\/a><span style=\"color: #000000;font-size: medium\">. Ils sont attach\u00e9s \u00e0 la grande pauvret\u00e9 par le fait qu\u2019ils sont d\u00e9j\u00e0 d\u00e9munis et fragiles<\/span><a title=\"\" href=\"\/textesiteword.docx#_ftn10\"><sup><sup><span style=\"text-decoration: underline\">[10]<\/span><\/sup><\/sup><\/a><span style=\"color: #000000;font-size: medium\">, alors que paradoxalement, ils appartiennent au monde du travail, m\u00eame si leur salaire est tr\u00e8s bas. Ce paradoxe s\u2019explique par le fait qu\u2019ils envoient une part de leur salaire \u00e0 leur famille, ce qui leur laisse peu pour vivre<\/span><a title=\"\" href=\"\/textesiteword.docx#_ftn11\"><sup><sup><span style=\"text-decoration: underline\">[11]<\/span><\/sup><\/sup><\/a><span style=\"color: #000000;font-size: medium\">. Coupl\u00e9 \u00e0 ces probl\u00e8mes d\u2019ordre financier, ils sont plus fr\u00e9quemment discrimin\u00e9s quant \u00e0 l\u2019acc\u00e8s au logement<\/span><a title=\"\" href=\"\/textesiteword.docx#_ftn12\"><sup><sup><span style=\"text-decoration: underline\">[12]<\/span><\/sup><\/sup><\/a><span style=\"color: #000000;font-size: medium\">. Ce n\u2019est qu\u2019au milieu des ann\u00e9es 60 que la pauvret\u00e9 des immigr\u00e9s est prise en compte par l\u2019opinion publique suite \u00e0 une m\u00e9diatisation plus importante<\/span><a title=\"\" href=\"\/textesiteword.docx#_ftn13\"><sup><sup><span style=\"text-decoration: underline\">[13]<\/span><\/sup><\/sup><\/a><span style=\"color: #000000;font-size: medium\">. <\/span><\/p>\n<div>\n<hr align=\"left\" size=\"1\" width=\"33%\" \/>\n<div>\n<p><a title=\"\" href=\"\/textesiteword.docx#_ftnref1\"><sup><sup><span style=\"text-decoration: underline\">[1]<\/span><\/sup><\/sup><\/a><span style=\"font-size: medium\"><span style=\"color: #000000\"><span style=\"font-family: Arial\"> Andr\u00e9<\/span> <span style=\"font-family: Arial\">Gueslin, <i>op cit<\/i>, p133<\/span><\/span><\/span><\/p>\n<\/div>\n<div>\n<p><a title=\"\" href=\"\/textesiteword.docx#_ftnref2\"><sup><sup><span style=\"text-decoration: underline\">[2]<\/span><\/sup><\/sup><\/a><span style=\"font-size: medium\"><span style=\"color: #000000\"><span style=\"font-family: Arial\"> Andr\u00e9<\/span> <span style=\"font-family: Arial\">Gueslin, <em>op cit<\/em>, p139<\/span><\/span><\/span><\/p>\n<\/div>\n<div>\n<p><a title=\"\" href=\"\/textesiteword.docx#_ftnref3\"><sup><sup><span style=\"text-decoration: underline\">[3]<\/span><\/sup><\/sup><\/a><span style=\"color: #000000;font-family: Arial;font-size: medium\"> Yvette Rayssiguier, <i>op cit<\/i>, p21<\/span><\/p>\n<\/div>\n<div>\n<p><a title=\"\" href=\"\/textesiteword.docx#_ftnref4\"><sup><sup><span style=\"text-decoration: underline\">[4]<\/span><\/sup><\/sup><\/a><span style=\"font-size: medium\"><span style=\"color: #000000\"><span style=\"font-family: Arial\"> Andr\u00e9<\/span> <span style=\"font-family: Arial\">Gueslin, <em>op cit<\/em>, p157<\/span><\/span><\/span><\/p>\n<\/div>\n<div>\n<p><a title=\"\" href=\"\/textesiteword.docx#_ftnref5\"><sup><sup><span style=\"text-decoration: underline\">[5]<\/span><\/sup><\/sup><\/a><span style=\"font-size: medium\"><span style=\"color: #000000\"><span style=\"font-family: Arial\">Andr\u00e9<\/span> <span style=\"font-family: Arial\">Gueslin, <i>op cit<\/i>, p168<\/span><\/span><\/span><\/p>\n<\/div>\n<div>\n<p><a title=\"\" href=\"\/textesiteword.docx#_ftnref6\"><sup><sup><span style=\"text-decoration: underline\">[6]<\/span><\/sup><\/sup><\/a><span style=\"font-size: medium\"><span style=\"color: #000000\"><span style=\"font-family: Arial\"> Andr\u00e9<\/span> <span style=\"font-family: Arial\">Gueslin, <i>op cit<\/i>, p179<\/span><\/span><\/span><\/p>\n<\/div>\n<div>\n<p><a title=\"\" href=\"\/textesiteword.docx#_ftnref7\"><sup><sup><span style=\"text-decoration: underline\">[7]<\/span><\/sup><\/sup><\/a><span style=\"font-size: medium\"><span style=\"color: #000000\"><span style=\"font-family: Arial\"> Andr\u00e9<\/span> <span style=\"font-family: Arial\">Gueslin, <i>op cit<\/i>, p180<\/span><\/span><\/span><\/p>\n<\/div>\n<div>\n<p><a title=\"\" href=\"\/textesiteword.docx#_ftnref8\"><sup><sup><span style=\"text-decoration: underline\">[8]<\/span><\/sup><\/sup><\/a><span style=\"font-size: medium\"><span style=\"color: #000000\"><span style=\"font-family: Arial\"> Axelle Brodiez-Dolino, <i>Emma<\/i><i>\u00fc<\/i><i>s et l<\/i><i>\u2019<\/i><i>Abb<\/i><i>\u00e9<\/i><\/span><i> <\/i><span style=\"font-family: Arial\"><i>Pierre<\/i>, Paris, Presses de la fondation nationale de sciences politiques, 2009, p46<\/span><\/span><\/span><\/p>\n<\/div>\n<div>\n<p><a title=\"\" href=\"\/textesiteword.docx#_ftnref9\"><sup><sup><span style=\"text-decoration: underline\">[9]<\/span><\/sup><\/sup><\/a><span style=\"font-size: medium\"><span style=\"color: #000000\"><span style=\"font-family: Arial\"> Andr\u00e9<\/span> <span style=\"font-family: Arial\">Gueslin, <i>op cit<\/i>, p134<\/span><\/span><\/span><\/p>\n<\/div>\n<div>\n<p><a title=\"\" href=\"\/textesiteword.docx#_ftnref10\"><sup><sup><span style=\"text-decoration: underline\">[10]<\/span><\/sup><\/sup><\/a><span style=\"font-size: medium\"><span style=\"color: #000000\"><span style=\"font-family: Arial\"> Andr\u00e9<\/span> <span style=\"font-family: Arial\">Gueslin, <i>op cit<\/i>, p135<\/span><\/span><\/span><\/p>\n<\/div>\n<div>\n<p><a title=\"\" href=\"\/textesiteword.docx#_ftnref11\"><sup><sup><span style=\"text-decoration: underline\">[11]<\/span><\/sup><\/sup><\/a><span style=\"font-size: medium\"><span style=\"color: #000000\"><span style=\"font-family: Arial\"> Andr\u00e9<\/span> <span style=\"font-family: Arial\">Gueslin, <i>op cit<\/i>, p136<\/span><\/span><\/span><\/p>\n<\/div>\n<div>\n<p><a title=\"\" href=\"\/textesiteword.docx#_ftnref12\"><sup><sup><span style=\"text-decoration: underline\">[12]<\/span><\/sup><\/sup><\/a><span style=\"font-size: medium\"><span style=\"color: #000000\"><span style=\"font-family: Arial\"> Andr\u00e9<\/span> <span style=\"font-family: Arial\">Gueslin,<i> op cit<\/i>, p138<\/span><\/span><\/span><\/p>\n<\/div>\n<div>\n<p><a title=\"\" href=\"\/textesiteword.docx#_ftnref13\"><sup><sup><span style=\"text-decoration: underline\">[13]<\/span><\/sup><\/sup><\/a><span style=\"color: #000000;font-family: Arial;font-size: medium\"> Axelle Brodiez, <i>op cit<\/i>, p142<\/span><\/p>\n<\/div>\n<\/div>\n<div>\n<p>&nbsp;<\/p>\n<\/div>\n<div>\n<p>&nbsp;<\/p>\n<\/div>\n<div>\n<p>&nbsp;<\/p>\n<\/div>\n","protected":false},"excerpt":{"rendered":"<p>Au lendemain de la Seconde Guerre mondiale, la France est en grande partie d\u00e9truite et la grande pauvret\u00e9 est visible. Cependant, la reconstruction est lanc\u00e9e et la France conna\u00eet une p\u00e9riode de croissance r\u00e9guli\u00e8re de 1948 \u00e0 1973.[1]Les Trente Glorieuses sont une p\u00e9riode de grande expansion et de prosp\u00e9rit\u00e9 \u00e9conomique, durant laquelle les fran\u00e7ais ont &hellip; <a href=\"https:\/\/blogs.univ-jfc.fr\/projetcroixrouge\/pauvrete-action-sanitaire-et-sociale\/pauvrete-action-sanitaire-et-sociale-au-xxe-siecle\/1945-1974-le-programme-social-au-sortir-de-la-guerre-et-pendant-les-trente-glorieuses\/\" class=\"more-link\">Continuer la lecture de <span class=\"screen-reader-text\">1945-1974 : le programme social au sortir de la guerre et pendant les Trente Glorieuses<\/span> <span class=\"meta-nav\">&rarr;<\/span><\/a><\/p>\n","protected":false},"author":72,"featured_media":0,"parent":98,"menu_order":2,"comment_status":"closed","ping_status":"open","template":"","meta":[],"_links":{"self":[{"href":"https:\/\/blogs.univ-jfc.fr\/projetcroixrouge\/wp-json\/wp\/v2\/pages\/279"}],"collection":[{"href":"https:\/\/blogs.univ-jfc.fr\/projetcroixrouge\/wp-json\/wp\/v2\/pages"}],"about":[{"href":"https:\/\/blogs.univ-jfc.fr\/projetcroixrouge\/wp-json\/wp\/v2\/types\/page"}],"author":[{"embeddable":true,"href":"https:\/\/blogs.univ-jfc.fr\/projetcroixrouge\/wp-json\/wp\/v2\/users\/72"}],"replies":[{"embeddable":true,"href":"https:\/\/blogs.univ-jfc.fr\/projetcroixrouge\/wp-json\/wp\/v2\/comments?post=279"}],"version-history":[{"count":16,"href":"https:\/\/blogs.univ-jfc.fr\/projetcroixrouge\/wp-json\/wp\/v2\/pages\/279\/revisions"}],"predecessor-version":[{"id":3905,"href":"https:\/\/blogs.univ-jfc.fr\/projetcroixrouge\/wp-json\/wp\/v2\/pages\/279\/revisions\/3905"}],"up":[{"embeddable":true,"href":"https:\/\/blogs.univ-jfc.fr\/projetcroixrouge\/wp-json\/wp\/v2\/pages\/98"}],"wp:attachment":[{"href":"https:\/\/blogs.univ-jfc.fr\/projetcroixrouge\/wp-json\/wp\/v2\/media?parent=279"}],"curies":[{"name":"wp","href":"https:\/\/api.w.org\/{rel}","templated":true}]}}