{"id":2844,"date":"2015-03-23T11:14:53","date_gmt":"2015-03-23T10:14:53","guid":{"rendered":"http:\/\/blogs.univ-jfc.fr\/projetcroixrouge\/?page_id=2844"},"modified":"2015-03-26T09:53:58","modified_gmt":"2015-03-26T08:53:58","slug":"portraits-de-femmes-resistantes","status":"publish","type":"page","link":"https:\/\/blogs.univ-jfc.fr\/projetcroixrouge\/la-croix-rouge-tarnaise-des-hommes-et-des-femmes\/les-femmes-de-la-croix-rouge\/image-et-representation-des-femmes-de-la-croix-rouge\/portraits-de-femmes-resistantes\/","title":{"rendered":"Portraits de femmes r\u00e9sistantes"},"content":{"rendered":"<p lang=\"zxx\" align=\"JUSTIFY\">\n<figure id=\"attachment_3327\" aria-describedby=\"caption-attachment-3327\" style=\"width: 257px\" class=\"wp-caption alignleft\"><a href=\"http:\/\/blogs.univ-jfc.fr\/projetcroixrouge\/wp-content\/uploads\/sites\/40\/2015\/03\/edith-cavell.jpg\"><img loading=\"lazy\" class=\"size-medium wp-image-3327 \" title=\"Portrait d'Edith Cavell\" alt=\"Photographie d'Edith Cavell, Belgian Tourist Office\" src=\"http:\/\/blogs.univ-jfc.fr\/projetcroixrouge\/wp-content\/uploads\/sites\/40\/2015\/03\/edith-cavell-257x300.jpg\" width=\"257\" height=\"300\" srcset=\"https:\/\/blogs.univ-jfc.fr\/projetcroixrouge\/wp-content\/uploads\/sites\/40\/2015\/03\/edith-cavell-257x300.jpg 257w, https:\/\/blogs.univ-jfc.fr\/projetcroixrouge\/wp-content\/uploads\/sites\/40\/2015\/03\/edith-cavell.jpg 626w\" sizes=\"(max-width: 257px) 100vw, 257px\" \/><\/a><figcaption id=\"caption-attachment-3327\" class=\"wp-caption-text\">Photographie d&rsquo;Edith Cavell, Belgian Tourist Office<\/figcaption><\/figure>\n<p lang=\"zxx\" align=\"JUSTIFY\"><span style=\"color: #000000\"><span style=\"font-family: Arial, sans-serif\"><span style=\"font-size: medium\">Edith Cavell est une infirmi\u00e8re anglaise, directrice de la Croix-Rouge \u00e0 Bruxelles lors la Premi\u00e8re Guerre mondiale. Consid\u00e9r\u00e9e comme une h\u00e9ro\u00efne et une martyre par les Fran\u00e7ais et les Anglais, la jeune femme apporta son aide aux deux camps. H\u00e9ro\u00efne puisque r\u00e9sistante pour les services secrets anglais, elle permit de faire passer des centaines d&rsquo;hommes en Belgique depuis la fronti\u00e8re fran\u00e7aise. Martyre pour avoir d\u00e9nonc\u00e9 le nom des personnes du r\u00e9seau de r\u00e9sistance lors de son arrestation par un officier Allemand. Son engagement, sa volont\u00e9 de pers\u00e9v\u00e9rer en tant qu&rsquo;infirmi\u00e8re, et sa d\u00e9termination \u00e0 nier tout mensonge lui a valu d&rsquo;\u00eatre fusill\u00e9e le 12 octobre 1915.<\/span><\/span><\/span><\/p>\n<p lang=\"zxx\" align=\"JUSTIFY\">\n<figure id=\"attachment_3334\" aria-describedby=\"caption-attachment-3334\" style=\"width: 146px\" class=\"wp-caption alignright\"><a href=\"http:\/\/blogs.univ-jfc.fr\/projetcroixrouge\/wp-content\/uploads\/sites\/40\/2015\/03\/louise2.gif\"><img loading=\"lazy\" class=\"size-full wp-image-3334 \" title=\"Portrait de Louise de Bettignies \" alt=\"Photographie de Louise de Bettignies \" src=\"http:\/\/blogs.univ-jfc.fr\/projetcroixrouge\/wp-content\/uploads\/sites\/40\/2015\/03\/louise2.gif\" width=\"146\" height=\"151\" \/><\/a><figcaption id=\"caption-attachment-3334\" class=\"wp-caption-text\">Photographie de Louise de Bettignies, surnomm\u00e9e Alice Dubois lorsqu&rsquo;elle \u00e9tait dans les services secrets anglais<\/figcaption><\/figure>\n<p lang=\"zxx\" align=\"JUSTIFY\"><span style=\"font-family: Arial, sans-serif\"><span style=\"color: #000000\"><span style=\"font-size: medium\">Louise de Bettignies est une jeune fille issue de la bourgeoisie belge, devenue fran\u00e7aise. R\u00e9sistante dans le r\u00e9seau de service secret anglais, elle aida les Alli\u00e9s dans les \u00e9vasions et les renseignements militaires. Sous le nom de \u00ab\u00a0Alice Dubois\u00a0\u00bb elle anima un r\u00e9seau de 80 agents de renseignement. Elle fut arr\u00eat\u00e9e, jug\u00e9e et condamn\u00e9e \u00e0 mort en 1915. Le gouverneur de Belgique commua la peine de Louise de Bettignies en travaux forc\u00e9s \u00e0 perp\u00e9tuit\u00e9. Elle fut ainsi enferm\u00e9e dans la forteresse de Siegburg, une des plus dures prisons eu le courage de reprendre la t\u00eate de la r\u00e9bellion des prisonni\u00e8res mais mourut le 27 septembre 1918 faute de<\/span><\/span><span style=\"color: #000000\"><span style=\"font-size: medium\"> soins m\u00e9dicaux n\u00e9cessaires.<\/span><\/span><\/span><\/p>\n<p lang=\"zxx\" align=\"JUSTIFY\">\n<p align=\"JUSTIFY\">\n<figure id=\"attachment_3351\" aria-describedby=\"caption-attachment-3351\" style=\"width: 191px\" class=\"wp-caption alignleft\"><a href=\"http:\/\/blogs.univ-jfc.fr\/projetcroixrouge\/wp-content\/uploads\/sites\/40\/2015\/03\/petit01.jpg\"><img loading=\"lazy\" class=\"size-medium wp-image-3351 \" title=\"Portrait de Gabrielle Petit\" alt=\"Photographie de Gabrielle Petit\" src=\"http:\/\/blogs.univ-jfc.fr\/projetcroixrouge\/wp-content\/uploads\/sites\/40\/2015\/03\/petit01-191x300.jpg\" width=\"191\" height=\"300\" srcset=\"https:\/\/blogs.univ-jfc.fr\/projetcroixrouge\/wp-content\/uploads\/sites\/40\/2015\/03\/petit01-191x300.jpg 191w, https:\/\/blogs.univ-jfc.fr\/projetcroixrouge\/wp-content\/uploads\/sites\/40\/2015\/03\/petit01.jpg 261w\" sizes=\"(max-width: 191px) 100vw, 191px\" \/><\/a><figcaption id=\"caption-attachment-3351\" class=\"wp-caption-text\">Photographie de Gabrielle Petit<\/figcaption><\/figure>\n<p align=\"JUSTIFY\"><span style=\"color: #000000\"><span style=\"font-family: Arial, sans-serif\"><span style=\"font-size: medium\">Gabrielle Petit est \u00e9galement une h\u00e9ro\u00efne d\u2019origine belge, engag\u00e9e par les services secrets anglais. Son r\u00f4le consistait \u00e0 r\u00e9colter des renseignements. Elle fut fusill\u00e9e \u00e0 l\u2019\u00e2ge de 23 ans, le 1er avril 1916. De nombreuses statues sont \u00e9rig\u00e9es en son nom\u00e0\u00a0Tournai sa ville natale ou \u00e0 Schaerbeek. C\u2019est une h\u00e9ro\u00efne, symbole de r\u00e9sistance dans un pays occup\u00e9. En 1919, elle a m\u00eame droit \u00e0 des fun\u00e9railles nationales.<\/span><\/span><\/span><\/p>\n<p align=\"JUSTIFY\"><span style=\"font-family: Arial, sans-serif\"><span style=\"color: #000000\"><span style=\"font-size: medium\">\u00a0<\/span><\/span><\/span><\/p>\n","protected":false},"excerpt":{"rendered":"<p>Edith Cavell est une infirmi\u00e8re anglaise, directrice de la Croix-Rouge \u00e0 Bruxelles lors la Premi\u00e8re Guerre mondiale. Consid\u00e9r\u00e9e comme une h\u00e9ro\u00efne et une martyre par les Fran\u00e7ais et les Anglais, la jeune femme apporta son aide aux deux camps. H\u00e9ro\u00efne puisque r\u00e9sistante pour les services secrets anglais, elle permit de faire passer des centaines d&rsquo;hommes &hellip; <a href=\"https:\/\/blogs.univ-jfc.fr\/projetcroixrouge\/la-croix-rouge-tarnaise-des-hommes-et-des-femmes\/les-femmes-de-la-croix-rouge\/image-et-representation-des-femmes-de-la-croix-rouge\/portraits-de-femmes-resistantes\/\" class=\"more-link\">Continuer la lecture de <span class=\"screen-reader-text\">Portraits de femmes r\u00e9sistantes<\/span> <span class=\"meta-nav\">&rarr;<\/span><\/a><\/p>\n","protected":false},"author":129,"featured_media":0,"parent":2496,"menu_order":4,"comment_status":"closed","ping_status":"open","template":"","meta":[],"_links":{"self":[{"href":"https:\/\/blogs.univ-jfc.fr\/projetcroixrouge\/wp-json\/wp\/v2\/pages\/2844"}],"collection":[{"href":"https:\/\/blogs.univ-jfc.fr\/projetcroixrouge\/wp-json\/wp\/v2\/pages"}],"about":[{"href":"https:\/\/blogs.univ-jfc.fr\/projetcroixrouge\/wp-json\/wp\/v2\/types\/page"}],"author":[{"embeddable":true,"href":"https:\/\/blogs.univ-jfc.fr\/projetcroixrouge\/wp-json\/wp\/v2\/users\/129"}],"replies":[{"embeddable":true,"href":"https:\/\/blogs.univ-jfc.fr\/projetcroixrouge\/wp-json\/wp\/v2\/comments?post=2844"}],"version-history":[{"count":5,"href":"https:\/\/blogs.univ-jfc.fr\/projetcroixrouge\/wp-json\/wp\/v2\/pages\/2844\/revisions"}],"predecessor-version":[{"id":3354,"href":"https:\/\/blogs.univ-jfc.fr\/projetcroixrouge\/wp-json\/wp\/v2\/pages\/2844\/revisions\/3354"}],"up":[{"embeddable":true,"href":"https:\/\/blogs.univ-jfc.fr\/projetcroixrouge\/wp-json\/wp\/v2\/pages\/2496"}],"wp:attachment":[{"href":"https:\/\/blogs.univ-jfc.fr\/projetcroixrouge\/wp-json\/wp\/v2\/media?parent=2844"}],"curies":[{"name":"wp","href":"https:\/\/api.w.org\/{rel}","templated":true}]}}