{"id":2846,"date":"2015-03-23T11:17:52","date_gmt":"2015-03-23T10:17:52","guid":{"rendered":"http:\/\/blogs.univ-jfc.fr\/projetcroixrouge\/?page_id=2846"},"modified":"2015-03-26T10:00:21","modified_gmt":"2015-03-26T09:00:21","slug":"adriana-karembeu","status":"publish","type":"page","link":"https:\/\/blogs.univ-jfc.fr\/projetcroixrouge\/la-croix-rouge-tarnaise-des-hommes-et-des-femmes\/les-femmes-de-la-croix-rouge\/image-et-representation-des-femmes-de-la-croix-rouge\/adriana-karembeu\/","title":{"rendered":"Adriana Karembeu"},"content":{"rendered":"<p lang=\"zxx\" align=\"JUSTIFY\">\n<figure id=\"attachment_3371\" aria-describedby=\"caption-attachment-3371\" style=\"width: 300px\" class=\"wp-caption alignleft\"><a href=\"http:\/\/blogs.univ-jfc.fr\/projetcroixrouge\/wp-content\/uploads\/sites\/40\/2015\/03\/Karembeu.jpg\"><img loading=\"lazy\" class=\"size-medium wp-image-3371 \" title=\"Adriana Karembeu \" alt=\"Photographie Adriana Karembeu, ambassadrice de la Croix-Rouge, France Soir\" src=\"http:\/\/blogs.univ-jfc.fr\/projetcroixrouge\/wp-content\/uploads\/sites\/40\/2015\/03\/Karembeu-300x213.jpg\" width=\"300\" height=\"213\" srcset=\"https:\/\/blogs.univ-jfc.fr\/projetcroixrouge\/wp-content\/uploads\/sites\/40\/2015\/03\/Karembeu-300x213.jpg 300w, https:\/\/blogs.univ-jfc.fr\/projetcroixrouge\/wp-content\/uploads\/sites\/40\/2015\/03\/Karembeu.jpg 654w\" sizes=\"(max-width: 300px) 100vw, 300px\" \/><\/a><figcaption id=\"caption-attachment-3371\" class=\"wp-caption-text\">Photographie Adriana Karembeu, ambassadrice de la Croix-Rouge, France Soir<\/figcaption><\/figure>\n<p lang=\"zxx\" align=\"JUSTIFY\"><span style=\"color: #000000\"><span style=\"font-family: 'Times New Roman', serif\"><span style=\"font-size: medium\"><span style=\"color: #000000\"><span style=\"font-family: Arial, sans-serif\">Adriana Karembeu est une mannequin et com\u00e9dienne de renomm\u00e9e internationale. L&rsquo;ambassadrice de la Croix-Rouge est \u00e9galement une ancienne \u00e9tudiante en m\u00e9decine. C&rsquo;est pourquoi, en plus d&rsquo;\u00eatre b\u00e9n\u00e9vole, la c\u00e9l\u00e9brit\u00e9 partagent des valeurs communes avec le personnels de l&rsquo;association. <\/span><\/span><span style=\"color: #000000\"><span style=\"font-family: Arial, sans-serif\">Devant la presse, elle a d\u00e9clar\u00e9 : \u00ab\u00a0<\/span><\/span><span style=\"color: #000000\"><span style=\"font-family: Arial, sans-serif\">S<\/span><\/span><span style=\"color: #000000\"><span style=\"font-family: Arial, sans-serif\">oyez g\u00e9n\u00e9reux, participez, pour que les b\u00e9n\u00e9voles puissent agir pour que la <\/span><\/span><span style=\"color: #000000\"><span style=\"font-family: Arial, sans-serif\">Croix-Rouge <\/span><\/span><span style=\"color: #000000\"><span style=\"font-family: Arial, sans-serif\">puisse aider ceux qui sont les plus d\u00e9munis, les plus fragiles. Sans dons, il n\u2019y a pas d\u2019actions\u00a0<\/span><\/span><span style=\"color: #000000\"><span style=\"font-family: Arial, sans-serif\">\u00bb<\/span><\/span><span style=\"color: #000000\"><span style=\"font-family: Arial, sans-serif\">. Au total, elle a apport\u00e9 4 millions d&rsquo;euros de b\u00e9n\u00e9fices pour la Croix-Rouge depuis qu&rsquo;elle est ambassadrice.\u00a0<\/span><\/span><\/span><\/span><\/span><\/p>\n<p lang=\"zxx\" align=\"JUSTIFY\"><span style=\"color: #000000\"><span style=\"font-family: 'Times New Roman', serif\"><span style=\"font-size: medium\"><span style=\"color: #000000\">\u00a0<\/span><\/span><\/span><\/span><\/p>\n<p lang=\"zxx\" align=\"JUSTIFY\"><span style=\"color: #000000\"><span style=\"font-family: 'Times New Roman', serif\"><span style=\"font-size: medium\"><span style=\"color: #000000\">\u00a0<\/span><\/span><\/span><\/span><\/p>\n","protected":false},"excerpt":{"rendered":"<p>Adriana Karembeu est une mannequin et com\u00e9dienne de renomm\u00e9e internationale. L&rsquo;ambassadrice de la Croix-Rouge est \u00e9galement une ancienne \u00e9tudiante en m\u00e9decine. C&rsquo;est pourquoi, en plus d&rsquo;\u00eatre b\u00e9n\u00e9vole, la c\u00e9l\u00e9brit\u00e9 partagent des valeurs communes avec le personnels de l&rsquo;association. Devant la presse, elle a d\u00e9clar\u00e9 : \u00ab\u00a0Soyez g\u00e9n\u00e9reux, participez, pour que les b\u00e9n\u00e9voles puissent agir pour &hellip; <a href=\"https:\/\/blogs.univ-jfc.fr\/projetcroixrouge\/la-croix-rouge-tarnaise-des-hommes-et-des-femmes\/les-femmes-de-la-croix-rouge\/image-et-representation-des-femmes-de-la-croix-rouge\/adriana-karembeu\/\" class=\"more-link\">Continuer la lecture de <span class=\"screen-reader-text\">Adriana Karembeu<\/span> <span class=\"meta-nav\">&rarr;<\/span><\/a><\/p>\n","protected":false},"author":129,"featured_media":0,"parent":2496,"menu_order":4,"comment_status":"closed","ping_status":"open","template":"","meta":[],"_links":{"self":[{"href":"https:\/\/blogs.univ-jfc.fr\/projetcroixrouge\/wp-json\/wp\/v2\/pages\/2846"}],"collection":[{"href":"https:\/\/blogs.univ-jfc.fr\/projetcroixrouge\/wp-json\/wp\/v2\/pages"}],"about":[{"href":"https:\/\/blogs.univ-jfc.fr\/projetcroixrouge\/wp-json\/wp\/v2\/types\/page"}],"author":[{"embeddable":true,"href":"https:\/\/blogs.univ-jfc.fr\/projetcroixrouge\/wp-json\/wp\/v2\/users\/129"}],"replies":[{"embeddable":true,"href":"https:\/\/blogs.univ-jfc.fr\/projetcroixrouge\/wp-json\/wp\/v2\/comments?post=2846"}],"version-history":[{"count":4,"href":"https:\/\/blogs.univ-jfc.fr\/projetcroixrouge\/wp-json\/wp\/v2\/pages\/2846\/revisions"}],"predecessor-version":[{"id":3378,"href":"https:\/\/blogs.univ-jfc.fr\/projetcroixrouge\/wp-json\/wp\/v2\/pages\/2846\/revisions\/3378"}],"up":[{"embeddable":true,"href":"https:\/\/blogs.univ-jfc.fr\/projetcroixrouge\/wp-json\/wp\/v2\/pages\/2496"}],"wp:attachment":[{"href":"https:\/\/blogs.univ-jfc.fr\/projetcroixrouge\/wp-json\/wp\/v2\/media?parent=2846"}],"curies":[{"name":"wp","href":"https:\/\/api.w.org\/{rel}","templated":true}]}}