{"id":2848,"date":"2015-03-23T11:19:18","date_gmt":"2015-03-23T10:19:18","guid":{"rendered":"http:\/\/blogs.univ-jfc.fr\/projetcroixrouge\/?page_id=2848"},"modified":"2015-03-26T10:04:37","modified_gmt":"2015-03-26T09:04:37","slug":"les-femmes-dans-la-publicite","status":"publish","type":"page","link":"https:\/\/blogs.univ-jfc.fr\/projetcroixrouge\/la-croix-rouge-tarnaise-des-hommes-et-des-femmes\/les-femmes-de-la-croix-rouge\/image-et-representation-des-femmes-de-la-croix-rouge\/les-femmes-dans-la-publicite\/","title":{"rendered":"Les femmes dans la publicit\u00e9"},"content":{"rendered":"<p lang=\"zxx\" align=\"JUSTIFY\">\n<figure id=\"attachment_3384\" aria-describedby=\"caption-attachment-3384\" style=\"width: 225px\" class=\"wp-caption alignleft\"><a href=\"http:\/\/blogs.univ-jfc.fr\/projetcroixrouge\/wp-content\/uploads\/sites\/40\/2015\/03\/pub.jpg\"><img loading=\"lazy\" class=\"size-medium wp-image-3384 \" title=\"Affiche publicitaire pour promouvoir le m\u00e9tier de conductrice pour les femmes\" alt=\"Affiche publicitaire de femmes conductrice de la Croix-Rouge, La Croix-Rouge fran\u00e7aise, 150 ans d'histoire \" src=\"http:\/\/blogs.univ-jfc.fr\/projetcroixrouge\/wp-content\/uploads\/sites\/40\/2015\/03\/pub-225x300.jpg\" width=\"225\" height=\"300\" srcset=\"https:\/\/blogs.univ-jfc.fr\/projetcroixrouge\/wp-content\/uploads\/sites\/40\/2015\/03\/pub-225x300.jpg 225w, https:\/\/blogs.univ-jfc.fr\/projetcroixrouge\/wp-content\/uploads\/sites\/40\/2015\/03\/pub.jpg 400w\" sizes=\"(max-width: 225px) 100vw, 225px\" \/><\/a><figcaption id=\"caption-attachment-3384\" class=\"wp-caption-text\">Affiche publicitaire de femmes conductrice de la Croix-Rouge, La Croix-Rouge fran\u00e7aise, 150 ans d&rsquo;histoire<\/figcaption><\/figure>\n<p lang=\"zxx\" align=\"JUSTIFY\">\n<p lang=\"zxx\" align=\"JUSTIFY\"><span style=\"color: #000000\"><span style=\"font-family: 'Times New Roman', serif\"><span style=\"font-size: medium\"><span style=\"font-family: Arial, sans-serif\">L&rsquo;affiche montre \u00e0 quel point les femmes ont vu leur statut social \u00e9voluer et \u00e0 quel point leur volont\u00e9, leur engagement doit se perp\u00e9tuer. Un engagement qui ne passe pas toujours par le statut d&rsquo;infirmi\u00e8re et qui est d\u00e9sormais pr\u00e9sent par des r\u00f4les asexu\u00e9s qui ne l&rsquo;ont pas toujours \u00e9t\u00e9. Les ambulanci\u00e8res de la Croix-Rouge sont l&rsquo;aboutissement d&rsquo;une lutte pour l&rsquo;\u00e9galit\u00e9 des femmes depuis 1930, ann\u00e9es o\u00f9 les femmes revendiquaient d\u00e9j\u00e0 plus de reconnaissance.<\/span><\/span><\/span><\/span><\/p>\n<p align=\"JUSTIFY\"><span style=\"color: #000000\"><span style=\"font-family: 'Times New Roman', serif\"><span style=\"font-size: medium\">\u00a0<\/span><\/span><\/span><\/p>\n<p align=\"JUSTIFY\"><span style=\"color: #000000\"><span style=\"font-family: 'Times New Roman', serif\"><span style=\"font-size: medium\">\u00a0<\/span><\/span><\/span><\/p>\n","protected":false},"excerpt":{"rendered":"<p>L&rsquo;affiche montre \u00e0 quel point les femmes ont vu leur statut social \u00e9voluer et \u00e0 quel point leur volont\u00e9, leur engagement doit se perp\u00e9tuer. Un engagement qui ne passe pas toujours par le statut d&rsquo;infirmi\u00e8re et qui est d\u00e9sormais pr\u00e9sent par des r\u00f4les asexu\u00e9s qui ne l&rsquo;ont pas toujours \u00e9t\u00e9. Les ambulanci\u00e8res de la Croix-Rouge &hellip; <a href=\"https:\/\/blogs.univ-jfc.fr\/projetcroixrouge\/la-croix-rouge-tarnaise-des-hommes-et-des-femmes\/les-femmes-de-la-croix-rouge\/image-et-representation-des-femmes-de-la-croix-rouge\/les-femmes-dans-la-publicite\/\" class=\"more-link\">Continuer la lecture de <span class=\"screen-reader-text\">Les femmes dans la publicit\u00e9<\/span> <span class=\"meta-nav\">&rarr;<\/span><\/a><\/p>\n","protected":false},"author":129,"featured_media":0,"parent":2496,"menu_order":4,"comment_status":"closed","ping_status":"open","template":"","meta":[],"_links":{"self":[{"href":"https:\/\/blogs.univ-jfc.fr\/projetcroixrouge\/wp-json\/wp\/v2\/pages\/2848"}],"collection":[{"href":"https:\/\/blogs.univ-jfc.fr\/projetcroixrouge\/wp-json\/wp\/v2\/pages"}],"about":[{"href":"https:\/\/blogs.univ-jfc.fr\/projetcroixrouge\/wp-json\/wp\/v2\/types\/page"}],"author":[{"embeddable":true,"href":"https:\/\/blogs.univ-jfc.fr\/projetcroixrouge\/wp-json\/wp\/v2\/users\/129"}],"replies":[{"embeddable":true,"href":"https:\/\/blogs.univ-jfc.fr\/projetcroixrouge\/wp-json\/wp\/v2\/comments?post=2848"}],"version-history":[{"count":5,"href":"https:\/\/blogs.univ-jfc.fr\/projetcroixrouge\/wp-json\/wp\/v2\/pages\/2848\/revisions"}],"predecessor-version":[{"id":3396,"href":"https:\/\/blogs.univ-jfc.fr\/projetcroixrouge\/wp-json\/wp\/v2\/pages\/2848\/revisions\/3396"}],"up":[{"embeddable":true,"href":"https:\/\/blogs.univ-jfc.fr\/projetcroixrouge\/wp-json\/wp\/v2\/pages\/2496"}],"wp:attachment":[{"href":"https:\/\/blogs.univ-jfc.fr\/projetcroixrouge\/wp-json\/wp\/v2\/media?parent=2848"}],"curies":[{"name":"wp","href":"https:\/\/api.w.org\/{rel}","templated":true}]}}