{"id":2851,"date":"2015-03-23T11:26:06","date_gmt":"2015-03-23T10:26:06","guid":{"rendered":"http:\/\/blogs.univ-jfc.fr\/projetcroixrouge\/?page_id=2851"},"modified":"2015-03-23T11:44:25","modified_gmt":"2015-03-23T10:44:25","slug":"tableau-des-presidents-departementaux-de-la-croix-rouge-du-tarn","status":"publish","type":"page","link":"https:\/\/blogs.univ-jfc.fr\/projetcroixrouge\/la-croix-rouge-tarnaise-des-hommes-et-des-femmes\/les-femmes-de-la-croix-rouge\/levolution-du-statut-des-femmes-dans-la-croix-rouge\/tableau-des-presidents-departementaux-de-la-croix-rouge-du-tarn\/","title":{"rendered":"Tableau des pr\u00e9sidents d\u00e9partementaux de la Croix-Rouge du Tarn"},"content":{"rendered":"<p align=\"JUSTIFY\"><em><strong><span style=\"color: #000000\"><span style=\"font-family: 'Times New Roman', serif\"><span style=\"font-size: medium\">Liste des pr\u00e9sidents d\u00e9partementaux de la Croix-Rouge du Tarn : <\/span><\/span><\/span><\/strong><\/em><\/p>\n<table width=\"100%\" border=\"1\" rules=\"ROWS\" cellspacing=\"0\" cellpadding=\"4\">\n<col width=\"128*\" \/>\n<col width=\"128*\" \/>\n<tbody>\n<tr valign=\"TOP\">\n<td width=\"50%\"><span style=\"color: #000000\"><b>Nom des pr\u00e9sidents <\/b><\/span><\/td>\n<td width=\"50%\"><span style=\"color: #000000\"><b>P\u00e9riode de pr\u00e9sidence <\/b><\/span><\/td>\n<\/tr>\n<tr valign=\"TOP\">\n<td width=\"50%\"><span style=\"color: #000000\">M. Poisson<\/span><\/td>\n<td width=\"50%\"><span style=\"color: #000000\">1945-1955<\/span><\/td>\n<\/tr>\n<tr valign=\"TOP\">\n<td width=\"50%\"><span style=\"color: #000000\">Melle Fernande Sauni\u00e8re<\/span><\/td>\n<td width=\"50%\"><span style=\"color: #000000\"> 1955-1970<\/span><\/td>\n<\/tr>\n<tr valign=\"TOP\">\n<td width=\"50%\"><span style=\"color: #000000\">Mme Henriette Daveau <\/span><\/td>\n<td width=\"50%\"><span style=\"color: #000000\">1970-1979<\/span><\/td>\n<\/tr>\n<tr valign=\"TOP\">\n<td width=\"50%\"><span style=\"color: #000000\">M. Andr\u00e9 Michel<\/span><\/td>\n<td width=\"50%\"><span style=\"color: #000000\">1979-1984<\/span><\/td>\n<\/tr>\n<tr valign=\"TOP\">\n<td width=\"50%\"><span style=\"color: #000000\">Lieutenant Colonel Jacques Roux<\/span><\/td>\n<td width=\"50%\"><span style=\"color: #000000\">1984-1997<\/span><\/td>\n<\/tr>\n<tr valign=\"TOP\">\n<td width=\"50%\"><span style=\"color: #000000\">M. Jean Carensac<\/span><\/td>\n<td width=\"50%\"><span style=\"color: #000000\">1997-2008<\/span><\/td>\n<\/tr>\n<tr valign=\"TOP\">\n<td width=\"50%\"><span style=\"color: #000000\">M. Andr\u00e9 Schegerin<\/span><\/td>\n<td width=\"50%\"><span style=\"color: #000000\">2008<\/span><\/td>\n<\/tr>\n<tr valign=\"TOP\">\n<td width=\"50%\"><span style=\"color: #000000\">M. Denis Soliveres<\/span><\/td>\n<td width=\"50%\"><span style=\"color: #000000\">2009\/2010<\/span><\/td>\n<\/tr>\n<tr valign=\"TOP\">\n<td width=\"50%\"><span style=\"color: #000000\">Mme Caroline Durand<\/span><\/td>\n<td width=\"50%\"><span style=\"color: #000000\">2010 \u00e0 ce jour<\/span><\/td>\n<\/tr>\n<\/tbody>\n<\/table>\n<p lang=\"zxx\" align=\"JUSTIFY\">\n","protected":false},"excerpt":{"rendered":"<p>Liste des pr\u00e9sidents d\u00e9partementaux de la Croix-Rouge du Tarn : Nom des pr\u00e9sidents P\u00e9riode de pr\u00e9sidence M. Poisson 1945-1955 Melle Fernande Sauni\u00e8re 1955-1970 Mme Henriette Daveau 1970-1979 M. Andr\u00e9 Michel 1979-1984 Lieutenant Colonel Jacques Roux 1984-1997 M. Jean Carensac 1997-2008 M. Andr\u00e9 Schegerin 2008 M. Denis Soliveres 2009\/2010 Mme Caroline Durand 2010 \u00e0 ce jour<\/p>\n","protected":false},"author":129,"featured_media":0,"parent":2321,"menu_order":4,"comment_status":"closed","ping_status":"open","template":"","meta":[],"_links":{"self":[{"href":"https:\/\/blogs.univ-jfc.fr\/projetcroixrouge\/wp-json\/wp\/v2\/pages\/2851"}],"collection":[{"href":"https:\/\/blogs.univ-jfc.fr\/projetcroixrouge\/wp-json\/wp\/v2\/pages"}],"about":[{"href":"https:\/\/blogs.univ-jfc.fr\/projetcroixrouge\/wp-json\/wp\/v2\/types\/page"}],"author":[{"embeddable":true,"href":"https:\/\/blogs.univ-jfc.fr\/projetcroixrouge\/wp-json\/wp\/v2\/users\/129"}],"replies":[{"embeddable":true,"href":"https:\/\/blogs.univ-jfc.fr\/projetcroixrouge\/wp-json\/wp\/v2\/comments?post=2851"}],"version-history":[{"count":2,"href":"https:\/\/blogs.univ-jfc.fr\/projetcroixrouge\/wp-json\/wp\/v2\/pages\/2851\/revisions"}],"predecessor-version":[{"id":2867,"href":"https:\/\/blogs.univ-jfc.fr\/projetcroixrouge\/wp-json\/wp\/v2\/pages\/2851\/revisions\/2867"}],"up":[{"embeddable":true,"href":"https:\/\/blogs.univ-jfc.fr\/projetcroixrouge\/wp-json\/wp\/v2\/pages\/2321"}],"wp:attachment":[{"href":"https:\/\/blogs.univ-jfc.fr\/projetcroixrouge\/wp-json\/wp\/v2\/media?parent=2851"}],"curies":[{"name":"wp","href":"https:\/\/api.w.org\/{rel}","templated":true}]}}