{"id":2871,"date":"2015-03-23T11:58:16","date_gmt":"2015-03-23T10:58:16","guid":{"rendered":"http:\/\/blogs.univ-jfc.fr\/projetcroixrouge\/?page_id=2871"},"modified":"2015-03-24T18:14:13","modified_gmt":"2015-03-24T17:14:13","slug":"emma-koechlin-swartch","status":"publish","type":"page","link":"https:\/\/blogs.univ-jfc.fr\/projetcroixrouge\/la-croix-rouge-tarnaise-des-hommes-et-des-femmes\/les-femmes-de-la-croix-rouge\/levolution-du-statut-des-femmes-dans-la-croix-rouge\/emma-koechlin-swartch\/","title":{"rendered":"Emma Koechlin-Swartch"},"content":{"rendered":"<p align=\"JUSTIFY\"><span style=\"font-size: medium\"><span style=\"color: #000000\"><span style=\"font-family: Arial, sans-serif\">Emma Koechlin Swartch est n\u00e9e en 1838 \u00e0 Mulhouse. En 1878, elle quitte Mulhouse pour Paris afin de s&rsquo;impliquer de mani\u00e8re plus importante dans la cause des femmes. Elle fonde avec Auguste Duchaussoy l&rsquo;association des Dames Fran\u00e7aises. Puis, elle fonde l&rsquo;Union des femmes de France, qu&rsquo;elle dirigera jusqu&rsquo;en 1901. L&rsquo;Union des femmes de France est dirig\u00e9e par des femmes et est cr\u00e9e pour les femmes. A ce moment, l&rsquo;enseignement pour les futures infirmi\u00e8res s&rsquo;intensifie et progresse. En 1883, elle devient infirmi\u00e8re. Plus tard, elle re\u00e7oit la L\u00e9gion d&rsquo;honneur du pr\u00e9sident Sami Carnot. En 1897, elle est d\u00e9sign\u00e9e pour faire partie du comit\u00e9 d&rsquo;admission \u00e0 l&rsquo;Exposition universelle de Paris en 1900 dans la section \u00a0\u00bb hygi\u00e8ne et mat\u00e9riel sanitaire\u00a0\u00bb. Elle pr\u00e9side l&rsquo;association jusqu&rsquo;en 1900. Elle d\u00e9c\u00e8de le 29 mai 1911.\u00a0<\/span><\/span><\/span><\/p>\n<p align=\"JUSTIFY\"><span style=\"font-size: medium\"><span style=\"color: #000000\"><span style=\"font-family: 'Times New Roman', serif\">\u00a0<\/span><\/span><\/span><\/p>\n","protected":false},"excerpt":{"rendered":"<p>Emma Koechlin Swartch est n\u00e9e en 1838 \u00e0 Mulhouse. En 1878, elle quitte Mulhouse pour Paris afin de s&rsquo;impliquer de mani\u00e8re plus importante dans la cause des femmes. Elle fonde avec Auguste Duchaussoy l&rsquo;association des Dames Fran\u00e7aises. Puis, elle fonde l&rsquo;Union des femmes de France, qu&rsquo;elle dirigera jusqu&rsquo;en 1901. L&rsquo;Union des femmes de France est &hellip; <a href=\"https:\/\/blogs.univ-jfc.fr\/projetcroixrouge\/la-croix-rouge-tarnaise-des-hommes-et-des-femmes\/les-femmes-de-la-croix-rouge\/levolution-du-statut-des-femmes-dans-la-croix-rouge\/emma-koechlin-swartch\/\" class=\"more-link\">Continuer la lecture de <span class=\"screen-reader-text\">Emma Koechlin-Swartch<\/span> <span class=\"meta-nav\">&rarr;<\/span><\/a><\/p>\n","protected":false},"author":129,"featured_media":0,"parent":2321,"menu_order":4,"comment_status":"closed","ping_status":"open","template":"","meta":[],"_links":{"self":[{"href":"https:\/\/blogs.univ-jfc.fr\/projetcroixrouge\/wp-json\/wp\/v2\/pages\/2871"}],"collection":[{"href":"https:\/\/blogs.univ-jfc.fr\/projetcroixrouge\/wp-json\/wp\/v2\/pages"}],"about":[{"href":"https:\/\/blogs.univ-jfc.fr\/projetcroixrouge\/wp-json\/wp\/v2\/types\/page"}],"author":[{"embeddable":true,"href":"https:\/\/blogs.univ-jfc.fr\/projetcroixrouge\/wp-json\/wp\/v2\/users\/129"}],"replies":[{"embeddable":true,"href":"https:\/\/blogs.univ-jfc.fr\/projetcroixrouge\/wp-json\/wp\/v2\/comments?post=2871"}],"version-history":[{"count":3,"href":"https:\/\/blogs.univ-jfc.fr\/projetcroixrouge\/wp-json\/wp\/v2\/pages\/2871\/revisions"}],"predecessor-version":[{"id":2936,"href":"https:\/\/blogs.univ-jfc.fr\/projetcroixrouge\/wp-json\/wp\/v2\/pages\/2871\/revisions\/2936"}],"up":[{"embeddable":true,"href":"https:\/\/blogs.univ-jfc.fr\/projetcroixrouge\/wp-json\/wp\/v2\/pages\/2321"}],"wp:attachment":[{"href":"https:\/\/blogs.univ-jfc.fr\/projetcroixrouge\/wp-json\/wp\/v2\/media?parent=2871"}],"curies":[{"name":"wp","href":"https:\/\/api.w.org\/{rel}","templated":true}]}}