{"id":2874,"date":"2015-03-23T12:01:46","date_gmt":"2015-03-23T11:01:46","guid":{"rendered":"http:\/\/blogs.univ-jfc.fr\/projetcroixrouge\/?page_id=2874"},"modified":"2015-03-26T09:33:21","modified_gmt":"2015-03-26T08:33:21","slug":"les-petites-curies","status":"publish","type":"page","link":"https:\/\/blogs.univ-jfc.fr\/projetcroixrouge\/la-croix-rouge-tarnaise-des-hommes-et-des-femmes\/les-femmes-de-la-croix-rouge\/image-et-representation-des-femmes-de-la-croix-rouge\/les-petites-curies\/","title":{"rendered":"Les petites Curies"},"content":{"rendered":"<figure id=\"attachment_3246\" aria-describedby=\"caption-attachment-3246\" style=\"width: 300px\" class=\"wp-caption alignleft\"><a href=\"http:\/\/blogs.univ-jfc.fr\/projetcroixrouge\/wp-content\/uploads\/sites\/40\/2015\/03\/voitue-radiologique.jpg\"><img loading=\"lazy\" class=\"size-medium wp-image-3246 \" alt=\"Photographie d'une voiture radiologique invent\u00e9e par Marie Curie et appel\u00e9e &quot;Petite Curie&quot;, http:\/\/gallica.bnf.fr\/ark:\/12148\/btv1b69325854.r=Voiture+radiologique+Massiot+voiture.langFR\" src=\"http:\/\/blogs.univ-jfc.fr\/projetcroixrouge\/wp-content\/uploads\/sites\/40\/2015\/03\/voitue-radiologique-300x230.jpg\" width=\"300\" height=\"230\" srcset=\"https:\/\/blogs.univ-jfc.fr\/projetcroixrouge\/wp-content\/uploads\/sites\/40\/2015\/03\/voitue-radiologique-300x230.jpg 300w, https:\/\/blogs.univ-jfc.fr\/projetcroixrouge\/wp-content\/uploads\/sites\/40\/2015\/03\/voitue-radiologique.jpg 706w\" sizes=\"(max-width: 300px) 100vw, 300px\" \/><\/a><figcaption id=\"caption-attachment-3246\" class=\"wp-caption-text\">Photographie d&rsquo;une voiture radiologique invent\u00e9e par Marie Curie et appel\u00e9e \u00ab\u00a0Petite Curie\u00a0\u00bb, gallica.bnf.fr, Biblioth\u00e8que Nationale de France\u00a0<\/figcaption><\/figure>\n<p lang=\"zxx\" align=\"JUSTIFY\">\n<p lang=\"zxx\" align=\"JUSTIFY\"><span style=\"color: #000000\"><span style=\"font-family: Arial, sans-serif\"><span style=\"font-size: medium\">Les petites Curie sont des v\u00e9hicules \u00e9quip\u00e9s en mat\u00e9riel radiologique pour la Croix-Rouge. Pour pouvoir les utiliser, des infirmi\u00e8res ont \u00e9t\u00e9 form\u00e9 \u00e0 la manipulation du mat\u00e9riel de radiologie par Marie Curie \u00e0 l&rsquo;Institut du radium. Pour mener \u00e0 bien son projet, elle demande l&rsquo;aide de l&rsquo;association de \u00abL&rsquo;Union Des Dames Fran\u00e7aises\u00bb, qui organisait des cours d\u2019apprentissage de premier secours. Son projet aboutira quelques mois plus tard.<\/span><\/span><\/span><\/p>\n<p lang=\"zxx\" align=\"JUSTIFY\">\n<p lang=\"zxx\" align=\"JUSTIFY\"><span style=\"color: #000000\"><span style=\"font-family: Arial, sans-serif\"><span style=\"font-size: medium\">Les petites Curies \u00e9taient \u00e9quip\u00e9es d&rsquo;une dynamo 110 volts\/15 amp\u00e8res, d&rsquo;un appareil \u00e0 rayons X Drault, le mat\u00e9riel photographique n\u00e9cessaire, des rideaux, quelques \u00e9crans tr\u00e8s rudimentaires et plusieurs paires de gants destin\u00e9es \u00e0 prot\u00e9ger les mains des utilisateurs.\u00a0<\/span><\/span><\/span><\/p>\n","protected":false},"excerpt":{"rendered":"<p>Les petites Curie sont des v\u00e9hicules \u00e9quip\u00e9s en mat\u00e9riel radiologique pour la Croix-Rouge. Pour pouvoir les utiliser, des infirmi\u00e8res ont \u00e9t\u00e9 form\u00e9 \u00e0 la manipulation du mat\u00e9riel de radiologie par Marie Curie \u00e0 l&rsquo;Institut du radium. Pour mener \u00e0 bien son projet, elle demande l&rsquo;aide de l&rsquo;association de \u00abL&rsquo;Union Des Dames Fran\u00e7aises\u00bb, qui organisait des &hellip; <a href=\"https:\/\/blogs.univ-jfc.fr\/projetcroixrouge\/la-croix-rouge-tarnaise-des-hommes-et-des-femmes\/les-femmes-de-la-croix-rouge\/image-et-representation-des-femmes-de-la-croix-rouge\/les-petites-curies\/\" class=\"more-link\">Continuer la lecture de <span class=\"screen-reader-text\">Les petites Curies<\/span> <span class=\"meta-nav\">&rarr;<\/span><\/a><\/p>\n","protected":false},"author":129,"featured_media":0,"parent":2496,"menu_order":4,"comment_status":"closed","ping_status":"open","template":"","meta":[],"_links":{"self":[{"href":"https:\/\/blogs.univ-jfc.fr\/projetcroixrouge\/wp-json\/wp\/v2\/pages\/2874"}],"collection":[{"href":"https:\/\/blogs.univ-jfc.fr\/projetcroixrouge\/wp-json\/wp\/v2\/pages"}],"about":[{"href":"https:\/\/blogs.univ-jfc.fr\/projetcroixrouge\/wp-json\/wp\/v2\/types\/page"}],"author":[{"embeddable":true,"href":"https:\/\/blogs.univ-jfc.fr\/projetcroixrouge\/wp-json\/wp\/v2\/users\/129"}],"replies":[{"embeddable":true,"href":"https:\/\/blogs.univ-jfc.fr\/projetcroixrouge\/wp-json\/wp\/v2\/comments?post=2874"}],"version-history":[{"count":6,"href":"https:\/\/blogs.univ-jfc.fr\/projetcroixrouge\/wp-json\/wp\/v2\/pages\/2874\/revisions"}],"predecessor-version":[{"id":3288,"href":"https:\/\/blogs.univ-jfc.fr\/projetcroixrouge\/wp-json\/wp\/v2\/pages\/2874\/revisions\/3288"}],"up":[{"embeddable":true,"href":"https:\/\/blogs.univ-jfc.fr\/projetcroixrouge\/wp-json\/wp\/v2\/pages\/2496"}],"wp:attachment":[{"href":"https:\/\/blogs.univ-jfc.fr\/projetcroixrouge\/wp-json\/wp\/v2\/media?parent=2874"}],"curies":[{"name":"wp","href":"https:\/\/api.w.org\/{rel}","templated":true}]}}