{"id":2876,"date":"2015-03-23T12:03:22","date_gmt":"2015-03-23T11:03:22","guid":{"rendered":"http:\/\/blogs.univ-jfc.fr\/projetcroixrouge\/?page_id=2876"},"modified":"2015-03-26T09:42:00","modified_gmt":"2015-03-26T08:42:00","slug":"irene-curie","status":"publish","type":"page","link":"https:\/\/blogs.univ-jfc.fr\/projetcroixrouge\/la-croix-rouge-tarnaise-des-hommes-et-des-femmes\/les-femmes-de-la-croix-rouge\/image-et-representation-des-femmes-de-la-croix-rouge\/irene-curie\/","title":{"rendered":"Ir\u00e8ne Curie"},"content":{"rendered":"<p lang=\"zxx\" align=\"JUSTIFY\">\n<figure id=\"attachment_3310\" aria-describedby=\"caption-attachment-3310\" style=\"width: 190px\" class=\"wp-caption alignleft\"><a href=\"http:\/\/blogs.univ-jfc.fr\/projetcroixrouge\/wp-content\/uploads\/sites\/40\/2015\/03\/Ir\u00e8ne_Joliot-Curie_Harcourt.jpg\"><img loading=\"lazy\" class=\"size-full wp-image-3310 \" title=\"Portrait d'Ir\u00e8ne Curie\" alt=\"Photographie d'Ir\u00e8ne Curie, fille de Marie Curie\" src=\"http:\/\/blogs.univ-jfc.fr\/projetcroixrouge\/wp-content\/uploads\/sites\/40\/2015\/03\/Ir\u00e8ne_Joliot-Curie_Harcourt.jpg\" width=\"190\" height=\"255\" \/><\/a><figcaption id=\"caption-attachment-3310\" class=\"wp-caption-text\">Photographie d&rsquo;Ir\u00e8ne Curie, fille de Marie Curie<\/figcaption><\/figure>\n<p lang=\"zxx\" align=\"JUSTIFY\"><span style=\"color: #000000\"><span style=\"font-family: Arial, sans-serif\"><span style=\"font-size: medium\">N\u00e9e \u00e0 Paris, Ir\u00e8ne Joliot-Curie est la fille de Pierre et de Marie Curie. Lors la Premi\u00e8re Guerre mondiale, elle accompagne sa m\u00e8re sur le front pour pratiquer des radiographies des bless\u00e9s afin d&rsquo;aider les chirurgiens. A partir de 1918, elle devient l&rsquo;assistante de sa m\u00e8re \u00e0 l&rsquo;Institut du Radium de Paris. Elle y fait la connaissance de Fr\u00e9d\u00e9ric Joliot, lui aussi assistant, qu&rsquo;elle \u00e9pouse en 1926 et avec qui elle a deux enfants.<\/span><\/span><\/span><\/p>\n<p lang=\"zxx\" align=\"JUSTIFY\"><span style=\"color: #000000\"><span style=\"font-family: Arial, sans-serif\"><span style=\"font-size: medium\">Avec son mari, Ir\u00e8ne d\u00e9couvre la radioactivit\u00e9 artificielle en 1934 et ils re\u00e7oivent, l&rsquo;ann\u00e9e suivante, le prix Nobel de chimie pour cette d\u00e9couverte. La mise en \u00e9vidence et l\u2019\u00e9tude de ce ph\u00e9nom\u00e8ne qui consiste \u00e0 transformer un \u00e9l\u00e9ment stable en \u00e9l\u00e9ment radioactif, sont un pas important vers la d\u00e9couverte de la fission nucl\u00e9aire.<\/span><\/span><\/span><\/p>\n<p lang=\"zxx\" align=\"JUSTIFY\"><span style=\"color: #000000\"><span style=\"font-family: Arial, sans-serif\"><span style=\"font-size: medium\">En 1946, elle devient directrice de l&rsquo;Institut du radium et elle participe \u00e0 la cr\u00e9ation du Commissariat \u00e0 l&rsquo;\u00e9nergie atomique o\u00f9 elle occupe la fonction de commissaire durant six ans. Elle obtient la chaire de physique g\u00e9n\u00e9rale et radioactivit\u00e9 pr\u00e9c\u00e9demment occup\u00e9e par sa m\u00e8re.<\/span><\/span><\/span><\/p>\n<p lang=\"zxx\" align=\"JUSTIFY\"><span style=\"color: #000000\"><span style=\"font-family: Arial, sans-serif\"><span style=\"font-size: medium\">En 1950, Ir\u00e8ne Joliot-Curie re\u00e7oit le Prix international de la paix. Elle meurt en 1956 d&rsquo;une leuc\u00e9mie cons\u00e9cutive, d\u00fb \u00e0 son exposition aux rayonnements radioactifs durant sa vie professionnelle.\u00a0<\/span><\/span><\/span><\/p>\n","protected":false},"excerpt":{"rendered":"<p>N\u00e9e \u00e0 Paris, Ir\u00e8ne Joliot-Curie est la fille de Pierre et de Marie Curie. Lors la Premi\u00e8re Guerre mondiale, elle accompagne sa m\u00e8re sur le front pour pratiquer des radiographies des bless\u00e9s afin d&rsquo;aider les chirurgiens. A partir de 1918, elle devient l&rsquo;assistante de sa m\u00e8re \u00e0 l&rsquo;Institut du Radium de Paris. Elle y fait &hellip; <a href=\"https:\/\/blogs.univ-jfc.fr\/projetcroixrouge\/la-croix-rouge-tarnaise-des-hommes-et-des-femmes\/les-femmes-de-la-croix-rouge\/image-et-representation-des-femmes-de-la-croix-rouge\/irene-curie\/\" class=\"more-link\">Continuer la lecture de <span class=\"screen-reader-text\">Ir\u00e8ne Curie<\/span> <span class=\"meta-nav\">&rarr;<\/span><\/a><\/p>\n","protected":false},"author":129,"featured_media":0,"parent":2496,"menu_order":4,"comment_status":"closed","ping_status":"open","template":"","meta":[],"_links":{"self":[{"href":"https:\/\/blogs.univ-jfc.fr\/projetcroixrouge\/wp-json\/wp\/v2\/pages\/2876"}],"collection":[{"href":"https:\/\/blogs.univ-jfc.fr\/projetcroixrouge\/wp-json\/wp\/v2\/pages"}],"about":[{"href":"https:\/\/blogs.univ-jfc.fr\/projetcroixrouge\/wp-json\/wp\/v2\/types\/page"}],"author":[{"embeddable":true,"href":"https:\/\/blogs.univ-jfc.fr\/projetcroixrouge\/wp-json\/wp\/v2\/users\/129"}],"replies":[{"embeddable":true,"href":"https:\/\/blogs.univ-jfc.fr\/projetcroixrouge\/wp-json\/wp\/v2\/comments?post=2876"}],"version-history":[{"count":4,"href":"https:\/\/blogs.univ-jfc.fr\/projetcroixrouge\/wp-json\/wp\/v2\/pages\/2876\/revisions"}],"predecessor-version":[{"id":3314,"href":"https:\/\/blogs.univ-jfc.fr\/projetcroixrouge\/wp-json\/wp\/v2\/pages\/2876\/revisions\/3314"}],"up":[{"embeddable":true,"href":"https:\/\/blogs.univ-jfc.fr\/projetcroixrouge\/wp-json\/wp\/v2\/pages\/2496"}],"wp:attachment":[{"href":"https:\/\/blogs.univ-jfc.fr\/projetcroixrouge\/wp-json\/wp\/v2\/media?parent=2876"}],"curies":[{"name":"wp","href":"https:\/\/api.w.org\/{rel}","templated":true}]}}