{"id":29,"date":"2015-01-05T11:19:41","date_gmt":"2015-01-05T10:19:41","guid":{"rendered":"http:\/\/blogs.univ-jfc.fr\/projetcroixrouge\/?page_id=29"},"modified":"2016-01-21T10:10:39","modified_gmt":"2016-01-21T09:10:39","slug":"accueil","status":"publish","type":"page","link":"https:\/\/blogs.univ-jfc.fr\/projetcroixrouge\/","title":{"rendered":"Accueil"},"content":{"rendered":"<p><b>D\u00e9couvrez le projet des \u00e9tudiants d&rsquo;Histoire de l&rsquo;universit\u00e9 Champollion, dans le cadre de leur Travail d&rsquo;Etude et de Recherche \u00ab\u00a0Valorisation du Patrimoine\u00a0\u00bb (2014-2015)<\/b><\/p>\n<div>Ce site web a \u00e9t\u00e9 r\u00e9alis\u00e9 par les \u00e9tudiants de 1re et 2e ann\u00e9e de licence d\u2019Histoire du Centre Universitaire Champollion (Albi). Il est consacr\u00e9 \u00e0 <strong>l&rsquo;histoire de la Croix-Rouge fran\u00e7aise et tarnaise<\/strong><\/div>\n<div>Naviguez dans les pages du site \u00e0 l\u2019aide des onglets de la barre de menu pour d\u00e9couvrir les divers aspects d&rsquo;un si\u00e8cle d&rsquo;histoire.<\/div>\n<div><\/div>\n<div>Bonne visite !<\/div>\n<div><\/div>\n<div><\/div>\n","protected":false},"excerpt":{"rendered":"<p>D\u00e9couvrez le projet des \u00e9tudiants d&rsquo;Histoire de l&rsquo;universit\u00e9 Champollion, dans le cadre de leur Travail d&rsquo;Etude et de Recherche \u00ab\u00a0Valorisation du Patrimoine\u00a0\u00bb (2014-2015) Ce site web a \u00e9t\u00e9 r\u00e9alis\u00e9 par les \u00e9tudiants de 1re et 2e ann\u00e9e de licence d\u2019Histoire du Centre Universitaire Champollion (Albi). Il est consacr\u00e9 \u00e0 l&rsquo;histoire de la Croix-Rouge fran\u00e7aise et &hellip; <a href=\"https:\/\/blogs.univ-jfc.fr\/projetcroixrouge\/\" class=\"more-link\">Continuer la lecture de <span class=\"screen-reader-text\">Accueil<\/span> <span class=\"meta-nav\">&rarr;<\/span><\/a><\/p>\n","protected":false},"author":15,"featured_media":0,"parent":0,"menu_order":0,"comment_status":"closed","ping_status":"open","template":"","meta":[],"_links":{"self":[{"href":"https:\/\/blogs.univ-jfc.fr\/projetcroixrouge\/wp-json\/wp\/v2\/pages\/29"}],"collection":[{"href":"https:\/\/blogs.univ-jfc.fr\/projetcroixrouge\/wp-json\/wp\/v2\/pages"}],"about":[{"href":"https:\/\/blogs.univ-jfc.fr\/projetcroixrouge\/wp-json\/wp\/v2\/types\/page"}],"author":[{"embeddable":true,"href":"https:\/\/blogs.univ-jfc.fr\/projetcroixrouge\/wp-json\/wp\/v2\/users\/15"}],"replies":[{"embeddable":true,"href":"https:\/\/blogs.univ-jfc.fr\/projetcroixrouge\/wp-json\/wp\/v2\/comments?post=29"}],"version-history":[{"count":7,"href":"https:\/\/blogs.univ-jfc.fr\/projetcroixrouge\/wp-json\/wp\/v2\/pages\/29\/revisions"}],"predecessor-version":[{"id":3951,"href":"https:\/\/blogs.univ-jfc.fr\/projetcroixrouge\/wp-json\/wp\/v2\/pages\/29\/revisions\/3951"}],"wp:attachment":[{"href":"https:\/\/blogs.univ-jfc.fr\/projetcroixrouge\/wp-json\/wp\/v2\/media?parent=29"}],"curies":[{"name":"wp","href":"https:\/\/api.w.org\/{rel}","templated":true}]}}