{"id":3050,"date":"2015-03-26T01:42:42","date_gmt":"2015-03-26T00:42:42","guid":{"rendered":"http:\/\/blogs.univ-jfc.fr\/projetcroixrouge\/?page_id=3050"},"modified":"2015-03-26T01:54:02","modified_gmt":"2015-03-26T00:54:02","slug":"annexe-medecins-chirurgiens-du-premier-empire","status":"publish","type":"page","link":"https:\/\/blogs.univ-jfc.fr\/projetcroixrouge\/risque-urgence-guerre\/histoire-du-secourisme-et-de-lintervention-durgence\/sauver-sur-le-terrain\/annexe-medecins-chirurgiens-du-premier-empire\/","title":{"rendered":"Annexe m\u00e9decins-chirurgiens du Premier Empire"},"content":{"rendered":"<figure id=\"attachment_3054\" aria-describedby=\"caption-attachment-3054\" style=\"width: 219px\" class=\"wp-caption alignleft\"><a href=\"http:\/\/blogs.univ-jfc.fr\/projetcroixrouge\/wp-content\/uploads\/sites\/40\/2015\/03\/40024.jpg\"><img loading=\"lazy\" class=\"size-medium wp-image-3054 \" alt=\"Pierre Fran\u00e7ois Percy\" src=\"http:\/\/blogs.univ-jfc.fr\/projetcroixrouge\/wp-content\/uploads\/sites\/40\/2015\/03\/40024-219x300.jpg\" width=\"219\" height=\"300\" srcset=\"https:\/\/blogs.univ-jfc.fr\/projetcroixrouge\/wp-content\/uploads\/sites\/40\/2015\/03\/40024-219x300.jpg 219w, https:\/\/blogs.univ-jfc.fr\/projetcroixrouge\/wp-content\/uploads\/sites\/40\/2015\/03\/40024.jpg 586w\" sizes=\"(max-width: 219px) 100vw, 219px\" \/><\/a><figcaption id=\"caption-attachment-3054\" class=\"wp-caption-text\">Pierre Fran\u00e7ois Percy<\/figcaption><\/figure>\n<p style=\"text-align: justify\"><span style=\"font-family: Arial,sans-serif\">Pierre-Fran\u00e7ois Percy (1754-1825) est un m\u00e9decin et chirurgien fran\u00e7ais, il est l&rsquo;auteur de plusieurs m\u00e9moires comme <\/span><span style=\"font-family: Arial,sans-serif\"><i>le Manuel du chirurgien d&rsquo;Arm\u00e9e <\/i><\/span><span style=\"font-family: Arial,sans-serif\">qu&rsquo;il envoie \u00e0 l&rsquo;Acad\u00e9mie de chirurgie (1792). il est professeur de pathologie externe \u00e0 l&rsquo;\u00e9cole de sant\u00e9 de Paris d\u00e8s 1974.<\/span><span style=\"font-family: Arial,sans-serif\"> Percy a exerc\u00e9 plus de 15 en garnison en particulier sous l&#8217;empire o\u00f9 il a servi comme chirurgien en chef de l&rsquo;arm\u00e9e du Rhin puis de la Grande Arm\u00e9e jusqu&rsquo;en 1809. Il est \u00e9galement l&rsquo;inventeur de quelques innovations m\u00e9dicales de son temps.<\/span><\/p>\n<p style=\"text-align: justify\">\u00a0\u00a0<span style=\"color: #ffffff\">\u00a0\u00a0 .<\/span><\/p>\n<p style=\"text-align: justify\"><span style=\"color: #ffffff\">\u00a0.<\/span><\/p>\n<figure id=\"attachment_3055\" aria-describedby=\"caption-attachment-3055\" style=\"width: 282px\" class=\"wp-caption alignright\"><a href=\"http:\/\/blogs.univ-jfc.fr\/projetcroixrouge\/wp-content\/uploads\/sites\/40\/2015\/03\/280307.jpg\"><img loading=\"lazy\" class=\"size-full wp-image-3055 \" alt=\"Dominique Larrey\" src=\"http:\/\/blogs.univ-jfc.fr\/projetcroixrouge\/wp-content\/uploads\/sites\/40\/2015\/03\/280307.jpg\" width=\"282\" height=\"300\" \/><\/a><figcaption id=\"caption-attachment-3055\" class=\"wp-caption-text\">Dominique Larrey<\/figcaption><\/figure>\n<p style=\"text-align: justify\"><span style=\"font-family: Arial,sans-serif\">Dominique Jean Larrey (1766-1842) est un m\u00e9decin et chirurgien fran\u00e7ais, il a particip\u00e9 \u00e0 toutes les guerres napol\u00e9oniennes du si\u00e8ge de Toulon (1794) \u00e0 Waterloo (1815), il participa \u00e0 25 campagnes, 60 batailles, 400 combats et re\u00e7u 3 blessures au cours de sa carri\u00e8re. Chirurgien en chef de la garde imp\u00e9riale il particuli\u00e8rement populaire en raison de son d\u00e9vouement total \u00e0 sa t\u00e2che. On lui attribue \u00e9galement l&rsquo;application sur le champs de bataille de nouvelles m\u00e9thodes pour secourir les bless\u00e9 comme des ambulances volantes.<\/span><\/p>\n<p style=\"text-align: justify\"><span style=\"color: #ffffff\">.<\/span><\/p>\n<figure id=\"attachment_3053\" aria-describedby=\"caption-attachment-3053\" style=\"width: 247px\" class=\"wp-caption alignleft\"><a href=\"http:\/\/blogs.univ-jfc.fr\/projetcroixrouge\/wp-content\/uploads\/sites\/40\/2015\/03\/M\u00e9decin_NICOLAS-RENE_DUFRICHE_DESGENETTES_1762-1837.jpg\"><img loading=\"lazy\" class=\"size-medium wp-image-3053 \" alt=\"Nicolas-Ren\u00e9 Dufriche Desgenettes \" src=\"http:\/\/blogs.univ-jfc.fr\/projetcroixrouge\/wp-content\/uploads\/sites\/40\/2015\/03\/M\u00e9decin_NICOLAS-RENE_DUFRICHE_DESGENETTES_1762-1837-247x300.jpg\" width=\"247\" height=\"300\" srcset=\"https:\/\/blogs.univ-jfc.fr\/projetcroixrouge\/wp-content\/uploads\/sites\/40\/2015\/03\/M\u00e9decin_NICOLAS-RENE_DUFRICHE_DESGENETTES_1762-1837-247x300.jpg 247w, https:\/\/blogs.univ-jfc.fr\/projetcroixrouge\/wp-content\/uploads\/sites\/40\/2015\/03\/M\u00e9decin_NICOLAS-RENE_DUFRICHE_DESGENETTES_1762-1837.jpg 422w\" sizes=\"(max-width: 247px) 100vw, 247px\" \/><\/a><figcaption id=\"caption-attachment-3053\" class=\"wp-caption-text\">Nicolas-Ren\u00e9 Dufriche Desgenettes<\/figcaption><\/figure>\n<p style=\"text-align: justify\"><span style=\"font-family: Arial,sans-serif\">Nicolas-Ren\u00e9 Dufriche Desgenettes (1762-1837) est un m\u00e9decin fran\u00e7ais, il rentre dans l&rsquo;arm\u00e9e en sa qualit\u00e9 de m\u00e9decin en 1793 aupr\u00e8s de l&rsquo;Arm\u00e9e d&rsquo;Italie. En 1798, il est rattach\u00e9 \u00e0 l&rsquo;Arm\u00e9e d&rsquo;Orient en tant que m\u00e9decin chef et doit affronter notamment une \u00e9pid\u00e9mie de peste. Il devient inspecteur g\u00e9n\u00e9ral du Service de Sant\u00e9 des Arm\u00e9es en 1804. En 1807 il est m\u00e9decin en chef de la Grande Arm\u00e9e, captur\u00e9 lors de la campagne de Russie en 1812 il est rel\u00e2ch\u00e9 imm\u00e9diatement gr\u00e2ce \u00e0 sa seule renomm\u00e9. Il participe ensuite \u00e0 la campagne d&rsquo;Allemagne et devient m\u00e9decin en chef de la Garde Imp\u00e9riale. Sous la Premi\u00e8re Restauration il d\u00e9chu de tout poste militaire mais conserve n\u00e9anmoins sa place \u00e0 l&rsquo;h\u00f4pital du Val-de-Gr\u00e2ce qu&rsquo;il a obtenu en 1795 ainsi qu&rsquo;\u00e0 la facult\u00e9 de m\u00e9decine de Paris. Il rejoint \u00e0 nouveau Napol\u00e9on lors des Cent-Jours et regagne Paris apr\u00e8s la d\u00e9faite o\u00f9 il continue d&rsquo;exercer par la suite.<br \/>\n<\/span><\/p>\n","protected":false},"excerpt":{"rendered":"<p>Pierre-Fran\u00e7ois Percy (1754-1825) est un m\u00e9decin et chirurgien fran\u00e7ais, il est l&rsquo;auteur de plusieurs m\u00e9moires comme le Manuel du chirurgien d&rsquo;Arm\u00e9e qu&rsquo;il envoie \u00e0 l&rsquo;Acad\u00e9mie de chirurgie (1792). il est professeur de pathologie externe \u00e0 l&rsquo;\u00e9cole de sant\u00e9 de Paris d\u00e8s 1974. Percy a exerc\u00e9 plus de 15 en garnison en particulier sous l&#8217;empire o\u00f9 &hellip; <a href=\"https:\/\/blogs.univ-jfc.fr\/projetcroixrouge\/risque-urgence-guerre\/histoire-du-secourisme-et-de-lintervention-durgence\/sauver-sur-le-terrain\/annexe-medecins-chirurgiens-du-premier-empire\/\" class=\"more-link\">Continuer la lecture de <span class=\"screen-reader-text\">Annexe m\u00e9decins-chirurgiens du Premier Empire<\/span> <span class=\"meta-nav\">&rarr;<\/span><\/a><\/p>\n","protected":false},"author":89,"featured_media":0,"parent":1703,"menu_order":3,"comment_status":"closed","ping_status":"open","template":"","meta":[],"_links":{"self":[{"href":"https:\/\/blogs.univ-jfc.fr\/projetcroixrouge\/wp-json\/wp\/v2\/pages\/3050"}],"collection":[{"href":"https:\/\/blogs.univ-jfc.fr\/projetcroixrouge\/wp-json\/wp\/v2\/pages"}],"about":[{"href":"https:\/\/blogs.univ-jfc.fr\/projetcroixrouge\/wp-json\/wp\/v2\/types\/page"}],"author":[{"embeddable":true,"href":"https:\/\/blogs.univ-jfc.fr\/projetcroixrouge\/wp-json\/wp\/v2\/users\/89"}],"replies":[{"embeddable":true,"href":"https:\/\/blogs.univ-jfc.fr\/projetcroixrouge\/wp-json\/wp\/v2\/comments?post=3050"}],"version-history":[{"count":5,"href":"https:\/\/blogs.univ-jfc.fr\/projetcroixrouge\/wp-json\/wp\/v2\/pages\/3050\/revisions"}],"predecessor-version":[{"id":3056,"href":"https:\/\/blogs.univ-jfc.fr\/projetcroixrouge\/wp-json\/wp\/v2\/pages\/3050\/revisions\/3056"}],"up":[{"embeddable":true,"href":"https:\/\/blogs.univ-jfc.fr\/projetcroixrouge\/wp-json\/wp\/v2\/pages\/1703"}],"wp:attachment":[{"href":"https:\/\/blogs.univ-jfc.fr\/projetcroixrouge\/wp-json\/wp\/v2\/media?parent=3050"}],"curies":[{"name":"wp","href":"https:\/\/api.w.org\/{rel}","templated":true}]}}