{"id":3068,"date":"2015-03-26T02:03:43","date_gmt":"2015-03-26T01:03:43","guid":{"rendered":"http:\/\/blogs.univ-jfc.fr\/projetcroixrouge\/?page_id=3068"},"modified":"2015-03-26T02:03:43","modified_gmt":"2015-03-26T01:03:43","slug":"annexe-ambroise-anatole-augustin-de-montesquiou-fezensac","status":"publish","type":"page","link":"https:\/\/blogs.univ-jfc.fr\/projetcroixrouge\/risque-urgence-guerre\/histoire-du-secourisme-et-de-lintervention-durgence\/sauver-sur-le-terrain\/annexe-ambroise-anatole-augustin-de-montesquiou-fezensac\/","title":{"rendered":"Annexe Ambroise Anatole Augustin de Montesquiou-F\u00e9zensac"},"content":{"rendered":"<p style=\"text-align: justify\"><span style=\"font-family: Arial,sans-serif\">Ambroise Anatole Augustin de Montesquiou-F\u00e9zensac (1788-1878) est un g\u00e9n\u00e9ral et homme politique fran\u00e7ais. Sa carri\u00e8re militaire commence sous l&#8217;empire o\u00f9 il petit \u00e0 petit il gravit les \u00e9chelons jusqu&rsquo;\u00e0 devenir aide de camp de Napol\u00e9on. Apr\u00e8s l&#8217;empire il est exil\u00e9 temporairement de France avant de rejoindre la monarchie qu&rsquo;il soutiendra fid\u00e8lement. Il est \u00e9lu plusieurs fois d\u00e9put\u00e9 de la Sarthe et est nomm\u00e9 \u00e0 la chambre des pairs en 1941. Enfin il dirige de 1864 \u00e0 1869 la SSBM.<\/span><\/p>\n","protected":false},"excerpt":{"rendered":"<p>Ambroise Anatole Augustin de Montesquiou-F\u00e9zensac (1788-1878) est un g\u00e9n\u00e9ral et homme politique fran\u00e7ais. Sa carri\u00e8re militaire commence sous l&#8217;empire o\u00f9 il petit \u00e0 petit il gravit les \u00e9chelons jusqu&rsquo;\u00e0 devenir aide de camp de Napol\u00e9on. Apr\u00e8s l&#8217;empire il est exil\u00e9 temporairement de France avant de rejoindre la monarchie qu&rsquo;il soutiendra fid\u00e8lement. Il est \u00e9lu plusieurs &hellip; <a href=\"https:\/\/blogs.univ-jfc.fr\/projetcroixrouge\/risque-urgence-guerre\/histoire-du-secourisme-et-de-lintervention-durgence\/sauver-sur-le-terrain\/annexe-ambroise-anatole-augustin-de-montesquiou-fezensac\/\" class=\"more-link\">Continuer la lecture de <span class=\"screen-reader-text\">Annexe Ambroise Anatole Augustin de Montesquiou-F\u00e9zensac<\/span> <span class=\"meta-nav\">&rarr;<\/span><\/a><\/p>\n","protected":false},"author":89,"featured_media":0,"parent":1703,"menu_order":2,"comment_status":"closed","ping_status":"open","template":"","meta":[],"_links":{"self":[{"href":"https:\/\/blogs.univ-jfc.fr\/projetcroixrouge\/wp-json\/wp\/v2\/pages\/3068"}],"collection":[{"href":"https:\/\/blogs.univ-jfc.fr\/projetcroixrouge\/wp-json\/wp\/v2\/pages"}],"about":[{"href":"https:\/\/blogs.univ-jfc.fr\/projetcroixrouge\/wp-json\/wp\/v2\/types\/page"}],"author":[{"embeddable":true,"href":"https:\/\/blogs.univ-jfc.fr\/projetcroixrouge\/wp-json\/wp\/v2\/users\/89"}],"replies":[{"embeddable":true,"href":"https:\/\/blogs.univ-jfc.fr\/projetcroixrouge\/wp-json\/wp\/v2\/comments?post=3068"}],"version-history":[{"count":2,"href":"https:\/\/blogs.univ-jfc.fr\/projetcroixrouge\/wp-json\/wp\/v2\/pages\/3068\/revisions"}],"predecessor-version":[{"id":3070,"href":"https:\/\/blogs.univ-jfc.fr\/projetcroixrouge\/wp-json\/wp\/v2\/pages\/3068\/revisions\/3070"}],"up":[{"embeddable":true,"href":"https:\/\/blogs.univ-jfc.fr\/projetcroixrouge\/wp-json\/wp\/v2\/pages\/1703"}],"wp:attachment":[{"href":"https:\/\/blogs.univ-jfc.fr\/projetcroixrouge\/wp-json\/wp\/v2\/media?parent=3068"}],"curies":[{"name":"wp","href":"https:\/\/api.w.org\/{rel}","templated":true}]}}