{"id":3080,"date":"2015-03-26T07:48:22","date_gmt":"2015-03-26T06:48:22","guid":{"rendered":"http:\/\/blogs.univ-jfc.fr\/projetcroixrouge\/?page_id=3080"},"modified":"2015-04-04T10:00:46","modified_gmt":"2015-04-04T09:00:46","slug":"les-catastrophes-naturelles","status":"publish","type":"page","link":"https:\/\/blogs.univ-jfc.fr\/projetcroixrouge\/risque-urgence-guerre\/histoire-du-risque\/les-catastrophes-naturelles\/","title":{"rendered":"Les catastrophes naturelles"},"content":{"rendered":"<p align=\"JUSTIFY\"><strong>Une catastrophe majeure<span style=\"text-decoration: underline\"><br \/>\n<\/span><\/strong><\/p>\n<p align=\"JUSTIFY\">\u00a0 \u00a0 \u00a0 \u00a0 L&rsquo;hiver 1930 fut particuli\u00e8rement pluvieux, ceci entra\u00eenant des nappes souterraines gorg\u00e9es d&rsquo;eau, et une abondance de l&rsquo;\u00e9coulement des sources, qui coulent donc \u00e0 forte intensit\u00e9. Dans cet hiver pluvieux, se rajoutent d&rsquo;importantes chutes de neige d\u00e8s 800 m\u00e8tres d&rsquo;altitude\u00a0; la fonte fait monter d&rsquo;autant plus le niveau de l&rsquo;eau, qui d\u00e9ferle ainsi sur la quasi totalit\u00e9 du grand Sud-Ouest de la France. <i>La D\u00e9p\u00eache de Toulouse<\/i> couvre l&rsquo;\u00e9v\u00e9nement et explique qu&rsquo;en 4 jours, il est tomb\u00e9 l&rsquo;\u00e9quivalent de deux mois de pluie.<\/p>\n<p align=\"JUSTIFY\">\u00a0\u00a0\u00a0\u00a0\u00a0\u00a0 D\u00e9but Mars 1930, le 2 et le 3 pr\u00e9cis\u00e9ment, la ville de Toulouse et tout le grand Sud-ouest furent donc d\u00e9vast\u00e9s par une mont\u00e9e des eaux surprenante. En seulement quelques heures, le d\u00e9partement du Tarn est inond\u00e9 sur un douzi\u00e8me de son territoire, l&rsquo;eau a d\u00e9truit 3000 maisons, et plus de 5500 personnes sont sinistr\u00e9es. L&rsquo;ampleur des d\u00e9g\u00e2ts est tel qu&rsquo;il faut agir, et cela rapidement. Le 9 mars 1930 fut une journ\u00e9e de deuil national, sur la proposition du pr\u00e9sident de la R\u00e9publique.<\/p>\n<figure id=\"attachment_3398\" aria-describedby=\"caption-attachment-3398\" style=\"width: 300px\" class=\"wp-caption aligncenter\"><a href=\"http:\/\/blogs.univ-jfc.fr\/projetcroixrouge\/wp-content\/uploads\/sites\/40\/2015\/03\/crue4mars1930_2.jpg\"><img loading=\"lazy\" class=\"size-medium wp-image-3398 \" alt=\"4 mars 1930 : Inondations mortelles dans le sud-ouest\" src=\"http:\/\/blogs.univ-jfc.fr\/projetcroixrouge\/wp-content\/uploads\/sites\/40\/2015\/03\/crue4mars1930_2-300x193.jpg\" width=\"300\" height=\"193\" srcset=\"https:\/\/blogs.univ-jfc.fr\/projetcroixrouge\/wp-content\/uploads\/sites\/40\/2015\/03\/crue4mars1930_2-300x193.jpg 300w, https:\/\/blogs.univ-jfc.fr\/projetcroixrouge\/wp-content\/uploads\/sites\/40\/2015\/03\/crue4mars1930_2.jpg 500w\" sizes=\"(max-width: 300px) 100vw, 300px\" \/><\/a><figcaption id=\"caption-attachment-3398\" class=\"wp-caption-text\">4 mars 1930 : Inondations mortelles dans le Sud-ouest<\/figcaption><\/figure>\n<p align=\"JUSTIFY\"><strong>\u00a0Les mises en place<\/strong><span style=\"text-decoration: underline\"><br \/>\n<\/span><\/p>\n<p align=\"JUSTIFY\">\u00a0\u00a0\u00a0\u00a0\u00a0\u00a0 En 1930, la participation de civils pour venir en aide aux personnes sinistr\u00e9es se fait vive et tr\u00e8s active. La presse recense d&rsquo;ailleurs ces nombreux dons d&rsquo;argent, de v\u00eatements, d&rsquo;objets, pour ainsi aider les populations inond\u00e9es, sous forme de listes, ou de remerciements\u00a0:<\/p>\n<blockquote>\n<p align=\"JUSTIFY\"><span style=\"font-family: Arial,sans-serif\">\u00ab<\/span>En dehors de leur souscription en argent, un certain nombre de nos abonn\u00e9s ou amis nous ont adress\u00e9 des colis de v\u00eatements ou d&rsquo;effets divers.<span style=\"font-family: Arial,sans-serif\">\u00bb<\/span><a href=\"#sdfootnote1sym\" name=\"sdfootnote1anc\"><\/a><\/p>\n<\/blockquote>\n<p align=\"JUSTIFY\">Les journaux expriment bien l&rsquo;importance et l&rsquo;utilit\u00e9 des dons re\u00e7us, et mettent en valeur la participation active d&rsquo;une population touch\u00e9e par le sinistre du si\u00e8cle, d&rsquo;ailleurs, une liste est tenue d\u00e8s le 9 Mars 1930 dans le p\u00e9riodique l&rsquo;<i>Express du Midi. <\/i>Cette aide de la population<i> <\/i>montre qu&rsquo;il n&rsquo;y a pas r\u00e9ellement de mises en places pr\u00e9ventives structur\u00e9es par des organisations ou du moins elles ne suffisent pas \u00e0 combler les violentes pertes mat\u00e9rielles.<\/p>\n<p style=\"text-align: justify\">\u00a0<span style=\"font-family: Arial,sans-serif\"><span style=\"font-size: medium\">Les mises en place de l\u2019\u00c9tat sont nombreuses, bien que peu organis\u00e9es. Il s&rsquo;agit principalement d&rsquo;aide spontan\u00e9e, d&rsquo;organisation de secours, et autres rencontres afin de r\u00e9colter de l&rsquo;argent, pr\u00e9par\u00e9es en urgence. Cependant, ces derni\u00e8res ont eu comme r\u00f4le de rassurer les sinistr\u00e9s, de leur apporter l&rsquo;aide mat\u00e9rielle et financi\u00e8re n\u00e9cessaire.<\/span><\/span><\/p>\n<dl class=\"wp-caption aligncenter\" id=\"attachment_3420\" style=\"width: 310px\">\n<dt class=\"wp-caption-dt\"><\/dt>\n<dd class=\"wp-caption-dd\"><\/dd>\n<\/dl>\n<figure id=\"attachment_3758\" aria-describedby=\"caption-attachment-3758\" style=\"width: 240px\" class=\"wp-caption alignleft\"><a href=\"http:\/\/blogs.univ-jfc.fr\/projetcroixrouge\/wp-content\/uploads\/sites\/40\/2015\/04\/Saint-Sulpice-la-Pointe-le-3-mars-1930.jpg\"><img loading=\"lazy\" class=\" wp-image-3758 \" alt=\"Inondation, Saint-Sulpice le 3 mars 1930\" src=\"http:\/\/blogs.univ-jfc.fr\/projetcroixrouge\/wp-content\/uploads\/sites\/40\/2015\/04\/Saint-Sulpice-la-Pointe-le-3-mars-1930-300x262.jpg\" width=\"240\" height=\"210\" srcset=\"https:\/\/blogs.univ-jfc.fr\/projetcroixrouge\/wp-content\/uploads\/sites\/40\/2015\/04\/Saint-Sulpice-la-Pointe-le-3-mars-1930-300x262.jpg 300w, https:\/\/blogs.univ-jfc.fr\/projetcroixrouge\/wp-content\/uploads\/sites\/40\/2015\/04\/Saint-Sulpice-la-Pointe-le-3-mars-1930.jpg 458w\" sizes=\"(max-width: 240px) 100vw, 240px\" \/><\/a><figcaption id=\"caption-attachment-3758\" class=\"wp-caption-text\">Inondation, Saint-Sulpice le 3 mars 1930<\/figcaption><\/figure>\n<p>&nbsp;<\/p>\n<p align=\"JUSTIFY\">\u00a0\u00a0\u00a0\u00a0\u00a0\u00a0 <span style=\"font-family: Arial,sans-serif\"><span style=\"font-size: medium\">La Croix-Rouge, et plus pr\u00e9cis\u00e9ment l&rsquo;<a href=\"http:\/\/blogs.univ-jfc.fr\/projetcroixrouge\/la-croix-rouge-tarnaise-des-hommes-et-des-femmes\/les-femmes-de-la-croix-rouge\/levolution-du-statut-des-femmes-dans-la-croix-rouge\/\">Association des Dames Fran\u00e7aises (ADF)<\/a> a, d\u00e8s le d\u00e9but du d\u00e9sastre mis en place un poste de secours \u00e0 Villemur, pour venir en aide aux sinistr\u00e9s, le plus rapidement possible, comme le relate le p\u00e9riodique <i>l&rsquo;Express du Midi<\/i>, le 10 Mars 1930. Les autorit\u00e9s militaires de Castres ont \u00e9galement aid\u00e9 des centaines de sinistr\u00e9s en leur donnant du pain.<\/span><\/span><\/p>\n<p align=\"JUSTIFY\">\u00a0\u00a0\u00a0\u00a0\u00a0\u00a0 <span style=\"font-family: Arial,sans-serif\"><span style=\"font-size: medium\">L&rsquo;Association de la Croix-Rouge, appel\u00e9e L&rsquo;A.D.F<\/span><\/span><a href=\"http:\/\/blogs.univ-jfc.fr\/projetcroixrouge\/wp-admin\/post.php?post=3080&amp;action=edit#sdfootnote2sym\" name=\"sdfootnote2anc\"><\/a><span style=\"font-family: Arial,sans-serif\"><span style=\"font-size: medium\"> a \u00e9galement organis\u00e9 une rencontre artistique au Grand H\u00f4tel de Toulouse, l&rsquo;entr\u00e9e \u00e9tait de 10 francs par personne, et ce pour r\u00e9colter de l&rsquo;argent en faveur des sinistr\u00e9s. Cette journ\u00e9e sous le signe de l&rsquo;art permet de pouvoir aider un peu plus la population submerg\u00e9e par les d\u00e9g\u00e2ts. De nombreux concerts, et autres \u00e9v\u00e9nements artistiques ont \u00e9t\u00e9 organis\u00e9s, comme au Moderne ou bien lors de la rencontre du S.C.A (Sporting Club d&rsquo;Albi) contre Castres le dimanche 23 mars 1930, dans l&rsquo;id\u00e9e de r\u00e9colter de l&rsquo;argent. Ces r\u00e9unions sous le signe de l&rsquo;Art et de la d\u00e9tente se sont organis\u00e9es dans une certaine urgence en r\u00e9ponse \u00e0 cette catastrophe.<\/span><\/span><\/p>\n<p align=\"JUSTIFY\">\u00a0\u00a0\u00a0\u00a0\u00a0\u00a0\u00a0 <span style=\"font-family: Arial,sans-serif\"><span style=\"font-size: medium\">La ville de Lyon a donn\u00e9 50 000 francs au d\u00e9partement du Tarn, le pape Pie XI a vers\u00e9 la somme de 50 000 francs en faveur des sinistr\u00e9s. D\u00e8s le 12 Mars l&rsquo;association des Dames de la Croix-Rouge, associ\u00e9es avec le syndicat d&rsquo;initiative du Comminges ainsi que le comit\u00e9 directeur de la Caisse d\u2019\u00c9pargne ont vers\u00e9 1000 francs chacun pour venir en aide aux personnes d\u00e9munies.<\/span><\/span><br \/>\n<span style=\"font-family: Liberation Serif,serif\">\u00a0<\/span><\/p>\n<div id=\"sdfootnote1\"><a href=\"http:\/\/blogs.univ-jfc.fr\/projetcroixrouge\/bibliographie-2\/\">Pour en savoir plus<\/a><\/div>\n","protected":false},"excerpt":{"rendered":"<p>Une catastrophe majeure \u00a0 \u00a0 \u00a0 \u00a0 L&rsquo;hiver 1930 fut particuli\u00e8rement pluvieux, ceci entra\u00eenant des nappes souterraines gorg\u00e9es d&rsquo;eau, et une abondance de l&rsquo;\u00e9coulement des sources, qui coulent donc \u00e0 forte intensit\u00e9. Dans cet hiver pluvieux, se rajoutent d&rsquo;importantes chutes de neige d\u00e8s 800 m\u00e8tres d&rsquo;altitude\u00a0; la fonte fait monter d&rsquo;autant plus le niveau de &hellip; <a href=\"https:\/\/blogs.univ-jfc.fr\/projetcroixrouge\/risque-urgence-guerre\/histoire-du-risque\/les-catastrophes-naturelles\/\" class=\"more-link\">Continuer la lecture de <span class=\"screen-reader-text\">Les catastrophes naturelles<\/span> <span class=\"meta-nav\">&rarr;<\/span><\/a><\/p>\n","protected":false},"author":89,"featured_media":0,"parent":77,"menu_order":0,"comment_status":"closed","ping_status":"open","template":"","meta":[],"_links":{"self":[{"href":"https:\/\/blogs.univ-jfc.fr\/projetcroixrouge\/wp-json\/wp\/v2\/pages\/3080"}],"collection":[{"href":"https:\/\/blogs.univ-jfc.fr\/projetcroixrouge\/wp-json\/wp\/v2\/pages"}],"about":[{"href":"https:\/\/blogs.univ-jfc.fr\/projetcroixrouge\/wp-json\/wp\/v2\/types\/page"}],"author":[{"embeddable":true,"href":"https:\/\/blogs.univ-jfc.fr\/projetcroixrouge\/wp-json\/wp\/v2\/users\/89"}],"replies":[{"embeddable":true,"href":"https:\/\/blogs.univ-jfc.fr\/projetcroixrouge\/wp-json\/wp\/v2\/comments?post=3080"}],"version-history":[{"count":13,"href":"https:\/\/blogs.univ-jfc.fr\/projetcroixrouge\/wp-json\/wp\/v2\/pages\/3080\/revisions"}],"predecessor-version":[{"id":3856,"href":"https:\/\/blogs.univ-jfc.fr\/projetcroixrouge\/wp-json\/wp\/v2\/pages\/3080\/revisions\/3856"}],"up":[{"embeddable":true,"href":"https:\/\/blogs.univ-jfc.fr\/projetcroixrouge\/wp-json\/wp\/v2\/pages\/77"}],"wp:attachment":[{"href":"https:\/\/blogs.univ-jfc.fr\/projetcroixrouge\/wp-json\/wp\/v2\/media?parent=3080"}],"curies":[{"name":"wp","href":"https:\/\/api.w.org\/{rel}","templated":true}]}}