{"id":317,"date":"2015-02-03T16:05:13","date_gmt":"2015-02-03T15:05:13","guid":{"rendered":"http:\/\/blogs.univ-jfc.fr\/projetcroixrouge\/?page_id=317"},"modified":"2015-04-12T09:53:24","modified_gmt":"2015-04-12T08:53:24","slug":"de-nouveaux-moyens-daction-pour-lutter-contre-les-fleaux-sociaux","status":"publish","type":"page","link":"https:\/\/blogs.univ-jfc.fr\/projetcroixrouge\/pauvrete-action-sanitaire-et-sociale\/la-croix-rouge-et-les-fleaux-sociaux-dans-lentre-deux-guerres\/de-nouveaux-moyens-daction-pour-lutter-contre-les-fleaux-sociaux\/","title":{"rendered":"De nouveaux moyens d&rsquo;action pour lutter contre les fl\u00e9aux sociaux"},"content":{"rendered":"<p align=\"JUSTIFY\"><strong><span style=\"font-family: Arial,sans-serif\"><span style=\"font-size: medium\"><span style=\"color: #000000\">Am\u00e9nagement de nouveaux \u00e9tablissements<\/span><\/span><\/span><\/strong><\/p>\n<p align=\"JUSTIFY\">\u00a0\u00a0\u00a0\u00a0\u00a0\u00a0\u00a0 <span style=\"font-family: Arial,sans-serif\"><span style=\"font-size: medium\"><span style=\"color: #000000\">Pendant l&rsquo;entre-deux-guerres, <\/span><span style=\"color: #000000\">un<\/span><span style=\"color: #000000\"> personnel m\u00e9dical f\u00e9minin mieux form\u00e9 prend place dans les dispensaires d\u2019hygi\u00e8ne sociale cr\u00e9\u00e9s progressivement sur l&rsquo;ensemble du territoire fran\u00e7ais, notamment dans le cadre de <\/span><span style=\"color: #000000\">la<\/span><span style=\"color: #000000\"> lutte contre la tuberculose et<\/span><span style=\"color: #000000\"> la protection sanitaire de l&rsquo;enfance. <\/span><span style=\"color: #000000\">Les dispensaires sont des centre<\/span><span style=\"color: #000000\">s<\/span><span style=\"color: #000000\"> qui coordonnent l&rsquo;ensemble des interventions du service de lutte antituberculeuse. <\/span><span style=\"color: #000000\">Une action, majoritairement sanitaire, est mise en place dans ces dispensaires, mais ils jouent aussi un r\u00f4le \u00e9ducati<\/span><span style=\"color: #000000\">f<\/span><span style=\"color: #000000\">. <\/span><span style=\"color: #000000\">C<\/span><span style=\"color: #000000\">ertains sont sp\u00e9cialis\u00e9s, d&rsquo;autres sont des centres pr\u00e9ventifs, qui doivent d\u00e9pister les personnes atteintes par la tuberculose pour pouvoir ensuite les rediriger dans des sanatoriums.<\/span><\/span><\/span><\/p>\n<p align=\"JUSTIFY\"><span style=\"font-family: Arial,sans-serif\"><span style=\"font-size: medium\"><span style=\"color: #000000\">\u00a0\u00a0\u00a0\u00a0\u00a0\u00a0\u00a0 Pendant l&rsquo;entre-deux-guerres, la construction de dispensaires est croissante sur le territoire fran\u00e7ais. <\/span><span style=\"color: #000000\">C&rsquo;est avec la loi L\u00e9on Bourgeois de 1916 sur les dispensaires antituberculeux, que les pouvoirs publics se dot\u00e8rent de nouveaux moyens d\u2019action, <\/span><span style=\"color: #000000\">ainsi qu&rsquo;avec <\/span><span style=\"color: #000000\">la loi Honnorat sur les sanatoriums en 1919. <\/span><span style=\"color: #000000\">\u00c0<\/span><span style=\"color: #000000\"> partir de 1923 le Comit\u00e9 national de d\u00e9fense de la tuberculose encouragea financi\u00e8rement la construction des dispensaires pr\u00e9vus par la loi.<a href=\"#sdfootnote1sym\"><sup>1<\/sup><\/a><\/span><span style=\"color: #000000\"> La SSBM, l&rsquo;ADF et l&rsquo;UFF vont consacrer une grande partie de leurs ressources aux dispensaires et sanatoriums. <\/span>Les pouvoirs publics ou encore les Comit\u00e9s d\u00e9partementaux de lutte contre la tuberculose, vont \u00eatre les principaux financiers de ces dispensaires. <\/span><\/span><\/p>\n<p align=\"JUSTIFY\"><span style=\"font-family: Arial,sans-serif\"><span style=\"font-size: medium\">\u00a0\u00a0\u00a0\u00a0\u00a0\u00a0\u00a0<\/span><\/span><\/p>\n<figure id=\"attachment_1386\" aria-describedby=\"caption-attachment-1386\" style=\"width: 300px\" class=\"wp-caption alignleft\"><a href=\"http:\/\/blogs.univ-jfc.fr\/projetcroixrouge\/wp-content\/uploads\/sites\/40\/2015\/02\/am\u00e9nagemant-de-nouveaux-\u00e9tablissements.png\"><img loading=\"lazy\" class=\"size-medium wp-image-1386     \" title=\"Les cr\u00e9dits budg\u00e9taires de l'\u00c9tat en faveur de la lutte contre la tuberculose de 1920 \u00e0 1932,en Francs. (G. Brouadel et J. Arnaud, L'organisation antituberculeuse fran\u00e7aise, Paris, Masson et Cie, 1934, p. 137).\" alt=\"\" src=\"http:\/\/blogs.univ-jfc.fr\/projetcroixrouge\/wp-content\/uploads\/sites\/40\/2015\/02\/am\u00e9nagemant-de-nouveaux-\u00e9tablissements-300x177.png\" width=\"300\" height=\"177\" srcset=\"https:\/\/blogs.univ-jfc.fr\/projetcroixrouge\/wp-content\/uploads\/sites\/40\/2015\/02\/am\u00e9nagemant-de-nouveaux-\u00e9tablissements-300x177.png 300w, https:\/\/blogs.univ-jfc.fr\/projetcroixrouge\/wp-content\/uploads\/sites\/40\/2015\/02\/am\u00e9nagemant-de-nouveaux-\u00e9tablissements.png 451w\" sizes=\"(max-width: 300px) 100vw, 300px\" \/><\/a><figcaption id=\"caption-attachment-1386\" class=\"wp-caption-text\">Financement de l\u2019\u00c9tat fran\u00e7ais pour l&rsquo;am\u00e9nagement de nouveaux \u00e9tablissements<\/figcaption><\/figure>\n<p align=\"JUSTIFY\"><span style=\"font-family: Arial,sans-serif\"><span style=\"font-size: medium\">On compte moins de sanatoriums sur le territoire que de dispensaires. C&rsquo;est dans le Rh\u00f4ne que fut cr\u00e9\u00e9 le premier sanatorium populaire, \u00e0 Hauteville. Il pouvait accueillir jusqu&rsquo;\u00e0 650 personnes atteintes de tuberculose. Des maisons bourgeoises seront \u00e9galement am\u00e9nag\u00e9es en petits sanatoriums. Pendant l&rsquo;entre-deux-guerres, les hospices civils vont \u00e9galement se consacrer \u00e0 la lutte contre la tuberculose. Certains accueillaient en particulier les enfants atteints de tuberculose comme l&rsquo;\u00e9tablissement de Giens, dans le Var, qui avait en 1938 1000 lits qui lui \u00e9taient r\u00e9serv\u00e9s, soit 10\u00a0% de la capacit\u00e9 totale d\u2019accueil de l&rsquo;\u00e9tablissement. Le bureau de bienfaisance va aussi subventionner les dispensaires antituberculeux, \u00e0 hauteur de 20\u00a0% de son budget en mati\u00e8re m\u00e9dicale.<a href=\"#sdfootnote2sym\"><sup>2<\/sup><\/a> <\/span><\/span><\/p>\n<p align=\"JUSTIFY\"><span style=\"font-family: Arial,sans-serif\"><span style=\"font-size: medium\">\u00a0\u00a0\u00a0\u00a0\u00a0\u00a0\u00a0 C&rsquo;est ainsi qu&rsquo;en 1922 on comptait sur le territoire fran\u00e7ais 439 dispensaires et plus de 65 sanatoriums s&rsquo;inscrivant dans la lutte antituberculeuse. Le fonctionnement de ces \u00e9tablissements \u00e9tait possible gr\u00e2ce \u00e0 la pr\u00e9sence d&rsquo;infirmi\u00e8res sp\u00e9cialis\u00e9es, soignantes et visiteuses. Mais leur nombre \u00e9tait insuffisant pour r\u00e9pondre aux besoins de la soci\u00e9t\u00e9 fran\u00e7aise. Les responsables de la lutte antituberculeuse vont alors s&rsquo;impliquer dans la formation des infirmi\u00e8res. Le Comit\u00e9 national de d\u00e9fense contre la tuberculose va notamment organiser \u00e0 Paris un enseignement sp\u00e9cialis\u00e9, s&rsquo;adressant surtout aux infirmi\u00e8res qui avaient d\u00e9j\u00e0 re\u00e7u une formation de la Croix-Rouge.<a href=\"#sdfootnote3sym\"><sup>3<\/sup><\/a><\/span><\/span><\/p>\n<p align=\"JUSTIFY\"><strong><span style=\"font-family: Arial,sans-serif\"><span style=\"font-size: medium\"><span style=\"color: #000000\">La professionnalisation du m\u00e9tier d&rsquo;infirmi\u00e8re<\/span><\/span><\/span><\/strong><\/p>\n<p align=\"JUSTIFY\"><span style=\"font-family: Arial,sans-serif\"><span style=\"font-size: medium\">\u00a0\u00a0\u00a0\u00a0\u00a0\u00a0\u00a0 Le 1<sup>er<\/sup> f\u00e9vrier 1919, un comit\u00e9 de coordination fut cr\u00e9\u00e9, regroupant les Croix-Rouges am\u00e9ricaine, anglaise, italienne, japonaise et fran\u00e7aise. Une conf\u00e9rence se r\u00e9unit en avril 1919 \u00e0 Cannes, pour d\u00e9terminer les actions \u00e0 entreprendre en mati\u00e8re m\u00e9dicale. Cette conf\u00e9rence s&rsquo;acheva avec l&rsquo;adoption de cinq r\u00e9solutions concernant la profession d&rsquo;infirmi\u00e8re et l&rsquo;orientation de l&rsquo;action des soci\u00e9t\u00e9s de Croix-Rouge.<a href=\"#sdfootnote4sym\"><sup>4<\/sup><\/a> Suite \u00e0 cette conf\u00e9rence, le 5 mai 1919 fut cr\u00e9\u00e9e \u00e0 Paris la Ligue des soci\u00e9t\u00e9s de Croix-Rouge. Celle-ci \u00e9tait ouverte \u00e0 toutes les Croix-Rouge nationales et d\u00e8s sa fondation une section des infirmi\u00e8res vit le jour au sein de la Ligue. S&rsquo;ajouta \u00e0 cela en 1924 un Comit\u00e9 consultatif des infirmi\u00e8res. Celui-ci formula de nouvelles recommandations qui allaient toutes dans le sens de la promotion de la nouvelle image de l&rsquo;infirmi\u00e8re au sein des soci\u00e9t\u00e9s de Croix-Rouge.<a href=\"#sdfootnote5sym\"><sup>5<\/sup><\/a><\/span><\/span><\/p>\n<p align=\"JUSTIFY\"><span style=\"color: #000000\"><span style=\"font-family: Arial,sans-serif\"><span style=\"font-size: medium\">\u00a0\u00a0\u00a0\u00a0\u00a0\u00a0\u00a0 En France, c<\/span><\/span><\/span><span style=\"color: #000000\"><span style=\"font-family: Arial,sans-serif\"><span style=\"font-size: medium\">e n&rsquo;est qu&rsquo;\u00e0 partir de 1922 que fut mise en place une reconnaissance l\u00e9gale de la profession d&rsquo;infirmi\u00e8re, qui passa par la cr\u00e9ation d&rsquo;un dipl\u00f4me d\u2019\u00c9tat. En effet, le 27 juin 1922, le pr\u00e9sident de la R\u00e9publique, Alexandre Millerand, en signant le d\u00e9cret en application des r\u00e9solutions du Conseil sup\u00e9rieur de l&rsquo;Assistance publique, marqua la v\u00e9ritable naissance de la profession d&rsquo;infirmi\u00e8re en France. Puis en 1924, il va y avoir une reconnaissance d&rsquo;\u00e9coles par le Conseil de perfectionnement.<a href=\"#sdfootnote6sym\"><sup>6<\/sup><\/a> En tout, c<\/span><\/span><\/span><span style=\"color: #000000\"><span style=\"font-family: Arial,sans-serif\"><span style=\"font-size: medium\">e sont<\/span><\/span><\/span><span style=\"color: #000000\"><span style=\"font-family: Arial,sans-serif\"><span style=\"font-size: medium\"> 66 \u00e9coles qui seront reconnues administrativement\u00a0: parmi elles, 15 \u00e9coles appartiennent aux soci\u00e9t\u00e9s de Croix-Rouge : neuf sont rattach\u00e9es \u00e0 la SSBM, quatre \u00e0 l&rsquo;UFF et deux \u00e0 l&rsquo;ADF. Des \u00e9coles d&rsquo;infirmi\u00e8res visiteuses et sp\u00e9cialis\u00e9es seront \u00e9galement reconnues. D\u00e8s 1924, ce <\/span><\/span><\/span><span style=\"color: #000000\"><span style=\"font-family: Arial,sans-serif\"><span style=\"font-size: medium\">sont<\/span><\/span><\/span><span style=\"color: #000000\"><span style=\"font-family: Arial,sans-serif\"><span style=\"font-size: medium\"> plus de 1586 infirmi\u00e8res qui obtiennent le brevet de capacit\u00e9 professionnelle et parmi elles, plus de la moiti\u00e9 (823) viennent d&rsquo;\u00e9coles des trois soci\u00e9t\u00e9s de Croix-Rouge. <a href=\"#sdfootnote7sym\"><sup>7<\/sup><\/a><\/span><\/span><\/span><\/p>\n<figure id=\"attachment_300\" aria-describedby=\"caption-attachment-300\" style=\"width: 226px\" class=\"wp-caption alignright\"><a href=\"http:\/\/blogs.univ-jfc.fr\/projetcroixrouge\/wp-content\/uploads\/sites\/40\/2015\/01\/ter.jpg\"><img loading=\"lazy\" class=\"size-medium wp-image-300  \" title=\"Une infirmi\u00e8re visiteuse \u0153uvrant dans la lutte contre la mortalit\u00e9 infantile et la tuberculose. (Affiche d'Auguste le Roux, \u00e9dit\u00e9e par la Commission Rockefeller en 1925, J. Guillermand, la Croix-Rouge fran\u00e7aise, Histoire des infirmi\u00e8res, t.2 de la naissance de la Croix-Rouge \u00e0 l'institution de la profession, Paris, France-S\u00e9lection, 1991, p. 417). \" alt=\"\" src=\"http:\/\/blogs.univ-jfc.fr\/projetcroixrouge\/wp-content\/uploads\/sites\/40\/2015\/01\/ter-226x300.jpg\" width=\"226\" height=\"300\" srcset=\"https:\/\/blogs.univ-jfc.fr\/projetcroixrouge\/wp-content\/uploads\/sites\/40\/2015\/01\/ter-226x300.jpg 226w, https:\/\/blogs.univ-jfc.fr\/projetcroixrouge\/wp-content\/uploads\/sites\/40\/2015\/01\/ter-772x1024.jpg 772w, https:\/\/blogs.univ-jfc.fr\/projetcroixrouge\/wp-content\/uploads\/sites\/40\/2015\/01\/ter.jpg 1207w\" sizes=\"(max-width: 226px) 100vw, 226px\" \/><\/a><figcaption id=\"caption-attachment-300\" class=\"wp-caption-text\">Popularisation de l&rsquo;image de l&rsquo;infirmi\u00e8re visiteuse d&rsquo;hygi\u00e8ne<\/figcaption><\/figure>\n<p align=\"JUSTIFY\"><span style=\"color: #000000\"><span style=\"font-family: Arial,sans-serif\"><span style=\"font-size: medium\">\u00a0\u00a0\u00a0\u00a0\u00a0\u00a0\u00a0 La Soci\u00e9t\u00e9 de Secours aux Bless\u00e9s Militaires (SSBM), <\/span><\/span><\/span><span style=\"color: #000000\"><span style=\"font-family: Arial,sans-serif\"><span style=\"font-size: medium\">qui <\/span><\/span><\/span><span style=\"color: #000000\"><span style=\"font-family: Arial,sans-serif\"><span style=\"font-size: medium\">voi<\/span><\/span><\/span><span style=\"color: #000000\"><span style=\"font-family: Arial,sans-serif\"><span style=\"font-size: medium\">t<\/span><\/span><\/span><span style=\"color: #000000\"><span style=\"font-family: Arial,sans-serif\"><span style=\"font-size: medium\"> pendant l&rsquo;entre-deux-guerres ses effectifs d&rsquo;infirmi\u00e8res augmenter, passant de 33 725 en 1918 \u00e0 35 564 en 1920, <\/span><\/span><\/span><span style=\"color: #000000\"><span style=\"font-family: Arial,sans-serif\"><span style=\"font-size: medium\">dispense d\u00e8s 1932 des cours, qui servent de base pour un enseignement unifi\u00e9.<\/span><\/span><\/span><span style=\"color: #000000\"><span style=\"font-family: Arial,sans-serif\"><span style=\"font-size: medium\"><a href=\"#sdfootnote8sym\"><sup>8<\/sup><\/a> <\/span><\/span><\/span><span style=\"color: #000000\"><span style=\"font-family: Arial,sans-serif\"><span style=\"font-size: medium\">Les \u00e9coles pr\u00e9parant au m\u00e9tier d&rsquo;infirmi\u00e8re dans les h\u00f4pitaux et les dispensaires offraient <\/span><\/span><\/span><span style=\"color: #000000\"><span style=\"font-family: Arial,sans-serif\"><span style=\"font-size: medium\">alors<\/span><\/span><\/span><span style=\"color: #000000\"><span style=\"font-family: Arial,sans-serif\"><span style=\"font-size: medium\"> trois niveaux d&rsquo;enseignements : le certificat d&rsquo;aide-infirmi\u00e8re, le dipl\u00f4me simple d&rsquo;infirmi\u00e8re et le dipl\u00f4me sup\u00e9rieur. La Croix-Rouge va \u00e9galement cr\u00e9er ses propres \u00e9coles d&rsquo;infirmi\u00e8res visiteuses d&rsquo;hygi\u00e8ne sociale. Dix ans plus tard, ce dipl\u00f4me sera remplac\u00e9 par un dipl\u00f4me d\u2019\u00c9tat d&rsquo;assistance de service qui marque les d\u00e9buts de la profession des assistantes sociales.<a href=\"#sdfootnote9sym\"><sup>9<\/sup><\/a> <\/span><\/span><\/span><span style=\"font-family: Arial,sans-serif\"><span style=\"font-size: medium\">Outre la SSBM, l&rsquo;Union des Femmes de France consacrait \u00e9galement un effort \u00e0 am\u00e9liorer son enseignement, notamment par le biais du \u00ab\u00a0Manuel de l&rsquo;infirmi\u00e8re hospitali\u00e8re\u00a0\u00bb, dont la huiti\u00e8me \u00e9dition <\/span><\/span><span style=\"font-family: Arial,sans-serif\"><span style=\"font-size: medium\">paru<\/span><\/span><span style=\"font-family: Arial,sans-serif\"><span style=\"font-size: medium\">t<\/span><\/span><span style=\"font-family: Arial,sans-serif\"><span style=\"font-size: medium\"> en 1920. Dans cette nouvelle \u00e9dition, l&rsquo;hygi\u00e8ne et les maladies infectieuses faisaient l&rsquo;objet d&rsquo;un d\u00e9veloppement important.<a href=\"#sdfootnote10sym\"><sup>10<\/sup><\/a> Cette professionnalisation du m\u00e9tier d\u2019infirmi\u00e8re et l&rsquo;enseignement unifi\u00e9 dispens\u00e9 par les Soci\u00e9t\u00e9s de la Croix-Rouge, permettent la mise en place d&rsquo;une lutte plus efficace contre les fl\u00e9aux sociaux.<\/span><\/span><\/p>\n<p><span style=\"font-family: Arial,sans-serif\">R\u00e9dactrice : Angeline ALET. <\/span><\/p>\n<p align=\"JUSTIFY\"><span style=\"font-family: Arial,sans-serif\"><span style=\"font-size: medium\"><span style=\"color: #000000\"><span style=\"font-size: small\"><a href=\"http:\/\/blogs.univ-jfc.fr\/projetcroixrouge\/wp-admin\/post.php?post=317&amp;action=edit#sdfootnote1anc\">1<\/a><a href=\"http:\/\/www.histoire-image.org\/site\/oeuvre\/analyse.php?i=257#sthash.VxfTre8S.dpuf\" target=\"_blank\">http:\/\/www.histoire-image.org\/site\/oeuvre\/analyse.php?i=257#sthash.VxfTre8S.dpuf<\/a>, site <\/span><\/span><span style=\"color: #000000\"><span style=\"font-size: small\"><i>L&rsquo;Histoire par l&rsquo;image<\/i><\/span><\/span><span style=\"color: #000000\"><span style=\"font-size: small\"> est \u00e9dit\u00e9 par la R\u00e9union des mus\u00e9es nationaux depuis 1991, Directeur de publication Henri Bove.<\/span><\/span><\/span><\/span><\/p>\n<p><span style=\"font-family: Arial,sans-serif\"><span style=\"font-size: small\"><a href=\"http:\/\/blogs.univ-jfc.fr\/projetcroixrouge\/wp-admin\/post.php?post=317&amp;action=edit#sdfootnote2anc\">2 <\/a>Axelle Dolino-Brodiez, <\/span><\/span><span style=\"font-family: Arial,sans-serif\"><span style=\"font-size: small\"><i>Combattre la pauvret\u00e9: Vuln\u00e9rabilit\u00e9s sociales et sanitaires de 1880 \u00e0 nos jours,<\/i><\/span><\/span><span style=\"font-family: Arial,sans-serif\"><span style=\"font-size: small\"> Paris, CNRS \u00c9ditions, 2013, p. 280<\/span><\/span><\/p>\n<p><span style=\"font-family: Arial,sans-serif\"><span style=\"font-size: small\"><a href=\"http:\/\/blogs.univ-jfc.fr\/projetcroixrouge\/wp-admin\/post.php?post=317&amp;action=edit#sdfootnote3anc\">3 <\/a>Jean Guillermand, <\/span><\/span><span style=\"font-family: Arial,sans-serif\"><span style=\"font-size: small\"><i>op.cit<\/i><\/span><\/span><span style=\"font-family: Arial,sans-serif\"><span style=\"font-size: small\">, p. 419<\/span><\/span><\/p>\n<p><span style=\"font-family: Arial,sans-serif\"><span style=\"font-size: small\"><a href=\"http:\/\/blogs.univ-jfc.fr\/projetcroixrouge\/wp-admin\/post.php?post=317&amp;action=edit#sdfootnote4anc\">4<\/a> Jean Guillermand, <\/span><\/span><span style=\"font-family: Arial,sans-serif\"><span style=\"font-size: small\"><i>op.cit<\/i><\/span><\/span><span style=\"font-family: Arial,sans-serif\"><span style=\"font-size: small\">, pp. 403-405<\/span><\/span><\/p>\n<p><span style=\"font-family: Arial,sans-serif\"><span style=\"font-size: small\"><a href=\"http:\/\/blogs.univ-jfc.fr\/projetcroixrouge\/wp-admin\/post.php?post=317&amp;action=edit#sdfootnote5anc\">5<\/a> <\/span><\/span><span style=\"font-family: Arial,sans-serif\"><span style=\"font-size: small\"><i>Ibid<\/i><\/span><\/span><span style=\"font-family: Arial,sans-serif\"><span style=\"font-size: small\">, p. 405<\/span><\/span><\/p>\n<p><span style=\"font-family: Arial,sans-serif\"><span style=\"font-size: small\"><a href=\"http:\/\/blogs.univ-jfc.fr\/projetcroixrouge\/wp-admin\/post.php?post=317&amp;action=edit#sdfootnote6anc\">6<\/a> <\/span><\/span><span style=\"font-family: Arial,sans-serif\"><span style=\"font-size: small\"><i>Ibid<\/i><\/span><\/span><span style=\"font-family: Arial,sans-serif\"><span style=\"font-size: small\">, pp. 431-433<\/span><\/span><\/p>\n<p><span style=\"font-family: Arial,sans-serif\"><span style=\"font-size: small\"><a href=\"http:\/\/blogs.univ-jfc.fr\/projetcroixrouge\/wp-admin\/post.php?post=317&amp;action=edit#sdfootnote7anc\">7<\/a> <\/span><\/span><span style=\"font-family: Arial,sans-serif\"><span style=\"font-size: small\"><i>Ibid<\/i><\/span><\/span><span style=\"font-family: Arial,sans-serif\"><span style=\"font-size: small\">, pp. 434-435<\/span><\/span><\/p>\n<p><span style=\"font-family: Arial,sans-serif\"><span style=\"font-size: small\"><i><a href=\"http:\/\/blogs.univ-jfc.fr\/projetcroixrouge\/wp-admin\/post.php?post=317&amp;action=edit#sdfootnote8anc\">8<\/a> Ibid<\/i><\/span><\/span><\/p>\n<p><a href=\"http:\/\/blogs.univ-jfc.fr\/projetcroixrouge\/wp-admin\/post.php?post=317&amp;action=edit#sdfootnote9anc\"><span style=\"font-family: Arial,sans-serif\"><span style=\"font-size: small\">9 <\/span><\/span><\/a><span style=\"color: #000000\"><span style=\"font-family: Arial,sans-serif\"><span style=\"font-size: small\"><i>Ibid<\/i><\/span><\/span><\/span><span style=\"color: #000000\"><span style=\"font-family: Arial,sans-serif\"><span style=\"font-size: small\">, <\/span><\/span><\/span><span style=\"font-family: Arial,sans-serif\"><span style=\"font-size: small\">pp. 88 et 89.<\/span><\/span><\/p>\n<p><span style=\"font-family: Arial,sans-serif\"><span style=\"font-size: small\"><a href=\"http:\/\/blogs.univ-jfc.fr\/projetcroixrouge\/wp-admin\/post.php?post=317&amp;action=edit#sdfootnote10anc\">10<\/a> <\/span><\/span><span style=\"font-family: Arial,sans-serif\"><span style=\"font-size: small\"><i>Ibid<\/i><\/span><\/span><span style=\"font-family: Arial,sans-serif\"><span style=\"font-size: small\">, p. 408<\/span><\/span><\/p>\n","protected":false},"excerpt":{"rendered":"<p>Am\u00e9nagement de nouveaux \u00e9tablissements \u00a0\u00a0\u00a0\u00a0\u00a0\u00a0\u00a0 Pendant l&rsquo;entre-deux-guerres, un personnel m\u00e9dical f\u00e9minin mieux form\u00e9 prend place dans les dispensaires d\u2019hygi\u00e8ne sociale cr\u00e9\u00e9s progressivement sur l&rsquo;ensemble du territoire fran\u00e7ais, notamment dans le cadre de la lutte contre la tuberculose et la protection sanitaire de l&rsquo;enfance. Les dispensaires sont des centres qui coordonnent l&rsquo;ensemble des interventions du service &hellip; <a href=\"https:\/\/blogs.univ-jfc.fr\/projetcroixrouge\/pauvrete-action-sanitaire-et-sociale\/la-croix-rouge-et-les-fleaux-sociaux-dans-lentre-deux-guerres\/de-nouveaux-moyens-daction-pour-lutter-contre-les-fleaux-sociaux\/\" class=\"more-link\">Continuer la lecture de <span class=\"screen-reader-text\">De nouveaux moyens d&rsquo;action pour lutter contre les fl\u00e9aux sociaux<\/span> <span class=\"meta-nav\">&rarr;<\/span><\/a><\/p>\n","protected":false},"author":42,"featured_media":0,"parent":100,"menu_order":3,"comment_status":"closed","ping_status":"open","template":"","meta":[],"_links":{"self":[{"href":"https:\/\/blogs.univ-jfc.fr\/projetcroixrouge\/wp-json\/wp\/v2\/pages\/317"}],"collection":[{"href":"https:\/\/blogs.univ-jfc.fr\/projetcroixrouge\/wp-json\/wp\/v2\/pages"}],"about":[{"href":"https:\/\/blogs.univ-jfc.fr\/projetcroixrouge\/wp-json\/wp\/v2\/types\/page"}],"author":[{"embeddable":true,"href":"https:\/\/blogs.univ-jfc.fr\/projetcroixrouge\/wp-json\/wp\/v2\/users\/42"}],"replies":[{"embeddable":true,"href":"https:\/\/blogs.univ-jfc.fr\/projetcroixrouge\/wp-json\/wp\/v2\/comments?post=317"}],"version-history":[{"count":28,"href":"https:\/\/blogs.univ-jfc.fr\/projetcroixrouge\/wp-json\/wp\/v2\/pages\/317\/revisions"}],"predecessor-version":[{"id":3915,"href":"https:\/\/blogs.univ-jfc.fr\/projetcroixrouge\/wp-json\/wp\/v2\/pages\/317\/revisions\/3915"}],"up":[{"embeddable":true,"href":"https:\/\/blogs.univ-jfc.fr\/projetcroixrouge\/wp-json\/wp\/v2\/pages\/100"}],"wp:attachment":[{"href":"https:\/\/blogs.univ-jfc.fr\/projetcroixrouge\/wp-json\/wp\/v2\/media?parent=317"}],"curies":[{"name":"wp","href":"https:\/\/api.w.org\/{rel}","templated":true}]}}