{"id":3172,"date":"2015-03-26T09:09:26","date_gmt":"2015-03-26T08:09:26","guid":{"rendered":"http:\/\/blogs.univ-jfc.fr\/projetcroixrouge\/?page_id=3172"},"modified":"2015-04-04T08:45:18","modified_gmt":"2015-04-04T07:45:18","slug":"transmettre-une-identite-lexemple-de-miguel-palhares","status":"publish","type":"page","link":"https:\/\/blogs.univ-jfc.fr\/projetcroixrouge\/transmettre-une-identite-lexemple-de-miguel-palhares\/","title":{"rendered":"Transmettre une identit\u00e9 : l&rsquo;exemple de Miguel Palhares"},"content":{"rendered":"<p><strong>Les relais d&rsquo;une unit\u00e9<\/strong><\/p>\n<p align=\"JUSTIFY\">Nul moyen n&rsquo;est plus efficace que d&rsquo;inculquer aux plus jeunes des gestes pour permettre de voir na\u00eetre une g\u00e9n\u00e9ration avertie et responsable.<\/p>\n<p align=\"JUSTIFY\">L&rsquo;association m\u00e8ne des actions de pr\u00e9ventions aupr\u00e8s de toutes les strates de la population. Des formations de premiers secours permettant la d\u00e9livrance\u00a0du\u00a0PSC1 (Pr\u00e9vention\u00a0et Secours Civiques de niveau) sont dispens\u00e9es autant dans le cadre de citoyennet\u00e9 (durant la journ\u00e9e obligatoire de la D\u00e9fense Civique) que dans le domaine priv\u00e9 (au sein des entreprises le d\u00e9sirant). Ces actions ne sont pas vaines puisque la connaissance de la Croix-Rouge permet sa reconnaissance.<\/p>\n<p align=\"JUSTIFY\">\u00c9galement, au sein m\u00eame de l&rsquo;organisation, des actions entre b\u00e9n\u00e9voles ont lieu. Notamment le \u00ab\u00a0recyclage\u00a0\u00bb des secouristes et moniteurs qui consiste a revoir les m\u00e9thodes d&rsquo;apprentissage et \u00e9ventuellement de nouveaux types de gestes de secours. Cela permet aux secouristes de se positionner par rapport \u00e0 leur\u00a0investissement\u00a0et leur volont\u00e9 de\u00a0continuer dans la Croix-Rouge.<\/p>\n<p align=\"JUSTIFY\">De nombreuses initiatives sont mises en place pour permettre le relais d&rsquo;une identit\u00e9 forte. C&rsquo;est le cas du\u00a0<a href=\"http:\/\/www.ladepeche.fr\/article\/2009\/04\/22\/595360-realmont-collegiens-concours-representer-departement-italie.html\" target=\"_blank\">concours de la Croix-Rouge<\/a>\u00a0dans le coll\u00e8ge Louisa-Paulin de R\u00e9almont comme le rapporte\u00a0\u00ab\u00a0La D\u00e9p\u00eache du Midi\u00a0\u00bb du 22 avril 2009, avec les classes de 4\u00b0, en pr\u00e9sence de Lucien Ramade, moniteur de secourisme \u00e0 la Croix-Rouge depuis plus de 40 ans. L&rsquo;\u00e9l\u00e8ve gagnant a eu le privil\u00e8ge et l&rsquo;honneur de repr\u00e9senter la Croix-Rouge Fran\u00e7aise en Suisse, durant les c\u00e9l\u00e9brations des 150 ans de la bataille de Solf\u00e9rino. Il s&rsquo;agit de conserver en m\u00e9moire le souvenir d&rsquo;une histoire commune entre les pays et la Croix-Rouge.<\/p>\n<p align=\"JUSTIFY\">L&rsquo;id\u00e9e d&rsquo;altruisme est pr\u00e9sente et d\u00e9velopp\u00e9e au sein du territoire. Le 7 septembre 1996 est inaugur\u00e9 \u00e0 R\u00e9almont\u00a0\u00ab\u00a0l&rsquo;Ostal de la Prado\u00a0\u00bb, une halte pour les \u00ab\u00a0routards\u00a0\u00bb, centre proposant un lieu d&rsquo;accueil d&rsquo;urgence temporaire. Cette initiative est la concr\u00e9tisation de l&rsquo;union de l&rsquo;association et des Pouvoirs publics. Pour preuve, elle conna\u00eet un financement des Pouvoirs publics mais n&rsquo;est encore qu&rsquo;une exception puisque peu de centre comme celui sont ouverts : D&rsquo;ailleurs, ce centre est le seul du Tarn.<\/p>\n<p><strong>\u00ab\u00a0Ton engagement fait ta diff\u00e9rence\u00a0\u00bb : La Croix-Rouge Jeunesse.\u00a0<\/strong><\/p>\n<figure id=\"attachment_3186\" aria-describedby=\"caption-attachment-3186\" style=\"width: 168px\" class=\"wp-caption alignleft\"><a href=\"http:\/\/blogs.univ-jfc.fr\/projetcroixrouge\/wp-content\/uploads\/sites\/40\/2015\/03\/Affiche-pour-le-III1.png\"><img loading=\"lazy\" class=\" wp-image-3186  \" alt=\"\" src=\"http:\/\/blogs.univ-jfc.fr\/projetcroixrouge\/wp-content\/uploads\/sites\/40\/2015\/03\/Affiche-pour-le-III1-300x283.png\" width=\"168\" height=\"158\" srcset=\"https:\/\/blogs.univ-jfc.fr\/projetcroixrouge\/wp-content\/uploads\/sites\/40\/2015\/03\/Affiche-pour-le-III1-300x283.png 300w, https:\/\/blogs.univ-jfc.fr\/projetcroixrouge\/wp-content\/uploads\/sites\/40\/2015\/03\/Affiche-pour-le-III1-1024x967.png 1024w, https:\/\/blogs.univ-jfc.fr\/projetcroixrouge\/wp-content\/uploads\/sites\/40\/2015\/03\/Affiche-pour-le-III1.png 1063w\" sizes=\"(max-width: 168px) 100vw, 168px\" \/><\/a><figcaption id=\"caption-attachment-3186\" class=\"wp-caption-text\">Les assises de la Croix-Rouge Jeunesse; La derni\u00e8re en date (le 20 et 21 septembre 2014)<\/figcaption><\/figure>\n<p align=\"JUSTIFY\"><span style=\"line-height: 1.5\">La Croix-Rouge Fran\u00e7aise consacre une importance toute particuli\u00e8re \u00e0 la jeunesse. Celle-ci est l&rsquo;avenir de l&rsquo;association, ils sont aujourd&rsquo;hui 13 000 jeunes b\u00e9n\u00e9voles\u00a0et\u00a010 000 \u00e9tudiants\u00a0de moins de 30 ans \u00e0 s&rsquo;investir au pr\u00e8s des plus d\u00e9munis. \u00ab\u00a0<\/span><i style=\"line-height: 1.5\">Nous voulons faire une place particuli\u00e8re aux jeunes. L\u2019ambition de changer le monde et la capacit\u00e9 d\u2019engagement des jeunes sont sans limite. Ils repr\u00e9sentent une force vitale, une capacit\u00e9 de g\u00e9n\u00e9rosit\u00e9 et d\u2019initiatives, une stimulation et une rel\u00e8ve que nous voulons mettre en avant\u00a0<\/i><span style=\"line-height: 1.5\">\u00bb. C&rsquo;est ainsi que la Croix-Rouge d\u00e9finit la\u00a0nouvelle impulsion qu&rsquo;elle veut se donner.<\/span><\/p>\n<p align=\"JUSTIFY\">Qui est le mieux plac\u00e9 pour sensibiliser et responsabiliser les jeunes que d&rsquo;autres jeunes\u00a0? C&rsquo;est dans cette optique que la Croix-Rouge Jeunesse m\u00e8ne des actions dans quatre grands domaines que sont la sant\u00e9, l&rsquo;environnement, la citoyennet\u00e9 et l&rsquo;interculturalisme. Des actions sont ainsi men\u00e9es dans la sensibilisation des dangers de la route (op\u00e9ration \u00ab\u00a0Sam, Capitaine de soir\u00e9e\u00a0\u00bb), dans l&rsquo;initiation aux gestes de premiers secours (dans le cadre de la citoyennet\u00e9) et les \u00e9changes jeunesses inter-europ\u00e9ens (en juillet 2013, l&rsquo;\u00e9change a r\u00e9uni des jeunes de pays m\u00e9diterran\u00e9ens en Bosnie-Herz\u00e9govine). Enfin, au niveau de l&rsquo;environnement, le projet \u00ab\u00a0Red-Touch\u00a0\u00bb a pour but d&rsquo;informer les jeunes au tri des d\u00e9chets et au recyclage.<\/p>\n<p align=\"JUSTIFY\">La Croix-Rouge Jeunesse n&rsquo;en est qu&rsquo;\u00e0 ses d\u00e9buts et conna\u00eet un engouement relatif. Le chemin est encore long pour permettre un d\u00e9veloppement total mais les b\u00e9n\u00e9voles ne m\u00e9nagent pas leurs efforts pour faire d\u00e9couvrir les causes qui leur tiennent \u00e0 c\u0153ur. Un exemple d&rsquo;engagement dans la croix-Rouge Jeunesse : <a href=\"http:\/\/blogs.univ-jfc.fr\/projetcroixrouge\/la-croix-rouge-tarnaise-des-hommes-et-des-femmes\/figures-tarn\/les-figures\/\">Miguel Palhares<\/a>.<\/p>\n<p align=\"JUSTIFY\"><a title=\"Bibliographie\" href=\"http:\/\/blogs.univ-jfc.fr\/projetcroixrouge\/bibliographie-2\/\">Pour en savoir plus&#8230;<\/a><\/p>\n","protected":false},"excerpt":{"rendered":"<p>Les relais d&rsquo;une unit\u00e9 Nul moyen n&rsquo;est plus efficace que d&rsquo;inculquer aux plus jeunes des gestes pour permettre de voir na\u00eetre une g\u00e9n\u00e9ration avertie et responsable. L&rsquo;association m\u00e8ne des actions de pr\u00e9ventions aupr\u00e8s de toutes les strates de la population. Des formations de premiers secours permettant la d\u00e9livrance\u00a0du\u00a0PSC1 (Pr\u00e9vention\u00a0et Secours Civiques de niveau) sont dispens\u00e9es &hellip; <a href=\"https:\/\/blogs.univ-jfc.fr\/projetcroixrouge\/transmettre-une-identite-lexemple-de-miguel-palhares\/\" class=\"more-link\">Continuer la lecture de <span class=\"screen-reader-text\">Transmettre une identit\u00e9 : l&rsquo;exemple de Miguel Palhares<\/span> <span class=\"meta-nav\">&rarr;<\/span><\/a><\/p>\n","protected":false},"author":128,"featured_media":0,"parent":0,"menu_order":0,"comment_status":"closed","ping_status":"open","template":"","meta":[],"_links":{"self":[{"href":"https:\/\/blogs.univ-jfc.fr\/projetcroixrouge\/wp-json\/wp\/v2\/pages\/3172"}],"collection":[{"href":"https:\/\/blogs.univ-jfc.fr\/projetcroixrouge\/wp-json\/wp\/v2\/pages"}],"about":[{"href":"https:\/\/blogs.univ-jfc.fr\/projetcroixrouge\/wp-json\/wp\/v2\/types\/page"}],"author":[{"embeddable":true,"href":"https:\/\/blogs.univ-jfc.fr\/projetcroixrouge\/wp-json\/wp\/v2\/users\/128"}],"replies":[{"embeddable":true,"href":"https:\/\/blogs.univ-jfc.fr\/projetcroixrouge\/wp-json\/wp\/v2\/comments?post=3172"}],"version-history":[{"count":6,"href":"https:\/\/blogs.univ-jfc.fr\/projetcroixrouge\/wp-json\/wp\/v2\/pages\/3172\/revisions"}],"predecessor-version":[{"id":3831,"href":"https:\/\/blogs.univ-jfc.fr\/projetcroixrouge\/wp-json\/wp\/v2\/pages\/3172\/revisions\/3831"}],"wp:attachment":[{"href":"https:\/\/blogs.univ-jfc.fr\/projetcroixrouge\/wp-json\/wp\/v2\/media?parent=3172"}],"curies":[{"name":"wp","href":"https:\/\/api.w.org\/{rel}","templated":true}]}}