{"id":3223,"date":"2015-03-26T09:36:14","date_gmt":"2015-03-26T08:36:14","guid":{"rendered":"http:\/\/blogs.univ-jfc.fr\/projetcroixrouge\/?page_id=3223"},"modified":"2015-03-26T10:04:06","modified_gmt":"2015-03-26T09:04:06","slug":"ii-histoire-des-ong-et-des-oi-une-histoire-de-cooperation-et-de-rivalites","status":"publish","type":"page","link":"https:\/\/blogs.univ-jfc.fr\/projetcroixrouge\/la-croix-rouge-et-le-monde\/la-croix-rouge-et-les-ong\/ii-histoire-des-ong-et-des-oi-une-histoire-de-cooperation-et-de-rivalites\/","title":{"rendered":"II\/ Histoire des ONG et des OI: une histoire de coop\u00e9ration et de rivalit\u00e9s"},"content":{"rendered":"<p align=\"justify\"><span style=\"font-family: Arial,sans-serif\"><span style=\"font-size: medium\">A partir de 1919 avec la cr\u00e9ation de la Soci\u00e9t\u00e9 des Nations qui repr\u00e9sente la premi\u00e8re grande organisation internationale, un nouvel ordre mondial appara\u00eet. Cette derni\u00e8re veut cr\u00e9er un monde en paix pour \u00e9viter une nouvelle guerre. Pour cela, elle fait appel aux anc\u00eatres des actuelles ONG pour tenter de r\u00e9pondre aux urgences, qu&rsquo;elles soient \u00e9conomiques, humanitaires, politiques et sociales. C&rsquo;est le d\u00e9but de la relation entre OI et ONG. Cette relation sera plus ou moins tumultueuse mais aura repr\u00e9sent\u00e9e un v\u00e9ritable rempart contre la guerre. Cela est particuli\u00e8rement renforc\u00e9 d\u00e8s 1945, avec la cr\u00e9ation de l&rsquo;Organisation des Nations Unies, qui remplace la Soci\u00e9t\u00e9 des Nations. En effet, cette derni\u00e8re va donner un statut et une identit\u00e9 \u00e0 ces organisations dites \u00ab\u00a0de soutien\u00a0\u00bb jusque l\u00e0, ce qui va les rendre plus puissantes et plus aptes \u00e0 contrer les diverses crises de la seconde moiti\u00e9 du XXe si\u00e8cle, et qui expliquera pourquoi elles existent encore aujourd&rsquo;hui.<\/span><\/span><\/p>\n<p align=\"justify\"><span style=\"font-family: Arial,sans-serif\"><span style=\"font-size: medium\">C&rsquo;est \u00e0 partir de la cr\u00e9ation de la SDN en 1919 que naissent les premiers liens entre OI et ONG avec la cr\u00e9ation d&rsquo;organisations de soutien (car les ONG ne portent pas encore le titre d&rsquo;\u00a0\u00ab\u00a0ONG\u00a0\u00bb). En voici quelques exemples.<\/span><\/span><\/p>\n<p align=\"justify\"><span style=\"font-family: Arial,sans-serif\"><span style=\"font-size: medium\">Ils naissent notamment entre ONG au niveau international pour fonder la SDN avec la League to Enforce Peace aux USA, la League of Nations Union en Angleterre et l&rsquo;Association fran\u00e7aise en France. Ils fondent l&rsquo;Union internationale d&rsquo;aide \u00e0 la soci\u00e9t\u00e9 des nations. Cela \u00e0 permis \u00e0 la SDN de d\u00e9voiler une certaine entente cordiale de toutes les nations.<\/span><\/span><\/p>\n<p align=\"justify\">\u00a0<span style=\"font-family: Arial,sans-serif\"><span style=\"font-size: medium\">La fondation Rockefeller cr\u00e9\u00e9e par John Davison Rockefeller et Frederick Gates pour \u00ab\u00a0promouvoir le bien \u00eatre de l&rsquo;humanit\u00e9 dans le monde\u00a0\u00bb\u00a0repr\u00e9sente un atout financier et intellectuel crucial pour la SDN. <\/span><\/span><\/p>\n<p align=\"justify\">\u00a0<span style=\"font-family: Arial,sans-serif\"><span style=\"font-size: medium\">Le Comit\u00e9 de protection de l&rsquo;enfance de la SDN qui dura de 1924 \u00e0 1927 d\u00e9voila les premi\u00e8res tentatives d&rsquo;une volont\u00e9 de construction d&rsquo;une nouvelle vision vis \u00e0 vis de la protection de l&rsquo;enfance. Ce comit\u00e9 t\u00e9moigne des nouveaux enjeux qui apparaissent au d\u00e9but du XXe si\u00e8cle.<\/span><\/span><\/p>\n<p align=\"justify\"><span style=\"font-family: Arial,sans-serif\"><span style=\"font-size: medium\">On se rend compte malgr\u00e9 tout que les relations internationales entre ces deux types d&rsquo;organisations du temps de la SDN \u00e9taient plut\u00f4t bonnes. On observe en effet une d\u00e9pendance r\u00e9ciproque entre la SDN et ses futures ONG qui prouve que la SDN n&rsquo;aurait jamais pu faire face \u00e0 toutes les difficult\u00e9s d&rsquo;apr\u00e8s-guerre sans l&rsquo;aide des futures ONG. Quant \u00e0 ces derni\u00e8res, elles n&rsquo;auraient pu se faire conna\u00eetre ni se d\u00e9velopper sans la SDN. C&rsquo;est donc en s&rsquo;unissant\u00a0que ces deux types d&rsquo;organisations ont pu r\u00e9pondre aux urgences du monde de l&rsquo;entre-deux-guerres.<\/span><\/span><\/p>\n<p align=\"justify\">\u00a0<span style=\"font-family: Arial,sans-serif\"><span style=\"font-size: medium\">On constate cela tr\u00e8s clairement apr\u00e8s la Seconde Guerre Mondiale avec la cr\u00e9ation de l&rsquo;Organisation des Nations Unies, qui remplace la SDN \u00e0 partir de 1945. En effet, on d\u00e9crit ces organisations de soutien comme \u00e9tant des \u00ab\u00a0organisations non gouvernementales\u00a0\u00bb dans l&rsquo;article 71 de la Charte des Nations Unies en 1946, ce qui leur attribuent d\u00e9sormais un statut au niveau international et qui accro\u00eet leur importance. <\/span><\/span><\/p>\n<p align=\"justify\"><span style=\"font-family: Arial,sans-serif\"><span style=\"font-size: medium\">Ces deux grands types d&rsquo;organisations ont d\u00e9sormais de nouveaux probl\u00e8mes \u00e0 g\u00e9rer, qu&rsquo;ils soient politiques, \u00e9conomiques, \u00e9cologiques, humanitaires\u00a0;\u00a0 mais contrairement aux relations d&rsquo;antan avec la SDN, les ONG per\u00e7oivent mal cette nouvelle organisation qu&rsquo;est l&rsquo;ONU, et ces nouvelles relations semblent plus compliqu\u00e9es.<\/span><\/span><\/p>\n<p align=\"justify\">\u00a0<span style=\"font-family: Arial,sans-serif\"><span style=\"font-size: medium\">Malgr\u00e9 cela, si l&rsquo;on s&rsquo;int\u00e9resse \u00e0 la cr\u00e9ation de l&rsquo;Union pour la protection de la nature (aujourd&rsquo;hui IUCN), on se rend compte qu&rsquo;elle n&rsquo;aurait sans doute pas \u00e9t\u00e9 possible sans l&rsquo;aide de l&rsquo;Unesco, c&rsquo;est \u00e0 dire l&rsquo;Organisation des Nations Unies pour l&rsquo;\u00e9ducation, la culture\u00a0; ainsi que celle d&rsquo;autres petites ONG. Pour traiter des questions environnementales plus efficacement, l&rsquo;Unesco s&rsquo;est alli\u00e9e avec de multiples ONG, et a m\u00eame permis la cr\u00e9ation de quelques-unes pour avoir un meilleur impact sur les d\u00e9bats environnementaux et les d\u00e9cisions environnementales de l&rsquo;\u00e9poque. Les ONG peuvent ainsi se faire entendre dans les d\u00e9bats internationaux \u00e0 tout les niveaux et ainsi avoir leurs mots \u00e0 dire face aux organisations internationales. L&rsquo;Unesco deviendra ainsi, dix ans apr\u00e8s sa cr\u00e9ation, la plus importante des institutions des Nations Unies coop\u00e9rant avec les ONG environnementales.<\/span><\/span><\/p>\n<p align=\"justify\">\u00a0<span style=\"font-family: Arial,sans-serif\"><span style=\"font-size: medium\">La coop\u00e9ration entre le Haut-commissariat des Nations Unies pour les r\u00e9fugi\u00e9s, l&rsquo;Organisation internationale des r\u00e9fugi\u00e9s, le Comit\u00e9 intergouvernemental pour les migrations europ\u00e9ennes et les ONG, ont permis une meilleure assistance aux r\u00e9fugi\u00e9s des diff\u00e9rents conflits d&rsquo;apr\u00e8s-guerre, notamment ceux apparus dans les ann\u00e9es 60 pour l&rsquo;ind\u00e9pendance, ou ceux dus \u00e0 la Guerre Froide. On retrouve \u00e0 nouveau cette collaboration entre OI et ONG malgr\u00e9 quelques rivalit\u00e9s qui ont rendu les choses plus d\u00e9licates et ont parfois rompu la collaboration.<\/span><\/span><\/p>\n<p align=\"justify\">\u00a0<span style=\"font-family: Arial,sans-serif\"><span style=\"font-size: medium\">Enfin, la collaboration entre le Conseil de l&rsquo;Europe, cr\u00e9\u00e9 \u00e0 Londres en 1949, et les ONG est un exemple int\u00e9ressant car c&rsquo;est la premi\u00e8re fois qu&rsquo;une OI chercha d\u00e8s le d\u00e9part \u00e0 s&rsquo;associer aux ONG pour ses travaux. En effet, elle leur accorde un statut qui leur permet de participer activement aux chartes, aux conventions et aux accords europ\u00e9ens. Elles obtiennent \u00e9galement un statut consultatif et finalement un statut participatif en 2003, ce qui a constitu\u00e9 une premi\u00e8re mondiale.<\/span><\/span><\/p>\n<p align=\"justify\"><span style=\"font-family: Arial,sans-serif\"><span style=\"font-size: medium\">Ainsi, \u00e0 travers ces multiples exemples, nous pouvons \u00eatre s\u00fbr qu&rsquo;il y a eu de nombreux cas de collaborations entre OI et ONG sur presque un si\u00e8cle, qui ont parfois abouti \u00e0 une certaine compl\u00e9mentarit\u00e9 d\u00e9montr\u00e9e par ce lien de d\u00e9pendance r\u00e9ciproque.<\/span><\/span><\/p>\n<p align=\"justify\"><a title=\"Bibliographie\" href=\"http:\/\/blogs.univ-jfc.fr\/projetcroixrouge\/bibliographie-2\/\" target=\"_blank\"><em>Pour aller plus loin<\/em> <\/a><\/p>\n","protected":false},"excerpt":{"rendered":"<p>A partir de 1919 avec la cr\u00e9ation de la Soci\u00e9t\u00e9 des Nations qui repr\u00e9sente la premi\u00e8re grande organisation internationale, un nouvel ordre mondial appara\u00eet. Cette derni\u00e8re veut cr\u00e9er un monde en paix pour \u00e9viter une nouvelle guerre. Pour cela, elle fait appel aux anc\u00eatres des actuelles ONG pour tenter de r\u00e9pondre aux urgences, qu&rsquo;elles soient &hellip; <a href=\"https:\/\/blogs.univ-jfc.fr\/projetcroixrouge\/la-croix-rouge-et-le-monde\/la-croix-rouge-et-les-ong\/ii-histoire-des-ong-et-des-oi-une-histoire-de-cooperation-et-de-rivalites\/\" class=\"more-link\">Continuer la lecture de <span class=\"screen-reader-text\">II\/ Histoire des ONG et des OI: une histoire de coop\u00e9ration et de rivalit\u00e9s<\/span> <span class=\"meta-nav\">&rarr;<\/span><\/a><\/p>\n","protected":false},"author":126,"featured_media":0,"parent":112,"menu_order":3,"comment_status":"closed","ping_status":"open","template":"","meta":[],"_links":{"self":[{"href":"https:\/\/blogs.univ-jfc.fr\/projetcroixrouge\/wp-json\/wp\/v2\/pages\/3223"}],"collection":[{"href":"https:\/\/blogs.univ-jfc.fr\/projetcroixrouge\/wp-json\/wp\/v2\/pages"}],"about":[{"href":"https:\/\/blogs.univ-jfc.fr\/projetcroixrouge\/wp-json\/wp\/v2\/types\/page"}],"author":[{"embeddable":true,"href":"https:\/\/blogs.univ-jfc.fr\/projetcroixrouge\/wp-json\/wp\/v2\/users\/126"}],"replies":[{"embeddable":true,"href":"https:\/\/blogs.univ-jfc.fr\/projetcroixrouge\/wp-json\/wp\/v2\/comments?post=3223"}],"version-history":[{"count":2,"href":"https:\/\/blogs.univ-jfc.fr\/projetcroixrouge\/wp-json\/wp\/v2\/pages\/3223\/revisions"}],"predecessor-version":[{"id":3393,"href":"https:\/\/blogs.univ-jfc.fr\/projetcroixrouge\/wp-json\/wp\/v2\/pages\/3223\/revisions\/3393"}],"up":[{"embeddable":true,"href":"https:\/\/blogs.univ-jfc.fr\/projetcroixrouge\/wp-json\/wp\/v2\/pages\/112"}],"wp:attachment":[{"href":"https:\/\/blogs.univ-jfc.fr\/projetcroixrouge\/wp-json\/wp\/v2\/media?parent=3223"}],"curies":[{"name":"wp","href":"https:\/\/api.w.org\/{rel}","templated":true}]}}