{"id":3309,"date":"2015-03-26T09:56:36","date_gmt":"2015-03-26T08:56:36","guid":{"rendered":"http:\/\/blogs.univ-jfc.fr\/projetcroixrouge\/?page_id=3309"},"modified":"2015-03-26T19:10:46","modified_gmt":"2015-03-26T18:10:46","slug":"specificites-origines-et-evolution","status":"publish","type":"page","link":"https:\/\/blogs.univ-jfc.fr\/projetcroixrouge\/le-cicr\/specificites-origines-et-evolution\/","title":{"rendered":"Caract\u00e9ristiques, origines et \u00e9volution"},"content":{"rendered":"<p lang=\"fr-FR\" align=\"justify\"><span style=\"color: #000000\"><span style=\"font-family: Arial,sans-serif\"><span style=\"font-size: medium\">A travers ses <a title=\"Caract\u00e9ristiques et particularit\u00e9s du CICR\" href=\"http:\/\/blogs.univ-jfc.fr\/projetcroixrouge\/le-cicr\/caracteristiques\/\" target=\"_blank\">sp\u00e9cificit\u00e9s et ses particularit\u00e9s<\/a>, le CICR se distingue des autres organisations humanitaires. Il a su constituer au sein de son propre groupe trois entit\u00e9s autonomes et pourtant fortement li\u00e9es entre elles afin de mener \u00e0 bien leurs missions envers les populations qui subissent les conflits en temps de guerre.<\/span><\/span><\/span><\/p>\n<figure id=\"attachment_719\" aria-describedby=\"caption-attachment-719\" style=\"width: 142px\" class=\"wp-caption aligncenter\"><a title=\"Caract\u00e9ristiques et particularit\u00e9s du CICR\" href=\"http:\/\/blogs.univ-jfc.fr\/projetcroixrouge\/le-cicr\/caracteristiques\/\" target=\"_blank\"><img loading=\"lazy\" class=\"size-full wp-image-719 \" alt=\"Logo du CICR.\" src=\"http:\/\/blogs.univ-jfc.fr\/projetcroixrouge\/wp-content\/uploads\/sites\/40\/2015\/03\/imagepremiersousongletCICR.jpg\" width=\"142\" height=\"137\" \/><\/a><figcaption id=\"caption-attachment-719\" class=\"wp-caption-text\">Logo du CICR.<\/figcaption><\/figure>\n<p lang=\"fr-FR\" align=\"justify\"><span style=\"color: #000000\"><span style=\"font-family: Arial,sans-serif\"><span style=\"font-size: medium\">Gr\u00e2ce \u00e0 la personnalit\u00e9 des cinq p\u00e8res fondateurs, le CICR sort du lot, et <a title=\"Les origines du CICR, pionnier de l\u2019humanitaire moderne\" href=\"http:\/\/blogs.univ-jfc.fr\/projetcroixrouge\/le-cicr\/les-origines\/\" target=\"_blank\">cr\u00e9\u00e9 une organisation humanitaire <\/a>unique qui institutionnalise la protection des victimes de guerre.<\/span><\/span><\/span><\/p>\n<figure id=\"attachment_718\" aria-describedby=\"caption-attachment-718\" style=\"width: 147px\" class=\"wp-caption aligncenter\"><a title=\"Les origines du CICR, pionnier de l\u2019humanitaire moderne\" href=\"http:\/\/blogs.univ-jfc.fr\/projetcroixrouge\/le-cicr\/les-origines\/\" target=\"_blank\"><img loading=\"lazy\" class=\" wp-image-718 \" alt=\"Les diff\u00e9rents embl\u00e8mes que regroupe le CICR.\" src=\"http:\/\/blogs.univ-jfc.fr\/projetcroixrouge\/wp-content\/uploads\/sites\/40\/2015\/03\/imagedeuxiemesousongletCICR-156x300.jpg\" width=\"147\" height=\"254\" \/><\/a><figcaption id=\"caption-attachment-718\" class=\"wp-caption-text\">Les diff\u00e9rents embl\u00e8mes que regroupe le CICR.<\/figcaption><\/figure>\n<p>&nbsp;<\/p>\n<p lang=\"fr-FR\" align=\"justify\"><span style=\"color: #000000\"><span style=\"font-family: Arial,sans-serif\"><span style=\"font-size: medium\">Les guerres mondiales et la crise du Biafra, \u00e9l\u00e9ments-cl\u00e9 de <a title=\"Les \u00e9volutions \u00e0 travers les conflits\" href=\"http:\/\/blogs.univ-jfc.fr\/projetcroixrouge\/le-cicr\/evolutions\/\" target=\"_blank\">l&rsquo;internationalisation du CICR<\/a>, lui ont permis de d\u00e9velopper de nouvelles institutions et d&rsquo;\u00e9tendre ses actions.<\/span><\/span><\/span><\/p>\n<figure id=\"attachment_720\" aria-describedby=\"caption-attachment-720\" style=\"width: 262px\" class=\"wp-caption aligncenter\"><a title=\"Les \u00e9volutions \u00e0 travers les conflits\" href=\"http:\/\/blogs.univ-jfc.fr\/projetcroixrouge\/le-cicr\/evolutions\/\" target=\"_blank\"><img loading=\"lazy\" class=\" wp-image-720  \" alt=\"Liste des prisonniers de guerre de l'Agence lors de la Premi\u00e8re Guerre Mondiale.\" src=\"http:\/\/blogs.univ-jfc.fr\/projetcroixrouge\/wp-content\/uploads\/sites\/40\/2015\/03\/imagetroisiemesousongletCICR-300x215.png\" width=\"262\" height=\"138\" \/><\/a><figcaption id=\"caption-attachment-720\" class=\"wp-caption-text\">Liste des prisonniers de guerre de l&rsquo;Agence lors de la Premi\u00e8re Guerre Mondiale.<\/figcaption><\/figure>\n<p>&nbsp;<\/p>\n<p>&nbsp;<\/p>\n","protected":false},"excerpt":{"rendered":"<p>A travers ses sp\u00e9cificit\u00e9s et ses particularit\u00e9s, le CICR se distingue des autres organisations humanitaires. Il a su constituer au sein de son propre groupe trois entit\u00e9s autonomes et pourtant fortement li\u00e9es entre elles afin de mener \u00e0 bien leurs missions envers les populations qui subissent les conflits en temps de guerre. Gr\u00e2ce \u00e0 la &hellip; <a href=\"https:\/\/blogs.univ-jfc.fr\/projetcroixrouge\/le-cicr\/specificites-origines-et-evolution\/\" class=\"more-link\">Continuer la lecture de <span class=\"screen-reader-text\">Caract\u00e9ristiques, origines et \u00e9volution<\/span> <span class=\"meta-nav\">&rarr;<\/span><\/a><\/p>\n","protected":false},"author":133,"featured_media":0,"parent":579,"menu_order":2,"comment_status":"closed","ping_status":"closed","template":"","meta":[],"_links":{"self":[{"href":"https:\/\/blogs.univ-jfc.fr\/projetcroixrouge\/wp-json\/wp\/v2\/pages\/3309"}],"collection":[{"href":"https:\/\/blogs.univ-jfc.fr\/projetcroixrouge\/wp-json\/wp\/v2\/pages"}],"about":[{"href":"https:\/\/blogs.univ-jfc.fr\/projetcroixrouge\/wp-json\/wp\/v2\/types\/page"}],"author":[{"embeddable":true,"href":"https:\/\/blogs.univ-jfc.fr\/projetcroixrouge\/wp-json\/wp\/v2\/users\/133"}],"replies":[{"embeddable":true,"href":"https:\/\/blogs.univ-jfc.fr\/projetcroixrouge\/wp-json\/wp\/v2\/comments?post=3309"}],"version-history":[{"count":14,"href":"https:\/\/blogs.univ-jfc.fr\/projetcroixrouge\/wp-json\/wp\/v2\/pages\/3309\/revisions"}],"predecessor-version":[{"id":3498,"href":"https:\/\/blogs.univ-jfc.fr\/projetcroixrouge\/wp-json\/wp\/v2\/pages\/3309\/revisions\/3498"}],"up":[{"embeddable":true,"href":"https:\/\/blogs.univ-jfc.fr\/projetcroixrouge\/wp-json\/wp\/v2\/pages\/579"}],"wp:attachment":[{"href":"https:\/\/blogs.univ-jfc.fr\/projetcroixrouge\/wp-json\/wp\/v2\/media?parent=3309"}],"curies":[{"name":"wp","href":"https:\/\/api.w.org\/{rel}","templated":true}]}}