{"id":3414,"date":"2015-03-26T10:15:29","date_gmt":"2015-03-26T09:15:29","guid":{"rendered":"http:\/\/blogs.univ-jfc.fr\/projetcroixrouge\/?page_id=3414"},"modified":"2015-03-26T10:15:29","modified_gmt":"2015-03-26T09:15:29","slug":"conclusion","status":"publish","type":"page","link":"https:\/\/blogs.univ-jfc.fr\/projetcroixrouge\/la-croix-rouge-et-le-monde\/la-croix-rouge-et-les-ong\/conclusion\/","title":{"rendered":"Conclusion"},"content":{"rendered":"<p align=\"justify\"><span style=\"font-family: Arial,sans-serif\"><span style=\"font-size: medium\">Les ONG et les OI ont sans aucun doute permis de limiter les guerres, les conflits majeurs, les \u00e9pid\u00e9mies et les urgences humanitaires partout dans le monde au cours du XXe si\u00e8cle. Mais tout cela n\u2019aurait pas \u00e9t\u00e9 possible sans leur union, en effet nous avons pu prouver qu&rsquo;elles ont \u00e9t\u00e9 bien plus efficaces ensembles. Ce lien de d\u00e9pendance est \u00e0 l\u2019origine de nombreuses collaborations qui ont parfois cr\u00e9\u00e9 une certaine compl\u00e9mentarit\u00e9, notamment entre la Soci\u00e9t\u00e9 des Nations et ses associations de soutien ou la SDN avec la Croix-Rouge. Il est \u00e9galement \u00e0 l\u2019origine de multiples rivalit\u00e9s qui ont failli d\u00e9truire le Comit\u00e9 International de la Croix-Rouge de l\u2019int\u00e9rieur par exemple. <\/span><\/span><\/p>\n<p align=\"justify\"><span style=\"font-family: Arial,sans-serif\"><span style=\"font-size: medium\">Ces deux grands types d\u2019organisations ont \u00e9volu\u00e9 en fonction du nouvel ordre mondial, notamment apr\u00e8s-guerre, ce qui explique par exemple la forte augmentation du nombre d\u2019ONG, et dans une moindre mesure, celui des OI \u00e0 partir de 1956. Les ONG ont su s&rsquo;allier aux OI pour accro\u00eetre leurs importances notamment gr\u00e2ce aux m\u00e9dias et participer aux d\u00e9bats internationaux. <\/span><\/span><\/p>\n<p align=\"justify\"><span style=\"font-family: Arial,sans-serif\"><span style=\"font-size: medium\">On peut donc v\u00e9ritablement parler d\u2019histoires crois\u00e9es entre OI et ONG si l\u2019on \u00e9tudie leur histoire tout au long du si\u00e8cle dernier et qu\u2019on les met en relation. <\/span><\/span><\/p>\n<p align=\"justify\"><span style=\"font-family: Arial,sans-serif\"><span style=\"font-size: medium\">La Croix-Rouge, m\u00eame si elle ne rentre pas vraiment dans l&rsquo;une de ces deux organisations a pourtant \u00e9t\u00e9 une des actrices de cette lutte pour la paix dans le monde en travaillant \u00e0 la fois avec les OI et les ONG et repr\u00e9sente encore aujourd\u2019hui grand rempart d\u00e9fendant \u00e0 la fois la paix et la solidarit\u00e9 internationale.<\/span><\/span><\/p>\n","protected":false},"excerpt":{"rendered":"<p>Les ONG et les OI ont sans aucun doute permis de limiter les guerres, les conflits majeurs, les \u00e9pid\u00e9mies et les urgences humanitaires partout dans le monde au cours du XXe si\u00e8cle. Mais tout cela n\u2019aurait pas \u00e9t\u00e9 possible sans leur union, en effet nous avons pu prouver qu&rsquo;elles ont \u00e9t\u00e9 bien plus efficaces ensembles. &hellip; <a href=\"https:\/\/blogs.univ-jfc.fr\/projetcroixrouge\/la-croix-rouge-et-le-monde\/la-croix-rouge-et-les-ong\/conclusion\/\" class=\"more-link\">Continuer la lecture de <span class=\"screen-reader-text\">Conclusion<\/span> <span class=\"meta-nav\">&rarr;<\/span><\/a><\/p>\n","protected":false},"author":126,"featured_media":0,"parent":112,"menu_order":3,"comment_status":"closed","ping_status":"open","template":"","meta":[],"_links":{"self":[{"href":"https:\/\/blogs.univ-jfc.fr\/projetcroixrouge\/wp-json\/wp\/v2\/pages\/3414"}],"collection":[{"href":"https:\/\/blogs.univ-jfc.fr\/projetcroixrouge\/wp-json\/wp\/v2\/pages"}],"about":[{"href":"https:\/\/blogs.univ-jfc.fr\/projetcroixrouge\/wp-json\/wp\/v2\/types\/page"}],"author":[{"embeddable":true,"href":"https:\/\/blogs.univ-jfc.fr\/projetcroixrouge\/wp-json\/wp\/v2\/users\/126"}],"replies":[{"embeddable":true,"href":"https:\/\/blogs.univ-jfc.fr\/projetcroixrouge\/wp-json\/wp\/v2\/comments?post=3414"}],"version-history":[{"count":1,"href":"https:\/\/blogs.univ-jfc.fr\/projetcroixrouge\/wp-json\/wp\/v2\/pages\/3414\/revisions"}],"predecessor-version":[{"id":3425,"href":"https:\/\/blogs.univ-jfc.fr\/projetcroixrouge\/wp-json\/wp\/v2\/pages\/3414\/revisions\/3425"}],"up":[{"embeddable":true,"href":"https:\/\/blogs.univ-jfc.fr\/projetcroixrouge\/wp-json\/wp\/v2\/pages\/112"}],"wp:attachment":[{"href":"https:\/\/blogs.univ-jfc.fr\/projetcroixrouge\/wp-json\/wp\/v2\/media?parent=3414"}],"curies":[{"name":"wp","href":"https:\/\/api.w.org\/{rel}","templated":true}]}}