{"id":345,"date":"2015-02-05T09:32:51","date_gmt":"2015-02-05T08:32:51","guid":{"rendered":"http:\/\/blogs.univ-jfc.fr\/projetcroixrouge\/?page_id=345"},"modified":"2015-04-12T10:19:37","modified_gmt":"2015-04-12T09:19:37","slug":"la-croix-rouge-francaise-durant-la-decolonisation","status":"publish","type":"page","link":"https:\/\/blogs.univ-jfc.fr\/projetcroixrouge\/la-croix-rouge-et-le-monde\/lhumanitaire-en-actions\/la-croix-rouge-francaise-durant-la-decolonisation\/","title":{"rendered":"La Croix-Rouge fran\u00e7aise durant la d\u00e9colonisation"},"content":{"rendered":"<p><strong><span style=\"font-family: Arial, sans-serif\"><span style=\"font-size: medium\">Guerre d&rsquo;Indochine, premier engagement lors d&rsquo;un conflit apr\u00e8s la Seconde Guerre mondiale<\/span><\/span><\/strong><\/p>\n<p>&nbsp;<\/p>\n<figure style=\"width: 300px\" class=\"wp-caption alignleft\"><a href=\"http:\/\/blogs.univ-jfc.fr\/projetcroixrouge\/wp-content\/uploads\/sites\/40\/2015\/02\/indochine_1.jpg\"><img loading=\"lazy\" title=\"\u00c9vacuation de bless\u00e9s militaires \u00e0 Sa\u00efgon, durant la guerre d'Indochine (Source\u00a0: Site officiel de la Croix-Rouge fran\u00e7aise)\" alt=\"indochine_1\" src=\"http:\/\/blogs.univ-jfc.fr\/projetcroixrouge\/wp-content\/uploads\/sites\/40\/2015\/02\/indochine_1-300x202.jpg\" width=\"300\" height=\"202\" \/><\/a><figcaption class=\"wp-caption-text\">Dispositif de la CRF en Indochine<\/figcaption><\/figure>\n<p align=\"JUSTIFY\"><span style=\"color: #000000\"><span style=\"font-family: Arial, sans-serif\"><span style=\"font-size: medium\">Quand \u00e9clate la guerre d&rsquo;Indochine, la Croix-Rouge fran\u00e7aise, et le CICR (comit\u00e9 international de la Croix-Rouge), demandent \u00e0 la France un acc\u00e8s aux prisonniers de guerre dans le cadre de la convention de\u00a0<\/span><\/span><\/span><span style=\"color: #000000\"><span style=\"font-family: Arial, sans-serif\"><span style=\"font-size: medium\">Gen\u00e8ve<sup><a href=\"#sdfootnote1sym\" name=\"sdfootnote1anc\">1<\/a><\/sup><\/span><\/span><\/span><span style=\"color: #000000\"><span style=\"font-family: Arial, sans-serif\"><span style=\"font-size: medium\">. Mais la France refuse, justifiant son opposition en ne reconnaissant pas le statut de soldats \u00e0 ses prisonniers Viet-Minh, mais celui de simples rebelles. Dans un second temps, cette aide est finalement accept\u00e9e par peur de repr\u00e9sailles sur les prisonniers fran\u00e7ais du Viet-Minh.\u00a0Cependant, l&rsquo;action de la Croix-Rouge se limitera, selon le souhait de la France, aux prisonniers civils. La France veut en effet garder l&rsquo;ascendant sur la Croix-Rouge, qui agit dans une certaine d\u00e9sorganisation. Mais c&rsquo;est tout de m\u00eame une premi\u00e8re victoire pour l&rsquo;organisation.<\/span><\/span><\/span><\/p>\n<figure style=\"width: 300px\" class=\"wp-caption alignright\"><a href=\"http:\/\/blogs.univ-jfc.fr\/projetcroixrouge\/wp-content\/uploads\/sites\/40\/2015\/02\/indochine_2.jpg\"><img loading=\"lazy\" title=\"Un m\u00e9decin de la Croix-Rouge intervient aupr\u00e8s de r\u00e9fugi\u00e9s (Source : Site officiel de la Croix-Rouge fran\u00e7aise)\" alt=\"indochine_2\" src=\"http:\/\/blogs.univ-jfc.fr\/projetcroixrouge\/wp-content\/uploads\/sites\/40\/2015\/02\/indochine_2-300x200.jpg\" width=\"300\" height=\"200\" \/><\/a><figcaption class=\"wp-caption-text\">Les missions de la Croix-Rouge aupr\u00e8s des populations d\u00e9plac\u00e9es<\/figcaption><\/figure>\n<p align=\"JUSTIFY\"><span style=\"color: #000000\"><span style=\"font-family: Arial, sans-serif\"><span style=\"font-size: medium\">La guerre d&rsquo;Indochine, du fait de la situation internationale, appara\u00eet \u00e0 la fois comme un conflit de d\u00e9colonisation mais aussi un des premiers conflits dans un contexte de guerre froide. Dans ce contexte, le CICR tente toujours d\u2019entrer en relation avec la R\u00e9publique d\u00e9mocratique du Vietnam en insistant sur sa neutralit\u00e9 et son impartialit\u00e9. Mais ce sont des termes et une position toujours plus difficiles \u00e0 faire accepter aux partisans d\u2019H\u00f4 Chi Minh. Le CICR n\u2019obtient d\u2019ailleurs pas de r\u00e9ponse. La Croix-Rouge va alors d\u00e9marcher les puissances voisines, comme l&rsquo;URSS ou la Chine afin de faire pencher la balance en leur faveur vis-\u00e0-vis de la R\u00e9publique d\u00e9mocratique du Vietnam.<\/span><\/span><\/span><\/p>\n<p style=\"text-align: justify\"><span style=\"font-family: Arial, sans-serif\"><span style=\"font-size: medium\">Cette fois, Gen\u00e8ve a r\u00e9ussi. Les relations ont ainsi \u00e9t\u00e9 maintenues jusqu\u2019aux accords d\u2019armistice. La Croix Rouge va alors remplir un r\u00f4le de soutien aux d\u00e9plac\u00e9s, qui seront, \u00e0 l&rsquo;heure de l&rsquo;armistice, plus de 800 000 \u00e0 quitter pr\u00e9cipitamment le Nord (communiste) du pays vers le Sud (pro-occidental).<\/span><\/span><\/p>\n<p><strong>Guerre d&rsquo;Alg\u00e9rie, un soutien lors d&rsquo;une d\u00e9colonisation brutale<\/strong><\/p>\n<figure style=\"width: 400px\" class=\"wp-caption alignleft\"><a href=\"http:\/\/blogs.univ-jfc.fr\/projetcroixrouge\/wp-content\/uploads\/sites\/40\/2015\/02\/Camion-itinerant.jpg\"><img loading=\"lazy\" class=\" \" title=\"Camion de transport pour les unit\u00e9s mobiles de la Croix-Rouge dans la campagne alg\u00e9rienne (Croix-Rouge.fr)\" alt=\"Camion-itinerant\" src=\"http:\/\/blogs.univ-jfc.fr\/projetcroixrouge\/wp-content\/uploads\/sites\/40\/2015\/02\/Camion-itinerant-300x133.jpg\" width=\"400\" height=\"233\" \/><\/a><figcaption class=\"wp-caption-text\">Moyens techniques d\u00e9ploy\u00e9s durant la guerre d&rsquo;Alg\u00e9rie<\/figcaption><\/figure>\n<p align=\"JUSTIFY\"><span style=\"font-family: Arial, sans-serif\"><span style=\"font-size: medium\">La\u00a0<\/span><\/span><span style=\"font-family: Arial, sans-serif\"><span style=\"font-size: medium\">Croix-Rouge fran\u00e7aise poss\u00e8de un important dispositif sanitaire et social en Alg\u00e9rie, et ce d\u00e8s les ann\u00e9es 1920. Ce dispositif permet de venir en aide aux femmes, aux enfants et aux personnes malades ou dans le besoin, avec la pr\u00e9sence de foyers d&rsquo;h\u00e9bergement et de centres de sant\u00e9. Les populations musulmanes, majoritaires en nombre mais tr\u00e8s peu alphab\u00e9tis\u00e9es, font l&rsquo;objet d&rsquo;une attention particuli\u00e8re de la Croix-Rouge fran\u00e7aise et d&rsquo;une aide dans leurs d\u00e9marches administratives et juridiques. Enfin, la Croix-Rouge fran\u00e7aise effectue des interventions dites \u00ab\u00a0d&rsquo;urgence\u00a0\u00bb, en cas de catastrophe naturelle ou d&rsquo;\u00e9v\u00e9nement impr\u00e9visible. Elle dispose aussi de plusieurs \u00e9coles d&rsquo;infirmi\u00e8res et d&rsquo;assistantes sociales qui permettent d&rsquo;acc\u00e9der plus facilement aux familles musulmanes. La Croix-Rouge fran\u00e7aise est aussi tr\u00e8s engag\u00e9e aupr\u00e8s des \u00a0<\/span><\/span><span style=\"font-family: Arial, sans-serif\"><span style=\"font-size: medium\">militaires.<\/span><\/span><\/p>\n<div id=\"sdfootnote1\">\n<p style=\"text-align: justify\"><span style=\"font-size: medium;font-family: Arial, sans-serif;line-height: 1.5\">La Croix-Rouge fran\u00e7aise m\u00e8ne de nombreuses actions aupr\u00e8s des soldats et appara\u00eet comme un soutien aupr\u00e8s des soldats bless\u00e9s ou dans le besoin. Cette activit\u00e9 sera accrue en 1954, quand de nombreux soldats alg\u00e9riens seront de retour d&rsquo;Indochine. La Croix-Rouge fran\u00e7aise met \u00e9galement en place des \u00ab\u00a0 <\/span><i style=\"font-size: medium;font-family: Arial, sans-serif;line-height: 1.5\">Dar El Askri\u00a0\u00bb,<\/i><span style=\"font-size: medium;font-family: Arial, sans-serif;line-height: 1.5\"> foyers r\u00e9serv\u00e9s aux anciens combattants musulmans et \u00e0 leur famille, qui permettent une aide quotidienne \u00e0 ces derni\u00e8res, que ce soit pour les m\u00e9dicaments, la nourriture ou encore les v\u00eatements. Pendant la guerre, les \u00ab\u00a0<\/span><i style=\"font-size: medium;font-family: Arial, sans-serif;line-height: 1.5\">Dar El Askri\u00a0\u00bb <\/i><span style=\"font-size: medium;font-family: Arial, sans-serif;line-height: 1.5\">seront toujours aussi fr\u00e9quent\u00e9s. La Croix-Rouge fran\u00e7aise agit, pour les soldats fran\u00e7ais, comme un soutien moral dans cette mission fran\u00e7aise dite de \u00ab\u00a0pacification\u00a0\u00bb, qui laissera beaucoup de traces. Les soldats trouvent dans des centres am\u00e9nag\u00e9s par la Croix-Rouge un lieu de r\u00e9pit. Cette derni\u00e8re assure aussi la distribution des colis aux soldats. Dans des grandes villes comme Marseille, Lyon ou Paris, la Croix-Rouge fran\u00e7aise s&rsquo;occupe de l&rsquo;accueil des rapatri\u00e9s.<\/span><\/p>\n<\/div>\n<p align=\"JUSTIFY\"><span style=\"color: #000000\"><span style=\"font-family: Arial, sans-serif\"><span style=\"font-size: medium\"> La fin de la guerre d&rsquo;Alg\u00e9rie voit la naissance du Croissant-Rouge alg\u00e9rien, qui va travailler en collaboration avec la Croix-Rouge fran\u00e7aise, cette derni\u00e8re se recentrant sur l&rsquo;aide aux ressortissants fran\u00e7ais encore pr\u00e9sents en Alg\u00e9rie. A partir de mai 1962, les \u00e9tablissements de la Croix-Rouge fran\u00e7aise sont toutefois oblig\u00e9s de fermer, soit pour des raisons de s\u00e9curit\u00e9, soit par d\u00e9cision de l&rsquo;\u00c9tat Alg\u00e9rien, comme ce fut le cas pour les \u00e9tablissements d&rsquo;Alger. Le personnel europ\u00e9en mis \u00e0 la porte sera alors rapatri\u00e9.<\/span><\/span><\/span><\/p>\n<p align=\"JUSTIFY\"><span style=\"color: #000000\"><span style=\"font-family: Arial, sans-serif\"><span style=\"font-size: medium\">Le Croissant-Rouge alg\u00e9rien est officiellement cr\u00e9\u00e9 d\u00e9but 1963, et il sera reconnu par le CICR en juillet 1963. La Croix-Rouge fran\u00e7aise a alors deux r\u00f4les \u00e0 jouer\u00a0: assurer l\u2019assistance \u00e0 la population fran\u00e7aise encore pr\u00e9sente comme nous l&rsquo;avons soulign\u00e9 pr\u00e9c\u00e9demment, mais aussi soutenir le nouveau Croissant-Rouge alg\u00e9rien, tout cela en coop\u00e9rant avec le minist\u00e8re de la Sant\u00e9 alg\u00e9rien. Les d\u00e9l\u00e9gations apportent leur aide \u00e0 ceux qui n\u2019ont pu partir, comme les personnes \u00e2g\u00e9es ou isol\u00e9es, malades ou sans moyens, et prennent parfois en charge leur rapatriement. Ils sont encore 2000 en 1965.<\/span><\/span><\/span><\/p>\n<div id=\"sdfootnote1\">\n<p><a href=\"#sdfootnote1anc\" name=\"sdfootnote1sym\"><\/a><\/p>\n<\/div>\n<div id=\"sdfootnote1\">\n<p><a href=\"#sdfootnote1anc\" name=\"sdfootnote1sym\">\u00a0<\/a><a href=\"#sdfootnote1anc\" name=\"sdfootnote1sym\">1<\/a>grotius.fr : la Croix-Rouge fran\u00e7aise dans la guerre d&rsquo;Indochine<\/p>\n<p>&nbsp;<\/p>\n<\/div>\n","protected":false},"excerpt":{"rendered":"<p>Guerre d&rsquo;Indochine, premier engagement lors d&rsquo;un conflit apr\u00e8s la Seconde Guerre mondiale &nbsp; Quand \u00e9clate la guerre d&rsquo;Indochine, la Croix-Rouge fran\u00e7aise, et le CICR (comit\u00e9 international de la Croix-Rouge), demandent \u00e0 la France un acc\u00e8s aux prisonniers de guerre dans le cadre de la convention de\u00a0Gen\u00e8ve1. Mais la France refuse, justifiant son opposition en ne &hellip; <a href=\"https:\/\/blogs.univ-jfc.fr\/projetcroixrouge\/la-croix-rouge-et-le-monde\/lhumanitaire-en-actions\/la-croix-rouge-francaise-durant-la-decolonisation\/\" class=\"more-link\">Continuer la lecture de <span class=\"screen-reader-text\">La Croix-Rouge fran\u00e7aise durant la d\u00e9colonisation<\/span> <span class=\"meta-nav\">&rarr;<\/span><\/a><\/p>\n","protected":false},"author":118,"featured_media":0,"parent":110,"menu_order":0,"comment_status":"closed","ping_status":"open","template":"","meta":[],"_links":{"self":[{"href":"https:\/\/blogs.univ-jfc.fr\/projetcroixrouge\/wp-json\/wp\/v2\/pages\/345"}],"collection":[{"href":"https:\/\/blogs.univ-jfc.fr\/projetcroixrouge\/wp-json\/wp\/v2\/pages"}],"about":[{"href":"https:\/\/blogs.univ-jfc.fr\/projetcroixrouge\/wp-json\/wp\/v2\/types\/page"}],"author":[{"embeddable":true,"href":"https:\/\/blogs.univ-jfc.fr\/projetcroixrouge\/wp-json\/wp\/v2\/users\/118"}],"replies":[{"embeddable":true,"href":"https:\/\/blogs.univ-jfc.fr\/projetcroixrouge\/wp-json\/wp\/v2\/comments?post=345"}],"version-history":[{"count":14,"href":"https:\/\/blogs.univ-jfc.fr\/projetcroixrouge\/wp-json\/wp\/v2\/pages\/345\/revisions"}],"predecessor-version":[{"id":3928,"href":"https:\/\/blogs.univ-jfc.fr\/projetcroixrouge\/wp-json\/wp\/v2\/pages\/345\/revisions\/3928"}],"up":[{"embeddable":true,"href":"https:\/\/blogs.univ-jfc.fr\/projetcroixrouge\/wp-json\/wp\/v2\/pages\/110"}],"wp:attachment":[{"href":"https:\/\/blogs.univ-jfc.fr\/projetcroixrouge\/wp-json\/wp\/v2\/media?parent=345"}],"curies":[{"name":"wp","href":"https:\/\/api.w.org\/{rel}","templated":true}]}}