{"id":354,"date":"2015-02-05T08:54:47","date_gmt":"2015-02-05T07:54:47","guid":{"rendered":"http:\/\/blogs.univ-jfc.fr\/projetcroixrouge\/?page_id=354"},"modified":"2015-04-12T08:38:52","modified_gmt":"2015-04-12T07:38:52","slug":"pauvrete-et-assistance-durant-la-iiie-republique","status":"publish","type":"page","link":"https:\/\/blogs.univ-jfc.fr\/projetcroixrouge\/pauvrete-action-sanitaire-et-sociale\/pauvrete-action-sanitaire-et-sociale-au-xixe-siecle\/pauvrete-et-assistance-durant-la-iiie-republique\/","title":{"rendered":"Pauvret\u00e9 et assistance durant la IIIe R\u00e9publique"},"content":{"rendered":"<p dir=\"ltr\" style=\"text-align: justify\">La question de la pauvret\u00e9 sous le Second Empire est trait\u00e9e de fa\u00e7on locale. Il faut attendre 1900 pour que l\u2019\u00c9tat intervienne de fa\u00e7on concr\u00e8te en imposant des lois visant \u00e0 aider les pauvres.<\/p>\n<p dir=\"ltr\" style=\"text-align: justify\">Quelles sont les actions sociales et sanitaires qui sont mises en place sous la Troisi\u00e8me R\u00e9publique ?<\/p>\n<p dir=\"ltr\" style=\"text-align: justify\">Nous r\u00e9pondrons \u00e0 cette question en faisant deux parties, la premi\u00e8re partie parlera des actions sanitaires et sociales mises en place par les actions municipales ou des actions priv\u00e9es, notre seconde partie traitera des diff\u00e9rentes actions mis en place par l\u2019\u00c9tat afin de lutter contre la pauvret\u00e9.<\/p>\n<p dir=\"ltr\" style=\"text-align: justify\"><strong>Du logement \u00e0 la nourriture, quelles solutions ?<\/strong><\/p>\n<p dir=\"ltr\" style=\"text-align: justify\">Jusqu&rsquo;\u00e0 la fin du Second Empire, les aides ayant comme objectif d&rsquo;aider les pauvres sont instaur\u00e9es en majorit\u00e9 par des institutions religieuses. Les aides \u00e9difi\u00e9es par les communaut\u00e9s religieuses vont se poursuivre sous la Troisi\u00e8me R\u00e9publique. Nous allons, dans cette partie parler des aides mis en place par des municipalit\u00e9s ou par des \u0153uvres priv\u00e9es et, pour ce faire, nous allons en premier temps voir les aides mises en place pour le logement, puis les \u0153uvres r\u00e9alis\u00e9es pour la nourriture, pour finir nous parlerons des bureaux de bienfaisance.<\/p>\n<p dir=\"ltr\" style=\"text-align: justify\">La France, en 1872, conna\u00eet des changements \u00e9conomiques. Les individus viennent des campagnes pour habiter dans les villes<sup>1<\/sup> : ainsi la cr\u00e9ation d&rsquo;asiles de nuit semble \u00eatre une bonne solution. La cr\u00e9ation d&rsquo;asiles a pour but principal d&rsquo;accueillir les pauvres et la question de l&rsquo;hygi\u00e8ne y est trait\u00e9e.<\/p>\n<p dir=\"ltr\" style=\"text-align: justify\">Le premier asile de nuit est fond\u00e9 en 1872<sup>2<\/sup> : les r\u00e9sultats de cette innovation sont probants<sup>3<\/sup>. A Paris, on prend la d\u00e9cision d&rsquo;ouvrir l\u2019\u0153uvre de l\u2019Hospitalit\u00e9 de nuit en 1882. Il faut attendre 1888 pour qu&rsquo;un vrai refuge soit vraiment cr\u00e9\u00e9 dans la capitale. Ces \u0152uvres accueillent les n\u00e9cessiteux. Les personnes jouissant de ces \u0153uvres ont le droit de dormir dans cet hospice trois nuits cons\u00e9cutives. L&rsquo;hospitalit\u00e9 de nuit appuie sur la propret\u00e9 : les pauvres doivent se laver. Les femmes sont aid\u00e9es gr\u00e2ce aux S\u0153urs du Calvaire de Gramat<sup>4<\/sup> qui propose du travail pendant quelques semaines<sup>5<\/sup>.<\/p>\n<p dir=\"ltr\" style=\"text-align: justify\">Les hospices de nuit re\u00e7oivent de plus en plus d&rsquo;individus. Le mat\u00e9riel manque. L&rsquo;hygi\u00e8ne est moins respect\u00e9e. En cons\u00e9quence de ces faits, la classe ouvri\u00e8re profite de ces aides<sup>6<\/sup>. Plus aucun hospice de nuit n&rsquo;est construit. En voyant le nombre de d\u00e9c\u00e8s augmenter, les hospices d\u00e9cident de modifier leur organisation.<\/p>\n<p dir=\"ltr\" style=\"text-align: justify\">En soixante ans, plus de 7 000 pauvres sont accueillis dans ces locaux. L&rsquo;hospitalit\u00e9 de nuit est compl\u00e9t\u00e9e par l&rsquo;hospice de travail permettant aux n\u00e9cessiteux de trouver du travail. S&rsquo;ajoute \u00e0 ce dernier le probl\u00e8me de nourriture.<\/p>\n<p dir=\"ltr\" style=\"text-align: justify\">Sous la Troisi\u00e8me R\u00e9publique, beaucoup de personnes religieuses &#8211; ou non &#8211; veulent aider les plus pauvres en leur distribuant de la nourriture.<\/p>\n<figure id=\"attachment_1293\" aria-describedby=\"caption-attachment-1293\" style=\"width: 368px\" class=\"wp-caption alignleft\"><a href=\"http:\/\/blogs.univ-jfc.fr\/projetcroixrouge\/wp-content\/uploads\/sites\/40\/2015\/03\/Oeuvre-de-la-Bouch\u00e9e-de-Pain.jpg\"><img loading=\"lazy\" class=\" wp-image-1293  \" title=\"Oeuvre de la Bouch\u00e9e de Pain (pietondeparis.canalblog.com)\" alt=\"Oeuvre de la Bouch\u00e9e de Pain\" src=\"http:\/\/blogs.univ-jfc.fr\/projetcroixrouge\/wp-content\/uploads\/sites\/40\/2015\/03\/Oeuvre-de-la-Bouch\u00e9e-de-Pain.jpg\" width=\"368\" height=\"277\" srcset=\"https:\/\/blogs.univ-jfc.fr\/projetcroixrouge\/wp-content\/uploads\/sites\/40\/2015\/03\/Oeuvre-de-la-Bouch\u00e9e-de-Pain.jpg 1024w, https:\/\/blogs.univ-jfc.fr\/projetcroixrouge\/wp-content\/uploads\/sites\/40\/2015\/03\/Oeuvre-de-la-Bouch\u00e9e-de-Pain-300x225.jpg 300w\" sizes=\"(max-width: 368px) 100vw, 368px\" \/><\/a><figcaption id=\"caption-attachment-1293\" class=\"wp-caption-text\">La devanture de l&rsquo;Oeuvre de la Bouch\u00e9e de Pain, \u00e0 Paris<\/figcaption><\/figure>\n<p dir=\"ltr\" style=\"text-align: justify\">En 1884, une institution voit le jour : il s&rsquo;agit de l&rsquo;\u0152uvre de la bouch\u00e9e de Pain<sup>7<\/sup>. Son but est simple, il est de \u00ab\u00a0soulager imm\u00e9diatement \u00ab\u00a0les pauvres en leur distribuant du pain. Elle accueille des ouvriers, des employ\u00e9s qui n&rsquo;ont pas de travail, les pauvres. Cette \u0153uvre se met en place en 1889, 400 personnes par jour vont jouir de cette aide.<\/p>\n<p style=\"text-align: justify\">En 1891 une autre \u0153uvre se met en place. Il s&rsquo;agit de l&rsquo;\u0153uvre de la \u00ab\u00a0Mie de pain\u00a0\u00bb<sup>8<\/sup>. Cette \u0153uvre qui a pour vocation l&rsquo;aide aux pauvres distribue une soupe quotidienne aux indigents avec l&rsquo;aide de jeunes \u00e9tudiants ou de jeunes apprentis.<\/p>\n<p style=\"text-align: justify\">En 1901, une autre action se met en place, la \u00ab\u00a0soupe bien grasse\u00a0\u00bb. Cette aide n&rsquo;est disponible que lorsque la France conna\u00eet une crise. Il faut attendre 1908 pour que dans l&rsquo;\u0152uvre de la bouch\u00e9e de pain soit instaur\u00e9e la soupe. Cette derni\u00e8re n&rsquo;est \u00e0 disposition des indigents qu&rsquo;en hiver et que deux jours par semaine. Contrairement aux hospices de nuits, les mauvais pauvres, c&rsquo;est-\u00e0-dire, les profiteurs, sont bannis des locaux et ne peuvent profiter de cette aide<sup>9<\/sup>.<\/p>\n<p style=\"text-align: justify\">La remise en place des bureaux par les municipalit\u00e9s demande quelques changements. Nous allons, dans cette premi\u00e8re partie \u00e9tudier la mutation connue par ces bureaux. En premi\u00e8re partie nous parlerons de la la\u00efcisation, en seconde partie, nous parlerons des mutations de professionnalisation puis pour finir des changements op\u00e9r\u00e9s au niveau des m\u00e9dicaments.<\/p>\n<p style=\"text-align: justify\">Les bureaux de bienfaisance connaissent une crise due \u00e0 la faible distribution de subventions, mais l&rsquo;\u00c9tat propose en 1878 d&rsquo;intervenir et de donner des subventions fixes. Ce gain est sous r\u00e9serve : il faut que le bureau devienne une administration d&rsquo;assistance publique. D\u00e8s 1880, les S\u0153urs non catholiques sont renvoy\u00e9es.<\/p>\n<figure id=\"attachment_1287\" aria-describedby=\"caption-attachment-1287\" style=\"width: 331px\" class=\"wp-caption alignright\"><a href=\"http:\/\/blogs.univ-jfc.fr\/projetcroixrouge\/wp-content\/uploads\/sites\/40\/2015\/03\/Bon-du-bureau-de-bienfaisance-de-Carcassone.jpg\"><img loading=\"lazy\" class=\" wp-image-1287    \" title=\"Bon du bureau de bienfaisance de Carcassone (shop.strato.com)\" alt=\"Les bureaux de bienfaisance \u00e9mettaient des bons pour les pauvres\" src=\"http:\/\/blogs.univ-jfc.fr\/projetcroixrouge\/wp-content\/uploads\/sites\/40\/2015\/03\/Bon-du-bureau-de-bienfaisance-de-Carcassone.jpg\" width=\"331\" height=\"201\" srcset=\"https:\/\/blogs.univ-jfc.fr\/projetcroixrouge\/wp-content\/uploads\/sites\/40\/2015\/03\/Bon-du-bureau-de-bienfaisance-de-Carcassone.jpg 1024w, https:\/\/blogs.univ-jfc.fr\/projetcroixrouge\/wp-content\/uploads\/sites\/40\/2015\/03\/Bon-du-bureau-de-bienfaisance-de-Carcassone-300x181.jpg 300w\" sizes=\"(max-width: 331px) 100vw, 331px\" \/><\/a><figcaption id=\"caption-attachment-1287\" class=\"wp-caption-text\">Les bureaux de bienfaisance \u00e9mettaient des bons pour les pauvres<\/figcaption><\/figure>\n<p style=\"text-align: justify\">Les bureaux de bienfaisance veulent organiser leur travail. En 1880, toujours, le conseil municipal d\u00e9cide d&rsquo;\u00e9lire des personnes qui s&rsquo;appelleront des \u00ab\u00a0distributeurs\u00a0\u00bb. Leur but est de v\u00e9rifier si les secours demand\u00e9s par une personne sont justifi\u00e9s. Les distributeurs doivent tenir une liste \u00e0 jour. Les 460 distributeurs sont en v\u00e9rit\u00e9 peu fiables, certains sont absents, d&rsquo;autres envoient des domestiques pour qu&rsquo;ils fassent le travail \u00e0 leur place. La municipalit\u00e9 de Lyon d\u00e9cide de faire autrement. La ville d\u00e9cide de mettre seulement 20 distributeurs mais pay\u00e9s de fa\u00e7on continue. Le but est de faire baisser le nombre d&rsquo;indigents et de faire en sorte que les plus pauvres soient servis.<\/p>\n<p style=\"text-align: justify\">Toujours en 1880, la municipalit\u00e9 se rend compte que la gestion des m\u00e9dicaments n&rsquo;est pas bonne : elle d\u00e9cide ainsi d&rsquo;innover en coop\u00e9rant avec le Dispensaire G\u00e9n\u00e9ral. Deux r\u00e9formes voient le jour. La premi\u00e8re consiste \u00e0 \u00e9tablir pour chaque dispensaire une carte m\u00e9dicale. La deuxi\u00e8me, apparue en 1881, stipule qu&rsquo;il doit y avoir pour chaque arrondissement de deux \u00e0 six m\u00e9decins. Les soins g\u00e9n\u00e9raux sont gratuits. De nouveaux services sont mis en place dans les bureaux de bienfaisance : il s&rsquo;agit des sages-femmes. Des locaux suppl\u00e9mentaires sont affect\u00e9s aux bureaux. Toutefois, les bureaux connaissent une controverse : en effet, des ouvriers n&rsquo;ayant pas les moyens d&rsquo;avoir des aides m\u00e9dicales re\u00e7oivent la carte m\u00e9dicale alors r\u00e9serv\u00e9e aux pauvres. Les d\u00e9penses augmentent de plus de 350 %<sup>10<\/sup> en moins de dix ans et de nouvelles mesures sont prises : la premi\u00e8re mesure prise en 1890 consiste \u00e0 limiter la validit\u00e9 de la carte m\u00e9dicale \u00e0 trois mois. Les listes des indigents sont revues et corrig\u00e9es d\u00e8s 1891. En 1894, une nouvelle mesure radicale voit le jour : cette derni\u00e8re consiste \u00e0 non seulement limiter la validit\u00e9 de la carte \u00e0 un mois, mais en plus que cette derni\u00e8re soit d\u00e9livr\u00e9e sur ordonnance d&rsquo;un m\u00e9decin <sup>11 &amp; 12<\/sup>.<\/p>\n<p style=\"text-align: justify\"><strong>Quand les aides deviennent obligatoire<\/strong><\/p>\n<p style=\"text-align: justify\">Les villes ont souhait\u00e9 aider les plus pauvres \u00e0 travers diff\u00e9rents moyens : en avance sur leur temps, les aides municipales ont su donner des id\u00e9es \u00e0 l\u2019 \u00c9tat pour adopter des lois telles que la loi de 1902 sur les bureaux d&rsquo;hygi\u00e8ne, mis en place \u00e0 Lyon d\u00e8s 1890. Les aides attribu\u00e9es par les municipalit\u00e9s ou par le priv\u00e9 sont nombreuses, mais l&rsquo;\u00c9tat doit intervenir, car elles ne sont pas toujours suffisantes.<\/p>\n<p style=\"text-align: justify\">Quelles sont les aides mises en place par l&rsquo; \u00c9tat ? Pour r\u00e9pondre \u00e0 cette question, nous ferons trois parties : la premi\u00e8re partie traitera de l&rsquo;instauration des lois sociales, plus pr\u00e9cis\u00e9ment l&rsquo;aide m\u00e9dicale gratuite ; la Seconde traitera des populations assist\u00e9es puis pour finir nous parlerons des r\u00e9actions contrast\u00e9es des diff\u00e9rentes associations.<\/p>\n<p style=\"text-align: justify\">Les personnes priv\u00e9es de ressources consid\u00e9r\u00e9es comme non responsables de leur situation sont aid\u00e9es par l&rsquo;\u00c9tat avec trois grandes lois, celle de 1893, de 1905 et de 1913. La mise en place de ces lois est lente et ne touche qu&rsquo;une partie de la population, elles laissent en marge des pauvres pr\u00e9caires. Les lois sociales sont d&rsquo;abord symboliques mais deviendront avec le temps une vrai r\u00e9volution dans l&rsquo;histoire des aides pour les pauvres.<\/p>\n<p style=\"text-align: justify\">La loi du 15 juillet 1893 permet aux plus pauvres mais aussi aux ch\u00f4meurs d&rsquo;\u00eatre soign\u00e9s gratuitement comme le dit l&rsquo;article 1. Cette loi est le symbole du solidarisme, elle est le pilier d&rsquo;un \u00c9tat-Providence.<\/p>\n<figure id=\"attachment_1288\" aria-describedby=\"caption-attachment-1288\" style=\"width: 313px\" class=\"wp-caption alignleft\"><a href=\"http:\/\/blogs.univ-jfc.fr\/projetcroixrouge\/wp-content\/uploads\/sites\/40\/2015\/03\/Bureau-de-bienfaisance.jpg\"><img loading=\"lazy\" class=\"wp-image-1288  \" title=\"Bureau de bienfaisance \/ Tableau de Ferdinand-Joseph Gueldry (artvalue.com)\" alt=\"Un bureau de bienfaisance \u00e0 la fin du XIXe si\u00e8cle\" src=\"http:\/\/blogs.univ-jfc.fr\/projetcroixrouge\/wp-content\/uploads\/sites\/40\/2015\/03\/Bureau-de-bienfaisance.jpg\" width=\"313\" height=\"210\" srcset=\"https:\/\/blogs.univ-jfc.fr\/projetcroixrouge\/wp-content\/uploads\/sites\/40\/2015\/03\/Bureau-de-bienfaisance.jpg 580w, https:\/\/blogs.univ-jfc.fr\/projetcroixrouge\/wp-content\/uploads\/sites\/40\/2015\/03\/Bureau-de-bienfaisance-300x200.jpg 300w\" sizes=\"(max-width: 313px) 100vw, 313px\" \/><\/a><figcaption id=\"caption-attachment-1288\" class=\"wp-caption-text\">Un bureau de bienfaisance \u00e0 la fin du XIXe si\u00e8cle<\/figcaption><\/figure>\n<p style=\"text-align: justify\">A la fin du XIXe, la pr\u00e9occupation des personnes \u00e2g\u00e9es devient quelque chose d&rsquo;important. Les \u00ab\u00a0vieux\u00a0\u00bb sont trait\u00e9s au m\u00eame titre que les indigents, dans les bureaux de bienfaisance. C&rsquo;est la premi\u00e8re fois que le terme de \u00ab\u00a0droit\u00a0\u00bb social appara\u00eet. Le vieux pauvre correspondant aux crit\u00e8res a le droit d&rsquo;avoir une pension mensuelle qui doit normalement lui permettre de vivre (1905).<\/p>\n<p style=\"text-align: justify\">Une derni\u00e8re loi est enfin adopt\u00e9e (1913). Cette loi concerne les femmes en couche. Cette derni\u00e8re mentionne un repos obligatoire dont la femme n&rsquo;a pas \u00e0 payer les frais.<\/p>\n<p><sup>1<\/sup> G. Caselli, <em>Analyse et synth\u00e8se: t. 4, Les d\u00e9terminants de la migration, Institut national d\u2019\u00e9tudes d\u00e9mographiques<\/em>, Paris, p. 110<br \/>\n<sup>2<\/sup> A. Gueslin, <em>Gens pauvres,<\/em> <em>Pauvres gens dans la France du XIXe si\u00e8cle<\/em>, Aubier, 1998, Paris, p. 185<br \/>\n<sup>3<\/sup> A. Brodiez-Dolino, <em>Combattre la pauvret\u00e9, Vuln\u00e9rabilit\u00e9s sociales et sanitaires de 1880 \u00e0 nos jours<\/em>, Paris, CNRS Editions, 2013, p. 59<br \/>\n<sup>4<\/sup> A. Gueslin, <em>op. cit.<\/em> p. 229<br \/>\n<sup>5<\/sup> <em>L\u2019\u00e9volution des interventions priv\u00e9es et publiques en faveur des personnes sans domicile: \u00e9l\u00e9ments historiques. <\/em><br \/>\n<sup>6<\/sup> A. Brodiez-Dolino, <em>op. cit.<\/em><br \/>\n<sup>7<\/sup> A. Brodiez-Dolino, <em>op. cit.<\/em> p. 63<br \/>\n<sup>8<\/sup> A. Gueslin, <em>Gens Pauvres, pauvres gens dans la France du XIXe si\u00e8cle<\/em>, Paris, Aubier, 1998, p. 227<br \/>\n<sup>9<\/sup> A. Borderie, <em>Des bureaux de bienfaisance aux CCAS, une Histoire de l\u2019action sociale de proximit\u00e9,<\/em> EPH, 2006, p. 35<br \/>\n<sup>10<\/sup> A. Borderie, <em>op. cit.<\/em> p. 74<br \/>\n<sup>11<\/sup> A. Borderie, <em>op. cit.<\/em> p. 74<br \/>\n<sup>12<\/sup> Y. Marec, <em>Vers une R\u00e9publique sociale ? Un itin\u00e9raire d\u2019historien. Culture politique, patrimoine et protection sociale aux XIXe et XXe<\/em>, PUR, 2010<\/p>\n","protected":false},"excerpt":{"rendered":"<p>La question de la pauvret\u00e9 sous le Second Empire est trait\u00e9e de fa\u00e7on locale. Il faut attendre 1900 pour que l\u2019\u00c9tat intervienne de fa\u00e7on concr\u00e8te en imposant des lois visant \u00e0 aider les pauvres. Quelles sont les actions sociales et sanitaires qui sont mises en place sous la Troisi\u00e8me R\u00e9publique ? Nous r\u00e9pondrons \u00e0 cette &hellip; <a href=\"https:\/\/blogs.univ-jfc.fr\/projetcroixrouge\/pauvrete-action-sanitaire-et-sociale\/pauvrete-action-sanitaire-et-sociale-au-xixe-siecle\/pauvrete-et-assistance-durant-la-iiie-republique\/\" class=\"more-link\">Continuer la lecture de <span class=\"screen-reader-text\">Pauvret\u00e9 et assistance durant la IIIe R\u00e9publique<\/span> <span class=\"meta-nav\">&rarr;<\/span><\/a><\/p>\n","protected":false},"author":117,"featured_media":0,"parent":96,"menu_order":0,"comment_status":"closed","ping_status":"open","template":"","meta":[],"_links":{"self":[{"href":"https:\/\/blogs.univ-jfc.fr\/projetcroixrouge\/wp-json\/wp\/v2\/pages\/354"}],"collection":[{"href":"https:\/\/blogs.univ-jfc.fr\/projetcroixrouge\/wp-json\/wp\/v2\/pages"}],"about":[{"href":"https:\/\/blogs.univ-jfc.fr\/projetcroixrouge\/wp-json\/wp\/v2\/types\/page"}],"author":[{"embeddable":true,"href":"https:\/\/blogs.univ-jfc.fr\/projetcroixrouge\/wp-json\/wp\/v2\/users\/117"}],"replies":[{"embeddable":true,"href":"https:\/\/blogs.univ-jfc.fr\/projetcroixrouge\/wp-json\/wp\/v2\/comments?post=354"}],"version-history":[{"count":13,"href":"https:\/\/blogs.univ-jfc.fr\/projetcroixrouge\/wp-json\/wp\/v2\/pages\/354\/revisions"}],"predecessor-version":[{"id":3893,"href":"https:\/\/blogs.univ-jfc.fr\/projetcroixrouge\/wp-json\/wp\/v2\/pages\/354\/revisions\/3893"}],"up":[{"embeddable":true,"href":"https:\/\/blogs.univ-jfc.fr\/projetcroixrouge\/wp-json\/wp\/v2\/pages\/96"}],"wp:attachment":[{"href":"https:\/\/blogs.univ-jfc.fr\/projetcroixrouge\/wp-json\/wp\/v2\/media?parent=354"}],"curies":[{"name":"wp","href":"https:\/\/api.w.org\/{rel}","templated":true}]}}