{"id":3569,"date":"2015-03-30T14:30:55","date_gmt":"2015-03-30T13:30:55","guid":{"rendered":"http:\/\/blogs.univ-jfc.fr\/projetcroixrouge\/?page_id=3569"},"modified":"2015-03-30T14:31:10","modified_gmt":"2015-03-30T13:31:10","slug":"en-savoir-plus-droit-dingerence-et-ambiguites-de-laction-humanitaire","status":"publish","type":"page","link":"https:\/\/blogs.univ-jfc.fr\/projetcroixrouge\/lhumanitaire-en-questions\/la-philosophie-le-droit-et-laction-humanitaire\/droit-dingerence\/en-savoir-plus-droit-dingerence-et-ambiguites-de-laction-humanitaire\/","title":{"rendered":"En savoir plus: Droit d&rsquo;Ing\u00e9rence et ambigu\u00eft\u00e9s de l&rsquo;action humanitaire"},"content":{"rendered":"<p lang=\"zxx\" align=\"JUSTIFY\"><span style=\"color: #000000\"><span style=\"font-family: Arial,sans-serif\"><span style=\"font-size: medium\">BETTATI MARIO, <i>Le droit d\u2019Ing\u00e9rence, mutation de l\u2019ordre international,<\/i> Paris, Editions Odile Jacob, 1996.<\/span><\/span><\/span><\/p>\n<p lang=\"zxx\" align=\"JUSTIFY\"><span style=\"color: #000000\"><span style=\"font-family: Arial,sans-serif\"><span style=\"font-size: medium\">PEROUSE DE MONTCLOS Marc Antoine, <i>Les humanitaires dans la guerre : des id\u00e9aux \u00e0 l&rsquo;\u00e9preuve de la politique<\/i>, Paris, La Documentation fran\u00e7aise, 2012.<\/span><\/span><\/span><\/p>\n<p lang=\"zxx\" align=\"JUSTIFY\"><span style=\"color: #000000\"><span style=\"font-family: Arial,sans-serif\"><span style=\"font-size: medium\">SALAME Ghassan, <i>Appels d&#8217;empire: ing\u00e9rences et r\u00e9sistances \u00e0 l&rsquo;\u00e2ge de la mondialisation,<\/i> France, Fayard, 1996.<\/span><\/span><\/span><\/p>\n<p lang=\"zxx\" align=\"JUSTIFY\"><span style=\"color: #000000\"><span style=\"font-family: Arial,sans-serif\"><span style=\"font-size: medium\">TSIKOUNAS Miriam, <i>Les ambigu\u00eft\u00e9s de l&rsquo;humanitaire : de Saint Vincent de Paul aux french doctor<\/i>s, Paris, Arl\u00e9a, 1996.<\/span><\/span><\/span><\/p>\n<p lang=\"zxx\" align=\"JUSTIFY\"><span style=\"color: #000000\"><span style=\"font-family: Arial,sans-serif\"><span style=\"font-size: medium\">ZIMET Joseph,<i> Les ONG de nouveaux acteurs pour changer le monde<\/i>, Autrement, 2006.<\/span><\/span><\/span><\/p>\n","protected":false},"excerpt":{"rendered":"<p>BETTATI MARIO, Le droit d\u2019Ing\u00e9rence, mutation de l\u2019ordre international, Paris, Editions Odile Jacob, 1996. PEROUSE DE MONTCLOS Marc Antoine, Les humanitaires dans la guerre : des id\u00e9aux \u00e0 l&rsquo;\u00e9preuve de la politique, Paris, La Documentation fran\u00e7aise, 2012. SALAME Ghassan, Appels d&#8217;empire: ing\u00e9rences et r\u00e9sistances \u00e0 l&rsquo;\u00e2ge de la mondialisation, France, Fayard, 1996. TSIKOUNAS Miriam, Les &hellip; <a href=\"https:\/\/blogs.univ-jfc.fr\/projetcroixrouge\/lhumanitaire-en-questions\/la-philosophie-le-droit-et-laction-humanitaire\/droit-dingerence\/en-savoir-plus-droit-dingerence-et-ambiguites-de-laction-humanitaire\/\" class=\"more-link\">Continuer la lecture de <span class=\"screen-reader-text\">En savoir plus: Droit d&rsquo;Ing\u00e9rence et ambigu\u00eft\u00e9s de l&rsquo;action humanitaire<\/span> <span class=\"meta-nav\">&rarr;<\/span><\/a><\/p>\n","protected":false},"author":132,"featured_media":0,"parent":2423,"menu_order":0,"comment_status":"closed","ping_status":"open","template":"","meta":[],"_links":{"self":[{"href":"https:\/\/blogs.univ-jfc.fr\/projetcroixrouge\/wp-json\/wp\/v2\/pages\/3569"}],"collection":[{"href":"https:\/\/blogs.univ-jfc.fr\/projetcroixrouge\/wp-json\/wp\/v2\/pages"}],"about":[{"href":"https:\/\/blogs.univ-jfc.fr\/projetcroixrouge\/wp-json\/wp\/v2\/types\/page"}],"author":[{"embeddable":true,"href":"https:\/\/blogs.univ-jfc.fr\/projetcroixrouge\/wp-json\/wp\/v2\/users\/132"}],"replies":[{"embeddable":true,"href":"https:\/\/blogs.univ-jfc.fr\/projetcroixrouge\/wp-json\/wp\/v2\/comments?post=3569"}],"version-history":[{"count":2,"href":"https:\/\/blogs.univ-jfc.fr\/projetcroixrouge\/wp-json\/wp\/v2\/pages\/3569\/revisions"}],"predecessor-version":[{"id":3571,"href":"https:\/\/blogs.univ-jfc.fr\/projetcroixrouge\/wp-json\/wp\/v2\/pages\/3569\/revisions\/3571"}],"up":[{"embeddable":true,"href":"https:\/\/blogs.univ-jfc.fr\/projetcroixrouge\/wp-json\/wp\/v2\/pages\/2423"}],"wp:attachment":[{"href":"https:\/\/blogs.univ-jfc.fr\/projetcroixrouge\/wp-json\/wp\/v2\/media?parent=3569"}],"curies":[{"name":"wp","href":"https:\/\/api.w.org\/{rel}","templated":true}]}}