{"id":3573,"date":"2015-03-30T14:39:11","date_gmt":"2015-03-30T13:39:11","guid":{"rendered":"http:\/\/blogs.univ-jfc.fr\/projetcroixrouge\/?page_id=3573"},"modified":"2015-03-30T14:40:46","modified_gmt":"2015-03-30T13:40:46","slug":"en-savoir-plus-droit-international-humanitaire","status":"publish","type":"page","link":"https:\/\/blogs.univ-jfc.fr\/projetcroixrouge\/lhumanitaire-en-questions\/la-philosophie-le-droit-et-laction-humanitaire\/philosophie-droit-et-action-humanitaire\/en-savoir-plus-droit-international-humanitaire\/","title":{"rendered":"En savoir plus: Droit International Humanitaire"},"content":{"rendered":"<p lang=\"zxx\" align=\"JUSTIFY\"><span style=\"color: #000000\"><span style=\"font-family: Arial,sans-serif\"><span style=\"font-size: medium\">BOUCHET SOLNIER FRAN\u00c7OISE, <i>Dictionnaire pratique du droit humanitaire<\/i>, Paris, La d\u00e9couverte, 2006<\/span><\/span><\/span><\/p>\n<p lang=\"zxx\" align=\"JUSTIFY\"><span style=\"color: #000000\"><span style=\"font-family: Arial,sans-serif\"><span style=\"font-size: medium\">BUIRETTE Patricia, LAGRANGE Philippe, <i>Le droit international humanitaire<\/i>, La\u00a0d\u00e9couverte, coll. \u00ab\u00a0Rep\u00e8res\u00a0\u00bb, 2008.<\/span><\/span><\/span><\/p>\n<p lang=\"zxx\" align=\"JUSTIFY\"><span style=\"color: #000000\"><span style=\"font-family: Arial,sans-serif\"><span style=\"font-size: medium\">FREYMON Jacques, <i>Le Comit\u00e9 International de la Croix-Rouge<\/i>, Gen\u00e8vre, Georg, 1984, 209p<\/span><\/span><\/span><\/p>\n<p lang=\"zxx\" align=\"JUSTIFY\"><span style=\"color: #000000\"><span style=\"font-family: Arial,sans-serif\"><span style=\"font-size: medium\">JAEGER G\u00e9rad A., <i>Henry Dunant: l&rsquo;homme qui inventa le droit humanitaire: biographie<\/i>, Paris, l&rsquo;archipel, 2009, 305p.<\/span><\/span><\/span><\/p>\n<p lang=\"zxx\" align=\"JUSTIFY\"><span style=\"color: #000000\"><span style=\"font-family: Arial,sans-serif\"><span style=\"font-size: medium\">RUFFIN Jean-Christophe, <i>L&rsquo;aventure humanitaire<\/i>, Paris, Gallimard, 1994, 176p<\/span><\/span><\/span><\/p>\n<p lang=\"zxx\" align=\"JUSTIFY\"><span style=\"color: #000000\"><span style=\"font-family: Arial,sans-serif\"><span style=\"font-size: medium\">VOLLAIRE Christiane, <i>Humanitaire, le c\u0153ur de la guerre,<\/i> Paris, \u00c9dition Insulaire, 2007, 117p<\/span><\/span><\/span><\/p>\n","protected":false},"excerpt":{"rendered":"<p>BOUCHET SOLNIER FRAN\u00c7OISE, Dictionnaire pratique du droit humanitaire, Paris, La d\u00e9couverte, 2006 BUIRETTE Patricia, LAGRANGE Philippe, Le droit international humanitaire, La\u00a0d\u00e9couverte, coll. \u00ab\u00a0Rep\u00e8res\u00a0\u00bb, 2008. FREYMON Jacques, Le Comit\u00e9 International de la Croix-Rouge, Gen\u00e8vre, Georg, 1984, 209p JAEGER G\u00e9rad A., Henry Dunant: l&rsquo;homme qui inventa le droit humanitaire: biographie, Paris, l&rsquo;archipel, 2009, 305p. RUFFIN Jean-Christophe, L&rsquo;aventure &hellip; <a href=\"https:\/\/blogs.univ-jfc.fr\/projetcroixrouge\/lhumanitaire-en-questions\/la-philosophie-le-droit-et-laction-humanitaire\/philosophie-droit-et-action-humanitaire\/en-savoir-plus-droit-international-humanitaire\/\" class=\"more-link\">Continuer la lecture de <span class=\"screen-reader-text\">En savoir plus: Droit International Humanitaire<\/span> <span class=\"meta-nav\">&rarr;<\/span><\/a><\/p>\n","protected":false},"author":132,"featured_media":0,"parent":900,"menu_order":0,"comment_status":"closed","ping_status":"open","template":"","meta":[],"_links":{"self":[{"href":"https:\/\/blogs.univ-jfc.fr\/projetcroixrouge\/wp-json\/wp\/v2\/pages\/3573"}],"collection":[{"href":"https:\/\/blogs.univ-jfc.fr\/projetcroixrouge\/wp-json\/wp\/v2\/pages"}],"about":[{"href":"https:\/\/blogs.univ-jfc.fr\/projetcroixrouge\/wp-json\/wp\/v2\/types\/page"}],"author":[{"embeddable":true,"href":"https:\/\/blogs.univ-jfc.fr\/projetcroixrouge\/wp-json\/wp\/v2\/users\/132"}],"replies":[{"embeddable":true,"href":"https:\/\/blogs.univ-jfc.fr\/projetcroixrouge\/wp-json\/wp\/v2\/comments?post=3573"}],"version-history":[{"count":3,"href":"https:\/\/blogs.univ-jfc.fr\/projetcroixrouge\/wp-json\/wp\/v2\/pages\/3573\/revisions"}],"predecessor-version":[{"id":3576,"href":"https:\/\/blogs.univ-jfc.fr\/projetcroixrouge\/wp-json\/wp\/v2\/pages\/3573\/revisions\/3576"}],"up":[{"embeddable":true,"href":"https:\/\/blogs.univ-jfc.fr\/projetcroixrouge\/wp-json\/wp\/v2\/pages\/900"}],"wp:attachment":[{"href":"https:\/\/blogs.univ-jfc.fr\/projetcroixrouge\/wp-json\/wp\/v2\/media?parent=3573"}],"curies":[{"name":"wp","href":"https:\/\/api.w.org\/{rel}","templated":true}]}}