{"id":3674,"date":"2015-04-01T21:09:28","date_gmt":"2015-04-01T20:09:28","guid":{"rendered":"http:\/\/blogs.univ-jfc.fr\/projetcroixrouge\/?page_id=3674"},"modified":"2015-04-01T21:17:09","modified_gmt":"2015-04-01T20:17:09","slug":"linfluence-des-crises-sur-la-repartition-des-capitaux","status":"publish","type":"page","link":"https:\/\/blogs.univ-jfc.fr\/projetcroixrouge\/lhumanitaire-en-questions\/financer-laction-humanitaire\/dons-prives-et-investissements-publics-des-inegalites-dinvestissement-sur-le-terrain\/linfluence-des-crises-sur-la-repartition-des-capitaux\/","title":{"rendered":"L&rsquo;influence des crises sur la r\u00e9partition des capitaux"},"content":{"rendered":"<p lang=\"fr-FR\" align=\"JUSTIFY\"><span style=\"font-family: Arial, sans-serif\">\u00a0G\u00e9n\u00e9ralement, nous pouvons constater qu&rsquo;une large majorit\u00e9 des d\u00e9penses humanitaires sont r\u00e9parties dans la mission sociale, et tr\u00e8s peu \u00e0 la recherche de fonds. En 2013, Aide et Action, qui est une ONG \u0153uvrant pour l&rsquo;\u00e9ducation, a mis en \u0153uvre 20,8 millions d&rsquo;euros de moyens d&rsquo;action, chiffre qui est en baisse de 3,7% par rapport \u00e0 l&rsquo;ann\u00e9e pass\u00e9e; et pour \u00e9viter un d\u00e9s\u00e9quilibre financier, l&rsquo;ONG a du lancer un programme d&rsquo;encadrement de ses d\u00e9penses.<\/span><\/p>\n<figure id=\"attachment_3678\" aria-describedby=\"caption-attachment-3678\" style=\"width: 300px\" class=\"wp-caption aligncenter\"><a href=\"http:\/\/blogs.univ-jfc.fr\/projetcroixrouge\/wp-content\/uploads\/sites\/40\/2015\/04\/utilisation-cdc.jpg\" target=\"_blank\"><img loading=\"lazy\" class=\"size-medium wp-image-3678 \" style=\"border: 1px solid black\" alt=\"Carte de montrant la r\u00e9partition g\u00e9ographique des capitaux utilis\u00e9s dans le cadre du FUH Source: Minist\u00e8re des Affaires Etrangeres, rapport de 2013\" src=\"http:\/\/blogs.univ-jfc.fr\/projetcroixrouge\/wp-content\/uploads\/sites\/40\/2015\/04\/utilisation-cdc-300x190.jpg\" width=\"300\" height=\"190\" srcset=\"https:\/\/blogs.univ-jfc.fr\/projetcroixrouge\/wp-content\/uploads\/sites\/40\/2015\/04\/utilisation-cdc-300x190.jpg 300w, https:\/\/blogs.univ-jfc.fr\/projetcroixrouge\/wp-content\/uploads\/sites\/40\/2015\/04\/utilisation-cdc.jpg 767w\" sizes=\"(max-width: 300px) 100vw, 300px\" \/><\/a><figcaption id=\"caption-attachment-3678\" class=\"wp-caption-text\"><br \/>Source: Minist\u00e8re des Affaires Etrangeres, rapport de 2013<\/figcaption><\/figure>\n<p lang=\"fr-FR\" align=\"JUSTIFY\">\n<p lang=\"fr-FR\" align=\"JUSTIFY\">\n<p lang=\"fr-FR\" align=\"JUSTIFY\"><span style=\"font-family: Arial, sans-serif\"> Le cr\u00e9dit du Fonds d&rsquo;Urgence Humanitaire (FUH) concernant par exemple la crise syrienne est bien sup\u00e9rieur aux autres cr\u00e9dits. En 2012, le total des ressources engag\u00e9es par le FUH \u00e9tait de 15,5 millions d&rsquo;euros, contre la dotation de 8,4 millions d&rsquo;euros, soit une hausse de pr\u00e8s de 85% par rapport au cr\u00e9dit inscrit. Ainsi, 51% des cr\u00e9dits sont destin\u00e9s au financement d\u2019actions humanitaires sur le sol syrien, contre 22% pour l&rsquo;Afrique subsaharienne, et 11% pour l&rsquo;Asie. Au total, ce sont 92% des ressources qui ont \u00e9t\u00e9 utilis\u00e9es pour la gestion de crises soudaines.<\/span><\/p>\n<figure id=\"attachment_3677\" aria-describedby=\"caption-attachment-3677\" style=\"width: 300px\" class=\"wp-caption aligncenter\"><a href=\"http:\/\/blogs.univ-jfc.fr\/projetcroixrouge\/wp-content\/uploads\/sites\/40\/2015\/04\/tableau-financement.jpg\" target=\"_blank\"><img loading=\"lazy\" class=\"size-medium wp-image-3677 \" style=\"border: 1px solid black\" alt=\"Source: Minist\u00e8re des Affaires Etrang\u00e8res, rapport 2013\" src=\"http:\/\/blogs.univ-jfc.fr\/projetcroixrouge\/wp-content\/uploads\/sites\/40\/2015\/04\/tableau-financement-300x109.jpg\" width=\"300\" height=\"109\" srcset=\"https:\/\/blogs.univ-jfc.fr\/projetcroixrouge\/wp-content\/uploads\/sites\/40\/2015\/04\/tableau-financement-300x109.jpg 300w, https:\/\/blogs.univ-jfc.fr\/projetcroixrouge\/wp-content\/uploads\/sites\/40\/2015\/04\/tableau-financement.jpg 584w\" sizes=\"(max-width: 300px) 100vw, 300px\" \/><\/a><figcaption id=\"caption-attachment-3677\" class=\"wp-caption-text\">Source: Minist\u00e8re des Affaires Etrang\u00e8res, rapport 2013<\/figcaption><\/figure>\n<p lang=\"fr-FR\" align=\"JUSTIFY\"><span style=\"font-family: Arial, sans-serif\"> De par ailleurs les Nations Unies ont d\u00e9cr\u00e9t\u00e9 que l&rsquo;augmentation des fonds vou\u00e9s aux crises soudaines \u00e9tait n\u00e9cessaire puisque la crise en Syrie a mobilis\u00e9 la moiti\u00e9 des fonds de l&rsquo;ONU en 2014.<\/span><\/p>\n","protected":false},"excerpt":{"rendered":"<p>\u00a0G\u00e9n\u00e9ralement, nous pouvons constater qu&rsquo;une large majorit\u00e9 des d\u00e9penses humanitaires sont r\u00e9parties dans la mission sociale, et tr\u00e8s peu \u00e0 la recherche de fonds. En 2013, Aide et Action, qui est une ONG \u0153uvrant pour l&rsquo;\u00e9ducation, a mis en \u0153uvre 20,8 millions d&rsquo;euros de moyens d&rsquo;action, chiffre qui est en baisse de 3,7% par rapport &hellip; <a href=\"https:\/\/blogs.univ-jfc.fr\/projetcroixrouge\/lhumanitaire-en-questions\/financer-laction-humanitaire\/dons-prives-et-investissements-publics-des-inegalites-dinvestissement-sur-le-terrain\/linfluence-des-crises-sur-la-repartition-des-capitaux\/\" class=\"more-link\">Continuer la lecture de <span class=\"screen-reader-text\">L&rsquo;influence des crises sur la r\u00e9partition des capitaux<\/span> <span class=\"meta-nav\">&rarr;<\/span><\/a><\/p>\n","protected":false},"author":55,"featured_media":0,"parent":918,"menu_order":4,"comment_status":"closed","ping_status":"open","template":"","meta":[],"_links":{"self":[{"href":"https:\/\/blogs.univ-jfc.fr\/projetcroixrouge\/wp-json\/wp\/v2\/pages\/3674"}],"collection":[{"href":"https:\/\/blogs.univ-jfc.fr\/projetcroixrouge\/wp-json\/wp\/v2\/pages"}],"about":[{"href":"https:\/\/blogs.univ-jfc.fr\/projetcroixrouge\/wp-json\/wp\/v2\/types\/page"}],"author":[{"embeddable":true,"href":"https:\/\/blogs.univ-jfc.fr\/projetcroixrouge\/wp-json\/wp\/v2\/users\/55"}],"replies":[{"embeddable":true,"href":"https:\/\/blogs.univ-jfc.fr\/projetcroixrouge\/wp-json\/wp\/v2\/comments?post=3674"}],"version-history":[{"count":4,"href":"https:\/\/blogs.univ-jfc.fr\/projetcroixrouge\/wp-json\/wp\/v2\/pages\/3674\/revisions"}],"predecessor-version":[{"id":3680,"href":"https:\/\/blogs.univ-jfc.fr\/projetcroixrouge\/wp-json\/wp\/v2\/pages\/3674\/revisions\/3680"}],"up":[{"embeddable":true,"href":"https:\/\/blogs.univ-jfc.fr\/projetcroixrouge\/wp-json\/wp\/v2\/pages\/918"}],"wp:attachment":[{"href":"https:\/\/blogs.univ-jfc.fr\/projetcroixrouge\/wp-json\/wp\/v2\/media?parent=3674"}],"curies":[{"name":"wp","href":"https:\/\/api.w.org\/{rel}","templated":true}]}}