{"id":385,"date":"2015-02-05T09:08:04","date_gmt":"2015-02-05T08:08:04","guid":{"rendered":"http:\/\/blogs.univ-jfc.fr\/projetcroixrouge\/?page_id=385"},"modified":"2015-04-12T12:17:33","modified_gmt":"2015-04-12T11:17:33","slug":"une-croix-rouge-indecise-mais-dynamique","status":"publish","type":"page","link":"https:\/\/blogs.univ-jfc.fr\/projetcroixrouge\/la-croix-rouge-dans-les-guerres-mondiales\/laction-sanitaire-et-sociale-de-la-croix-rouge-pendant-la-seconde-guerre-mondiale\/une-croix-rouge-indecise-mais-dynamique\/","title":{"rendered":"Une Croix-Rouge ind\u00e9cise mais dynamique"},"content":{"rendered":"<p align=\"LEFT\"><strong>\u00a0<span style=\"font-family: Arial,sans-serif\"><span style=\"font-size: medium\">Un champ d&rsquo;action difficile<\/span><\/span><span style=\"font-family: Arial,sans-serif\"><br \/>\n<\/span><\/strong><\/p>\n<p style=\"text-align: justify\" align=\"LEFT\"><span style=\"font-family: Arial,sans-serif\">\u00a0\u00a0\u00a0 D\u00e8s l&rsquo;ouverture des hostilit\u00e9s, le comit\u00e9 international de la Croix-Rouge (CICR) est \u00ab r\u00e9quisitionn\u00e9 \u00bb pour prot\u00e9ger des personnes (civils et prisonniers, soit 170 000). Pour mieux aider les civils, la Croix-Rouge va devoir relever de nombreux d\u00e9fis et r\u00e9aliser des missions\u2026<a href=\"#sdfootnote1sym\"><sup>1<\/sup><\/a><\/span><\/p>\n<p style=\"text-align: justify\" align=\"JUSTIFY\"><span style=\"font-family: Arial,sans-serif\">\u00a0\u00a0\u00a0 Le nouveau comit\u00e9 central de la Croix-Rouge r\u00e9unit huit commissions consultatives (finance, contentieux, infirmerie&#8230;) pour motiver l&rsquo;\u00e9tude, l&rsquo;information mais aussi le perfectionnement des techniques de secours. La Croix-Rouge s&rsquo;occupe aussi d&rsquo;une partie des tickets de rationnement \u00e0 partir de 1939.<\/span><\/p>\n<p style=\"text-align: justify\" align=\"JUSTIFY\"><span style=\"font-family: Arial,sans-serif\">\u00a0\u00a0\u00a0 A partir de 1940, les tickets sont exprim\u00e9s en rations journali\u00e8res individuelles : un individu a 250 grammes de pain, 25 grammes de viande, 17 grammes de sucre, 8 grammes de mati\u00e8re grasse et 6 grammes de fromage. Un tel rationnement ne d\u00e9passe pas 1200 calories par jour alors qu&rsquo;un homme doit en consommer 2400. La nourriture \u00e9tait modifi\u00e9e de fa\u00e7on \u00e0 faire le maximum d&rsquo;\u00e9conomie, ce qui entra\u00eene une mauvaise alimentation de la population. Il fallait se d\u00e9brouiller pour survivre&#8230; Le march\u00e9 noir se d\u00e9veloppe. Les civils cultivent \u00e0 domicile tout ce qui est possible (dans des bacs, sur les balcons etc). <\/span><\/p>\n<figure id=\"attachment_1413\" aria-describedby=\"caption-attachment-1413\" style=\"width: 300px\" class=\"wp-caption alignleft\"><a href=\"http:\/\/blogs.univ-jfc.fr\/projetcroixrouge\/wp-content\/uploads\/sites\/40\/2015\/02\/part1.jpg\"><img loading=\"lazy\" class=\"size-medium wp-image-1413   \" title=\"Mise en place de fichier pour la recherche des disparus  ( Site officiel de la CRF)\" alt=\"\" src=\"http:\/\/blogs.univ-jfc.fr\/projetcroixrouge\/wp-content\/uploads\/sites\/40\/2015\/02\/part1-300x132.jpg\" width=\"300\" height=\"132\" srcset=\"https:\/\/blogs.univ-jfc.fr\/projetcroixrouge\/wp-content\/uploads\/sites\/40\/2015\/02\/part1-300x132.jpg 300w, https:\/\/blogs.univ-jfc.fr\/projetcroixrouge\/wp-content\/uploads\/sites\/40\/2015\/02\/part1.jpg 500w\" sizes=\"(max-width: 300px) 100vw, 300px\" \/><\/a><figcaption id=\"caption-attachment-1413\" class=\"wp-caption-text\">A la recherche des disparus<\/figcaption><\/figure>\n<p style=\"text-align: justify\" align=\"JUSTIFY\"><span style=\"font-family: Arial,sans-serif\">\u00a0\u00a0\u00a0 La Croix-Rouge fran\u00e7aise intervient l\u00e0 ou elle la peut gr\u00e2ce aux formations automobiles, surtout \u00e0 partir de 1943. Elle r\u00e9cup\u00e8re les civils errants, donne le maximum de premiers secours, soigne les bless\u00e9s, et transporte les morts. La gare de France \u00e0 Paris accueille les civils : elle est prise d&rsquo;assaut et la Croix-Rouge fran\u00e7aise doit faire appel \u00e0 toute bonne volont\u00e9 pour aider toutes ces personnes. La croix rouge organise des postes pour permettre aux familles de retrouver des proches plus facilement. <a href=\"#sdfootnote2sym\"><sup>2<\/sup><\/a><\/span><\/p>\n<p style=\"text-align: justify\" align=\"LEFT\"><strong><span style=\"font-family: Arial,sans-serif\"><span style=\"font-size: medium\">Les d\u00e9fis de la croix rouge<\/span><\/span><\/strong><\/p>\n<p style=\"text-align: justify\"><span style=\"font-family: Arial,sans-serif\"><span style=\"font-size: medium\">\u00a0\u00a0\u00a0 Tout au long de la guerre la Croix-Rouge <\/span><span style=\"font-size: medium\">rel\u00e8ve de <\/span><span style=\"font-size: medium\">nouveaux <\/span><span style=\"font-size: medium\">d\u00e9fis<\/span><span style=\"font-size: medium\"> pour r\u00e9pondre au mieux aux nouveaux besoins <\/span><span style=\"font-size: medium\">de la population <\/span><span style=\"font-size: medium\">tel que la solidarit\u00e9, mais aussi la volont\u00e9 de former des b\u00e9n\u00e9voles, d\u00e9bloquer des fonds <\/span><span style=\"font-size: medium\">gr\u00e2ce aux diff\u00e9rents minist\u00e8res <\/span><span style=\"font-size: medium\">pour <\/span><span style=\"font-size: medium\">acc\u00e9der au<\/span><span style=\"font-size: medium\"> mat\u00e9riel n\u00e9cessaire.<\/span><span style=\"font-size: medium\"><br \/>\n<\/span><\/span><\/p>\n<figure id=\"attachment_1428\" aria-describedby=\"caption-attachment-1428\" style=\"width: 199px\" class=\"wp-caption alignright\"><a href=\"http:\/\/blogs.univ-jfc.fr\/projetcroixrouge\/wp-content\/uploads\/sites\/40\/2015\/02\/0__intro_devenez_secouristes_1942_a_1945.jpg\"><img loading=\"lazy\" class=\"size-medium wp-image-1428   \" title=\"Affiche de propagande pour recruter des b\u00e9n\u00e9voles (1942-1945) (Site officiel de la CRF)\" alt=\"0__intro_devenez_secouristes_1942_a_1945\" src=\"http:\/\/blogs.univ-jfc.fr\/projetcroixrouge\/wp-content\/uploads\/sites\/40\/2015\/02\/0__intro_devenez_secouristes_1942_a_1945-199x300.jpg\" width=\"199\" height=\"300\" srcset=\"https:\/\/blogs.univ-jfc.fr\/projetcroixrouge\/wp-content\/uploads\/sites\/40\/2015\/02\/0__intro_devenez_secouristes_1942_a_1945-199x300.jpg 199w, https:\/\/blogs.univ-jfc.fr\/projetcroixrouge\/wp-content\/uploads\/sites\/40\/2015\/02\/0__intro_devenez_secouristes_1942_a_1945-680x1024.jpg 680w, https:\/\/blogs.univ-jfc.fr\/projetcroixrouge\/wp-content\/uploads\/sites\/40\/2015\/02\/0__intro_devenez_secouristes_1942_a_1945.jpg 1181w\" sizes=\"(max-width: 199px) 100vw, 199px\" \/><\/a><figcaption id=\"caption-attachment-1428\" class=\"wp-caption-text\">Devenir secouriste<\/figcaption><\/figure>\n<p style=\"text-align: justify\"><span style=\"font-family: Arial,sans-serif\"><span style=\"font-size: medium\">\u00a0\u00a0\u00a0 Tout au long de la guerre la Croix-Rouge a d<\/span><span style=\"font-size: medium\">\u00fb <\/span><span style=\"font-size: medium\">mener<\/span><span style=\"font-size: medium\"> une propagande pour informer mais aussi pour recruter du personnel.<a href=\"#sdfootnote3sym\"><sup>3 <\/sup><\/a><\/span>Apr\u00e8s \u00eatre tomb\u00e9 \u00e0 126 000 membres en 1940, le nombre d\u2019adh\u00e9rents monte \u00e0 307 000 en 1941, 465 000 en 1942 et probablement plus d\u2019un million en 1943<a href=\"#sdfootnote4sym\"><sup>4<\/sup><\/a>. Tout ce personnel a permis \u00e0 la Croix- Rouge d\u2019\u00eatre sur tous les champs d&rsquo;action possibles autant sanitaire que social. Les besoins humains et financiers sont importants mais, sans le mat\u00e9riel ad\u00e9quat, la Croix-Rouge n&rsquo;aurait pas pu \u00eatre pr\u00e9sente pour s&rsquo;occuper des civils.<br \/>\n<\/span><\/p>\n<p style=\"text-align: justify\"><span style=\"font-family: Arial,sans-serif\">\u00a0\u00a0 Le mat\u00e9riel commence \u00e0 manquer des le d\u00e9but de la guerre avec le manque d\u2019essence et le mat\u00e9riels m\u00e9dical qui se fait de plus en plus rare. <span style=\"font-size: medium\">La croix rouge a perm<\/span><span style=\"font-size: medium\">is<\/span><span style=\"font-size: medium\"> gr\u00e2ce <\/span><span style=\"font-size: medium\">\u00e0 sa main d\u2019\u0153uvre<\/span><span style=\"font-size: medium\"> de sauver des vie<\/span><span style=\"font-size: medium\">s.<\/span><\/span><\/p>\n<p style=\"text-align: justify\" align=\"LEFT\"><strong><span style=\"font-family: Arial,sans-serif\"><span style=\"font-size: medium\">Le personnel soignant<\/span><\/span><\/strong><\/p>\n<p style=\"text-align: justify\"><span style=\"font-family: Arial,sans-serif\">\u00a0\u00a0\u00a0 Le bilan humain de la Seconde Guerre mondiale est pire que celui de la pr\u00e9c\u00e9dente. Soucieuse de porter secours aux sinistr\u00e9s, la Croix-Rouge instaure le service de zone de bombardements. Les secouristes fonctionnent en \u00e9quipe f\u00e9minine ou masculine : celles-ci comprennent en principe un chef, un adjoint, et sont constitu\u00e9es de six \u00e0 dix membres. Il existe deux \u00e9quipes, soient celles dites \u00a0\u00bb sinistr\u00e9s\u00a0\u00bb<a href=\"#sdfootnote5sym\"><sup>5<\/sup><\/a> soit celle de \u00ab\u00a0sinistre grave\u00a0\u00bb<a href=\"#sdfootnote6sym\"><sup>6<\/sup><\/a>. <\/span><\/p>\n<figure id=\"attachment_1443\" aria-describedby=\"caption-attachment-1443\" style=\"width: 270px\" class=\"wp-caption alignleft\"><a href=\"http:\/\/blogs.univ-jfc.fr\/projetcroixrouge\/wp-content\/uploads\/sites\/40\/2015\/02\/part1-ter.png\"><img loading=\"lazy\" class=\" wp-image-1443    \" title=\"L' am\u00e9lioration des transports sanitaires d\u2019urgence, permettant \u00e0 l\u2019h\u00f4pital de sortir de ses murs (Site officiel de la CRF) \" alt=\"\" src=\"http:\/\/blogs.univ-jfc.fr\/projetcroixrouge\/wp-content\/uploads\/sites\/40\/2015\/02\/part1-ter-300x199.png\" width=\"270\" height=\"179\" srcset=\"https:\/\/blogs.univ-jfc.fr\/projetcroixrouge\/wp-content\/uploads\/sites\/40\/2015\/02\/part1-ter-300x199.png 300w, https:\/\/blogs.univ-jfc.fr\/projetcroixrouge\/wp-content\/uploads\/sites\/40\/2015\/02\/part1-ter.png 800w\" sizes=\"(max-width: 270px) 100vw, 270px\" \/><\/a><figcaption id=\"caption-attachment-1443\" class=\"wp-caption-text\">L&rsquo;h\u00f4pital et la mobilit\u00e9<\/figcaption><\/figure>\n<p style=\"text-align: justify\"><span style=\"font-family: Arial,sans-serif\">\u00a0La Croix-Rouge participe \u00e9galement\u00a0 \u00e0 la banque de sang qui appara\u00eet en 1942, dans le cadre de l&rsquo;op\u00e9ration \u00ab\u00a0Blood for Britain\u00a0\u00bb ( \u00ab\u00a0du sang pour l&rsquo;Angleterre\u00a0\u00bb ). En l&rsquo;espace de cinq mois ce programme est un succ\u00e8s complet, avec environ 15 000 donneurs et plus de 5 500 fioles de plasma r\u00e9colt\u00e9es.<a href=\"#sdfootnote7sym\"><sup>7<\/sup><\/a> Cette innovation appara\u00eet en premier en Angleterre avant de venir en France pour aider le personnel de la Croix-Rouge \u00e0 mieux soigner les bless\u00e9s. D&rsquo;autres innovations suivront, permettant de sauver des milliers de vies. <\/span><\/p>\n<p style=\"text-align: justify\"><span style=\"font-family: Arial,sans-serif\">\u00a0\u00a0\u00a0 Ces m\u00e9thodes sont naturellement issues des \u00e9vacuations des bless\u00e9s de guerre. Apr\u00e8s la guerre, les progr\u00e8s en microbiologie sont consid\u00e9rables et les antibiotiques sont une r\u00e9volution qui entra\u00eene un recul de la mortalit\u00e9 d&rsquo;une fa\u00e7on g\u00e9n\u00e9rale. De plus, les soins dans un premier temps utilis\u00e9s pour les soldats, deviennent accessible \u00e0 tous. <\/span><\/p>\n<p><span style=\"font-size: small\"><span style=\"font-family: Arial,sans-serif\"><b>R\u00e9dacteur : <\/b><\/span><span style=\"font-family: Arial,sans-serif\">LACASSAGNE Robin <\/span><\/span><\/p>\n<p><span style=\"font-family: Arial,sans-serif\"><span style=\"font-family: Arial,sans-serif\"><span style=\"font-size: small\"><a href=\"http:\/\/blogs.univ-jfc.fr\/projetcroixrouge\/wp-admin\/post.php?post=385&amp;action=edit&amp;message=1#sdfootnote1anc\">1<\/a> Fr\u00e9deric PINEAU, <\/span><\/span><span style=\"font-family: Arial,sans-serif\"><span style=\"font-size: small\"><i>La Croix Rouge Fran\u00e7aise, 150 ans d&rsquo;histoire <\/i><\/span><\/span><span style=\"font-family: Arial,sans-serif\"><span style=\"font-size: small\">, Paris, Autrement, 2014, page 101<\/span><\/span><\/span><\/p>\n<p><span style=\"font-family: Arial,sans-serif\"><span style=\"font-size: small\"><a href=\"http:\/\/blogs.univ-jfc.fr\/projetcroixrouge\/wp-admin\/post.php?post=385&amp;action=edit&amp;message=1#sdfootnote2anc\">2 <\/a><a href=\"http:\/\/www.croix-rouge.fr\/Actualite\/140-ans-d-engagement\/Les-guerres-mondiales-747\">http:\/\/www.croix-rouge.fr\/Actualite\/140-ans-d-engagement\/Les-guerres-mondiales-747<\/a> Site officiel de la CRF, r\u00e9sum\u00e9 de ses actions pendant la Seconde Guerre Mondiale<\/span><\/span><\/p>\n<p><span style=\"font-family: Arial,sans-serif\"><span style=\"font-size: small\"><a href=\"http:\/\/blogs.univ-jfc.fr\/projetcroixrouge\/wp-admin\/post.php?post=385&amp;action=edit&amp;message=1#sdfootnote3anc\">3 <\/a><a href=\"http:\/\/www.croix-rouge.fr\/Actualite\/140-ans-d-engagement\/Les-guerres-mondiales-747\">http:\/\/www.croix-rouge.fr\/Actualite\/140-ans-d-engagement\/Les-guerres-mondiales-747<\/a> Site officiel de la CRF, r\u00e9sum\u00e9 de ses actions pendant la Seconde Guerre Mondiale<\/span><\/span><\/p>\n<p align=\"JUSTIFY\"><span style=\"font-family: Arial,sans-serif\"><span style=\"font-size: small\"><a href=\"http:\/\/blogs.univ-jfc.fr\/projetcroixrouge\/wp-admin\/post.php?post=385&amp;action=edit&amp;message=1#sdfootnote4anc\">4 <\/a>La Croix-Rouge fran\u00e7aise pendant la seconde guerre mondiale, <\/span><\/span><span style=\"font-family: Arial,sans-serif\"><span style=\"font-size: small\"><i>Vingti\u00e8me Si\u00e8cle. Revue<\/i><\/span><\/span><span style=\"font-family: Arial,sans-serif\"><span style=\"font-size: small\"><i>d&rsquo;histoire, <\/i><\/span><\/span><span style=\"font-family: Arial,sans-serif\"><span style=\"font-size: small\">n\u00b0 101, 2009\/1, p.256<\/span><\/span><\/p>\n<p align=\"LEFT\"><a href=\"http:\/\/blogs.univ-jfc.fr\/projetcroixrouge\/wp-admin\/post.php?post=385&amp;action=edit&amp;message=1#sdfootnote5anc\"><span style=\"font-family: Arial,sans-serif\"><span style=\"font-size: small\"><span style=\"text-decoration: underline\">5<\/span><\/span><\/span><\/a><span style=\"font-family: Arial,sans-serif\"><span style=\"font-size: small\"> Fr\u00e9d\u00e9ric PINEAU, <\/span><\/span><span style=\"font-family: Arial,sans-serif\"><span style=\"font-size: small\"><i>La Croix Rouge Fran\u00e7aise, 150 ans d&rsquo;histoire <\/i><\/span><\/span><span style=\"font-family: Arial,sans-serif\"><span style=\"font-size: small\">, Paris, Autrement, 2014, p.222<\/span><\/span><\/p>\n<p align=\"LEFT\"><a href=\"http:\/\/blogs.univ-jfc.fr\/projetcroixrouge\/wp-admin\/post.php?post=385&amp;action=edit&amp;message=1#sdfootnote6anc\"><span style=\"font-family: Arial,sans-serif\"><span style=\"font-size: small\"><span style=\"text-decoration: underline\">6 <\/span><\/span><\/span><\/a><span style=\"font-family: Arial,sans-serif\"><span style=\"font-size: small\">La Croix Rouge, op.cit<\/span><\/span><\/p>\n<p align=\"LEFT\"><span style=\"font-family: Arial,sans-serif\"><span style=\"font-size: small\"><a href=\"http:\/\/blogs.univ-jfc.fr\/projetcroixrouge\/wp-admin\/post.php?post=385&amp;action=edit&amp;message=1#sdfootnote7anc\">7<\/a> G\u00e9rard CHAUVY, <\/span><\/span><span style=\"font-family: Arial,sans-serif\"><span style=\"font-size: small\"><i>La Croix Rouge dans la guerre 1935-1947, <\/i><\/span><\/span><span style=\"font-family: Arial,sans-serif\"><span style=\"font-size: small\">Paris, Flammarion, 2000, 401 pages<\/span><\/span><\/p>\n<p>&nbsp;<\/p>\n<p align=\"JUSTIFY\"><span style=\"font-family: Arial,sans-serif\">\u00a0<\/span><\/p>\n","protected":false},"excerpt":{"rendered":"<p>\u00a0Un champ d&rsquo;action difficile \u00a0\u00a0\u00a0 D\u00e8s l&rsquo;ouverture des hostilit\u00e9s, le comit\u00e9 international de la Croix-Rouge (CICR) est \u00ab r\u00e9quisitionn\u00e9 \u00bb pour prot\u00e9ger des personnes (civils et prisonniers, soit 170 000). Pour mieux aider les civils, la Croix-Rouge va devoir relever de nombreux d\u00e9fis et r\u00e9aliser des missions\u20261 \u00a0\u00a0\u00a0 Le nouveau comit\u00e9 central de la Croix-Rouge &hellip; <a href=\"https:\/\/blogs.univ-jfc.fr\/projetcroixrouge\/la-croix-rouge-dans-les-guerres-mondiales\/laction-sanitaire-et-sociale-de-la-croix-rouge-pendant-la-seconde-guerre-mondiale\/une-croix-rouge-indecise-mais-dynamique\/\" class=\"more-link\">Continuer la lecture de <span class=\"screen-reader-text\">Une Croix-Rouge ind\u00e9cise mais dynamique<\/span> <span class=\"meta-nav\">&rarr;<\/span><\/a><\/p>\n","protected":false},"author":121,"featured_media":0,"parent":86,"menu_order":0,"comment_status":"closed","ping_status":"open","template":"","meta":[],"_links":{"self":[{"href":"https:\/\/blogs.univ-jfc.fr\/projetcroixrouge\/wp-json\/wp\/v2\/pages\/385"}],"collection":[{"href":"https:\/\/blogs.univ-jfc.fr\/projetcroixrouge\/wp-json\/wp\/v2\/pages"}],"about":[{"href":"https:\/\/blogs.univ-jfc.fr\/projetcroixrouge\/wp-json\/wp\/v2\/types\/page"}],"author":[{"embeddable":true,"href":"https:\/\/blogs.univ-jfc.fr\/projetcroixrouge\/wp-json\/wp\/v2\/users\/121"}],"replies":[{"embeddable":true,"href":"https:\/\/blogs.univ-jfc.fr\/projetcroixrouge\/wp-json\/wp\/v2\/comments?post=385"}],"version-history":[{"count":27,"href":"https:\/\/blogs.univ-jfc.fr\/projetcroixrouge\/wp-json\/wp\/v2\/pages\/385\/revisions"}],"predecessor-version":[{"id":3943,"href":"https:\/\/blogs.univ-jfc.fr\/projetcroixrouge\/wp-json\/wp\/v2\/pages\/385\/revisions\/3943"}],"up":[{"embeddable":true,"href":"https:\/\/blogs.univ-jfc.fr\/projetcroixrouge\/wp-json\/wp\/v2\/pages\/86"}],"wp:attachment":[{"href":"https:\/\/blogs.univ-jfc.fr\/projetcroixrouge\/wp-json\/wp\/v2\/media?parent=385"}],"curies":[{"name":"wp","href":"https:\/\/api.w.org\/{rel}","templated":true}]}}