{"id":387,"date":"2015-02-05T09:12:04","date_gmt":"2015-02-05T08:12:04","guid":{"rendered":"http:\/\/blogs.univ-jfc.fr\/projetcroixrouge\/?page_id=387"},"modified":"2015-04-12T10:36:47","modified_gmt":"2015-04-12T09:36:47","slug":"1914-la-croix-rouge-en-premiere-ligne-et-une-mobilisation-generale","status":"publish","type":"page","link":"https:\/\/blogs.univ-jfc.fr\/projetcroixrouge\/la-croix-rouge-dans-les-guerres-mondiales\/laction-aupres-des-populations-civiles-pendant-la-premiere-guerre-mondiale\/1914-la-croix-rouge-en-premiere-ligne-et-une-mobilisation-generale\/","title":{"rendered":"1914, La croix rouge en premi\u00e8re ligne et une mobilisation g\u00e9n\u00e9rale"},"content":{"rendered":"<p class=\"size-medium wp-image-697\"><span style=\"color: #000000\"><span style=\"font-family: Arial, sans-serif\"><span style=\"font-size: medium\">\u00a0\u00a0\u00a0\u00a0 Lorsque qu&rsquo;\u00e9clate la Premi\u00e8re Guerre mondiale, la Croix Rouge est une association encore jeune, qui n&rsquo;est pas pr\u00e9par\u00e9e \u00e0 une guerre d&rsquo;une telle ampleur. Pour la Croix Rouge fran\u00e7aise ce sera la deuxi\u00e8me intervention dans un conflit (guerre franco-prussienne en 1870).<\/span><\/span><\/span><\/p>\n<p align=\"JUSTIFY\"><strong><span style=\"color: #000000\"><span style=\"font-family: Arial, sans-serif\">L\u2019action de la croix rouge avant et au d\u00e9but de la guerre totale<\/span><\/span><\/strong><\/p>\n<p align=\"JUSTIFY\"><span style=\"color: #000000\"><span style=\"font-family: Arial, sans-serif\">\u00a0\u00a0\u00a0\u00a0\u00a0 L&rsquo;entr\u00e9e dans la Grande guerre va donner un nouvel essor \u00e0 la Croix Rouge qui devra faire face \u00e0 de nouvelles contraintes \u00e0 une \u00e9chelle jamais imagin\u00e9e. La Croix Rouge se mobilise d\u00e8s les premi\u00e8res jours de la guerre: en effet elle met en place<\/span><\/span><\/p>\n<figure id=\"attachment_697\" aria-describedby=\"caption-attachment-697\" style=\"width: 300px\" class=\"wp-caption alignright\"><a href=\"http:\/\/blogs.univ-jfc.fr\/projetcroixrouge\/wp-content\/uploads\/sites\/40\/2015\/02\/Episode10_hopital.jpg\"><img loading=\"lazy\" class=\"size-medium wp-image-697  \" title=\"Toulouse, h\u00f4pital auxiliaire n\u00b0101, salle Saint-Louis. (Carte postale, C. Lassale (photographe). Archives municipales de Toulouse)\" alt=\"\" src=\"http:\/\/blogs.univ-jfc.fr\/projetcroixrouge\/wp-content\/uploads\/sites\/40\/2015\/02\/Episode10_hopital-300x197.jpg\" width=\"300\" height=\"197\" srcset=\"https:\/\/blogs.univ-jfc.fr\/projetcroixrouge\/wp-content\/uploads\/sites\/40\/2015\/02\/Episode10_hopital-300x197.jpg 300w, https:\/\/blogs.univ-jfc.fr\/projetcroixrouge\/wp-content\/uploads\/sites\/40\/2015\/02\/Episode10_hopital.jpg 630w\" sizes=\"(max-width: 300px) 100vw, 300px\" \/><\/a><figcaption id=\"caption-attachment-697\" class=\"wp-caption-text\">Mobilisation humaine et mat\u00e9rielle<\/figcaption><\/figure>\n<p align=\"JUSTIFY\"><span style=\"color: #000000\"><span style=\"font-family: Arial, sans-serif\">1480 h\u00f4pitaux auxiliaires, 116 689 lits, 89 infirmeries de gares, 90 cantines de gares et mobilise les infirmi\u00e8res qu&rsquo;elle a form\u00e9, sur tout le territoire.<a href=\"#sdfootnote1sym\" name=\"sdfootnote1anc\"><sup>1<\/sup><\/a> Ce sont des investissements consid\u00e9rables auxquels on peut rajouter l&rsquo;utilisation d&rsquo;un mat\u00e9riel de pointe : radiographie, st\u00e9rilisation des instruments, la r\u00e9\u00e9ducation et l&rsquo;am\u00e9nagement de convois d&rsquo;automobiles chirurgicales. Les trains ont aussi servi \u00e0 l&rsquo;effort m\u00e9dical en acheminent les bless\u00e9s du front vers les h\u00f4pitaux de l&rsquo;arri\u00e8re : 115 trains sanitaires sont ainsi mis \u00e0 la disposition de la Croix Rouge, dans lesquels on mettait douze brancards par wagon. <\/span><\/span><\/p>\n<p align=\"JUSTIFY\"><strong><span style=\"color: #000000\"><span style=\"font-family: Arial, sans-serif\">Une mobilisation totale pour l\u2019aide humanitaire<\/span><\/span><\/strong><\/p>\n<figure id=\"attachment_773\" aria-describedby=\"caption-attachment-773\" style=\"width: 300px\" class=\"wp-caption alignleft\"><a href=\"http:\/\/blogs.univ-jfc.fr\/projetcroixrouge\/wp-content\/uploads\/sites\/40\/2015\/02\/10363_229_Doc-12-9-J-69.jpg\"><img loading=\"lazy\" class=\"size-medium wp-image-773 \" title=\"D\u00e9partement de l'Allier , nombreuses femmes engag\u00e9es dans des h\u00f4pitaux auxiliaires (archives d\u00e9partementales de l'Allier)\" alt=\"\" src=\"http:\/\/blogs.univ-jfc.fr\/projetcroixrouge\/wp-content\/uploads\/sites\/40\/2015\/02\/10363_229_Doc-12-9-J-69-300x195.jpg\" width=\"300\" height=\"195\" srcset=\"https:\/\/blogs.univ-jfc.fr\/projetcroixrouge\/wp-content\/uploads\/sites\/40\/2015\/02\/10363_229_Doc-12-9-J-69-300x195.jpg 300w, https:\/\/blogs.univ-jfc.fr\/projetcroixrouge\/wp-content\/uploads\/sites\/40\/2015\/02\/10363_229_Doc-12-9-J-69-1024x667.jpg 1024w, https:\/\/blogs.univ-jfc.fr\/projetcroixrouge\/wp-content\/uploads\/sites\/40\/2015\/02\/10363_229_Doc-12-9-J-69.jpg 1374w\" sizes=\"(max-width: 300px) 100vw, 300px\" \/><\/a><figcaption id=\"caption-attachment-773\" class=\"wp-caption-text\">Mobilisation f\u00e9minine<\/figcaption><\/figure>\n<p align=\"JUSTIFY\"><span style=\"color: #000000\"><span style=\"font-family: Arial, sans-serif\">\u00a0\u00a0\u00a0\u00a0 A l&rsquo;origine, la Croix Rouge \u00e9tait constitu\u00e9e uniquement d&rsquo;hommes, mais les femmes\u00a0<\/span><\/span><span style=\"color: #000000\"><span style=\"font-family: Arial, sans-serif\">vont vite constituer une base active, face au manque d&rsquo;hommes. Elles ont longtemps \u00e9t\u00e9 rel\u00e9gu\u00e9es au second plan, pourtant les femmes sont elles aussi des victimes de la guerre. Elles voient alors dans la Croix Rouge un moyen de d\u00e9fendre la France.<\/span><\/span><\/p>\n<p align=\"JUSTIFY\"><span style=\"color: #000000\"><span style=\"font-family: Arial, sans-serif\">\u00a0\u00a0\u00a0 \u00a0 L&rsquo;entr\u00e9e en guerre de la France va pousser de nombreuses personnes \u00e0 s&rsquo;engager au pr\u00e8s de la Croix Rouge. Au commencement de la Premi\u00e8re Guerre mondiale, la Croix Rouge compte d\u00e9j\u00e0 192 000 adh\u00e9rents et 900 comit\u00e9s locaux, ainsi que 68 000 infirmi\u00e8res dipl\u00f4m\u00e9es : pr\u00e8s de 3 000 d&rsquo;entre elles seront engag\u00e9es dans des h\u00f4pitaux\u00a0<\/span><\/span><span style=\"font-family: Arial, sans-serif;color: #000000;line-height: 1.5\">militaires. Elle compte aussi 10 490 m\u00e9decins dont 2 318 pharmaciens. La majorit\u00e9 des b\u00e9n\u00e9voles sont au commencement des aristocrates ou des bourgeois, car ils disposent de suffisamment de moyens pour ne pas travailler. Cependant la Croix-Rouge a la volont\u00e9 de s&rsquo;ouvrir au plus grand nombre, et attire de plus en plus les classes moyennes.<\/span><\/p>\n<p align=\"JUSTIFY\"><span style=\"color: #000000\"><span style=\"font-family: Arial, sans-serif\">\u00a0\u00a0\u00a0\u00a0\u00a0 La Croix Rouge fait majoritairement appel \u00e0 des dons publics et priv\u00e9s pour financer ses actions : en effet elle fonctionne beaucoup avec la g\u00e9n\u00e9rosit\u00e9 des fran\u00e7ais. Les d\u00e9l\u00e9gations r\u00e9gionales, d\u00e9partementales et locales, quant \u00e0 elles, doivent trouver les financements n\u00e9cessaires \u00e0 leurs actions de proximit\u00e9.<\/span><\/span><\/p>\n<p align=\"JUSTIFY\"><strong><span style=\"color: #000000\"><span style=\"font-family: Arial, sans-serif\">Collaboration de la Croix Rouge pendant la Premi\u00e8re Guerre mondiale<\/span><\/span><\/strong><\/p>\n<p align=\"JUSTIFY\"><span style=\"color: #000000\"><span style=\"font-family: Arial, sans-serif\">\u00a0\u00a0\u00a0\u00a0\u00a0 La Croix Rouge a besoin de relations institutionnelles, notamment avec l\u2019\u00c9tat, pour pouvoir r\u00e9gler les diff\u00e9rents probl\u00e8mes qui se posent sur l&rsquo;ensemble du territoire.\u00a0<\/span><\/span><span style=\"font-family: Arial, sans-serif;color: #000000;line-height: 1.5\">Dans un premier temps, la Croix Rouge fran\u00e7aise joue un r\u00f4le d&rsquo;interm\u00e9diaire entre l\u2019\u00c9tat fran\u00e7ais et le Comit\u00e9 International de la Croix Rouge : son r\u00f4le est de rappeler au gouvernement le respect des conventions internationales. Dans un deuxi\u00e8me temps, le service de sant\u00e9 de l\u2019\u00c9tat, prend la tutelle de l&rsquo;ensemble des structures. Il d\u00e9cide de la cr\u00e9ation et de l&#8217;emplacement de chaque h\u00f4pitaux auxiliaires et des infirmeries de gares. La Croix Rouge quant \u00e0 elle, prend en charge l&rsquo;organisation, la gestion et le fonctionnement, tout en rendant des comptes au Service de sant\u00e9 de l\u2019\u00c9tat. L\u2019\u00c9tat verse des subventions \u00e0 la Croix Rouge : cet argent est ensuite redistribu\u00e9 en fonction des besoins et des priorit\u00e9s. L&rsquo;argent sert \u00e0 financer des actions tels que la protection et le rapatriement des populations victimes de bombardements, mais aussi \u00e0 la constitution de stocks de vivres, de v\u00eatements.. Il a donc un \u00e9change constant entre les responsables politiques et la Croix Rouge fran\u00e7aise.<\/span><\/p>\n<p align=\"JUSTIFY\"><span style=\"color: #000000\"><span style=\"font-family: Arial, sans-serif\">\u00a0\u00a0\u00a0\u00a0\u00a0 La Croix Rouge collabore aussi avec la Poste, car lors de la Premi\u00e8re Guerre mondiale, beaucoup d&#8217;employ\u00e9s de la poste sont au front : les voies de communications ne sont pas toutes praticables et \u00e0 cause de la censure impos\u00e9e par l\u2019\u00c9tat. C&rsquo;est pour cela que la Croix Rouge apporte son soutien \u00e0 la Poste pour l&rsquo;acheminement du courrier et pour g\u00e9rer la logistique, car les centres de tri et de distributions sont d\u00e9bord\u00e9s, ce qui implique un retard constant du courrier. <\/span><\/span><\/p>\n<figure id=\"attachment_844\" aria-describedby=\"caption-attachment-844\" style=\"width: 217px\" class=\"wp-caption aligncenter\"><a href=\"http:\/\/blogs.univ-jfc.fr\/projetcroixrouge\/wp-content\/uploads\/sites\/40\/2015\/02\/doc2.jpg\"><img loading=\"lazy\" class=\"size-medium wp-image-844  \" title=\"Courrier adress\u00e9 par la Croix-Rouge (Union des Femmes de France) au maire de la commune de Saint-Pierre-d'Exideuil pour lui annoncer le d\u00e9c\u00e8s du soldat Louis-Philippe (1914)\" alt=\"\" src=\"http:\/\/blogs.univ-jfc.fr\/projetcroixrouge\/wp-content\/uploads\/sites\/40\/2015\/02\/doc2-217x300.jpg\" width=\"217\" height=\"300\" srcset=\"https:\/\/blogs.univ-jfc.fr\/projetcroixrouge\/wp-content\/uploads\/sites\/40\/2015\/02\/doc2-217x300.jpg 217w, https:\/\/blogs.univ-jfc.fr\/projetcroixrouge\/wp-content\/uploads\/sites\/40\/2015\/02\/doc2.jpg 569w\" sizes=\"(max-width: 217px) 100vw, 217px\" \/><\/a><figcaption id=\"caption-attachment-844\" class=\"wp-caption-text\">L\u2019implication de la Croix Rouge dans les d\u00e9c\u00e8s<\/figcaption><\/figure>\n<div id=\"sdfootnote1\">\n<p align=\"JUSTIFY\"><span style=\"color: #000000\"><span style=\"font-family: 'Times New Roman', serif\"><a href=\"#sdfootnote1anc\" name=\"sdfootnote1sym\">1<\/a>. site national de la Croix Rouge fran\u00e7aise: <a href=\"http:\/\/www.croix-rouge.fr\/\">www.croix-rouge.fr<\/a><\/span><\/span><\/p>\n<\/div>\n","protected":false},"excerpt":{"rendered":"<p>\u00a0\u00a0\u00a0\u00a0 Lorsque qu&rsquo;\u00e9clate la Premi\u00e8re Guerre mondiale, la Croix Rouge est une association encore jeune, qui n&rsquo;est pas pr\u00e9par\u00e9e \u00e0 une guerre d&rsquo;une telle ampleur. Pour la Croix Rouge fran\u00e7aise ce sera la deuxi\u00e8me intervention dans un conflit (guerre franco-prussienne en 1870). L\u2019action de la croix rouge avant et au d\u00e9but de la guerre totale &hellip; <a href=\"https:\/\/blogs.univ-jfc.fr\/projetcroixrouge\/la-croix-rouge-dans-les-guerres-mondiales\/laction-aupres-des-populations-civiles-pendant-la-premiere-guerre-mondiale\/1914-la-croix-rouge-en-premiere-ligne-et-une-mobilisation-generale\/\" class=\"more-link\">Continuer la lecture de <span class=\"screen-reader-text\">1914, La croix rouge en premi\u00e8re ligne et une mobilisation g\u00e9n\u00e9rale<\/span> <span class=\"meta-nav\">&rarr;<\/span><\/a><\/p>\n","protected":false},"author":113,"featured_media":0,"parent":82,"menu_order":1,"comment_status":"closed","ping_status":"open","template":"","meta":[],"_links":{"self":[{"href":"https:\/\/blogs.univ-jfc.fr\/projetcroixrouge\/wp-json\/wp\/v2\/pages\/387"}],"collection":[{"href":"https:\/\/blogs.univ-jfc.fr\/projetcroixrouge\/wp-json\/wp\/v2\/pages"}],"about":[{"href":"https:\/\/blogs.univ-jfc.fr\/projetcroixrouge\/wp-json\/wp\/v2\/types\/page"}],"author":[{"embeddable":true,"href":"https:\/\/blogs.univ-jfc.fr\/projetcroixrouge\/wp-json\/wp\/v2\/users\/113"}],"replies":[{"embeddable":true,"href":"https:\/\/blogs.univ-jfc.fr\/projetcroixrouge\/wp-json\/wp\/v2\/comments?post=387"}],"version-history":[{"count":23,"href":"https:\/\/blogs.univ-jfc.fr\/projetcroixrouge\/wp-json\/wp\/v2\/pages\/387\/revisions"}],"predecessor-version":[{"id":3936,"href":"https:\/\/blogs.univ-jfc.fr\/projetcroixrouge\/wp-json\/wp\/v2\/pages\/387\/revisions\/3936"}],"up":[{"embeddable":true,"href":"https:\/\/blogs.univ-jfc.fr\/projetcroixrouge\/wp-json\/wp\/v2\/pages\/82"}],"wp:attachment":[{"href":"https:\/\/blogs.univ-jfc.fr\/projetcroixrouge\/wp-json\/wp\/v2\/media?parent=387"}],"curies":[{"name":"wp","href":"https:\/\/api.w.org\/{rel}","templated":true}]}}