{"id":393,"date":"2015-02-05T09:12:30","date_gmt":"2015-02-05T08:12:30","guid":{"rendered":"http:\/\/blogs.univ-jfc.fr\/projetcroixrouge\/?page_id=393"},"modified":"2015-04-12T12:21:30","modified_gmt":"2015-04-12T11:21:30","slug":"des-populations-civiles-en-difficulte","status":"publish","type":"page","link":"https:\/\/blogs.univ-jfc.fr\/projetcroixrouge\/la-croix-rouge-dans-les-guerres-mondiales\/laction-sanitaire-et-sociale-de-la-croix-rouge-pendant-la-seconde-guerre-mondiale\/des-populations-civiles-en-difficulte\/","title":{"rendered":"Des populations civiles en difficult\u00e9"},"content":{"rendered":"<p style=\"text-align: left\" align=\"CENTER\"><strong><span style=\"font-family: Arial,sans-serif\"><span style=\"font-size: medium\">L&rsquo;heure des choix : priorit\u00e9 aux enfants et aux femmes <\/span><\/span><\/strong><\/p>\n<figure id=\"attachment_783\" aria-describedby=\"caption-attachment-783\" style=\"width: 270px\" class=\"wp-caption alignleft\"><a href=\"http:\/\/blogs.univ-jfc.fr\/projetcroixrouge\/wp-content\/uploads\/sites\/40\/2015\/02\/ter-image-3.png\"><img loading=\"lazy\" class=\" wp-image-783  \" title=\"Carte \u00e9mise par la direction des conductrices ambulanci\u00e8res de la CRF. (F. Pineau La Croix Fran\u00e7aise, 150 ans d'histoire, Paris, Autrement, 2014, page 111)\" alt=\"\" src=\"http:\/\/blogs.univ-jfc.fr\/projetcroixrouge\/wp-content\/uploads\/sites\/40\/2015\/02\/ter-image-3-300x167.png\" width=\"270\" height=\"150\" srcset=\"https:\/\/blogs.univ-jfc.fr\/projetcroixrouge\/wp-content\/uploads\/sites\/40\/2015\/02\/ter-image-3-300x167.png 300w, https:\/\/blogs.univ-jfc.fr\/projetcroixrouge\/wp-content\/uploads\/sites\/40\/2015\/02\/ter-image-3-1024x572.png 1024w, https:\/\/blogs.univ-jfc.fr\/projetcroixrouge\/wp-content\/uploads\/sites\/40\/2015\/02\/ter-image-3.png 1210w\" sizes=\"(max-width: 270px) 100vw, 270px\" \/><\/a><figcaption id=\"caption-attachment-783\" class=\"wp-caption-text\">Les ambulanci\u00e8res de la Croix-Rouge fran\u00e7aise<\/figcaption><\/figure>\n<p align=\"JUSTIFY\">\u00a0\u00a0\u00a0\u00a0 <span style=\"font-family: Arial,sans-serif\"><span style=\"font-size: small\"><span style=\"font-size: medium\">En mai 1940, la Croix-Rouge fran\u00e7aise doit faire face \u00e0 l&rsquo;exode qui survient en France. Suite \u00e0 l&rsquo;Armistice coupant la France en deux, beaucoup de familles ont \u00e9t\u00e9 s\u00e9par\u00e9es. Elle intervient o\u00f9 cela est possible et o\u00f9 elle le peut. On compte environ dix millions de personnes qui transitent sur les routes.<a href=\"#sdfootnote1sym\"><sup>1<\/sup><\/a> <\/span><\/span><\/span><\/p>\n<p align=\"JUSTIFY\"><span style=\"font-family: Arial,sans-serif\"><span style=\"font-size: small\"><span style=\"font-size: medium\">\u00a0\u00a0\u00a0 La Croix-Rouge poss\u00e8de des automobiles qui sillonnent les routes pour r\u00e9cup\u00e9rer, soigner et r\u00e9conforter le maximum d&rsquo;enfants et civils errants. Elle donne aussi, dans ces automobiles, les premiers soins aux bless\u00e9s et transporte les morts.<a href=\"#sdfootnote2sym\"><sup>2<\/sup><\/a><\/span><\/span><\/span><\/p>\n<p align=\"JUSTIFY\"><span style=\"font-family: Arial,sans-serif\"><span style=\"font-size: medium\">\u00a0\u00a0\u00a0 Elle participe \u00e9galement au rapatriement d&rsquo;enfants ou de malades qui ont \u00e9t\u00e9 s\u00e9par\u00e9s de leur famille. Il faut tout de m\u00eame attendre le 28 octobre 1940, quelques jours apr\u00e8s les rencontres entre Laval et Hitler puis entre P\u00e9tain, Laval et Hitler pour qu&rsquo;un convoi puisse passer de la zone libre \u00e0 la zone occup\u00e9e. Les infirmi\u00e8res de la CRF assurent entre zone libre et zone occup\u00e9e des convois r\u00e9guliers pour les enfants isol\u00e9s, les malades et les personnes \u00e2g\u00e9es. Entre 1941 et 1942, quatre-vingt-sept mille enfants et dix-huit mille quatre cent malades ou infirmes transitent entres les zones. <\/span><\/span><\/p>\n<p align=\"JUSTIFY\"><span style=\"font-family: Arial,sans-serif\"><span style=\"font-size: medium\">\u00a0\u00a0\u00a0 L&rsquo;action humanitaire mise en place par la Croix-Rouge ne s\u2019arr\u00eate pas \u00e0 la distribution d&rsquo;aide alimentaire et vestimentaire. Elle cible son action aupr\u00e8s des femmes mais surtout envers les enfants. Suite \u00e0 l&rsquo;hiver 1939 qui est l&rsquo;un des plus rudes, depuis 1881, les fran\u00e7ais se r\u00e9fugient dans les gares o\u00f9 se concentre la majorit\u00e9 de l&rsquo;action de la Croix-Rouge fran\u00e7aise, et ce jusqu&rsquo;\u00e0 la d\u00e9faite de 1940. Elle y met en place des centres d&rsquo;accueil. Ce sont essentiellement des femmes et des enfants qui transitent dans les gares \u00e0 la recherche de soins ou de r\u00e9confort.<\/span><\/span><\/p>\n<figure id=\"attachment_204\" aria-describedby=\"caption-attachment-204\" style=\"width: 270px\" class=\"wp-caption alignright\"><a href=\"http:\/\/blogs.univ-jfc.fr\/projetcroixrouge\/wp-content\/uploads\/sites\/40\/2015\/01\/photo-compresee.jpg\"><img loading=\"lazy\" class=\" wp-image-204    \" title=\"Service de layette du 44 rue La Bo\u00e9tie \u00e0 Paris, mars 1943. (F. Pineau, La Croix-Fran\u00e7aise, 150 ans d'histoire, Paris, Autrement, 2014, page 107)\" alt=\"\" src=\"http:\/\/blogs.univ-jfc.fr\/projetcroixrouge\/wp-content\/uploads\/sites\/40\/2015\/01\/photo-compresee-300x235.jpg\" width=\"270\" height=\"212\" srcset=\"https:\/\/blogs.univ-jfc.fr\/projetcroixrouge\/wp-content\/uploads\/sites\/40\/2015\/01\/photo-compresee-300x235.jpg 300w, https:\/\/blogs.univ-jfc.fr\/projetcroixrouge\/wp-content\/uploads\/sites\/40\/2015\/01\/photo-compresee.jpg 642w\" sizes=\"(max-width: 270px) 100vw, 270px\" \/><\/a><figcaption id=\"caption-attachment-204\" class=\"wp-caption-text\">L&rsquo;aide humanitaire de la Croix-Rouge fran\u00e7aise prioritairement accord\u00e9e aux enfants<\/figcaption><\/figure>\n<p align=\"JUSTIFY\"><span style=\"font-family: Arial,sans-serif\"><span style=\"font-size: medium\">\u00a0\u00a0\u00a0 Diff\u00e9rents services d\u00e9di\u00e9s aux enfants sont cr\u00e9\u00e9s : par exemple, les Maisons des Petits Fran\u00e7ais qui permettent aux orphelins de trouver un refuge et d&rsquo;\u00eatre soign\u00e9s. On en compte quinze, construites par le Secours national et g\u00e9r\u00e9es par la Croix-Rouge fran\u00e7aise.<\/span><\/span><\/p>\n<p align=\"JUSTIFY\"><span style=\"font-family: Arial,sans-serif\"><span style=\"font-size: medium\">\u00a0\u00a0\u00a0 Le Secours National confie \u00e0 la Croix-Rouge fran\u00e7aise les distributions de lait et alimentation de premier \u00e2ge, ainsi que les distributions de layette (ensemble de linge destin\u00e9 aux nouveau-n\u00e9s) pour les nourrissons.<a href=\"#sdfootnote3sym\"><sup>3<\/sup><\/a> Entre 1941 et 1944, la CRF investit soixante et un million de francs pour l&rsquo;achat de layettes.<\/span><\/span><\/p>\n<p style=\"text-align: left\" align=\"CENTER\"><strong>\u00a0<span style=\"font-family: Arial,sans-serif\"><span style=\"font-size: medium\">La question des intern\u00e9s civils<\/span><\/span><\/strong><\/p>\n<p align=\"JUSTIFY\">\u00a0\u00a0\u00a0\u00a0 <span style=\"font-family: Arial,sans-serif\"><span style=\"font-size: medium\">En plus du secours aux enfants et aux femmes, l&rsquo;un des enjeux majeurs pour la Croix-Rouge fran\u00e7aise pendant la Seconde Guerre Mondiale est celui du secours aux intern\u00e9s civils dans les camps d&rsquo;internement. A partir de 1941, des permanences de la Croix-Rouge fran\u00e7aise sont \u00e9tablies dans les camps de Pithiviers et Beaune-la-Rolande, puis dans le camp de Drancy en septembre 1941. On y distribue du linge, des couvertures pour l&rsquo;infirmerie, des suppl\u00e9ments alimentaires (farine, p\u00e2tes&#8230;) mais les quantit\u00e9s autoris\u00e9es restent tr\u00e8s limit\u00e9es. Les assistantes sociales de la Croix-Rouge fran\u00e7aise tentent d&rsquo;am\u00e9liorer l&rsquo;ordinaire du camp, mais surtout de structurer les relais d&rsquo;entraide. En effet, la distribution des colis ou de nourriture entra\u00eene parfois des mouvements de violence entre les intern\u00e9s. On compte environ cinquante-sept mille ouvrages et colis remis dans les camps et les prisons entre 1940 et 1944 par la Croix-Rouge fran\u00e7aise.<sup><a href=\"#sdfootnote4sym\">4<\/a>\u00a0<\/sup><\/span><\/span><\/p>\n<figure id=\"attachment_1240\" aria-describedby=\"caption-attachment-1240\" style=\"width: 300px\" class=\"wp-caption alignleft\"><a href=\"http:\/\/blogs.univ-jfc.fr\/projetcroixrouge\/wp-content\/uploads\/sites\/40\/2015\/02\/ter-image-2-intern\u00e9s-civils.png\"><img loading=\"lazy\" class=\"size-medium wp-image-1240  \" title=\"Parc pour enfants au moment du go\u00fbter dans le camps de Vittel. (F.PINEAU, La Croix-Rouge Fran\u00e7aise, 150 ans d'histoire, Paris, Autrement, 2014)\" alt=\"\" src=\"http:\/\/blogs.univ-jfc.fr\/projetcroixrouge\/wp-content\/uploads\/sites\/40\/2015\/02\/ter-image-2-intern\u00e9s-civils-300x161.png\" width=\"300\" height=\"161\" srcset=\"https:\/\/blogs.univ-jfc.fr\/projetcroixrouge\/wp-content\/uploads\/sites\/40\/2015\/02\/ter-image-2-intern\u00e9s-civils-300x161.png 300w, https:\/\/blogs.univ-jfc.fr\/projetcroixrouge\/wp-content\/uploads\/sites\/40\/2015\/02\/ter-image-2-intern\u00e9s-civils-1024x549.png 1024w, https:\/\/blogs.univ-jfc.fr\/projetcroixrouge\/wp-content\/uploads\/sites\/40\/2015\/02\/ter-image-2-intern\u00e9s-civils.png 1188w\" sizes=\"(max-width: 300px) 100vw, 300px\" \/><\/a><figcaption id=\"caption-attachment-1240\" class=\"wp-caption-text\">La Croix-Rouge fran\u00e7aise dans les camps d&rsquo;internement<\/figcaption><\/figure>\n<p align=\"JUSTIFY\"><span style=\"font-family: Arial,sans-serif\"><span style=\"font-size: medium\">\u00a0\u00a0\u00a0 Elle poss\u00e8de encore le droit d&rsquo;intervenir au mois de juillet 1942, lors des importantes arrestations de juifs, en assurant un service m\u00e9dical et d&rsquo;assistance au V\u00e9lodrome d&rsquo;Hiver ainsi que dans les camps de Beaune-la-Rolande ou Pithiviers. Une douzaine d\u2019infirmi\u00e8res se relaient par \u00e9quipes de quatre pendant huit jours. L&rsquo;une d&rsquo;entre elles t\u00e9moigne vingt ans plus tard : \u00ab La d\u00e9mence et le d\u00e9sespoir qui r\u00e9gnaient n\u2019ont pas cess\u00e9 de me hanter. J\u2019en ai r\u00eav\u00e9 et j\u2019en r\u00eave encore \u00bb.<a href=\"#sdfootnote5sym\"><sup>5<\/sup><\/a> De plus, le nombre de m\u00e9decins et infirmi\u00e8res, ainsi que les denr\u00e9es alimentaires sont tr\u00e8s insuffisants. <\/span><\/span><\/p>\n<p align=\"JUSTIFY\"><span style=\"font-family: Arial,sans-serif\"><span style=\"font-size: medium\">\u00a0\u00a0\u00a0 Les conditions de d\u00e9tention dans le V\u00e9lodrome d&rsquo;Hiver sont tr\u00e8s difficiles. En plus d&rsquo;un manque de nourriture et d&rsquo;eau, il y a un grand manque d&rsquo;intimit\u00e9, mais surtout de gros probl\u00e8mes d&rsquo;hygi\u00e8ne. Les infirmi\u00e8res et m\u00e9decins de la Croix-Rouge fran\u00e7aise sont abasourdis pas ces conditions de d\u00e9tention. Une infirmi\u00e8re de la Croix-Rouge fran\u00e7aise pr\u00e9sente dans le V\u00e9lodrome du 16 au 19 juillet 1942 t\u00e9moigne de la mis\u00e8re de la population : \u00ab Nous manquions du n\u00e9cessaire et ne pouvions gu\u00e8re que soutenir le moral de tous ces hommes, femmes et enfants arr\u00eat\u00e9s \u00e0 leurs domiciles, dans la rue et m\u00eame dans les h\u00f4pitaux o\u00f9 ils \u00e9taient en traitement. Aucune installation sanitaire, pas de lavabos, ni de WC. L&rsquo;eau \u00e9tait coup\u00e9e [\u2026] beaucoup de malades contagieux, surtout parmi les enfants. \u00bb<a href=\"#sdfootnote6sym\"><sup>6<\/sup><\/a> <\/span><\/span><\/p>\n<p align=\"JUSTIFY\"><span style=\"font-family: Arial,sans-serif\"><span style=\"font-size: medium\">\u00a0\u00a0\u00a0 Pourtant, en septembre 1942, la permanence sociale du camp de Drancy est supprim\u00e9e et les autorit\u00e9s allemandes d\u00e9cident que l&rsquo;aide accord\u00e9e aux Juifs sera d\u00e9sormais assur\u00e9e par l&rsquo;UGIF (Union G\u00e9n\u00e9rale des Isra\u00e9lites de France ).<a href=\"#sdfootnote7sym\"><sup>7<\/sup><\/a> <\/span><\/span><\/p>\n<p style=\"text-align: left\" align=\"CENTER\"><strong><span style=\"font-family: Arial,sans-serif\"><span style=\"font-size: medium\">Une action remise en cause ?<\/span><\/span><\/strong><\/p>\n<p align=\"JUSTIFY\"><span style=\"font-family: Arial,sans-serif\"><span style=\"font-size: medium\">\u00a0 \u00a0 \u00a0 La Croix-Rouge fran\u00e7aise intervient aussi dans les camps et aupr\u00e8s des \u00a0d\u00e9port\u00e9s : ce que certains fran\u00e7ais lui reprochent \u00e0 la Lib\u00e9ration, c&rsquo;est de ne pas avoir d\u00e9nonc\u00e9 les conditions de d\u00e9tention dans les camps d&rsquo;internement. En effet jusqu&rsquo;en automne 1944, le CICR ne d\u00e9nonce pas formellement les camps d&rsquo;internement et d&rsquo;extermination g\u00e9r\u00e9s par les Allemands dans l&rsquo;Europe occup\u00e9e alors qu&rsquo;il est au courant de ce qui s&rsquo;y passe. <\/span><\/span><\/p>\n<p align=\"JUSTIFY\"><span style=\"font-family: Arial,sans-serif\"><span style=\"font-size: medium\">\u00a0\u00a0\u00a0 Le monopole des appels \u00e0 la g\u00e9n\u00e9rosit\u00e9 publique donn\u00e9 au Secours National par une loi le 4 octobre 1940, a cr\u00e9\u00e9 une vive tension avec la Croix-Rouge fran\u00e7aise. En effet, celle-ci r\u00e9pond \u00e0 ses besoins financiers par les seuls dons et cotisations de ses membres. Le Dr Louis Bazy, adresse le 30 d\u00e9cembre 1941, une lettre au ministre de la Sant\u00e9 publique, o\u00f9 il regrette le monopole donn\u00e9 au Secours National : \u00ab Il en est r\u00e9sult\u00e9 des incidents qui n\u2019ont pas \u00e9t\u00e9 sans retentir sur la bonne marche de la Croix-Rouge et provoquer parmi ses membres un certain d\u00e9couragement. [\u2026] Au reste, le caract\u00e8re international de la Croix-Rouge implique qu\u2019elle doit \u00eatre assur\u00e9e de la plus stricte neutralit\u00e9. On pourrait, au-dehors, douter de cette neutralit\u00e9 n\u00e9cessaire si l\u2019on pouvait supposer que la Croix-Rouge ne jouit pas, dans son propre pays, d\u2019une ind\u00e9pendance totale. L\u2019ind\u00e9pendance de l\u2019action n\u2019est possible que dans l\u2019autonomie financi\u00e8re. \u00bb<a href=\"#sdfootnote8sym\"><sup>8<\/sup><\/a> <\/span><\/span><\/p>\n<p align=\"JUSTIFY\"><span style=\"font-family: Arial,sans-serif\"><span style=\"font-size: medium\">\u00a0\u00a0\u00a0 En plus d&rsquo;\u00eatre affect\u00e9e par la tutelle des pouvoirs publics et la d\u00e9pendance financi\u00e8re vis-\u00e0-vis du Secours National, la neutralit\u00e9 de la Croix-Rouge fran\u00e7aise est \u00e9galement alt\u00e9r\u00e9e par l&rsquo;occupation allemande. Le Mar\u00e9chal P\u00e9tain a toujours privil\u00e9gi\u00e9 le Secours National par rapport \u00e0 la Croix-Rouge fran\u00e7aise. D\u00e9but 1941, une note venant cabinet du mar\u00e9chal indique que d\u00e9sormais, le Secours national doit se mettre au service de la propagande du r\u00e9gime de Vichy. Ainsi jusqu&rsquo;\u00e0 la Lib\u00e9ration, toutes les affiches, films, reportages radio consacr\u00e9s au Secours National sont associ\u00e9s \u00e0 l&rsquo;image du chef de l&rsquo;Etat.<a href=\"#sdfootnote9sym\"><sup>9<\/sup><\/a><\/span><\/span><\/p>\n<p><span style=\"font-size: small\"><span style=\"font-family: Arial,sans-serif\"><b>R\u00e9dactrice <\/b><\/span><span style=\"font-family: Arial,sans-serif\">: BELLONCLE Marine <\/span><\/span><\/p>\n<p><span style=\"font-family: Arial,sans-serif\"><span style=\"font-family: Arial,sans-serif\"><span style=\"font-size: small\"><a href=\"http:\/\/blogs.univ-jfc.fr\/projetcroixrouge\/wp-admin\/post.php?post=393&amp;action=edit#sdfootnote1anc\">1<\/a><a href=\"http:\/\/www.croix-rouge.fr\/Actualite\/140-ans-d-engagement\/Les-guerres-mondiales-747\"> http:\/\/www.croix-rouge.fr\/Actualite\/140-ans-d-engagement\/Les-guerres-mondiales-747<\/a> Site officiel de la CRF, r\u00e9sum\u00e9 de ses actions pendant la Seconde Guerre Mondiale<\/span><\/span><\/span><\/p>\n<p align=\"LEFT\"><span style=\"font-family: Arial,sans-serif\"><span style=\"font-size: small\"><a href=\"http:\/\/blogs.univ-jfc.fr\/projetcroixrouge\/wp-admin\/post.php?post=393&amp;action=edit#sdfootnote2anc\">2<\/a> Fr\u00e9deric PINEAU, <\/span><\/span><span style=\"font-family: Arial,sans-serif\"><span style=\"font-size: small\"><i>La Croix Rouge Fran\u00e7aise, 150 ans d&rsquo;histoire <\/i><\/span><\/span><span style=\"font-family: Arial,sans-serif\"><span style=\"font-size: small\">, Paris, Autrement, 2014, page 111<\/span><\/span><\/p>\n<p align=\"LEFT\"><span style=\"font-family: Arial,sans-serif\"><span style=\"font-size: small\"><a href=\"http:\/\/blogs.univ-jfc.fr\/projetcroixrouge\/wp-admin\/post.php?post=393&amp;action=edit#sdfootnote3anc\">3<\/a> Fr\u00e9d\u00e9ric PINEAU, <\/span><\/span><span style=\"font-family: Arial,sans-serif\"><span style=\"font-size: small\"><i>Ibid <\/i><\/span><\/span><\/p>\n<p align=\"LEFT\"><span style=\"font-family: Arial,sans-serif\"><span style=\"font-size: small\"><a href=\"http:\/\/blogs.univ-jfc.fr\/projetcroixrouge\/wp-admin\/post.php?post=393&amp;action=edit#sdfootnote4anc\">4<\/a> G\u00e9rard CHAUVY, <\/span><\/span><span style=\"font-family: Arial,sans-serif\"><span style=\"font-size: small\"><i>La Croix Rouge dans la guerre 1935-1947, <\/i><\/span><\/span><span style=\"font-family: Arial,sans-serif\"><span style=\"font-size: small\">Paris, Flammarion, 2000<\/span><\/span><\/p>\n<p><span style=\"font-family: Arial,sans-serif\"><span style=\"font-size: small\"><a href=\"http:\/\/blogs.univ-jfc.fr\/projetcroixrouge\/wp-admin\/post.php?post=393&amp;action=edit#sdfootnote5anc\">5<\/a>Claude L\u00e9vy et Paul Tillard, <\/span><\/span><span style=\"font-family: Arial,sans-serif\"><span style=\"font-size: small\"><i>La Grande Rafle du Vel\u2019 d\u2019hiv\u2019<\/i><\/span><\/span><span style=\"font-family: Arial,sans-serif\"><span style=\"font-size: small\">, Paris, Robert Laffont, 1967, 1992, p. 81.<\/span><\/span><\/p>\n<p><span style=\"font-family: Arial,sans-serif\"><span style=\"font-size: small\"><a href=\"http:\/\/blogs.univ-jfc.fr\/projetcroixrouge\/wp-admin\/post.php?post=393&amp;action=edit#sdfootnote6anc\">6<\/a> \u00ab Les rafles des 16 et 17 juillet 1942 \u00bb, t\u00e9moignage de Mlle Mattey-Jenais, <\/span><\/span><span style=\"font-family: Arial,sans-serif\"><span style=\"font-size: small\"><i>Le Monde Juif,<\/i><\/span><\/span><span style=\"font-family: Arial,sans-serif\"><span style=\"font-size: small\"> n\u00b012, 1967<\/span><\/span><\/p>\n<p><span style=\"font-family: Arial,sans-serif\"><span style=\"font-size: small\"><a href=\"http:\/\/blogs.univ-jfc.fr\/projetcroixrouge\/wp-admin\/post.php?post=393&amp;action=edit#sdfootnote7anc\">7<\/a> Denis PESCHANSKI, <\/span><\/span><span style=\"font-family: Arial,sans-serif\"><span style=\"font-size: small\"><i>La France des camps, l&rsquo;internement 1938-1946,<\/i><\/span><\/span><span style=\"font-family: Arial,sans-serif\"><span style=\"font-size: small\"> Paris, Gallimard, 2002, page 241<\/span><\/span><\/p>\n<p><span style=\"font-family: Arial,sans-serif\"><span style=\"font-size: small\"><a href=\"http:\/\/blogs.univ-jfc.fr\/projetcroixrouge\/wp-admin\/post.php?post=393&amp;action=edit#sdfootnote8anc\">8<\/a> <a href=\"http:\/\/www.cairn.info\/zen.php?ID_ARTICLE=VING_101_0149\">http:\/\/www.cairn.info\/zen.php?ID_ARTICLE=VING_101_0149<\/a>, Jean-Pierre LE CROM, dans la revue <\/span><\/span><span style=\"font-family: Arial,sans-serif\"><span style=\"font-size: small\"><i>Vingti\u00e8me si\u00e8cle. Revue d&rsquo;histoire, <\/i><\/span><\/span><span style=\"font-family: Arial,sans-serif\"><span style=\"font-size: small\">Janvier 2009 n\u00b0101. Elle porte sur la remise en cause des actions de la Croix Rouge Fran\u00e7aise pendant la Seconde Guerre-mondiale. <\/span><\/span><\/p>\n<p><span style=\"font-family: Arial,sans-serif\"><span style=\"font-size: small\"><a href=\"http:\/\/blogs.univ-jfc.fr\/projetcroixrouge\/wp-admin\/post.php?post=393&amp;action=edit#sdfootnote9anc\">9<\/a> Jean-Pierre LE CROM, <\/span><\/span><span style=\"font-family: Arial,sans-serif\"><span style=\"font-size: small\"><i>ibid <\/i><\/span><\/span><\/p>\n<p align=\"JUSTIFY\"><span style=\"font-family: Arial, sans-serif\"><span style=\"font-size: small\"><a href=\"#sdfootnote2sym\"><sup><span style=\"text-decoration: underline\"><span style=\"color: #0066cc;font-size: xx-small\"><br \/>\n<\/span><\/span><\/sup><\/a> <\/span><\/span><\/p>\n<p align=\"JUSTIFY\"><span style=\"font-family: Arial, sans-serif\"><span style=\"font-size: small\">\u00a0<\/span><\/span><\/p>\n<p align=\"JUSTIFY\"><span style=\"font-family: Arial, sans-serif\"><span style=\"font-size: small\">\u00a0<\/span><\/span><\/p>\n<p>&nbsp;<\/p>\n","protected":false},"excerpt":{"rendered":"<p>L&rsquo;heure des choix : priorit\u00e9 aux enfants et aux femmes \u00a0\u00a0\u00a0\u00a0 En mai 1940, la Croix-Rouge fran\u00e7aise doit faire face \u00e0 l&rsquo;exode qui survient en France. Suite \u00e0 l&rsquo;Armistice coupant la France en deux, beaucoup de familles ont \u00e9t\u00e9 s\u00e9par\u00e9es. Elle intervient o\u00f9 cela est possible et o\u00f9 elle le peut. On compte environ dix &hellip; <a href=\"https:\/\/blogs.univ-jfc.fr\/projetcroixrouge\/la-croix-rouge-dans-les-guerres-mondiales\/laction-sanitaire-et-sociale-de-la-croix-rouge-pendant-la-seconde-guerre-mondiale\/des-populations-civiles-en-difficulte\/\" class=\"more-link\">Continuer la lecture de <span class=\"screen-reader-text\">Des populations civiles en difficult\u00e9<\/span> <span class=\"meta-nav\">&rarr;<\/span><\/a><\/p>\n","protected":false},"author":121,"featured_media":0,"parent":86,"menu_order":0,"comment_status":"closed","ping_status":"open","template":"","meta":[],"_links":{"self":[{"href":"https:\/\/blogs.univ-jfc.fr\/projetcroixrouge\/wp-json\/wp\/v2\/pages\/393"}],"collection":[{"href":"https:\/\/blogs.univ-jfc.fr\/projetcroixrouge\/wp-json\/wp\/v2\/pages"}],"about":[{"href":"https:\/\/blogs.univ-jfc.fr\/projetcroixrouge\/wp-json\/wp\/v2\/types\/page"}],"author":[{"embeddable":true,"href":"https:\/\/blogs.univ-jfc.fr\/projetcroixrouge\/wp-json\/wp\/v2\/users\/121"}],"replies":[{"embeddable":true,"href":"https:\/\/blogs.univ-jfc.fr\/projetcroixrouge\/wp-json\/wp\/v2\/comments?post=393"}],"version-history":[{"count":34,"href":"https:\/\/blogs.univ-jfc.fr\/projetcroixrouge\/wp-json\/wp\/v2\/pages\/393\/revisions"}],"predecessor-version":[{"id":3945,"href":"https:\/\/blogs.univ-jfc.fr\/projetcroixrouge\/wp-json\/wp\/v2\/pages\/393\/revisions\/3945"}],"up":[{"embeddable":true,"href":"https:\/\/blogs.univ-jfc.fr\/projetcroixrouge\/wp-json\/wp\/v2\/pages\/86"}],"wp:attachment":[{"href":"https:\/\/blogs.univ-jfc.fr\/projetcroixrouge\/wp-json\/wp\/v2\/media?parent=393"}],"curies":[{"name":"wp","href":"https:\/\/api.w.org\/{rel}","templated":true}]}}