{"id":399,"date":"2015-02-05T09:13:48","date_gmt":"2015-02-05T08:13:48","guid":{"rendered":"http:\/\/blogs.univ-jfc.fr\/projetcroixrouge\/?page_id=399"},"modified":"2015-04-12T12:26:45","modified_gmt":"2015-04-12T11:26:45","slug":"liberation-et-premieres-reconstructions","status":"publish","type":"page","link":"https:\/\/blogs.univ-jfc.fr\/projetcroixrouge\/la-croix-rouge-dans-les-guerres-mondiales\/laction-sanitaire-et-sociale-de-la-croix-rouge-pendant-la-seconde-guerre-mondiale\/liberation-et-premieres-reconstructions\/","title":{"rendered":"Lib\u00e9ration et reconstruction"},"content":{"rendered":"<p align=\"JUSTIFY\">\u00a0<span style=\"font-family: Arial,sans-serif\"><span style=\"font-size: medium\"><strong>Les moyens mis en place en 1944 et les difficult\u00e9s d&rsquo;intervention<\/strong><\/span><\/span><\/p>\n<div>\n<figure id=\"attachment_484\" aria-describedby=\"caption-attachment-484\" style=\"width: 217px\" class=\"wp-caption alignleft\"><a href=\"http:\/\/blogs.univ-jfc.fr\/projetcroixrouge\/wp-content\/uploads\/sites\/40\/2015\/02\/ludo-image-1.jpg\"><img loading=\"lazy\" class=\"size-medium wp-image-484  \" title=\"Formation de b\u00e9n\u00e9voles de la Croix-Rouge fran\u00e7aise \u00e0 Paris en 1944 (site de la Croix-Rouge )\" alt=\"\" src=\"http:\/\/blogs.univ-jfc.fr\/projetcroixrouge\/wp-content\/uploads\/sites\/40\/2015\/02\/ludo-image-1-217x300.jpg\" width=\"217\" height=\"300\" srcset=\"https:\/\/blogs.univ-jfc.fr\/projetcroixrouge\/wp-content\/uploads\/sites\/40\/2015\/02\/ludo-image-1-217x300.jpg 217w, https:\/\/blogs.univ-jfc.fr\/projetcroixrouge\/wp-content\/uploads\/sites\/40\/2015\/02\/ludo-image-1.jpg 363w\" sizes=\"(max-width: 217px) 100vw, 217px\" \/><\/a><figcaption id=\"caption-attachment-484\" class=\"wp-caption-text\">Formation de nouveaux secouristes<\/figcaption><\/figure>\n<p align=\"JUSTIFY\">\u00a0<span style=\"font-size: medium\"><span style=\"font-family: Arial,sans-serif\"><span style=\"font-size: medium\">Le nombre de b\u00e9n\u00e9voles au sein de la Croix-Rouge en 1944 est cons\u00e9quent. On d\u00e9nombre 635 000 membres en zone Nord pour une population de 28 100 000 habitants, soit 2,25% de la population et 409 000 membres dans la zone Sud pour une population de 13 600 000 habitants, soit 3% de la population. Donc au niveau national c&rsquo;est 2,5% de la population, soit 1 million de personnes qui sont membres b\u00e9n\u00e9volement ou non de la Croix-Rouge sur une population totale de 41 700 000 habitants.<a href=\"#sdfootnote1sym\" name=\"sdfootnote1anc\"><sup>1<\/sup><\/a> Les d\u00e9penses sont elles aussi importantes. En 1944, la Croix-Rouge a d\u00e9pens\u00e9 750 millions de francs depuis 1941. Alors qu&rsquo;avant la guerre ses d\u00e9penses annuelles \u00e9taient de 60 millions de francs<a href=\"#sdfootnote2sym\" name=\"sdfootnote2anc\"><sup>2<\/sup><\/a>.<\/span><\/span><\/span><\/p>\n<p align=\"JUSTIFY\"><span style=\"font-family: Arial,sans-serif\"><span style=\"font-size: medium\"> Malgr\u00e9 ces colossaux moyens financiers et humains, la Croix-Rouge peine \u00e0 intervenir sur le terrain lors de la Lib\u00e9ration comme en t\u00e9moigne une infirmi\u00e8re de la Croix-Rouge dans l&rsquo;Orne qui note dans son journal le 14 aout 1944 lors de la reprise des combats : \u00ab Pour l&rsquo;\u00e9vacuation, ni autos, ni voitures \u00e0 chevaux. Nos deux internes et quelques \u00e9quipi\u00e8res l&rsquo;effectueront en charrette \u00e0 bras (\u2026). Tout l&rsquo;apr\u00e8s-midi, \u00e0 l&rsquo;hospice, nous soignons des bless\u00e9s fran\u00e7ais et allemands. On constate aussi des morts (\u2026). Les tirs d&rsquo;artilleries deviennent plus intenses. On commence \u00e0 faire des calculs pour aller \u00e0 la pompe ou circuler d&rsquo;un pavillon \u00e0 un autre. \u00bb<a href=\"#sdfootnote3sym\" name=\"sdfootnote3anc\"><sup>3<\/sup><\/a> A l&rsquo;aide de ce t\u00e9moignage il est facile de percevoir le manque de moyens mat\u00e9riels plus important \u00e0 la fin de la guerre qu&rsquo;en son d\u00e9but ainsi que les difficult\u00e9s d&rsquo;interventions en plein combat.<\/span><\/span><\/p>\n<p align=\"JUSTIFY\"><span style=\"font-family: Arial,sans-serif\"><span style=\"font-size: medium\"><strong>La Croix-Rouge vient en aide aux populations lors de la lib\u00e9ration<\/strong><\/span><\/span><\/p>\n<figure id=\"attachment_487\" aria-describedby=\"caption-attachment-487\" style=\"width: 300px\" class=\"wp-caption alignleft\"><a href=\"http:\/\/blogs.univ-jfc.fr\/projetcroixrouge\/wp-content\/uploads\/sites\/40\/2015\/02\/ludo-image-2.jpg\"><img loading=\"lazy\" class=\"size-medium wp-image-487   \" title=\"Poste de secours de la Croix-Rouge et la d\u00e9fense civile, Paris 1944 ( site de la Croix-Rouge fran\u00e7aise ) \" alt=\"\" src=\"http:\/\/blogs.univ-jfc.fr\/projetcroixrouge\/wp-content\/uploads\/sites\/40\/2015\/02\/ludo-image-2-300x189.jpg\" width=\"300\" height=\"189\" srcset=\"https:\/\/blogs.univ-jfc.fr\/projetcroixrouge\/wp-content\/uploads\/sites\/40\/2015\/02\/ludo-image-2-300x189.jpg 300w, https:\/\/blogs.univ-jfc.fr\/projetcroixrouge\/wp-content\/uploads\/sites\/40\/2015\/02\/ludo-image-2.jpg 460w\" sizes=\"(max-width: 300px) 100vw, 300px\" \/><\/a><figcaption id=\"caption-attachment-487\" class=\"wp-caption-text\">La Croix-Rouge et la d\u00e9fense civile pendant la Seconde Guerre mondiale<\/figcaption><\/figure>\n<p align=\"JUSTIFY\"><span style=\"font-family: Times New Roman,serif\"><span style=\"font-size: medium\"><span style=\"font-family: Arial,sans-serif\">En effet, en 1944, il existe de nombreux postes de secours cr\u00e9\u00e9<\/span><span style=\"font-family: Arial,sans-serif\">s<\/span><span style=\"font-family: Arial,sans-serif\">, soit en toute h\u00e2te et de fa\u00e7on confuse, soit des postes de secours pr\u00e9sents depuis le d\u00e9but de la guerre et donc bien organis\u00e9s mais qui sont plus fortement sollicit\u00e9s durant l&rsquo;ann\u00e9e 1944. Comme dans le premier arrondissement par exemple.<\/span><\/span><\/span><\/p>\n<p align=\"JUSTIFY\"><span style=\"font-family: Arial,sans-serif\"><span style=\"font-size: medium\"> On d\u00e9nombre ainsi 17 postes de secours dans tout l&rsquo;arrondissement en 1944. L&rsquo;un d&rsquo;entre eux, situ\u00e9 dans le hall de la Com\u00e9die fran\u00e7aise, place du Palais Royal, est lors de la lib\u00e9ration de la capitale l&rsquo;un des plus dynamique, ce qu&rsquo; Andr\u00e9 Meunier exprime en d\u00e9clarant : \u00ab C&rsquo;\u00e9tait l&rsquo;un des plus actifs des 17 postes de l&rsquo;arrondissement, dans lequel nous avons relev\u00e9 plus de 800 bless\u00e9s et 80 morts \u00bb<a href=\"#sdfootnote1sym\" name=\"sdfootnote1anc\"><sup>1<\/sup><\/a> <\/span><\/span><\/p>\n<p align=\"JUSTIFY\"><span style=\"font-family: Arial,sans-serif\"><span style=\"font-size: medium\">Les sections de conductrices ambulanci\u00e8res de la Croix-Rouge fran\u00e7aise, existant depuis 1939, font elles aussi partie des nombreuses autres sections de rapatriement mobilis\u00e9es de nouveau \u00e0 la lib\u00e9ration de la France. Toutes ces femmes sont volontaires et souvent tr\u00e8s jeunes. Elles ont pour mission de prendre en charge les rescap\u00e9s des camps les plus touch\u00e9s et les plus faibles physiquement. Durant plusieurs mois les ambulances de la Croix-Rouge fran\u00e7aise font des allers-retours de plusieurs centaines de kilom\u00e8tres par jour entre les anciens camps de d\u00e9tention et les points de ralliement sanitaires.<\/span><\/span><\/p>\n<div id=\"sdfootnote1\">\n<p align=\"JUSTIFY\"><span style=\"font-family: Arial,sans-serif\"><span style=\"font-size: medium\"><strong>Bilan de la Croix-Rouge \u00e0 la fin de la guerre<\/strong><\/span><\/span><\/p>\n<\/div>\n<\/div>\n<figure id=\"attachment_1335\" aria-describedby=\"caption-attachment-1335\" style=\"width: 300px\" class=\"wp-caption alignleft\"><a href=\"http:\/\/blogs.univ-jfc.fr\/projetcroixrouge\/wp-content\/uploads\/sites\/40\/2015\/02\/Aout-1944-liberation-de-Paris-le-poste-de-secours-de-la-Comedie-francaise_slideshow.jpg\"><img loading=\"lazy\" class=\"size-medium wp-image-1335  \" title=\"C\u00e9l\u00e9bration de la lib\u00e9ration de Paris entre les membres de la Croix rouge et les soldats am\u00e9ricains  en Aout 1944 (Site de la Croix-Rouge)\" alt=\"\" src=\"http:\/\/blogs.univ-jfc.fr\/projetcroixrouge\/wp-content\/uploads\/sites\/40\/2015\/02\/Aout-1944-liberation-de-Paris-le-poste-de-secours-de-la-Comedie-francaise_slideshow-300x189.jpg\" width=\"300\" height=\"189\" srcset=\"https:\/\/blogs.univ-jfc.fr\/projetcroixrouge\/wp-content\/uploads\/sites\/40\/2015\/02\/Aout-1944-liberation-de-Paris-le-poste-de-secours-de-la-Comedie-francaise_slideshow-300x189.jpg 300w, https:\/\/blogs.univ-jfc.fr\/projetcroixrouge\/wp-content\/uploads\/sites\/40\/2015\/02\/Aout-1944-liberation-de-Paris-le-poste-de-secours-de-la-Comedie-francaise_slideshow.jpg 782w\" sizes=\"(max-width: 300px) 100vw, 300px\" \/><\/a><figcaption id=\"caption-attachment-1335\" class=\"wp-caption-text\">La Croix-Rouge lors de la lib\u00e9ration en Aout 1944<\/figcaption><\/figure>\n<p align=\"JUSTIFY\"><span style=\"font-size: medium\"><span style=\"font-family: Arial,sans-serif\">En plus des postes de secours, il existe en France sept centres sanitaires ayant \u0153uvr\u00e9 toute la guerre pour venir en aide aux populations civiles. Lille, Metz, Lyon, Aix-les-Bains, Lixeuil et les centres maritimes de Dieppe et Ville-franche. Lors de la fin de la guerre, apr\u00e8s l&rsquo;armistice du 8 mai 1945, les effectifs sont comptabilis\u00e9s. On d\u00e9nombre au total dans les 7 centres : 124 infirmi\u00e8res, 40 assistantes sociales, 93 secouristes et 400 brancardiers. Mais pr\u00e8s des deux tiers des effectifs des sept centres sont regroup\u00e9s dans les centres sanitaires de Lille, Lyon et Metz avec un total pour ces 3 centres sanitaires de 90 infirmi\u00e8res, 30 assistantes sociales, 75 secouristes, 240 brancardiers.<a href=\"#sdfootnote1sym\" name=\"sdfootnote1anc\"><sup>5 <\/sup><\/a><\/span><\/span><\/p>\n<p align=\"JUSTIFY\"><span style=\"font-family: Arial,sans-serif\"><span style=\"font-size: medium\">Il est aussi important pour terminer ce bilan de mentionner, ces hommes et ces femmes d\u00e9c\u00e9d\u00e9es pour la Croix-Rouge dans l&rsquo;exercice de leur fonction. Qu&rsquo;ils soient b\u00e9n\u00e9voles ou non. Comme par exemple Pierre Chatenet et Jean Cazard, qui ont respectivement 17 et 18 ans. Ils appartiennent aux \u00e9quipes d&rsquo;urgence de la Croix-Rouge et ils sont tu\u00e9s le 19 aout 1944. Ou encore Madeleine Brinet qui, \u00e0 29 ans, est aide m\u00e9dico-sociale aux \u00e9quipes d&rsquo;urgence de la Croix-Rouge et qui meurt le 24 aout 1944. Malgr\u00e9 ces nombreuses vies sacrifi\u00e9es, le dynamisme continue pour le rapatriement des rescap\u00e9s des camps.<\/span><\/span><\/p>\n<div id=\"sdfootnote1\">\n<div id=\"sdfootnote1\">\n<p><a href=\"#sdfootnote1anc\" name=\"sdfootnote1sym\">1 <\/a><span style=\"font-family: Arial,sans-serif\"><span style=\"font-size: small\">G\u00e9rard Chauvy, <i>la Croix-Rouge dans la guerre 1935 \u2013 1947, Paris, Flammarion, 2000, 401 pages<\/i><\/span><\/span><\/p>\n<p><a href=\"#sdfootnote1anc\" name=\"sdfootnote1sym\"><\/a><a href=\"#sdfootnote1anc\" name=\"sdfootnote1sym\"><\/a><a href=\"#sdfootnote2anc\" name=\"sdfootnote2sym\">2 <\/a><span style=\"font-family: Arial,sans-serif\"><span style=\"font-size: small\">Le Crom Jean-Pierre, \u00ab La Croix-Rouge fran\u00e7aise pendant la Seconde Guerre mondiale \u00bb, <i>Vingti\u00e8me Si\u00e8cle. Revue d&rsquo;Histoire, 2009, <\/i>num\u00e9ro 101, p 149-162<\/span><\/span><\/p>\n<p><a href=\"#sdfootnote2anc\" name=\"sdfootnote2sym\"><\/a><a href=\"#sdfootnote3anc\" name=\"sdfootnote3sym\">3 <\/a><span style=\"font-family: Arial,sans-serif\"><span style=\"font-size: small\">G\u00e9rard Chauvy, <i>op.cit <\/i><\/span><\/span><\/p>\n<p><a href=\"#sdfootnote3anc\" name=\"sdfootnote3sym\"><\/a><a href=\"#sdfootnote1anc\" name=\"sdfootnote1sym\">4 <\/a><span style=\"font-family: Arial,sans-serif\"><span style=\"font-size: small\">La Croix-Rouge fran\u00e7aise, \u00ab Aout 1944, lib\u00e9ration de Paris, le poste de secours de la Com\u00e9die fran\u00e7aise \u00bb, <i>site de la Croix-Rouge fran\u00e7aise<\/i>, 25 aout 2014<\/span><\/span><\/p>\n<p><a href=\"#sdfootnote1anc\" name=\"sdfootnote1sym\"><\/a><a href=\"#sdfootnote1anc\" name=\"sdfootnote1sym\"><\/a><a href=\"#sdfootnote1anc\" name=\"sdfootnote1sym\">5 <\/a><span style=\"font-family: Arial,sans-serif\"><span style=\"font-size: small\"><i>Croix-Rouge fran\u00e7aise, assistance aux prisonniers de guerre, intern\u00e9s civils, d\u00e9port\u00e9s-rapatri\u00e9s de 1940 \u00e0 1945<\/i>, La Croix-Rouge, p86<\/span><\/span><a href=\"#sdfootnote1anc\" name=\"sdfootnote1sym\"><\/a><a href=\"#sdfootnote1anc\" name=\"sdfootnote1sym\"><\/a><\/p>\n<p align=\"JUSTIFY\">\u00a0\u00a0\u00a0\u00a0\u00a0\u00a0\u00a0\u00a0\u00a0\u00a0\u00a0\u00a0\u00a0\u00a0\u00a0\u00a0\u00a0\u00a0\u00a0\u00a0\u00a0\u00a0\u00a0\u00a0\u00a0\u00a0\u00a0\u00a0\u00a0\u00a0\u00a0\u00a0\u00a0\u00a0\u00a0\u00a0\u00a0\u00a0\u00a0\u00a0\u00a0\u00a0\u00a0\u00a0\u00a0\u00a0\u00a0\u00a0\u00a0\u00a0\u00a0\u00a0\u00a0\u00a0\u00a0\u00a0\u00a0\u00a0\u00a0\u00a0\u00a0\u00a0\u00a0\u00a0\u00a0\u00a0\u00a0\u00a0\u00a0\u00a0\u00a0\u00a0\u00a0\u00a0\u00a0\u00a0\u00a0\u00a0\u00a0\u00a0\u00a0\u00a0\u00a0\u00a0\u00a0\u00a0\u00a0\u00a0\u00a0\u00a0\u00a0\u00a0\u00a0\u00a0\u00a0\u00a0\u00a0\u00a0\u00a0\u00a0\u00a0\u00a0\u00a0\u00a0\u00a0\u00a0\u00a0\u00a0\u00a0 <span style=\"font-family: Arial,sans-serif\">R\u00e9dacteur : <\/span><span style=\"font-family: Arial,sans-serif\">Blatch\u00e9 Ludovic<\/span><\/p>\n<p align=\"JUSTIFY\">\n<\/div>\n<\/div>\n","protected":false},"excerpt":{"rendered":"<p>\u00a0Les moyens mis en place en 1944 et les difficult\u00e9s d&rsquo;intervention \u00a0Le nombre de b\u00e9n\u00e9voles au sein de la Croix-Rouge en 1944 est cons\u00e9quent. On d\u00e9nombre 635 000 membres en zone Nord pour une population de 28 100 000 habitants, soit 2,25% de la population et 409 000 membres dans la zone Sud pour une &hellip; <a href=\"https:\/\/blogs.univ-jfc.fr\/projetcroixrouge\/la-croix-rouge-dans-les-guerres-mondiales\/laction-sanitaire-et-sociale-de-la-croix-rouge-pendant-la-seconde-guerre-mondiale\/liberation-et-premieres-reconstructions\/\" class=\"more-link\">Continuer la lecture de <span class=\"screen-reader-text\">Lib\u00e9ration et reconstruction<\/span> <span class=\"meta-nav\">&rarr;<\/span><\/a><\/p>\n","protected":false},"author":121,"featured_media":0,"parent":86,"menu_order":0,"comment_status":"closed","ping_status":"open","template":"","meta":[],"_links":{"self":[{"href":"https:\/\/blogs.univ-jfc.fr\/projetcroixrouge\/wp-json\/wp\/v2\/pages\/399"}],"collection":[{"href":"https:\/\/blogs.univ-jfc.fr\/projetcroixrouge\/wp-json\/wp\/v2\/pages"}],"about":[{"href":"https:\/\/blogs.univ-jfc.fr\/projetcroixrouge\/wp-json\/wp\/v2\/types\/page"}],"author":[{"embeddable":true,"href":"https:\/\/blogs.univ-jfc.fr\/projetcroixrouge\/wp-json\/wp\/v2\/users\/121"}],"replies":[{"embeddable":true,"href":"https:\/\/blogs.univ-jfc.fr\/projetcroixrouge\/wp-json\/wp\/v2\/comments?post=399"}],"version-history":[{"count":29,"href":"https:\/\/blogs.univ-jfc.fr\/projetcroixrouge\/wp-json\/wp\/v2\/pages\/399\/revisions"}],"predecessor-version":[{"id":3949,"href":"https:\/\/blogs.univ-jfc.fr\/projetcroixrouge\/wp-json\/wp\/v2\/pages\/399\/revisions\/3949"}],"up":[{"embeddable":true,"href":"https:\/\/blogs.univ-jfc.fr\/projetcroixrouge\/wp-json\/wp\/v2\/pages\/86"}],"wp:attachment":[{"href":"https:\/\/blogs.univ-jfc.fr\/projetcroixrouge\/wp-json\/wp\/v2\/media?parent=399"}],"curies":[{"name":"wp","href":"https:\/\/api.w.org\/{rel}","templated":true}]}}