{"id":422,"date":"2015-02-05T09:33:21","date_gmt":"2015-02-05T08:33:21","guid":{"rendered":"http:\/\/blogs.univ-jfc.fr\/projetcroixrouge\/?page_id=422"},"modified":"2015-04-12T10:24:18","modified_gmt":"2015-04-12T09:24:18","slug":"la-croix-rouge-francaise-apres-la-decolonisation","status":"publish","type":"page","link":"https:\/\/blogs.univ-jfc.fr\/projetcroixrouge\/la-croix-rouge-et-le-monde\/lhumanitaire-en-actions\/la-croix-rouge-francaise-apres-la-decolonisation\/","title":{"rendered":"La Croix-Rouge fran\u00e7aise apr\u00e8s la d\u00e9colonisation"},"content":{"rendered":"<p><strong> La Guerre du Biafra, naissance de l&rsquo;humanitaire moderne<\/strong><\/p>\n<p align=\"JUSTIFY\"><span style=\"font-family: Arial, sans-serif\"><span style=\"color: #000000\"><span style=\"font-size: medium\"> Du 6 juillet 1967 au 15 janvier 1970 une r\u00e9gion \u00e0 l&rsquo;est du Nigeria a d\u00e9cid\u00e9 de faire s\u00e9cession et proclame la R\u00e9publique du Biafra. <\/span><\/span>Cette volont\u00e9 d&rsquo;ind\u00e9pendance a d\u00e9clench\u00e9 une guerre civile opposant les forces du Biafra, men\u00e9es par le colonel Olukwu, aux troupes gouvernementales du Nigeria command\u00e9es par le g\u00e9n\u00e9ral Gowon. <\/span><\/p>\n<p align=\"JUSTIFY\"><span style=\"font-family: Arial, sans-serif\">Ces \u00e9v\u00e9nements vont attirer l&rsquo;attention du grand public des pays d\u00e9velopp\u00e9s et promouvoir l&rsquo;action humanitaire des Organisations Non Gouvernementales telles que M\u00e9decins sans fronti\u00e8res ou encore la Croix-Rouge Fran\u00e7aise qui va prendre une importance toute nouvelle sur la sc\u00e8ne humanitaire Africaine. Cette action est capitale dans l&rsquo;histoire de la Croix-Rouge Fran\u00e7aise : il s&rsquo;agit en effet de la premi\u00e8re v\u00e9ritable op\u00e9ration humanitaire \u00e0 grande \u00e9chelle qu&rsquo;elle a eu \u00e0 mener dans un contexte post\u00e9rieur \u00e0 la d\u00e9colonisation. Il se trouve que les principales ONG internationales vont intervenir en faveur des populations touch\u00e9es, et m\u00eame aller jusqu&rsquo;\u00e0 organiser un pont a\u00e9rien de nuit pour outrepasser le blocus nig\u00e9rian herm\u00e9tique aux <\/span><span style=\"font-family: Arial, sans-serif\">humanitaires<sup><a href=\"#sdfootnote1sym\" name=\"sdfootnote1anc\">1<\/a><\/sup><\/span><span style=\"font-family: Arial, sans-serif\">, vus comme un soutien essentiel aux rebelles.<\/span><\/p>\n<figure style=\"width: 200px\" class=\"wp-caption alignleft\"><a href=\"http:\/\/blogs.univ-jfc.fr\/projetcroixrouge\/wp-content\/uploads\/sites\/40\/2015\/01\/150-8-may-06-ng-n-00061-14.jpg\"><img loading=\"lazy\" class=\" \" title=\"M\u00e9decin de la Croix-Rouge fran\u00e7aise pratiquant les premiers soins m\u00e9dicaux sur des civils Biafrais, 1968-1970 (Source\u00a0: site du CICR) \" alt=\"150-8-may-06-ng-n-00061-14\" src=\"http:\/\/blogs.univ-jfc.fr\/projetcroixrouge\/wp-content\/uploads\/sites\/40\/2015\/01\/150-8-may-06-ng-n-00061-14-200x300.jpg\" width=\"200\" height=\"300\" \/><\/a><figcaption class=\"wp-caption-text\">Engagement post-d\u00e9colonisation de la Croix-Rouge fran\u00e7aise<\/figcaption><\/figure>\n<p align=\"JUSTIFY\"><span style=\"font-family: Arial, sans-serif\">Les puissances mondiales (Royaume-Uni, \u00c9tats-Unis et URSS) prennent position pour les nig\u00e9rians, alors que la France, ignorant sa politique de non-ing\u00e9rence, va pousser les m\u00e9decins de la Croix-Rouge Fran\u00e7aise \u00e0 rejoindre le CICR dans son intervention. L&rsquo;intervention de la Croix-Rouge au Biafra va donner une nouvelle importance \u00e0 cette organisation jusque l\u00e0 principalement active aupr\u00e8s des bless\u00e9s et prisonniers militaires. Cette intervention va montrer au monde l&rsquo;importance de l&rsquo;existence d&rsquo;une organisation ind\u00e9pendante de tout pays et agissant seulement pour le bien des populations civiles. Ainsi la Croix-Rouge va investir un secteur qui monopolisera une grande partie de ses ressources pour la p\u00e9riode \u00e0 venir, l&rsquo;aide humanitaire. <span style=\"color: #000000\"><span style=\"font-size: medium\">Les actions du CICR portent principalement sur les soins m\u00e9dicaux au populations touch\u00e9es par la famine ou les combats.<\/span><\/span><\/span><\/p>\n<p><strong>\u00a0<\/strong><\/p>\n<p><strong> Action durant le g\u00e9nocide du Rwanda<\/strong><\/p>\n<p align=\"JUSTIFY\">\u00a0<span style=\"font-family: Arial, sans-serif\"><span style=\"font-size: medium\">De 1990 \u00e0 1994, le Rwanda, pays d&rsquo;Afrique de l&rsquo;Est, traverse une p\u00e9riode de trouble durant laquelle l&rsquo;une des deux principales ethnies du pays va massacrer les membres de l&rsquo;autre. Cette guerre civile qui est en r\u00e9alit\u00e9 plus un g\u00e9nocide a apport\u00e9 avec elle un flot continu d&rsquo;atrocit\u00e9s, de bless\u00e9s et de morts. Ce genre de situation est assez repr\u00e9sentative des interventions humanitaires lors de conflits se d\u00e9roulant apr\u00e8s la fin de la guerre froide.<\/span><\/span><\/p>\n<p align=\"JUSTIFY\"><span style=\"font-family: Arial, sans-serif\"><span style=\"font-size: medium\">La Croix-Rouge fran\u00e7aise ainsi que de nombreuses autres ONG vont bien s\u00fbr intervenir durant ces \u00e9v\u00e9nements afin de venir en aide au populations civiles et parfois \u00e9galement aux militaires. Durant toute la dur\u00e9e du conflit, la Croix-Rouge Fran\u00e7aise va s&rsquo;efforcer, sous l&rsquo;\u00e9gide du CICR, de faire respecter les conventions de Gen\u00e8ve bien qu&rsquo;elle n&rsquo;y parvienne pas en g\u00e9n\u00e9ral. On peut dire que la position de neutralit\u00e9 de cette ONG est fortement remise en cause pendant et apr\u00e8s la guerre par les instances internationales et aussi par le gouvernement post-g\u00e9nocide. En effet, apr\u00e8s que le Front Patriotique Rwandais, fond\u00e9 par Fred RWIGEMA, a repris le contr\u00f4le du pays, d\u00e9bute une \u00e9puration sauvage contre les militaires Hutu responsables du g\u00e9nocide. Les organisation militaires ou civiles \u00e9trang\u00e8res pr\u00e9sentes dans le pays ont pour beaucoup \u00e9t\u00e9 accus\u00e9es soit de n&rsquo;avoir rien fait pour emp\u00eacher les massacres soit de les avoir favoris\u00e9s. Ainsi la Croix-Rouge Fran\u00e7aise, malgr\u00e9 sont intervention en faveur des civils, va voir sa r\u00e9putation grandement d\u00e9t\u00e9rior\u00e9e au Rwanda. Si bien que fin 1995 le ministre Rwandais de la r\u00e9habilitation et de l&rsquo;int\u00e9gration Sociale a signifi\u00e9 \u00e0 un certain nombres d&rsquo;ONG leur possible expulsion du territoire national : les diff\u00e9rentes Croix-Rouge nationales encore pr\u00e9sentes sont cit\u00e9s comme menac\u00e9s\u00a0<\/span><\/span><span style=\"font-family: Arial, sans-serif\"><span style=\"font-size: medium\">d&rsquo;expulsion<sup><a href=\"#sdfootnote1sym\" name=\"sdfootnote1anc\">1<\/a><\/sup><\/span><\/span><\/p>\n<figure style=\"width: 300px\" class=\"wp-caption alignright\"><a href=\"http:\/\/blogs.univ-jfc.fr\/projetcroixrouge\/wp-content\/uploads\/sites\/40\/2015\/02\/20140407_Rwanda_article_Main2.jpg\"><img loading=\"lazy\" class=\" \" title=\"Le Rwanda pr\u00e9f\u00e8re faire appel \u00e0 sa soci\u00e9t\u00e9 nationale de la Croix-Rouge plut\u00f4t qu'\u00e0 celle de France, ici un camp de r\u00e9fugi\u00e9 de la Croix-Rouge rwandaise. (source : ifcr.org)\" alt=\"20140407_Rwanda_article_Main2\" src=\"http:\/\/blogs.univ-jfc.fr\/projetcroixrouge\/wp-content\/uploads\/sites\/40\/2015\/02\/20140407_Rwanda_article_Main2-300x161.jpg\" width=\"300\" height=\"161\" \/><\/a><figcaption class=\"wp-caption-text\">Action de la Croix-Rouge nationale du wanda<\/figcaption><\/figure>\n<p align=\"JUSTIFY\"><span style=\"font-family: Arial, sans-serif\"><span style=\"font-size: medium\">Le Rwanda va alors favoriser les actions de sa propre Croix-Rouge nationale cr\u00e9e en 1964. Ce conflit met clairement en lumi\u00e8re la difficult\u00e9 pour une organisation humanitaire nationale d&rsquo;agir de fa\u00e7on impartiale lors d&rsquo;un conflit m\u00eame avec le soutien d&rsquo;une organisation internationale comme le CICR. Il d\u00e9montre aussi la m\u00e9fiance des populations et des dirigeants des pays en crise face \u00e0 la volont\u00e9 d&rsquo;aider de fa\u00e7on \u00ab\u00a0d\u00e9sint\u00e9ress\u00e9e\u00a0\u00bb qui semble l&rsquo;apanage des ONG telle que la Croix-Rouge fran\u00e7aise.<\/span><\/span><\/p>\n<p><a href=\"#sdfootnote1anc\" name=\"sdfootnote1sym\">1<\/a><a href=\"http:\/\/humanitaire.revues.org\/\">\u00a0site officiel de la Revue humanitaire<\/a><\/p>\n<div id=\"sdfootnote1\">\n<p><a href=\"#sdfootnote1anc\" name=\"sdfootnote1sym\">1<\/a>\u00a0<a href=\"http:\/\/irenees.net\">le gouvernement Rwandais expulse des ONG\u00a0( article de Florence DA SILVA, 1996\u00a0)<\/a><\/p>\n<\/div>\n<dl class=\"wp-caption alignleft\" id=\"attachment_207\" style=\"width: 210px\">\n<dd class=\"wp-caption-dd\"><\/dd>\n<\/dl>\n<p align=\"JUSTIFY\"><span style=\"font-family: Arial, sans-serif\">\u00a0<\/span><\/p>\n","protected":false},"excerpt":{"rendered":"<p>La Guerre du Biafra, naissance de l&rsquo;humanitaire moderne Du 6 juillet 1967 au 15 janvier 1970 une r\u00e9gion \u00e0 l&rsquo;est du Nigeria a d\u00e9cid\u00e9 de faire s\u00e9cession et proclame la R\u00e9publique du Biafra. Cette volont\u00e9 d&rsquo;ind\u00e9pendance a d\u00e9clench\u00e9 une guerre civile opposant les forces du Biafra, men\u00e9es par le colonel Olukwu, aux troupes gouvernementales du &hellip; <a href=\"https:\/\/blogs.univ-jfc.fr\/projetcroixrouge\/la-croix-rouge-et-le-monde\/lhumanitaire-en-actions\/la-croix-rouge-francaise-apres-la-decolonisation\/\" class=\"more-link\">Continuer la lecture de <span class=\"screen-reader-text\">La Croix-Rouge fran\u00e7aise apr\u00e8s la d\u00e9colonisation<\/span> <span class=\"meta-nav\">&rarr;<\/span><\/a><\/p>\n","protected":false},"author":118,"featured_media":0,"parent":110,"menu_order":3,"comment_status":"closed","ping_status":"open","template":"","meta":[],"_links":{"self":[{"href":"https:\/\/blogs.univ-jfc.fr\/projetcroixrouge\/wp-json\/wp\/v2\/pages\/422"}],"collection":[{"href":"https:\/\/blogs.univ-jfc.fr\/projetcroixrouge\/wp-json\/wp\/v2\/pages"}],"about":[{"href":"https:\/\/blogs.univ-jfc.fr\/projetcroixrouge\/wp-json\/wp\/v2\/types\/page"}],"author":[{"embeddable":true,"href":"https:\/\/blogs.univ-jfc.fr\/projetcroixrouge\/wp-json\/wp\/v2\/users\/118"}],"replies":[{"embeddable":true,"href":"https:\/\/blogs.univ-jfc.fr\/projetcroixrouge\/wp-json\/wp\/v2\/comments?post=422"}],"version-history":[{"count":10,"href":"https:\/\/blogs.univ-jfc.fr\/projetcroixrouge\/wp-json\/wp\/v2\/pages\/422\/revisions"}],"predecessor-version":[{"id":3930,"href":"https:\/\/blogs.univ-jfc.fr\/projetcroixrouge\/wp-json\/wp\/v2\/pages\/422\/revisions\/3930"}],"up":[{"embeddable":true,"href":"https:\/\/blogs.univ-jfc.fr\/projetcroixrouge\/wp-json\/wp\/v2\/pages\/110"}],"wp:attachment":[{"href":"https:\/\/blogs.univ-jfc.fr\/projetcroixrouge\/wp-json\/wp\/v2\/media?parent=422"}],"curies":[{"name":"wp","href":"https:\/\/api.w.org\/{rel}","templated":true}]}}