{"id":432,"date":"2015-02-05T09:33:46","date_gmt":"2015-02-05T08:33:46","guid":{"rendered":"http:\/\/blogs.univ-jfc.fr\/projetcroixrouge\/?page_id=432"},"modified":"2015-04-12T10:28:21","modified_gmt":"2015-04-12T09:28:21","slug":"le-fonctionnement-actuel-des-actions-internationales-de-la-croix-rouge-francaise","status":"publish","type":"page","link":"https:\/\/blogs.univ-jfc.fr\/projetcroixrouge\/la-croix-rouge-et-le-monde\/lhumanitaire-en-actions\/le-fonctionnement-actuel-des-actions-internationales-de-la-croix-rouge-francaise\/","title":{"rendered":"Le fonctionnement actuel des actions internationales de la Croix-Rouge fran\u00e7aise"},"content":{"rendered":"<p><b>Une constante collaboration<\/b><\/p>\n<p align=\"JUSTIFY\"><span style=\"color: #000000\"><span style=\"font-family: Arial, sans-serif\"><span style=\"font-size: medium\"> Faisant partie de la F\u00e9d\u00e9ration des soci\u00e9t\u00e9s de la Croix-Rouge et du Croissant-Rouge (FICR), la Croix-Rouge fran\u00e7aise doit soutenir les autres Croix-Rouges locales lorsque celles-ci ne peuvent plus faire face \u00e0 une catastrophe naturelle ou \u00e0 une crise alimentaire. Etant membre du Mouvement international de la Croix-Rouge et du Croissant-Rouge, la Croix-Rouge fran\u00e7aise intervient actuellement dans un peu plus de 40 pays \u00e0 travers environ 74\u00a0<\/span><\/span><\/span><span style=\"color: #000000\"><span style=\"font-family: Arial, sans-serif\"><span style=\"font-size: medium\">projets<sup><a href=\"#sdfootnote1sym\" name=\"sdfootnote1anc\">1<\/a>\u00a0<\/sup><\/span><\/span><\/span><span style=\"color: #000000\"><span style=\"font-family: Arial, sans-serif\"><span style=\"font-size: medium\">pour garantir aux populations sinistr\u00e9es un acc\u00e8s aux soutiens humanitaires fondamentaux tels que les soins (urgences, m\u00e9dicaments, pr\u00e9vention), l&rsquo;eau assainie, la s\u00e9curit\u00e9 alimentaire ou encore \u00e0 un abri. La Croix-Rouge fran\u00e7aise coordonne \u00e9galement des programmes de pr\u00e9vention contre les risques naturels et sanitaires ainsi que des programmes de logement et d&rsquo;assainissement de l&rsquo;habitat (acc\u00e8s \u00e0 l&rsquo;eau potable, logements durables, gestion des d\u00e9chets).<\/span><\/span><\/span><\/p>\n<figure id=\"attachment_937\" aria-describedby=\"caption-attachment-937\" style=\"width: 300px\" class=\"wp-caption alignleft\"><a href=\"http:\/\/blogs.univ-jfc.fr\/projetcroixrouge\/wp-content\/uploads\/sites\/40\/2015\/02\/rcrc-diagram-fr.jpg\"><img loading=\"lazy\" class=\"size-medium wp-image-937 \" title=\"la conf\u00e9rence internationale permet une communication entre tous les acteurs de la Croix-Rouge (source : site de la conf\u00e9rence internationale de la Croix-Rouge et du Croissant-Rouge)\" alt=\"rcrc-diagram-fr\" src=\"http:\/\/blogs.univ-jfc.fr\/projetcroixrouge\/wp-content\/uploads\/sites\/40\/2015\/02\/rcrc-diagram-fr-300x223.jpg\" width=\"300\" height=\"223\" srcset=\"https:\/\/blogs.univ-jfc.fr\/projetcroixrouge\/wp-content\/uploads\/sites\/40\/2015\/02\/rcrc-diagram-fr-300x223.jpg 300w, https:\/\/blogs.univ-jfc.fr\/projetcroixrouge\/wp-content\/uploads\/sites\/40\/2015\/02\/rcrc-diagram-fr.jpg 500w\" sizes=\"(max-width: 300px) 100vw, 300px\" \/><\/a><figcaption id=\"caption-attachment-937\" class=\"wp-caption-text\">Quelle est l&rsquo;importance d&rsquo;une conf\u00e9rence internationale?<\/figcaption><\/figure>\n<p style=\"text-align: justify\" align=\"JUSTIFY\"><span style=\"color: #000000\"><span style=\"font-family: Arial, sans-serif\"><span style=\"font-size: medium\">Pour maintenir une communication r\u00e9guli\u00e8re, la conf\u00e9rence internationale de la Croix-Rouge et du Croissant-Rouge r\u00e9unit les repr\u00e9sentants des\u00a0<\/span><\/span><\/span><span style=\"color: #000000\"><span style=\"font-family: Arial, sans-serif\"><span style=\"font-size: medium\">instances (Conseil International de la Croix-Rouge (CICR), f\u00e9d\u00e9ration internationale de la Croix-Rouge et du Croissant-Rouge, Croix-Rouges nationales)<sup>\u00a0<\/sup><\/span><\/span><\/span><span style=\"color: #000000\"><span style=\"font-family: Arial, sans-serif\"><span style=\"font-size: medium\">ainsi que ceux des \u00c9tats signataires des Conventions de Gen\u00e8ve. Ces r\u00e9unions, en plus de la communication, ont pour but de faire \u00e9voluer la conception du droit international humanitaire ainsi que la mise en place des diff\u00e9rentes actions possibles \u00e0 travers le monde.<\/span><\/span><\/span><\/p>\n<p>\u00a0<strong>La logistique d&rsquo;une intervention \u00e0 l&rsquo;\u00e9tranger<\/strong><\/p>\n<figure id=\"attachment_355\" aria-describedby=\"caption-attachment-355\" style=\"width: 300px\" class=\"wp-caption alignright\"><a href=\"http:\/\/blogs.univ-jfc.fr\/projetcroixrouge\/wp-content\/uploads\/sites\/40\/2015\/02\/Les-equipes-de-reponse-aux-urgences-humanitaires_large.jpg\"><img loading=\"lazy\" class=\"size-medium wp-image-355  \" title=\"Mise en place d'un dispositif d'approvisionnement en eau potable par un membre d'une des \u00e9quipes dite de &quot;r\u00e9ponse urgente&quot; de la Croix-Rouge fran\u00e7aise. (Source : site de la Croix-Rouge)\" alt=\"Les-equipes-de-reponse-aux-urgences-humanitaires_large\" src=\"http:\/\/blogs.univ-jfc.fr\/projetcroixrouge\/wp-content\/uploads\/sites\/40\/2015\/02\/Les-equipes-de-reponse-aux-urgences-humanitaires_large-300x189.jpg\" width=\"300\" height=\"189\" srcset=\"https:\/\/blogs.univ-jfc.fr\/projetcroixrouge\/wp-content\/uploads\/sites\/40\/2015\/02\/Les-equipes-de-reponse-aux-urgences-humanitaires_large-300x189.jpg 300w, https:\/\/blogs.univ-jfc.fr\/projetcroixrouge\/wp-content\/uploads\/sites\/40\/2015\/02\/Les-equipes-de-reponse-aux-urgences-humanitaires_large.jpg 460w\" sizes=\"(max-width: 300px) 100vw, 300px\" \/><\/a><figcaption id=\"caption-attachment-355\" class=\"wp-caption-text\">Les moyens pour la r\u00e9ponse urgente<\/figcaption><\/figure>\n<div id=\"sdfootnote1\" style=\"text-align: justify\">\n<p><span style=\"color: #000000\"><span style=\"color: #000000\"> <span style=\"font-family: Arial, sans-serif\"><span style=\"font-size: medium\">La Croix-Rouge est membre du Comit\u00e9 de la Charte de D\u00e9ontologie des organisations sociales et humanitaires faisant appel \u00e0 la\u00a0<\/span><\/span><\/span><\/span><span style=\"color: #000000\"><span style=\"font-family: Arial, sans-serif\"><span style=\"font-size: medium\">g\u00e9n\u00e9rosit\u00e9<sup><a href=\"#sdfootnote1sym\" name=\"sdfootnote1anc\">1<\/a>\u00a0<\/sup><\/span><\/span><\/span><span style=\"color: #000000\"><span style=\"font-family: Arial, sans-serif\"><span style=\"font-size: medium\">du public. Ceci garantit une certaine transparence quant aux sources de financement et \u00e0 leur utilisation. Cette transparence dans le domaine financier est une r\u00e9elle volont\u00e9 de la Croix-Rouge fran\u00e7aise affich\u00e9e notamment de fa\u00e7on claire sur son site Web. Les comptes de la Croix-Rouge sont soumis au contr\u00f4le et \u00e0 la certification de deux cabinets de commissaires aux comptes et sont consultables par tous.<\/span><\/span><\/span><\/p>\n<p><span style=\"font-family: Arial, sans-serif\"><span style=\"font-size: medium\"><span style=\"color: #000000\">L&rsquo;intervention humanitaire dans un pays \u00e9tranger pose souvent des probl\u00e8mes d&rsquo;ordre\u00a0<\/span><\/span><\/span><span style=\"font-family: Arial, sans-serif\"><span style=\"font-size: medium\"><span style=\"color: #000000\">diplomatique<sup><a href=\"#sdfootnote1sym\" name=\"sdfootnote1anc\">1<\/a><\/sup><\/span><\/span><\/span><span style=\"font-family: Arial, sans-serif\"><span style=\"font-size: medium\"><span style=\"color: #000000\">. En effet, comme nous l&rsquo;avons vu avec l&rsquo;exemple rwandais, quand un pays traverse une crise, une aide \u00e9trang\u00e8re n&rsquo;est pas <\/span>toujours bien vue, voire pas toujours accept\u00e9e. Par exemple un pays traversant un conflit pourrait voir le personnel de la Croix-Rouge comme une menace ou parfois comme un soutien au camp adverse : en 2012 en Syrie, alors que la ville de Homs subissait un pilonnage intensif, les autorit\u00e9s ont refus\u00e9 de laisser passer un convoi de 7 camions contenant de l&rsquo;aide humanitaire, envoy\u00e9s par le\u00a0<\/span><\/span><span style=\"font-family: Arial, sans-serif\"><span style=\"font-size: medium\">CICR<sup><a href=\"#sdfootnote1sym\" name=\"sdfootnote1anc\">1<\/a><\/sup><\/span><\/span><span style=\"font-family: Arial, sans-serif\"><span style=\"font-size: medium\">. Cependant la Croix-Rouge peut \u00eatre vue comme une aide impartiale et digne de confiance. Durant l&rsquo;affrontement entre les s\u00e9paratistes pro-Russes et le gouvernement Ukrainien en Ao\u00fbt 2014, la Croix-Rouge a \u00e9t\u00e9 charg\u00e9e de remettre un convoi d&rsquo;aide humanitaire aux bastions s\u00e9paratistes de Donetsk et\u00a0<\/span><\/span><span style=\"font-family: Arial, sans-serif\"><span style=\"font-size: medium\">Lougansk<sup><a href=\"#sdfootnote1sym\" name=\"sdfootnote1anc\">1<\/a><\/sup><\/span><\/span><span style=\"font-family: Arial, sans-serif\"><span style=\"font-size: medium\">. Le CICR est en effet consid\u00e9r\u00e9 comme une entit\u00e9 neutre agissant uniquement pour le bien des populations civiles. De plus la <span style=\"color: #000000\">Croix-Rouge fran\u00e7aise<\/span> \u00e9tant la garante du respect des droits humanitaire, elle est fort souvent soutenue par les instances internationales et principalement par l&rsquo;ONU. De par son anciennet\u00e9, son organisation dense et professionnalis\u00e9e, la Croix-Rouge est une organisation qui b\u00e9n\u00e9ficie d&rsquo;une certaine confiance accord\u00e9e par les autorit\u00e9s internationales qui ont tendance \u00e0 faciliter ses actions. Il existe en effet une r\u00e9elle coordination entre les services humanitaires de l&rsquo;ONU et le CICR, ayant tous deux les m\u00eames objectifs. Ils peuvent ainsi se r\u00e9partir le travail. Il n&rsquo;y a cependant pas de subventions accord\u00e9es au CICR par l&rsquo;ONU.<\/span><\/span><\/p>\n<p><b>Exemple d&rsquo;une intervention de la Croix-Rouge Fran\u00e7aise dans un conflit moderne : le Kosovo<\/b><\/p>\n<p align=\"JUSTIFY\"><span style=\"font-family: Arial, sans-serif\"><span style=\"font-size: medium\"> Suite au r\u00e9veil des nationalismes dans les Balkans \u00e0 la fin du XX<sup>\u00e8me<\/sup> si\u00e8cle, la guerre \u00e9clate dans la R\u00e9publique f\u00e9d\u00e9rale de Yougoslavie entre communaut\u00e9s Serbe et Albanaise. Ce conflit violent va faire de nombreux morts et bless\u00e9s. Les b\u00e9n\u00e9voles de la Croix-Rouge fran\u00e7aise vont \u00eatre mobilis\u00e9s pour venir en aide au populations civiles fortement touch\u00e9es par les combats. Un appel au dons et aux soutiens mat\u00e9riels va \u00e9galement \u00eatre effectu\u00e9e en France o<span style=\"font-family: Arial, sans-serif\">\u00f9<\/span> la Croix-Rouge est particuli\u00e8rement impliqu\u00e9e dans le soutien aux victimes. La soci\u00e9t\u00e9 fran\u00e7aise de la Croix-Rouge a organis\u00e9 de nombreuses collectes de fonds et de produits alimentaires durant les ann\u00e9es 1998-1999. Les soci\u00e9t\u00e9s locales ont particuli\u00e8rement \u00e9t\u00e9 actives notamment la Croix-Rouge de\u00a0<\/span><\/span><span style=\"font-family: Arial, sans-serif\"><span style=\"font-size: medium\">l&rsquo;Oise<sup><a href=\"#sdfootnote1sym\" name=\"sdfootnote1anc\">1<\/a>\u00a0<\/sup><\/span><\/span><span style=\"font-family: Arial, sans-serif\"><span style=\"font-size: medium\">qui a consacr\u00e9 l&rsquo;ann\u00e9e 1999 \u00e0 r\u00e9colter des denr\u00e9es et des produits de premi\u00e8re n\u00e9cessit\u00e9 pour les r\u00e9fugi\u00e9s kosovar.<\/span><\/span><\/p>\n<p align=\"JUSTIFY\"><span style=\"font-family: Arial, sans-serif\"><span style=\"font-size: medium\"> Durant le conflit, la Croix-Rouge fran\u00e7aise est intervenue en collaboration avec le CICR qui \u00e9tait responsable des op\u00e9rations. Sur place, la Croix-Rouge a pris en charge environ\u00a0<\/span><\/span><span style=\"font-family: Arial, sans-serif\"><span style=\"font-size: medium\">300<sup><a href=\"#sdfootnote1sym\" name=\"sdfootnote1anc\">1<\/a>\u00a0<\/sup><\/span><\/span><span style=\"font-family: Arial, sans-serif\"><span style=\"font-size: medium\">personnes en leur fournissant une aide alimentaire : les actions ont \u00e9t\u00e9 men\u00e9es principalement le long de la fronti\u00e8re. Durant les affrontements, le personnel de la Croix-Rouge a pratiqu\u00e9 les premiers secours sur les bless\u00e9s et s&rsquo;est occup\u00e9 de leur acheminement vers les h\u00f4pitaux. La Croix-Rouge s&rsquo;est \u00e9galement charg\u00e9e d&rsquo;organiser le don du sang ainsi que le relogement provisoire des r\u00e9fugi\u00e9s ayant fuit les combats. En ce qui concerne le financement, la F\u00e9d\u00e9ration a donn\u00e9 acc\u00e8s \u00e0 son fond de secours d&rsquo;urgence qui a permis de disposer de 120 000 francs\u00a0<\/span><\/span><span style=\"font-family: Arial, sans-serif\"><span style=\"font-size: medium\">suisses<sup><a href=\"#sdfootnote1sym\" name=\"sdfootnote1anc\">1<\/a>\u00a0<\/sup><\/span><\/span><span style=\"font-family: Arial, sans-serif\"><span style=\"font-size: medium\">pour les op\u00e9rations au Kosovo. <span style=\"color: #000000\">La Croix-Rouge a \u00e9galement d\u00fb agir en collaboration avec la force militaire d\u00e9ploy\u00e9e par l&rsquo;OTAN notamment pour rassembler les familles h\u00e9berg\u00e9es dans les camps de r\u00e9fugi\u00e9s g\u00e9r\u00e9s par cette force de maintien de la paix. Cette op\u00e9ration qui s&rsquo;inscrit dans un cadre post guerre froide montre une organisation pr\u00e9cise qui s&rsquo;affirme et un certain soutien des puissances internationales qui voient alors en la Croix-Rouge un pr\u00e9cieux auxiliaire m\u00e9dical pour leurs bless\u00e9s et pour les civils.<\/span><\/span><\/span><\/p>\n<div id=\"sdfootnote1\">\n<p><a href=\"#sdfootnote1anc\" name=\"sdfootnote1sym\"><\/a><\/p>\n<\/div>\n<p><a href=\"#sdfootnote1anc\" name=\"sdfootnote1sym\"><\/a><\/p>\n<div id=\"sdfootnote1\">\n<p><a href=\"#sdfootnote1anc\" name=\"sdfootnote1sym\"><\/a><\/p>\n<\/div>\n<p><a href=\"#sdfootnote1anc\" name=\"sdfootnote1sym\">\u00a0<\/a><a href=\"#sdfootnote1anc\" name=\"sdfootnote1sym\">1<\/a><a href=\"http:\/\/http:\/\/www.croix-rouge.fr\/\">Croix-Rouge.fr<\/a><\/p>\n<p><a href=\"#sdfootnote1anc\" name=\"sdfootnote1sym\">1<\/a>Le Comit\u00e9 de la Charte du don en confiance est un organisme charg\u00e9e de contr\u00f4ler et de certifier qu&rsquo;une association ou une fondation faisant appel \u00e0 la g\u00e9n\u00e9rosit\u00e9 soit bien digne de confiance,\u00a0ongconseil.com<\/p>\n<p><a href=\"#sdfootnote1anc\" name=\"sdfootnote1sym\">1<\/a>aidehumanitaire.org : l&rsquo;humanitaire de la Croix-Rouge<\/p>\n<p><a href=\"#sdfootnote1anc\" name=\"sdfootnote1sym\">1<\/a>La-croix.com<\/p>\n<p><a href=\"#sdfootnote1anc\" name=\"sdfootnote1sym\">1<\/a>Lib\u00e9ration.fr<\/p>\n<p><a href=\"#sdfootnote1anc\" name=\"sdfootnote1sym\">1<\/a>. \u00ab Il s&rsquo;agissait de r\u00e9aliser une collecte alimentaire. La g\u00e9n\u00e9rosit\u00e9 de chacun \u00e9tait mise \u00e0 contribution sous forme de colis de 3 kg \u00e0 constituer \u00e0 partir de denr\u00e9es de base [&#8230;] vers le 17 avril 1999, nous lancions une op\u00e9ration de collecte de produits d&rsquo;hygi\u00e8ne divers, ainsi que la collecte de produits pour enfants \u00bb,\u00a0Michel Minot, vice-pr\u00e9sident de la Croix-Rouge de Compi\u00e8gne en 1999<\/p>\n<p><a href=\"#sdfootnote1anc\" name=\"sdfootnote1sym\">1<\/a><a href=\"http:\/\/www.icrc.org\/fr\"><span style=\"color: #888888\">Icrc.org<\/span><\/a><\/p>\n<p><a href=\"#sdfootnote1anc\" name=\"sdfootnote1sym\">1<\/a>Ifrc.org<\/p>\n<\/div>\n","protected":false},"excerpt":{"rendered":"<p>Une constante collaboration Faisant partie de la F\u00e9d\u00e9ration des soci\u00e9t\u00e9s de la Croix-Rouge et du Croissant-Rouge (FICR), la Croix-Rouge fran\u00e7aise doit soutenir les autres Croix-Rouges locales lorsque celles-ci ne peuvent plus faire face \u00e0 une catastrophe naturelle ou \u00e0 une crise alimentaire. Etant membre du Mouvement international de la Croix-Rouge et du Croissant-Rouge, la Croix-Rouge &hellip; <a href=\"https:\/\/blogs.univ-jfc.fr\/projetcroixrouge\/la-croix-rouge-et-le-monde\/lhumanitaire-en-actions\/le-fonctionnement-actuel-des-actions-internationales-de-la-croix-rouge-francaise\/\" class=\"more-link\">Continuer la lecture de <span class=\"screen-reader-text\">Le fonctionnement actuel des actions internationales de la Croix-Rouge fran\u00e7aise<\/span> <span class=\"meta-nav\">&rarr;<\/span><\/a><\/p>\n","protected":false},"author":118,"featured_media":0,"parent":110,"menu_order":3,"comment_status":"closed","ping_status":"open","template":"","meta":[],"_links":{"self":[{"href":"https:\/\/blogs.univ-jfc.fr\/projetcroixrouge\/wp-json\/wp\/v2\/pages\/432"}],"collection":[{"href":"https:\/\/blogs.univ-jfc.fr\/projetcroixrouge\/wp-json\/wp\/v2\/pages"}],"about":[{"href":"https:\/\/blogs.univ-jfc.fr\/projetcroixrouge\/wp-json\/wp\/v2\/types\/page"}],"author":[{"embeddable":true,"href":"https:\/\/blogs.univ-jfc.fr\/projetcroixrouge\/wp-json\/wp\/v2\/users\/118"}],"replies":[{"embeddable":true,"href":"https:\/\/blogs.univ-jfc.fr\/projetcroixrouge\/wp-json\/wp\/v2\/comments?post=432"}],"version-history":[{"count":10,"href":"https:\/\/blogs.univ-jfc.fr\/projetcroixrouge\/wp-json\/wp\/v2\/pages\/432\/revisions"}],"predecessor-version":[{"id":3932,"href":"https:\/\/blogs.univ-jfc.fr\/projetcroixrouge\/wp-json\/wp\/v2\/pages\/432\/revisions\/3932"}],"up":[{"embeddable":true,"href":"https:\/\/blogs.univ-jfc.fr\/projetcroixrouge\/wp-json\/wp\/v2\/pages\/110"}],"wp:attachment":[{"href":"https:\/\/blogs.univ-jfc.fr\/projetcroixrouge\/wp-json\/wp\/v2\/media?parent=432"}],"curies":[{"name":"wp","href":"https:\/\/api.w.org\/{rel}","templated":true}]}}