{"id":442,"date":"2015-02-05T09:30:13","date_gmt":"2015-02-05T08:30:13","guid":{"rendered":"http:\/\/blogs.univ-jfc.fr\/projetcroixrouge\/?page_id=442"},"modified":"2015-04-12T10:42:47","modified_gmt":"2015-04-12T09:42:47","slug":"une-croix-rouge-francaise-face-aux-problemes-et-aux-nouveaux-defis-rencontres-pendant-la-premiere-guerre-mondiale","status":"publish","type":"page","link":"https:\/\/blogs.univ-jfc.fr\/projetcroixrouge\/la-croix-rouge-dans-les-guerres-mondiales\/laction-aupres-des-populations-civiles-pendant-la-premiere-guerre-mondiale\/une-croix-rouge-francaise-face-aux-problemes-et-aux-nouveaux-defis-rencontres-pendant-la-premiere-guerre-mondiale\/","title":{"rendered":"De nouveaux d\u00e9fis pour la Croix Rouge Fran\u00e7aise"},"content":{"rendered":"<p>Au cours de la premi\u00e8re\u00a0guerre mondiale, la Croix-Rouge fran\u00e7aise s\u2019est efforc\u00e9e d\u2019obtenir une am\u00e9lioration du sort des civils. En effet, elle a d\u00fb faire face \u00e0 des t\u00e2ches immenses\u00a0: comme assister des populations frapp\u00e9es par les \u00e9pid\u00e9mies et les fl\u00e9aux sociaux (mortalit\u00e9 infantile, etc.).<\/p>\n<p style=\"text-align: justify\"><b>L\u2019action de la Croix Rouge fran\u00e7aise face aux manques de ressources<\/b><\/p>\n<figure id=\"attachment_611\" aria-describedby=\"caption-attachment-611\" style=\"width: 213px\" class=\"wp-caption alignleft\"><img loading=\"lazy\" class=\"size-medium wp-image-611   \" title=\"Carte postale \u00e9dit\u00e9e par la Croix Rouge fran\u00e7aise\" alt=\"737_001\" src=\"http:\/\/blogs.univ-jfc.fr\/projetcroixrouge\/wp-content\/uploads\/sites\/40\/2015\/02\/737_001-213x300.jpg\" width=\"213\" height=\"300\" srcset=\"https:\/\/blogs.univ-jfc.fr\/projetcroixrouge\/wp-content\/uploads\/sites\/40\/2015\/02\/737_001-213x300.jpg 213w, https:\/\/blogs.univ-jfc.fr\/projetcroixrouge\/wp-content\/uploads\/sites\/40\/2015\/02\/737_001.jpg 430w\" sizes=\"(max-width: 213px) 100vw, 213px\" \/><figcaption id=\"caption-attachment-611\" class=\"wp-caption-text\">Portrait d&rsquo;une infirmi\u00e8re b\u00e9n\u00e9vole de la Croix Rouge Fran\u00e7aise<\/figcaption><\/figure>\n<p><span style=\"line-height: 1.5\">Pendant la <a href=\"http:\/\/www.croix-rouge.fr\/La-Croix-Rouge\/La-Croix-Rouge-francaise\/Historique\/Premiere-Guerre-mondiale\" target=\"_blank\">Premi\u00e8re Guerre Mondiale<\/a>, il y a eu certains probl\u00e8mes au niveau des ressources et du mat\u00e9riel comme hygi\u00e8ne, alimentation, m\u00e9dicaments etc. En effet pendant cette Grande Guerre, les r\u00e9quisitions sont diverses mais visent le plus souvent la totalit\u00e9 de la production agricole et mat\u00e9rielle ce qui touche les populations civiles.<\/span>\u00a0 La Croix Rouge fran\u00e7aise s\u2019associe avec les civils aptes afin de reconstruire \u00a0les structures qui pouvaient \u00eatre sauv\u00e9es. Une autre mission pour le personnel de la Croix-Rouge \u00e9tait d\u2019aider les familles \u00e0 se reconstruire, se reconstituer, retrouver les personnes disparues ou emmen\u00e9es en Allemagne, aider aux rapatriements. Tout autant que son aide mat\u00e9rielle, c\u2019est un soutien moral qu\u2019apporte La Croix Rouge Fran\u00e7aise\u00a0 pour des milliers de civils traumatis\u00e9s par cette guerre sanglante.<\/p>\n<p>&nbsp;<\/p>\n<p><b>Les risques du service, la Croix Rouge face \u00e0 de nouvelles catastrophes<\/b><\/p>\n<figure id=\"attachment_608\" aria-describedby=\"caption-attachment-608\" style=\"width: 300px\" class=\"wp-caption alignright\"><a href=\"http:\/\/blogs.univ-jfc.fr\/projetcroixrouge\/wp-content\/uploads\/sites\/40\/2015\/02\/ww1-01-hist-e-05302.jpg\"><img loading=\"lazy\" class=\"size-medium wp-image-608 \" title=\"Photot\u00e8que CICR \/ DR \/ hist-e-05302\" alt=\"ww1-01-hist-e-05302\" src=\"http:\/\/blogs.univ-jfc.fr\/projetcroixrouge\/wp-content\/uploads\/sites\/40\/2015\/02\/ww1-01-hist-e-05302-300x199.jpg\" width=\"300\" height=\"199\" srcset=\"https:\/\/blogs.univ-jfc.fr\/projetcroixrouge\/wp-content\/uploads\/sites\/40\/2015\/02\/ww1-01-hist-e-05302-300x199.jpg 300w, https:\/\/blogs.univ-jfc.fr\/projetcroixrouge\/wp-content\/uploads\/sites\/40\/2015\/02\/ww1-01-hist-e-05302.jpg 800w\" sizes=\"(max-width: 300px) 100vw, 300px\" \/><\/a><figcaption id=\"caption-attachment-608\" class=\"wp-caption-text\">Une ville d\u00e9truite. Les destructions de biens civils sont \u00e9normes.<\/figcaption><\/figure>\n<p style=\"text-align: justify\">\u00a0 \u00a0\u00a0<span style=\"line-height: 1.5\">Pendant la Premi\u00e8re Guerre Mondiale, il y a eu certains probl\u00e8mes au niveau des bombardements et des massacres. Pour les villages fran\u00e7ais proches des zones de combats, les destructions sont importantes, des civils sont touch\u00e9s et se retrouvent invalides et pour les plus malheureux sans domicile.<\/span><\/p>\n<p style=\"text-align: justify\"><span style=\"line-height: 1.5\">\u00a0 Les troupes allemandes d\u00e9cident d\u2019incendier des villages, en d\u00e9truisant les productions agricoles. La Croix Rouge Fran\u00e7aise s\u2019efforce de soutenir les populations civiles face \u00e0 un regain d&rsquo;intensit\u00e9 des combats. L\u2019\u00e8re de la guerre a\u00e9rienne conna\u00eet ses d\u00e9buts pendant cette Premi\u00e8re Guerre mondiale. En effet les bombardements \u00e0 longue distance et les premi\u00e8res attaques a\u00e9riennes tendent \u00e0 \u00e9liminer le plus de civils possibles. \u00a0C\u2019est \u00e0 ce moment pr\u00e9cis de l\u2019histoire que l\u2019image de <a href=\"http:\/\/www.croix-rouge.fr\/La-Croix-Rouge\/Un-mouvement-international\/Origines\" target=\"_blank\">La Croix Rouge<\/a> gagne en notori\u00e9t\u00e9 car elle a su faire face \u00e0 de nouveaux d\u00e9fis en aidant les familles d\u00e9truites et en les soignants.<\/span><\/p>\n<p style=\"text-align: justify\">\u00a0 \u00a0Pendant la Premi\u00e8re Guerre Mondiale , il y a eu certains probl\u00e8mes au niveau sanitaire. En effet La Croix Rouge a d\u00fb faire face a des t\u00e2ches tr\u00e8s importantes : comme par exemple assister les populations frapp\u00e9es par les \u00e9pid\u00e9mies. D\u00e8s lors la Croix Rouge fran\u00e7aise met en place des zones sanitaires anti-poux afin d\u2019att\u00e9nuer la propagation de ce fl\u00e9au car le typhus s\u2019attrapait par le biais de ces parasites (poux, puces etc.). Une \u00e9pid\u00e9mie de typhus frappa le pays durant l&rsquo;hiver\u00a01918-1919 : beaucoup de civils fran\u00e7ais y ont perdu la vie. Cette maladie fit environ 408\u00a0000 morts en France.\u00a0De plus la\u00a0 Croix Rouge doit \u00eatre pr\u00e9sente dans les recherches afin de limiter la propagation d\u2019un autre virus, celui de la grippe espagnole. En quelques mois, la pand\u00e9mie fit dans le monde plus de victimes que la\u00a0Premi\u00e8re Guerre mondiale\u00a0qui se terminait cette m\u00eame ann\u00e9e. \u00a0La Croix Rouge fran\u00e7aise s\u2019est investie dans ce combat contre les \u00e9pid\u00e9mies afin d\u2019att\u00e9nuer la mis\u00e8re des populations civiles pendant la premi\u00e8re guerre mondiale.<\/p>\n<p>\u00a0<b>L\u2019ascension du r\u00f4le des femmes gr\u00e2ce \u00e0 la Croix Rouge, l\u2019ange blanc est d\u00e9cor\u00e9<\/b><\/p>\n<p style=\"text-align: justify\">\u00a0\u00a0\u00a0\u00a0\u00a0\u00a0\u00a0\u00a0\u00a0\u00a0 Lors de la guerre, les femmes ont connu une ascension sociale. Ces femmes que l\u2019on associe \u00a0aux \u00ab\u00a0Anges Blancs\u00a0\u00bb ont prouv\u00e9 leur efficacit\u00e9 aussi bien au front qu\u2019\u00e0 l\u2019arri\u00e8re. Le travail des\u00a0 infirmi\u00e8res consistait \u00e0 administrer aux bless\u00e9s des soins, les aider dans leur hygi\u00e8ne, seconder les m\u00e9decins mais \u00e9galement \u00e0 soutenir les populations civiles tout au long de la guerre.<\/p>\n<figure id=\"attachment_610\" aria-describedby=\"caption-attachment-610\" style=\"width: 300px\" class=\"wp-caption alignleft\"><a href=\"http:\/\/blogs.univ-jfc.fr\/projetcroixrouge\/wp-content\/uploads\/sites\/40\/2015\/02\/ob_3976b209045768d88077d4f5e5830b60_belfort-ha-105-2-90.jpg\"><img loading=\"lazy\" class=\"size-medium wp-image-610  \" title=\",Loir-et-Cher \u2013 H\u00f4pitaux militaires, tome 2, p. 169-178\" alt=\"ob_3976b209045768d88077d4f5e5830b60_belfort-ha-105-2-90\" src=\"http:\/\/blogs.univ-jfc.fr\/projetcroixrouge\/wp-content\/uploads\/sites\/40\/2015\/02\/ob_3976b209045768d88077d4f5e5830b60_belfort-ha-105-2-90-300x204.jpg\" width=\"300\" height=\"204\" srcset=\"https:\/\/blogs.univ-jfc.fr\/projetcroixrouge\/wp-content\/uploads\/sites\/40\/2015\/02\/ob_3976b209045768d88077d4f5e5830b60_belfort-ha-105-2-90-300x204.jpg 300w, https:\/\/blogs.univ-jfc.fr\/projetcroixrouge\/wp-content\/uploads\/sites\/40\/2015\/02\/ob_3976b209045768d88077d4f5e5830b60_belfort-ha-105-2-90-1024x696.jpg 1024w, https:\/\/blogs.univ-jfc.fr\/projetcroixrouge\/wp-content\/uploads\/sites\/40\/2015\/02\/ob_3976b209045768d88077d4f5e5830b60_belfort-ha-105-2-90.jpg 1200w\" sizes=\"(max-width: 300px) 100vw, 300px\" \/><\/a><figcaption id=\"caption-attachment-610\" class=\"wp-caption-text\">Infirmi\u00e8res de la Croix Rouge\u00a0montrant la mobilisation des femmes pendant la Grande Guerre.<\/figcaption><\/figure>\n<p style=\"text-align: justify\">\u00a0\u00a0\u00a0\u00a0\u00a0\u00a0\u00a0 La plupart de ces femmes travaillaient b\u00e9n\u00e9volement, m\u00eame si il y avait un danger omnipr\u00e9sent. Nous pouvons reconna\u00eetre ces femmes \u00a0par le biais de leur costume : en g\u00e9n\u00e9ral, elles \u00e9taient v\u00eatues d\u2019une blouse blanche et portaient une coiffe avec l\u2019insigne de la Croix Rouge qui indiquait leur qualification. Leurs outils de travail \u00e9taient simples car la plupart des m\u00e9dicaments \u00e9taient envoy\u00e9s au front. Ceci dit, ces femmes de la Croix Rouge ont su aider les civils avec des moyens pr\u00e9caires et parfois insuffisants.<\/p>\n<p style=\"text-align: justify\">\u00a0 \u00a0 La mission fondamentale et principale de ces infirmi\u00e8res \u00e9tait de procurer le n\u00e9cessaire aux bless\u00e9s civils, comme par exemple de quoi se loger, s\u2019habiller, se laver, se coucher, mais aussi travailler. En effet, dans une volont\u00e9 d\u2019aide humanitaire, les infirmi\u00e8res de la Croix Rouge Fran\u00e7aise demandent \u00e0 chaque famille de participer \u00e0 une reconstruction morale et mat\u00e9rielle. Mais, il n\u2019est pas question de charit\u00e9, mais d\u2019assistance. Les civils non-bless\u00e9s et les moins d\u00e9munis devaient trouver du travail,\u00a0 fournir des outils mais aussi des animaux pour lutter contre les fl\u00e9aux sociaux pr\u00e9sents en temps de guerre.<\/p>\n<p>&nbsp;<\/p>\n<p>&nbsp;<\/p>\n<p><span style=\"text-decoration: underline\">\u00a0<\/span><\/p>\n","protected":false},"excerpt":{"rendered":"<p>Au cours de la premi\u00e8re\u00a0guerre mondiale, la Croix-Rouge fran\u00e7aise s\u2019est efforc\u00e9e d\u2019obtenir une am\u00e9lioration du sort des civils. En effet, elle a d\u00fb faire face \u00e0 des t\u00e2ches immenses\u00a0: comme assister des populations frapp\u00e9es par les \u00e9pid\u00e9mies et les fl\u00e9aux sociaux (mortalit\u00e9 infantile, etc.). L\u2019action de la Croix Rouge fran\u00e7aise face aux manques de ressources &hellip; <a href=\"https:\/\/blogs.univ-jfc.fr\/projetcroixrouge\/la-croix-rouge-dans-les-guerres-mondiales\/laction-aupres-des-populations-civiles-pendant-la-premiere-guerre-mondiale\/une-croix-rouge-francaise-face-aux-problemes-et-aux-nouveaux-defis-rencontres-pendant-la-premiere-guerre-mondiale\/\" class=\"more-link\">Continuer la lecture de <span class=\"screen-reader-text\">De nouveaux d\u00e9fis pour la Croix Rouge Fran\u00e7aise<\/span> <span class=\"meta-nav\">&rarr;<\/span><\/a><\/p>\n","protected":false},"author":113,"featured_media":0,"parent":82,"menu_order":3,"comment_status":"closed","ping_status":"open","template":"","meta":[],"_links":{"self":[{"href":"https:\/\/blogs.univ-jfc.fr\/projetcroixrouge\/wp-json\/wp\/v2\/pages\/442"}],"collection":[{"href":"https:\/\/blogs.univ-jfc.fr\/projetcroixrouge\/wp-json\/wp\/v2\/pages"}],"about":[{"href":"https:\/\/blogs.univ-jfc.fr\/projetcroixrouge\/wp-json\/wp\/v2\/types\/page"}],"author":[{"embeddable":true,"href":"https:\/\/blogs.univ-jfc.fr\/projetcroixrouge\/wp-json\/wp\/v2\/users\/113"}],"replies":[{"embeddable":true,"href":"https:\/\/blogs.univ-jfc.fr\/projetcroixrouge\/wp-json\/wp\/v2\/comments?post=442"}],"version-history":[{"count":18,"href":"https:\/\/blogs.univ-jfc.fr\/projetcroixrouge\/wp-json\/wp\/v2\/pages\/442\/revisions"}],"predecessor-version":[{"id":3939,"href":"https:\/\/blogs.univ-jfc.fr\/projetcroixrouge\/wp-json\/wp\/v2\/pages\/442\/revisions\/3939"}],"up":[{"embeddable":true,"href":"https:\/\/blogs.univ-jfc.fr\/projetcroixrouge\/wp-json\/wp\/v2\/pages\/82"}],"wp:attachment":[{"href":"https:\/\/blogs.univ-jfc.fr\/projetcroixrouge\/wp-json\/wp\/v2\/media?parent=442"}],"curies":[{"name":"wp","href":"https:\/\/api.w.org\/{rel}","templated":true}]}}