{"id":447,"date":"2015-02-05T09:32:49","date_gmt":"2015-02-05T08:32:49","guid":{"rendered":"http:\/\/blogs.univ-jfc.fr\/projetcroixrouge\/?page_id=447"},"modified":"2015-04-12T10:46:55","modified_gmt":"2015-04-12T09:46:55","slug":"bilan-acharne-favorisant-le-comite-international-de-la-croix-rouge","status":"publish","type":"page","link":"https:\/\/blogs.univ-jfc.fr\/projetcroixrouge\/la-croix-rouge-dans-les-guerres-mondiales\/laction-aupres-des-populations-civiles-pendant-la-premiere-guerre-mondiale\/bilan-acharne-favorisant-le-comite-international-de-la-croix-rouge\/","title":{"rendered":"Bilan et action internationale de la Croix Rouge"},"content":{"rendered":"<p style=\"text-align: justify\" align=\"LEFT\"><span style=\"font-family: Arial, sans-serif\"><span style=\"font-size: medium\">Le 11 novembre 1918,\u00a0<\/span><\/span><span style=\"font-size: medium;font-family: Arial, sans-serif;line-height: 1.5\">la fin de la guerre est annonc\u00e9e dans toute la France. La Croix-Rouge Fran\u00e7aise a accru sa notori\u00e9t\u00e9 et fait ses premi\u00e8res preuves dans cette grande guerre. Cependant le bilan de la guerre est affolant et cauchemardesque pour les b\u00e9n\u00e9voles de la Croix-Rouge et ce malgr\u00e9 la collaboration avec de nombreux comit\u00e9s, ce qui a permis des actions plus efficaces et plus s\u00e9curisantes aupr\u00e8s de la population civile. La Croix-Rouge Fran\u00e7aise a \u00e9galement particip\u00e9 \u00e0 certaines conventions qui ont favoris\u00e9 sa notori\u00e9t\u00e9. Notamment,<\/span><span style=\"font-size: medium;font-family: Arial, sans-serif;line-height: 1.5\">la convention de la Haye, ou encore l<\/span><span style=\"font-family: Arial, sans-serif;font-size: medium;line-height: 1.5\">a\u00a0<\/span><span style=\"font-family: Arial, sans-serif;font-size: medium;line-height: 1.5\">convention de Gen\u00e8ve, qui ont adopt\u00e9 des r\u00e8glements concernant les lois et coutumes de la guerre, sur terre et en mer. De plus la Croix-Rouge fran\u00e7aise conna\u00eet \u00e0 la fin de la Premi\u00e8re Guerre mondiale de nombreuses am\u00e9liorations.\u00a0<\/span><\/p>\n<figure id=\"attachment_788\" aria-describedby=\"caption-attachment-788\" style=\"width: 300px\" class=\"wp-caption alignleft\"><img loading=\"lazy\" class=\"size-medium wp-image-788  \" style=\"line-height: 1.5;text-align: justify\" title=\"Cette photographie montre une voiture de radiologie utilis\u00e9e par la Croix Rouge lors de la premi\u00e8re guerre mondiale. 1918\" alt=\"p-HIS0002\" src=\"http:\/\/blogs.univ-jfc.fr\/projetcroixrouge\/wp-content\/uploads\/sites\/40\/2015\/02\/p-HIS0002-300x161.jpg\" width=\"300\" height=\"161\" srcset=\"https:\/\/blogs.univ-jfc.fr\/projetcroixrouge\/wp-content\/uploads\/sites\/40\/2015\/02\/p-HIS0002-300x161.jpg 300w, https:\/\/blogs.univ-jfc.fr\/projetcroixrouge\/wp-content\/uploads\/sites\/40\/2015\/02\/p-HIS0002.jpg 464w\" sizes=\"(max-width: 300px) 100vw, 300px\" \/><figcaption id=\"caption-attachment-788\" class=\"wp-caption-text\">\u00ab\u00a0Les petites curies\u00a0\u00bb<\/figcaption><\/figure>\n<p style=\"text-align: justify\" align=\"LEFT\"><span style=\"font-family: Arial, sans-serif\"><span style=\"font-size: medium\">La Croix-Rouge Fran\u00e7aise s&rsquo;est donc beaucoup d\u00e9velopp\u00e9e, surtout au niveau des soins.\u00a0<\/span><\/span><span style=\"font-family: Arial, sans-serif\"><span style=\"font-size: medium\">En effet, pendant la Premi\u00e8re Guerre mondiale, la Croix-Rouge fran\u00e7aise a pu\u00a0s&rsquo;essayer \u00e0 de nouvelles techniques pour am\u00e9liorer la chirurgie. Elle\u00a0<\/span><\/span><span style=\"font-family: Arial, sans-serif\"><span style=\"font-size: medium\"><span style=\"font-family: Arial, sans-serif\"><span style=\"font-size: medium\">\u00a0assiste \u00e0 l&rsquo;\u00e9volution des vaccins ainsi qu&rsquo;\u00e0 l&rsquo;essor de la transfusion sanguine. Gr\u00e2ce \u00e0 la Croix-Rouge fran\u00e7aise et \u00e0 d&rsquo;autres comit\u00e9s aidant les civils, la m\u00e9decine d&rsquo;urgence va consid<\/span><\/span><span style=\"line-height: 1.5\">\u00e9rablement se d\u00e9velopper, favorisant ainsi les chances de survie des bless\u00e9s et malades<\/span>. Pendant la guerre, <\/span><\/span><span style=\"font-family: Arial, sans-serif\"><span style=\"font-size: medium\">Marie Curie a d\u00e9velopp\u00e9 la r<\/span><\/span><span style=\"font-size: medium;font-family: Arial, sans-serif;line-height: 1.5\">adiologie gr\u00e2ce \u00e0 l&rsquo;\u00e9tude des rayons X. Aid\u00e9e par la\u00a0<\/span><span style=\"font-size: medium;font-family: Arial, sans-serif;line-height: 1.5\">Croix-Rouge elle am\u00e9nage des limousines en voitures radiologiques qui seront appel\u00e9es plus tard les \u00ab\u00a0petites curies.\u00a0\u00bb Ce syst\u00e8me permettra d&rsquo;extraire rapidement les projectiles des corps des<\/span><span style=\"font-family: Arial, sans-serif;font-size: medium;line-height: 1.5\">\u00a0civils, victimes des \u00e9clats d&rsquo;obus. Gr\u00e2ce aux \u00ab\u00a0petites curies\u00a0\u00bb plus d&rsquo;un million de bless\u00e9s seront sauv\u00e9s pendant la Premi\u00e8re Guerre mondiale, selon le site international de la Croix-Rouge fran\u00e7aise.<\/span><\/p>\n<p style=\"text-align: justify\" align=\"LEFT\">\u00a0<span style=\"font-family: Arial, sans-serif\"><span style=\"font-size: medium\">La Croix-Rouge a subi pendant la Premi\u00e8re Guerre mondiale beaucoup de d\u00e9g\u00e2ts, d&rsquo;un point de vue mat\u00e9riel mais aussi humain. En effet entre 1914 et 1918, elle a d\u00e9pens\u00e9 pr\u00e8s de 582 millions de francs selon le bulletin de la SSBM (Soci\u00e9t\u00e9 de Secours aux Bless\u00e9s Militaires) tir\u00e9 du site national de la Croix-Rouge Fran\u00e7aise.<\/span><\/span><\/p>\n<p style=\"text-align: justify\" align=\"LEFT\">\u00a0<span style=\"font-family: Arial, sans-serif\"><span style=\"font-size: medium\">La Croix-Rouge Fran\u00e7aise a \u00e9galement fait des progr\u00e8s d&rsquo;un point de vue humanitaire. Le comit\u00e9 fait d\u00e9velopper, changer ou modifier durant la grande guerre certaines lois concernant particuli\u00e8rement les civils, mais il a aussi accueilli de nombreux b\u00e9n\u00e9voles venant en aide \u00e0 la popul<\/span><\/span><span style=\"font-size: medium;font-family: Arial, sans-serif;line-height: 1.5\">ation.<\/span><\/p>\n<p style=\"text-align: justify\" align=\"LEFT\"><span style=\"font-family: Arial, sans-serif\"><span style=\"font-size: medium\">De plus la Croix-Rouge Fran\u00e7aise m\u00e8ne de nombreuses activit\u00e9s de diplomatie humanitaire aupr\u00e8s de \u00c9tats en guerre\u00a0: les repr\u00e9sentants sont autoris\u00e9s \u00e0 se rendre directement dans les camps des prisonniers afin d&rsquo;aider les bless\u00e9s mais aussi afin d&rsquo;avoir des renseignements du front pour la population civile.\u00a0<\/span><\/span><span style=\"font-family: Arial, sans-serif\"><span style=\"font-size: medium\">Le comit\u00e9 international de la Croix-Rouge rappelle ensuite aux \u00c9tats bellig\u00e9rants l&rsquo;obligation de respecter les trait\u00e9s humanitaires internationaux, c&rsquo;est \u00e0 dire le rapatriement du personnel sanitaire.\u00a0<\/span><\/span><span style=\"font-family: Arial, sans-serif\"><span style=\"font-size: medium\">A la fin de la Premi\u00e8re Guerre mondiale, le comit\u00e9 international de la Croix-Rouge tire des conclusions du conflit, et r\u00e9fl\u00e9chit \u00e0 la r\u00e9daction d&rsquo;un nouveau code prot\u00e9geant mieux les civils et<\/span><\/span><span style=\"font-size: medium;font-family: Arial, sans-serif;line-height: 1.5\">\u00a0les militaires. La Croix-Rouge Fran\u00e7aise va aussi se pencher sur la question des civils et particuli\u00e8rement sur le manque de nourriture dans les familles, apr\u00e8s la guerre. Elle va aussi s&rsquo;allier avec <\/span><i style=\"font-size: medium;font-family: Arial, sans-serif;line-height: 1.5\">Save the children Fund<\/i><span style=\"font-size: medium;font-family: Arial, sans-serif;line-height: 1.5\"> qui est une organisation non gouvernementale de d\u00e9fense des droits de l&rsquo;enfant et s&rsquo;int\u00e9resser particuli\u00e8rement aux enfants victimes de la guerre.<\/span><\/p>\n<p style=\"text-align: justify\" align=\"LEFT\">\u00a0<span style=\"font-family: Arial, sans-serif\"><span style=\"font-size: medium\">Durant la Premi\u00e8re Guerre mondiale, la Croix-Rouge Fran\u00e7aise a donc collabor\u00e9 avec certaines associations, mais\u00a0<\/span><\/span><span style=\"font-family: Arial, sans-serif\"><span style=\"font-size: medium\">aussi avec des comit\u00e9s comme le Comit\u00e9 international de la Croix-Rouge (CICR) qui est une organisation humanitaire cr\u00e9\u00e9e en 1863. <\/span><\/span><span style=\"font-family: Arial, sans-serif\"><span style=\"font-size: medium\">Il est \u00e0 l&rsquo;origine des conventions de Gen\u00e8ve et du mouvement international de la \u00a0 Croix-Rouge Fran\u00e7aise dont il dirige et fait fonctionner les activit\u00e9s internationales dans les conflits arm\u00e9s ou dans les catastrophes naturelles.<\/span><\/span><\/p>\n<figure id=\"attachment_751\" aria-describedby=\"caption-attachment-751\" style=\"width: 300px\" class=\"wp-caption alignright\"><img loading=\"lazy\" class=\"size-medium wp-image-751 \" style=\"line-height: 1.5\" title=\"Archives du CICR, 1917, Gen\u00e8ve\" alt=\"Prisonniers de guerre\" src=\"http:\/\/blogs.univ-jfc.fr\/projetcroixrouge\/wp-content\/uploads\/sites\/40\/2015\/02\/Prisonniers-de-guerre-300x237.jpg\" width=\"300\" height=\"237\" srcset=\"https:\/\/blogs.univ-jfc.fr\/projetcroixrouge\/wp-content\/uploads\/sites\/40\/2015\/02\/Prisonniers-de-guerre-300x237.jpg 300w, https:\/\/blogs.univ-jfc.fr\/projetcroixrouge\/wp-content\/uploads\/sites\/40\/2015\/02\/Prisonniers-de-guerre.jpg 320w\" sizes=\"(max-width: 300px) 100vw, 300px\" \/><figcaption id=\"caption-attachment-751\" class=\"wp-caption-text\">Agence internationale de recherche aidant les civils et les prisonniers de guerre<\/figcaption><\/figure>\n<p style=\"text-align: justify\" align=\"LEFT\"><span style=\"font-family: Arial, sans-serif\"><span style=\"font-size: medium\">La Croix-Rouge Fran\u00e7aise, aid\u00e9e par le comit\u00e9 international, vient en aide dans les situations de conflit avec pour objectif de diminuer les<\/span><\/span><span style=\"font-size: medium;font-family: Arial, sans-serif;line-height: 1.5\">\u00a0souffrances des victimes. En effet la<\/span><span style=\"font-family: Arial, sans-serif;font-size: medium;line-height: 1.5\">\u00a0Croix-Rouge<\/span><span style=\"font-family: Arial, sans-serif;font-size: medium;line-height: 1.5\">\u00a0aide l<\/span><span style=\"font-family: Arial, sans-serif;font-size: medium;line-height: 1.5\">e\u00a0<\/span><span style=\"font-family: Arial, sans-serif;font-size: medium;line-height: 1.5\">comit\u00e9<\/span><span style=\"font-family: Arial, sans-serif;font-size: medium;line-height: 1.5\">\u00a0international \u00e0 mettre en place une agence de recherche dont l&rsquo;agence principale \u00a0se situe \u00e0 Gen\u00e8ve. La Croix-Rouge aide le Comit\u00e9 international de la Croix-Rouge dans ce projet, permettant aux civils captur\u00e9s de correspondre avec leurs familles, mais elle permet aussi aux familles de trouver les listes des civils prisonniers ou disparus. Cette agence \u00e9tait, au d\u00e9but, destin\u00e9e aux seuls aux prisonniers de guerre. Mais le 17 Octobre 1914, la Croix-Rouge et le comit\u00e9 adressent une lettre aux comit\u00e9s centraux des soci\u00e9t\u00e9s nationales de la Croix-Rouge des Etats neutres, demandant d&rsquo;assimiler les civils aux prisonniers de guerre. Le comit\u00e9 central des soci\u00e9t\u00e9s nationales d\u00e9cide pourtant de ne pas suivre la Croix-Rouge et le CICR dans la question des civils. Cependant ces derniers d\u00e9cident tout de m\u00eame de prendre en charge la responsabilit\u00e9\u00a0<\/span><span style=\"font-family: Arial, sans-serif;font-size: medium;line-height: 1.5\">des civils et cr\u00e9ent alors une branche dans l&rsquo;agence des prisonniers de guerre. D\u00e8s 1914, ils cr\u00e9\u00e8rent une section pour les civils, mais \u00e9tant sans l\u00e9galit\u00e9 internationale, elle ne put \u00eatre regroup\u00e9e avec les deux sections de prisonniers militaires, celles des puissances centrales et celle de l&rsquo;entente. Les conventions pr\u00e9c\u00e9dentes n&rsquo;int\u00e9graient pas non plus le cas des civils dans les textes de lois, qui prenaient seulement en compte le sort des militaires.<\/span><\/p>\n<p style=\"text-align: justify\" align=\"LEFT\">\u00a0<span style=\"font-family: Arial, sans-serif\"><span style=\"font-size: medium\">Pendant la Premi\u00e8re Guerre mondiale, la Croix-Rouge fran\u00e7aise s&rsquo;est donc alli\u00e9e avec de nombreux comit\u00e9s, ou associations afin de faire valoir certains droits pour les civils mais aussi afin d&rsquo;am\u00e9liorer la protection de ces derniers.<\/span><\/span><\/p>\n<p style=\"text-align: justify\" align=\"LEFT\">\n","protected":false},"excerpt":{"rendered":"<p>Le 11 novembre 1918,\u00a0la fin de la guerre est annonc\u00e9e dans toute la France. La Croix-Rouge Fran\u00e7aise a accru sa notori\u00e9t\u00e9 et fait ses premi\u00e8res preuves dans cette grande guerre. Cependant le bilan de la guerre est affolant et cauchemardesque pour les b\u00e9n\u00e9voles de la Croix-Rouge et ce malgr\u00e9 la collaboration avec de nombreux comit\u00e9s, &hellip; <a href=\"https:\/\/blogs.univ-jfc.fr\/projetcroixrouge\/la-croix-rouge-dans-les-guerres-mondiales\/laction-aupres-des-populations-civiles-pendant-la-premiere-guerre-mondiale\/bilan-acharne-favorisant-le-comite-international-de-la-croix-rouge\/\" class=\"more-link\">Continuer la lecture de <span class=\"screen-reader-text\">Bilan et action internationale de la Croix Rouge<\/span> <span class=\"meta-nav\">&rarr;<\/span><\/a><\/p>\n","protected":false},"author":113,"featured_media":0,"parent":82,"menu_order":4,"comment_status":"closed","ping_status":"open","template":"","meta":[],"_links":{"self":[{"href":"https:\/\/blogs.univ-jfc.fr\/projetcroixrouge\/wp-json\/wp\/v2\/pages\/447"}],"collection":[{"href":"https:\/\/blogs.univ-jfc.fr\/projetcroixrouge\/wp-json\/wp\/v2\/pages"}],"about":[{"href":"https:\/\/blogs.univ-jfc.fr\/projetcroixrouge\/wp-json\/wp\/v2\/types\/page"}],"author":[{"embeddable":true,"href":"https:\/\/blogs.univ-jfc.fr\/projetcroixrouge\/wp-json\/wp\/v2\/users\/113"}],"replies":[{"embeddable":true,"href":"https:\/\/blogs.univ-jfc.fr\/projetcroixrouge\/wp-json\/wp\/v2\/comments?post=447"}],"version-history":[{"count":10,"href":"https:\/\/blogs.univ-jfc.fr\/projetcroixrouge\/wp-json\/wp\/v2\/pages\/447\/revisions"}],"predecessor-version":[{"id":3941,"href":"https:\/\/blogs.univ-jfc.fr\/projetcroixrouge\/wp-json\/wp\/v2\/pages\/447\/revisions\/3941"}],"up":[{"embeddable":true,"href":"https:\/\/blogs.univ-jfc.fr\/projetcroixrouge\/wp-json\/wp\/v2\/pages\/82"}],"wp:attachment":[{"href":"https:\/\/blogs.univ-jfc.fr\/projetcroixrouge\/wp-json\/wp\/v2\/media?parent=447"}],"curies":[{"name":"wp","href":"https:\/\/api.w.org\/{rel}","templated":true}]}}