{"id":566,"date":"2015-02-12T09:48:23","date_gmt":"2015-02-12T08:48:23","guid":{"rendered":"http:\/\/blogs.univ-jfc.fr\/projetcroixrouge\/?page_id=566"},"modified":"2015-04-03T13:05:25","modified_gmt":"2015-04-03T12:05:25","slug":"les-femmes-de-la-croix-rouge","status":"publish","type":"page","link":"https:\/\/blogs.univ-jfc.fr\/projetcroixrouge\/la-croix-rouge-tarnaise-des-hommes-et-des-femmes\/les-femmes-de-la-croix-rouge\/","title":{"rendered":"Les femmes de la Croix-Rouge"},"content":{"rendered":"<p>&nbsp;<\/p>\n<figure id=\"attachment_2925\" aria-describedby=\"caption-attachment-2925\" style=\"width: 300px\" class=\"wp-caption alignleft\"><a href=\"http:\/\/blogs.univ-jfc.fr\/projetcroixrouge\/wp-content\/uploads\/sites\/40\/2015\/02\/Combat-pour-l-engagement_slideshow.jpg\"><img loading=\"lazy\" class=\"size-medium wp-image-2925 \" title=\"L'engagement des femmes au sein de la Croix-Rouge \" alt=\"Photographie sur l'\u00e9volution du statut de la femme de la Croix-Rouge, La Croix-Rouge fran\u00e7aise, 150 d'action humanitaire \" src=\"http:\/\/blogs.univ-jfc.fr\/projetcroixrouge\/wp-content\/uploads\/sites\/40\/2015\/02\/Combat-pour-l-engagement_slideshow-300x189.jpg\" width=\"300\" height=\"189\" srcset=\"https:\/\/blogs.univ-jfc.fr\/projetcroixrouge\/wp-content\/uploads\/sites\/40\/2015\/02\/Combat-pour-l-engagement_slideshow-300x189.jpg 300w, https:\/\/blogs.univ-jfc.fr\/projetcroixrouge\/wp-content\/uploads\/sites\/40\/2015\/02\/Combat-pour-l-engagement_slideshow.jpg 782w\" sizes=\"(max-width: 300px) 100vw, 300px\" \/><\/a><figcaption id=\"caption-attachment-2925\" class=\"wp-caption-text\">Photographie sur l&rsquo;\u00e9volution du statut de la femme de la Croix-Rouge, La Croix-Rouge fran\u00e7aise, 150 d&rsquo;action humanitaire<\/figcaption><\/figure>\n<p style=\"text-align: justify\"><span style=\"font-size: large\"><span style=\"font-size: medium\">La Croix-Rouge ne porte son nom que depuis 1940. En effet, avant cette date, l&rsquo;institution \u00e9tait compos\u00e9e de 3 associations, dont deux f\u00e9minines<\/span><span style=\"color: #000000\"><span style=\"font-size: medium\">, <span style=\"color: #000000\"><a title=\"L\u2019\u00e9volution du statut des femmes dans la Croix-Rouge\" href=\"http:\/\/blogs.univ-jfc.fr\/projetcroixrouge\/la-croix-rouge-tarnaise-des-hommes-et-des-femmes\/les-femmes-de-la-croix-rouge\/levolution-du-statut-des-femmes-dans-la-croix-rouge\/\">l&rsquo;Union des femmes de France (UFF) et l&rsquo;Association des Dames Fran\u00e7aises ( ADF)<\/a>,\u00a0\u00a0qui ont r\u00e9ellement<\/span><\/span><\/span><span style=\"font-size: medium\">\u00a0favoris\u00e9 l&rsquo;int\u00e9gration des femmes.\u00a0<\/span><span style=\"font-size: medium\">Gr\u00e2ce \u00e0 ces <\/span><span style=\"font-size: medium\">organisations<\/span><span style=\"font-size: medium\"> et d<\/span><span style=\"font-size: medium\">\u00e8s la fin d<\/span><span style=\"font-size: medium\">es guerres napol\u00e9oniennes,\u00a0<\/span><span style=\"font-size: medium\">des \u00e9lans humanitaires<\/span><span style=\"font-size: medium\"> se font voir sur les ch<\/span><span style=\"font-size: medium\">amps de batailles. <\/span><span style=\"font-size: medium\">L<\/span><span style=\"font-size: medium\">e<\/span><span style=\"font-size: medium\"> statut des femmes<\/span><span style=\"font-size: medium\"> au sein de<\/span><span style=\"font-size: medium\"> la Croix-Rouge\u00a0<\/span><span style=\"font-size: medium\">ne cessera <\/span><span style=\"font-size: medium\">d\u2019\u00e9voluer.\u00a0<\/span><\/span><\/p>\n<figure id=\"attachment_2923\" aria-describedby=\"caption-attachment-2923\" style=\"width: 152px\" class=\"wp-caption alignright\"><a href=\"http:\/\/blogs.univ-jfc.fr\/projetcroixrouge\/wp-content\/uploads\/sites\/40\/2015\/02\/CRF150_Anges_2014.jpg\"><img loading=\"lazy\" class=\"size-full wp-image-2923 \" title=\"Repr\u00e9sentation de la femme de la Croix-Rouge : l'Ange Blanc\" alt=\"Timbre cr\u00e9e par Sylvain Chomet, 2014,\" src=\"http:\/\/blogs.univ-jfc.fr\/projetcroixrouge\/wp-content\/uploads\/sites\/40\/2015\/02\/CRF150_Anges_2014.jpg\" width=\"152\" height=\"225\" \/><\/a><figcaption id=\"caption-attachment-2923\" class=\"wp-caption-text\">La Croix-Rouge 150 ans \u00e0 vos c\u00f4t\u00e9s, les anges blancs. Timbre, cr\u00e9e par Sylvain Chomet, 2014,<\/figcaption><\/figure>\n<p>&nbsp;<\/p>\n<p>&nbsp;<\/p>\n<p style=\"text-align: justify\"><span style=\"font-size: large\"><span style=\"font-size: medium\">L<\/span><span style=\"font-size: medium\">es femmes <\/span><span style=\"font-size: medium\">se voient attribu<\/span><span style=\"font-size: medium\">er<\/span><span style=\"font-size: medium\"> depuis longtemps l&rsquo;image de la charit\u00e9, de la bont\u00e9 et de nombreuses qualit\u00e9s dans le soulagement des souffrances de leur prochain. <\/span><span style=\"font-size: medium\">Elles<\/span><span style=\"font-size: medium\"> se voient, aujourd&rsquo;hui comme hier, <\/span><span style=\"font-size: medium\">instrumentalis\u00e9es afin de valoriser la Croix-Rouge et d&rsquo;attirer de nouveaux membres. Cette instrumentalisation passe notamment par les publicit\u00e9s et transforme la femme en v\u00e9ritable <\/span><span style=\"color: #000000\"><span style=\"color: #000000\"><span style=\"font-size: medium\"><a title=\"Image et repr\u00e9sentation des femmes de la Croix-Rouge\" href=\"http:\/\/blogs.univ-jfc.fr\/projetcroixrouge\/la-croix-rouge-tarnaise-des-hommes-et-des-femmes\/les-femmes-de-la-croix-rouge\/image-et-representation-des-femmes-de-la-croix-rouge\/\">ic\u00f4ne populaire<\/a><\/span><\/span><\/span><span style=\"font-size: medium\">.<\/span><\/span><\/p>\n<p>&nbsp;<\/p>\n<p>&nbsp;<\/p>\n<p>&nbsp;<\/p>\n<figure id=\"attachment_2927\" aria-describedby=\"caption-attachment-2927\" style=\"width: 300px\" class=\"wp-caption alignleft\"><a href=\"http:\/\/blogs.univ-jfc.fr\/projetcroixrouge\/wp-content\/uploads\/sites\/40\/2015\/02\/150-ans-d-action-humanitaire-hommage-aux-femmes_slideshow.jpg\"><img loading=\"lazy\" class=\"size-medium wp-image-2927 \" title=\"La formation des femmes de la Croix-Rouge \" alt=\"Photographie sur la formation des femmes, La Croix-Rouge 150 ans d'action humanitaire \" src=\"http:\/\/blogs.univ-jfc.fr\/projetcroixrouge\/wp-content\/uploads\/sites\/40\/2015\/02\/150-ans-d-action-humanitaire-hommage-aux-femmes_slideshow-300x189.jpg\" width=\"300\" height=\"189\" srcset=\"https:\/\/blogs.univ-jfc.fr\/projetcroixrouge\/wp-content\/uploads\/sites\/40\/2015\/02\/150-ans-d-action-humanitaire-hommage-aux-femmes_slideshow-300x189.jpg 300w, https:\/\/blogs.univ-jfc.fr\/projetcroixrouge\/wp-content\/uploads\/sites\/40\/2015\/02\/150-ans-d-action-humanitaire-hommage-aux-femmes_slideshow.jpg 782w\" sizes=\"(max-width: 300px) 100vw, 300px\" \/><\/a><figcaption id=\"caption-attachment-2927\" class=\"wp-caption-text\">Photographie sur la formation des femmes, La Croix-Rouge 150 ans d&rsquo;action humanitaire<\/figcaption><\/figure>\n<p style=\"text-align: justify\" align=\"JUSTIFY\"><span style=\"font-size: medium\">Les femmes sont encore aujourd&rsquo;hui nombreuses dans la Croix-Rouge, d\u00e9passant tr\u00e8s largement la majorit\u00e9. L&rsquo;institution les a aid\u00e9 en les formant, en leur donnant de plus en plus acc\u00e8s \u00e0 des postes \u00e0 responsabilit\u00e9, en valorisant l&rsquo;importance de l&rsquo;<span style=\"color: #000000\"><span style=\"color: #000000\"><a title=\"\u00c9galit\u00e9 et parit\u00e9 homme-femme : la Croix-Rouge reflet de la soci\u00e9t\u00e9 ?\" href=\"http:\/\/blogs.univ-jfc.fr\/projetcroixrouge\/la-croix-rouge-tarnaise-des-hommes-et-des-femmes\/les-femmes-de-la-croix-rouge\/egalite-et-parite-homme-femme-la-croix-rouge-reflet-de-la-societe\/\">\u00e9galit\u00e9 homme-femme<\/a><\/span><\/span>. La Croix-Rouge est-elle ainsi le reflet de la soci\u00e9t\u00e9 ?\u00a0<\/span><\/p>\n<p style=\"text-align: justify\" align=\"JUSTIFY\">COZETTE Clara et MARTINS Emmy<\/p>\n","protected":false},"excerpt":{"rendered":"<p>&nbsp; La Croix-Rouge ne porte son nom que depuis 1940. En effet, avant cette date, l&rsquo;institution \u00e9tait compos\u00e9e de 3 associations, dont deux f\u00e9minines, l&rsquo;Union des femmes de France (UFF) et l&rsquo;Association des Dames Fran\u00e7aises ( ADF),\u00a0\u00a0qui ont r\u00e9ellement\u00a0favoris\u00e9 l&rsquo;int\u00e9gration des femmes.\u00a0Gr\u00e2ce \u00e0 ces organisations et d\u00e8s la fin des guerres napol\u00e9oniennes,\u00a0des \u00e9lans humanitaires se &hellip; <a href=\"https:\/\/blogs.univ-jfc.fr\/projetcroixrouge\/la-croix-rouge-tarnaise-des-hommes-et-des-femmes\/les-femmes-de-la-croix-rouge\/\" class=\"more-link\">Continuer la lecture de <span class=\"screen-reader-text\">Les femmes de la Croix-Rouge<\/span> <span class=\"meta-nav\">&rarr;<\/span><\/a><\/p>\n","protected":false},"author":20,"featured_media":0,"parent":1045,"menu_order":2,"comment_status":"closed","ping_status":"open","template":"","meta":[],"_links":{"self":[{"href":"https:\/\/blogs.univ-jfc.fr\/projetcroixrouge\/wp-json\/wp\/v2\/pages\/566"}],"collection":[{"href":"https:\/\/blogs.univ-jfc.fr\/projetcroixrouge\/wp-json\/wp\/v2\/pages"}],"about":[{"href":"https:\/\/blogs.univ-jfc.fr\/projetcroixrouge\/wp-json\/wp\/v2\/types\/page"}],"author":[{"embeddable":true,"href":"https:\/\/blogs.univ-jfc.fr\/projetcroixrouge\/wp-json\/wp\/v2\/users\/20"}],"replies":[{"embeddable":true,"href":"https:\/\/blogs.univ-jfc.fr\/projetcroixrouge\/wp-json\/wp\/v2\/comments?post=566"}],"version-history":[{"count":18,"href":"https:\/\/blogs.univ-jfc.fr\/projetcroixrouge\/wp-json\/wp\/v2\/pages\/566\/revisions"}],"predecessor-version":[{"id":3814,"href":"https:\/\/blogs.univ-jfc.fr\/projetcroixrouge\/wp-json\/wp\/v2\/pages\/566\/revisions\/3814"}],"up":[{"embeddable":true,"href":"https:\/\/blogs.univ-jfc.fr\/projetcroixrouge\/wp-json\/wp\/v2\/pages\/1045"}],"wp:attachment":[{"href":"https:\/\/blogs.univ-jfc.fr\/projetcroixrouge\/wp-json\/wp\/v2\/media?parent=566"}],"curies":[{"name":"wp","href":"https:\/\/api.w.org\/{rel}","templated":true}]}}