{"id":569,"date":"2015-02-12T09:51:59","date_gmt":"2015-02-12T08:51:59","guid":{"rendered":"http:\/\/blogs.univ-jfc.fr\/projetcroixrouge\/?page_id=569"},"modified":"2015-04-01T20:36:43","modified_gmt":"2015-04-01T19:36:43","slug":"la-croix-rouge-action-sociale-et-interventions-medicales","status":"publish","type":"page","link":"https:\/\/blogs.univ-jfc.fr\/projetcroixrouge\/la-croix-rouge-tarnaise-hommes-et-institutions\/la-croix-rouge-action-sociale-et-interventions-medicales\/","title":{"rendered":"La Croix-Rouge tarnaise : action sociale et intervention m\u00e9dicale"},"content":{"rendered":"<figure id=\"attachment_1983\" aria-describedby=\"caption-attachment-1983\" style=\"width: 227px\" class=\"wp-caption alignright\"><img loading=\"lazy\" class=\"wp-image-1983 \" style=\"text-align: justify;line-height: 1.5\" alt=\"H\u00f4pital auxiliaire n\u00b08\" src=\"http:\/\/blogs.univ-jfc.fr\/projetcroixrouge\/wp-content\/uploads\/sites\/40\/2015\/03\/Annexe-partie-Quentin-1-300x214.jpg\" width=\"227\" height=\"162\" srcset=\"https:\/\/blogs.univ-jfc.fr\/projetcroixrouge\/wp-content\/uploads\/sites\/40\/2015\/03\/Annexe-partie-Quentin-1-300x214.jpg 300w, https:\/\/blogs.univ-jfc.fr\/projetcroixrouge\/wp-content\/uploads\/sites\/40\/2015\/03\/Annexe-partie-Quentin-1-1024x732.jpg 1024w\" sizes=\"(max-width: 227px) 100vw, 227px\" \/><figcaption id=\"caption-attachment-1983\" class=\"wp-caption-text\">Personnel Croix-Rouge de l&rsquo;h\u00f4pital auxiliaire n\u00b08.<br \/>\u00a9 Archive de la biblioth\u00e8que de Castres.<\/figcaption><\/figure>\n<p>&nbsp;<\/p>\n<p style=\"text-align: justify\"><span style=\"line-height: 1.5\"><span style=\"font-family: Arial, sans-serif\">La Croix-Rouge tarnaise \u0153uvre lors de la Premi\u00e8re\u00a0<\/span><\/span><span style=\"line-height: 1.5\"><span style=\"font-family: Arial, sans-serif\">Guerre\u00a0<\/span><\/span><span style=\"line-height: 1.5\"><span style=\"font-family: Arial, sans-serif\">Mondiale pour venir en aide aux soldats bless\u00e9s par l\u2019interm\u00e9diaire d\u2019<a title=\"H\u00f4pital auxiliaire et h\u00f4pitaux compl\u00e9mentaires de Castres\" href=\"http:\/\/blogs.univ-jfc.fr\/projetcroixrouge\/la-croix-rouge-tarnaise-hommes-et-institutions\/la-croix-rouge-action-sociale-et-interventions-medicales\/hopital-auxiliaire-et-hopitaux-complementaires-de-castres\/\" target=\"_blank\">h\u00f4pitaux auxiliaires<\/a><\/span><\/span><span style=\"line-height: 1.5\"><span style=\"font-family: Arial, sans-serif\">. Ces\u00a0<\/span><\/span><span style=\"line-height: 1.5\"><span style=\"font-family: Arial, sans-serif\">h\u00f4pitaux se d\u00e9ploient alors dans le d\u00e9partement du Tarn et notamment autour de la ville de Castres.<\/span><\/span><\/p>\n<p><span style=\"color: #ffffff\">\u2026.<\/span><\/p>\n<p><span style=\"color: #ffffff\">\u00a0.<\/span><\/p>\n<figure id=\"attachment_1982\" aria-describedby=\"caption-attachment-1982\" style=\"width: 200px\" class=\"wp-caption alignleft\"><img loading=\"lazy\" class=\"wp-image-1982 \" alt=\"Castres Pouponni\u00e8re\" src=\"http:\/\/blogs.univ-jfc.fr\/projetcroixrouge\/wp-content\/uploads\/sites\/40\/2015\/03\/Castres-La-Barradi\u00e8re-481-275x300.jpg\" width=\"200\" height=\"230\" \/><figcaption id=\"caption-attachment-1982\" class=\"wp-caption-text\">Pouponni\u00e8re de Castres 1943.<br \/>Croix-Rouge Suisse (CRS).<\/figcaption><\/figure>\n<p>&nbsp;<\/p>\n<p style=\"text-align: justify\"><span style=\"line-height: 1.5\"><span style=\"font-family: Arial, sans-serif\">Les <a title=\"Pouponni\u00e8re de Castres\" href=\"http:\/\/blogs.univ-jfc.fr\/projetcroixrouge\/la-croix-rouge-tarnaise-hommes-et-institutions\/la-croix-rouge-action-sociale-et-interventions-medicales\/pouponniere-de-castres\/\" target=\"_blank\">pouponni\u00e8res<\/a> sont des lieux o\u00f9 les enfants\u00a0<\/span><\/span><span style=\"line-height: 1.5\"><span style=\"font-family: Arial, sans-serif\">sont pris en charge et soign\u00e9s par la Croix-Rouge pendant la Seconde Guerre Mondiale. En France, onze pouponni\u00e8res ont ouvert pour porter secours aux enfants entre 1940 et 1945. En 1943, le Comit\u00e9 de la Croix-Rouge de Castres d\u00e9cide d&rsquo;ouvrir une pouponni\u00e8re, qui a accueilli trente-cinq enfants majoritairement Fran\u00e7ais mais venant aussi des quatre coins de l&rsquo;Europe.<\/span><\/span><\/p>\n<p>&nbsp;<\/p>\n<p><span style=\"color: #ffffff\">&#8230;<\/span><\/p>\n<p>&nbsp;<\/p>\n<figure id=\"attachment_3638\" aria-describedby=\"caption-attachment-3638\" style=\"width: 175px\" class=\"wp-caption alignright\"><a href=\"http:\/\/blogs.univ-jfc.fr\/projetcroixrouge\/wp-content\/uploads\/sites\/40\/2015\/04\/Annexe-lettre-alg\u00e9rie-0.jpg\"><img loading=\"lazy\" class=\"wp-image-3638  \" alt=\"Annexe-lettre-alg\u00e9rie-0\" src=\"http:\/\/blogs.univ-jfc.fr\/projetcroixrouge\/wp-content\/uploads\/sites\/40\/2015\/04\/Annexe-lettre-alg\u00e9rie-0-269x300.jpg\" width=\"175\" height=\"194\" srcset=\"https:\/\/blogs.univ-jfc.fr\/projetcroixrouge\/wp-content\/uploads\/sites\/40\/2015\/04\/Annexe-lettre-alg\u00e9rie-0-269x300.jpg 269w, https:\/\/blogs.univ-jfc.fr\/projetcroixrouge\/wp-content\/uploads\/sites\/40\/2015\/04\/Annexe-lettre-alg\u00e9rie-0-918x1024.jpg 918w, https:\/\/blogs.univ-jfc.fr\/projetcroixrouge\/wp-content\/uploads\/sites\/40\/2015\/04\/Annexe-lettre-alg\u00e9rie-0.jpg 1075w\" sizes=\"(max-width: 175px) 100vw, 175px\" \/><\/a><figcaption id=\"caption-attachment-3638\" class=\"wp-caption-text\">Lettre de remerciement d&rsquo;un combattant fran\u00e7ais en Alg\u00e9rie.<br \/>\u00a9 Archive personnelle du comit\u00e9 Croix-Rouge de Graulhet.<\/figcaption><\/figure>\n<p style=\"text-align: justify\"><span style=\"font-family: Arial, sans-serif;color: #ffffff\">&#8230;<\/span><\/p>\n<p style=\"text-align: justify\"><span style=\"font-family: Arial, sans-serif\">Pendant les\u00a0conflits de\u00a0<\/span><span style=\"font-family: Arial, sans-serif\">d\u00e9colonisation\u00a0<\/span><span style=\"font-family: Arial, sans-serif\">comme\u00a0<\/span><span style=\"font-family: Arial, sans-serif\">la\u00a0<\/span><span style=\"font-family: Arial, sans-serif\">Guerre\u00a0<span style=\"font-family: 'Source Sans Pro', Helvetica, sans-serif;line-height: 1.5\"><span style=\"font-family: Arial, sans-serif\">d\u2019Indochine\u00a0<\/span><\/span><span style=\"font-family: 'Source Sans Pro', Helvetica, sans-serif;line-height: 1.5\"><span style=\"font-family: Arial, sans-serif\">(1946-1954) et la Guerre d\u2019Alg\u00e9rie (1954-1962), la Croix-Rouge\u00a0<\/span><\/span><span style=\"font-family: 'Source Sans Pro', Helvetica, sans-serif;line-height: 1.5\"><span style=\"font-family: Arial, sans-serif\">n\u2019a cess\u00e9 d\u2019envoyer des\u00a0<\/span><\/span><span style=\"font-family: 'Source Sans Pro', Helvetica, sans-serif;line-height: 1.5\"><span style=\"font-family: Arial, sans-serif\"><a title=\"Colis d\u2019approvisionnement pour les combattants fran\u00e7ais\" href=\"http:\/\/blogs.univ-jfc.fr\/projetcroixrouge\/la-croix-rouge-tarnaise-hommes-et-institutions\/la-croix-rouge-action-sociale-et-interventions-medicales\/colis-dapprovisionnement-pour-les-combattants-francais\/\" target=\"_blank\">colis<\/a> pour\u00a0<\/span><\/span><span style=\"font-family: 'Source Sans Pro', Helvetica, sans-serif;line-height: 1.5\"><span style=\"font-family: Arial, sans-serif\">approvisionner les combattants ou les prisonniers de guerre en nourriture et en v\u00eatements. Outre l&rsquo;approvisionnement, ces colis, souvent envoy\u00e9s e<\/span><\/span><span style=\"font-size: medium;line-height: 1.5;font-family: Arial, sans-serif;color: #000000\">n p\u00e9riode de f\u00eate, touchent et apportent du r\u00e9confort aux combattants (la sp\u00e9cificit\u00e9 de la guerre d&rsquo;Alg\u00e9rie est que le gouvernement fran\u00e7ais a envoy\u00e9 des contingents et pas seulement des militaires). Ainsi, un lien social se cr\u00e9e entre les comit\u00e9s de la Croix-Rouge et les combattants.<\/span><\/span><\/p>\n<p><span style=\"color: #ffffff\">&#8230;<\/span><\/p>\n<p><span style=\"color: #ffffff\">&#8230;\u00a0<\/span><\/p>\n<p>&nbsp;<\/p>\n<figure id=\"attachment_2136\" aria-describedby=\"caption-attachment-2136\" style=\"width: 178px\" class=\"wp-caption alignleft\"><img loading=\"lazy\" class=\"wp-image-2136 \" alt=\"Photo animation\" src=\"http:\/\/blogs.univ-jfc.fr\/projetcroixrouge\/wp-content\/uploads\/sites\/40\/2015\/03\/Photo-animation--285x300.jpg\" width=\"178\" height=\"188\" srcset=\"https:\/\/blogs.univ-jfc.fr\/projetcroixrouge\/wp-content\/uploads\/sites\/40\/2015\/03\/Photo-animation--285x300.jpg 285w, https:\/\/blogs.univ-jfc.fr\/projetcroixrouge\/wp-content\/uploads\/sites\/40\/2015\/03\/Photo-animation--974x1024.jpg 974w\" sizes=\"(max-width: 178px) 100vw, 178px\" \/><figcaption id=\"caption-attachment-2136\" class=\"wp-caption-text\">Notes de Mme Guillemart pour la proposition du projet d&rsquo;animation en milieu hospitalier.<br \/>\u00a9 Archive personnelle de Mme Guillemart.<\/figcaption><\/figure>\n<p>&nbsp;<\/p>\n<p style=\"text-align: justify\">La Croix-Rouge tarnaise sait aussi se mettre en avant, avec la mise en place de nouveaut\u00e9s nationales, gr\u00e2ce \u00e0 l&rsquo;action de ses b\u00e9n\u00e9voles toujours tr\u00e8s investis. Ainsi une biblioth\u00e8que et un <a title=\"Un service d\u2019animation en milieu hospitalier\" href=\"http:\/\/blogs.univ-jfc.fr\/projetcroixrouge\/la-croix-rouge-tarnaise-hommes-et-institutions\/la-croix-rouge-action-sociale-et-interventions-medicales\/un-service-danimation-en-milieu-hospitalier\/\" target=\"_blank\">service d&rsquo;animation<\/a> sont mis en place dans les h\u00f4pitaux, c\u2019est une premi\u00e8re en France. Les h\u00f4pitaux de France, gr\u00e2ce \u00e0 la Croix-Rouge du Tarn font appel \u00e0 des animateurs en tout genre et des pr\u00eats de livres s\u2019organisent pour les patients.<\/p>\n<p style=\"text-align: justify\"><span style=\"color: #ffffff\">&#8230;<\/span><\/p>\n<p style=\"text-align: justify\"><span style=\"color: #ffffff\">&#8230;\u00a0<\/span><\/p>\n<p style=\"text-align: justify\"><span style=\"color: #ffffff\">.<\/span><\/p>\n<figure id=\"attachment_1979\" aria-describedby=\"caption-attachment-1979\" style=\"width: 209px\" class=\"wp-caption alignright\"><img loading=\"lazy\" class=\"wp-image-1979 \" style=\"line-height: 1.5\" alt=\"Secourisme dans le Tarn\" src=\"http:\/\/blogs.univ-jfc.fr\/projetcroixrouge\/wp-content\/uploads\/sites\/40\/2015\/03\/21k8q10kHOGW78-RRbJ1YT-ouJGGYzwRTVfl4Ef-Jw8-1.jpeg\" width=\"209\" height=\"185\" \/><figcaption id=\"caption-attachment-1979\" class=\"wp-caption-text\">Article de journal informant sur les formations des secouristes dans le comit\u00e9 d\u00e9partemental de la Croix-Rouge du Tarn.<\/figcaption><\/figure>\n<p>&nbsp;<\/p>\n<p style=\"text-align: justify\"><span style=\"text-align: justify\"><span style=\"font-family: Arial, sans-serif\">Au fil des ann\u00e9es, la Croix-Rouge ne cesse d&rsquo;\u00e9largir son\u00a0<\/span><\/span><span style=\"text-align: justify\"><span style=\"font-family: Arial, sans-serif\">champ\u00a0<\/span><\/span><span style=\"text-align: justify\"><span style=\"font-family: Arial, sans-serif\">d&rsquo;action\u00a0<\/span><\/span><span style=\"text-align: justify\"><span style=\"font-family: Arial, sans-serif\">pour r\u00e9pondre au mieux \u00e0 la demande de chacun. Ainsi la Croix-R<\/span><\/span><span style=\"text-align: justify\"><span style=\"font-family: Arial, sans-serif\">ouge\u00a0<\/span><\/span><span style=\"text-align: justify\"><span style=\"font-family: Arial, sans-serif\">du Tarn \u00e0 l&rsquo;image\u00a0<\/span><\/span><span style=\"font-size: medium;line-height: 1.5;font-family: Arial, sans-serif;color: #000000\">des autres unit\u00e9s locales, d\u00e9veloppe \u00e0 son tour des actions sociales, afin d&rsquo;aider au mieux les populations, comme le <\/span><a style=\"font-size: medium;line-height: 1.5;font-family: Arial, sans-serif\" title=\"Premi\u00e8res formations secouristes dans le Tarn\" href=\"http:\/\/blogs.univ-jfc.fr\/projetcroixrouge\/la-croix-rouge-tarnaise-hommes-et-institutions\/la-croix-rouge-action-sociale-et-interventions-medicales\/premieres-formations-secouristes-dans-le-tarn\/\" target=\"_blank\">secourisme<\/a><span style=\"font-size: medium;line-height: 1.5;font-family: Arial, sans-serif;color: #000000\">. C&rsquo;est tout d&rsquo;abord \u00e0 R\u00e9almont dans les ann\u00e9es 1950-1960, qu&rsquo;une \u00e9quipe de secouristes se forme.<\/span><\/p>\n<p>&nbsp;<\/p>\n<p><span style=\"color: #ffffff\">.. &#8230;<\/span><\/p>\n<p><span style=\"color: #ffffff\">&#8230;<\/span><\/p>\n<figure id=\"attachment_1980\" aria-describedby=\"caption-attachment-1980\" style=\"width: 246px\" class=\"wp-caption alignleft\"><img loading=\"lazy\" class=\"wp-image-1980 \" style=\"color: #141412;font-family: 'Source Sans Pro', Helvetica, sans-serif;font-size: 16px;line-height: 1.5\" alt=\"Une halte dans la nuit \" src=\"http:\/\/blogs.univ-jfc.fr\/projetcroixrouge\/wp-content\/uploads\/sites\/40\/2015\/03\/vgt2TfqvFvx2MPXAEpQtc5nyTWsBUaKNG1spObIYC-U-300x200.jpeg\" width=\"246\" height=\"164\" srcset=\"https:\/\/blogs.univ-jfc.fr\/projetcroixrouge\/wp-content\/uploads\/sites\/40\/2015\/03\/vgt2TfqvFvx2MPXAEpQtc5nyTWsBUaKNG1spObIYC-U-300x200.jpeg 300w, https:\/\/blogs.univ-jfc.fr\/projetcroixrouge\/wp-content\/uploads\/sites\/40\/2015\/03\/vgt2TfqvFvx2MPXAEpQtc5nyTWsBUaKNG1spObIYC-U.jpeg 477w\" sizes=\"(max-width: 246px) 100vw, 246px\" \/><figcaption id=\"caption-attachment-1980\" class=\"wp-caption-text\">Maison d&rsquo;accueil pour les plus d\u00e9munis \u00e0 R\u00e9almont.<\/figcaption><\/figure>\n<p style=\"text-align: justify\">Dans les ann\u00e9es 1990-2000, en plus de la formation de secouristes, l&rsquo;aide sociale commence \u00e0 se mettre en place dans le Tarn gr\u00e2ce \u00e0 la Croix-Rouge et ses b\u00e9n\u00e9voles. Notamment avec la construction de nombreuses <a title=\"Structures afin d\u2019aider la population tarnaise\" href=\"http:\/\/blogs.univ-jfc.fr\/projetcroixrouge\/la-croix-rouge-tarnaise-hommes-et-institutions\/la-croix-rouge-action-sociale-et-interventions-medicales\/structures-afin-daider-la-population-tarnaise\/\" target=\"_blank\">structures afin d&rsquo;aider les populations les plus d\u00e9munies<\/a> comme les SDF ou encore les familles de d\u00e9tenus.<\/p>\n<p style=\"text-align: justify\">\n<p style=\"padding-left: 30px\" align=\"JUSTIFY\"><span style=\"color: #000000\"><span style=\"font-family: Arial, sans-serif\"><span style=\"font-size: medium\">\u00a0<\/span><\/span><\/span><\/p>\n<p style=\"padding-left: 30px\" align=\"JUSTIFY\"><span style=\"color: #ffffff\">&#8230;<\/span><\/p>\n<p style=\"padding-left: 30px\" align=\"JUSTIFY\"><strong>R\u00e9dacteurs<\/strong> : Marie Espitalier, Pauline Coucoureux, Quentin Lopez.<\/p>\n","protected":false},"excerpt":{"rendered":"<p>&nbsp; La Croix-Rouge tarnaise \u0153uvre lors de la Premi\u00e8re\u00a0Guerre\u00a0Mondiale pour venir en aide aux soldats bless\u00e9s par l\u2019interm\u00e9diaire d\u2019h\u00f4pitaux auxiliaires. Ces\u00a0h\u00f4pitaux se d\u00e9ploient alors dans le d\u00e9partement du Tarn et notamment autour de la ville de Castres. \u2026. \u00a0. &nbsp; Les pouponni\u00e8res sont des lieux o\u00f9 les enfants\u00a0sont pris en charge et soign\u00e9s par la &hellip; <a href=\"https:\/\/blogs.univ-jfc.fr\/projetcroixrouge\/la-croix-rouge-tarnaise-hommes-et-institutions\/la-croix-rouge-action-sociale-et-interventions-medicales\/\" class=\"more-link\">Continuer la lecture de <span class=\"screen-reader-text\">La Croix-Rouge tarnaise : action sociale et intervention m\u00e9dicale<\/span> <span class=\"meta-nav\">&rarr;<\/span><\/a><\/p>\n","protected":false},"author":20,"featured_media":0,"parent":6,"menu_order":2,"comment_status":"closed","ping_status":"closed","template":"","meta":[],"_links":{"self":[{"href":"https:\/\/blogs.univ-jfc.fr\/projetcroixrouge\/wp-json\/wp\/v2\/pages\/569"}],"collection":[{"href":"https:\/\/blogs.univ-jfc.fr\/projetcroixrouge\/wp-json\/wp\/v2\/pages"}],"about":[{"href":"https:\/\/blogs.univ-jfc.fr\/projetcroixrouge\/wp-json\/wp\/v2\/types\/page"}],"author":[{"embeddable":true,"href":"https:\/\/blogs.univ-jfc.fr\/projetcroixrouge\/wp-json\/wp\/v2\/users\/20"}],"replies":[{"embeddable":true,"href":"https:\/\/blogs.univ-jfc.fr\/projetcroixrouge\/wp-json\/wp\/v2\/comments?post=569"}],"version-history":[{"count":75,"href":"https:\/\/blogs.univ-jfc.fr\/projetcroixrouge\/wp-json\/wp\/v2\/pages\/569\/revisions"}],"predecessor-version":[{"id":3668,"href":"https:\/\/blogs.univ-jfc.fr\/projetcroixrouge\/wp-json\/wp\/v2\/pages\/569\/revisions\/3668"}],"up":[{"embeddable":true,"href":"https:\/\/blogs.univ-jfc.fr\/projetcroixrouge\/wp-json\/wp\/v2\/pages\/6"}],"wp:attachment":[{"href":"https:\/\/blogs.univ-jfc.fr\/projetcroixrouge\/wp-json\/wp\/v2\/media?parent=569"}],"curies":[{"name":"wp","href":"https:\/\/api.w.org\/{rel}","templated":true}]}}