{"id":576,"date":"2015-02-12T10:01:00","date_gmt":"2015-02-12T09:01:00","guid":{"rendered":"http:\/\/blogs.univ-jfc.fr\/projetcroixrouge\/?page_id=576"},"modified":"2015-03-24T21:31:37","modified_gmt":"2015-03-24T20:31:37","slug":"les-benevoles-de-la-croix-rouge-tarnaise","status":"publish","type":"page","link":"https:\/\/blogs.univ-jfc.fr\/projetcroixrouge\/la-croix-rouge-tarnaise-des-hommes-et-des-femmes\/les-benevoles-de-la-croix-rouge-tarnaise\/","title":{"rendered":"Encadrer les b\u00e9n\u00e9voles de la Croix-Rouge tarnaise"},"content":{"rendered":"<p>&nbsp;<\/p>\n<p style=\"text-align: justify\"><span style=\"font-family: Liberation Serif,serif\">La <span style=\"color: #000000\">Croix-rouge est une association reposant sur des b\u00e9n\u00e9voles, un personnel motiv\u00e9 dans son engagement qui d\u00e9sire <\/span><span style=\"color: #000000\">procurer aide et secours \u00e0 ceux qui en ont besoin. Le b\u00e9n\u00e9vole est un personnage dont le r\u00f4le est indispensable, puisque sans lui l&rsquo;association ne pourrait pas assumer ses responsabilit\u00e9s, en France comme dans le monde. <\/span><a title=\"Fonctionner avec des b\u00e9n\u00e9voles, une probl\u00e9matique particuli\u00e8re\" href=\"http:\/\/blogs.univ-jfc.fr\/projetcroixrouge\/la-croix-rouge-tarnaise-des-hommes-et-des-femmes\/les-benevoles-de-la-croix-rouge-tarnaise\/fonctionner-avec-des-benevoles-une-problematique-particuliere\/\"><span style=\"color: #000080\"><span style=\"font-size: medium\">Fonctionner avec des b\u00e9n\u00e9voles rel\u00e8ve donc d&rsquo;une probl\u00e9matique particuli\u00e8re<\/span><\/span><\/a><span style=\"color: #000000\"><span style=\"font-size: medium\"> dans la mesure o\u00f9 l&rsquo;on doit encadrer cet enthousiasme pour le conduire vers des projets concrets.<\/span><\/span><\/span><\/p>\n<figure id=\"attachment_2292\" aria-describedby=\"caption-attachment-2292\" style=\"width: 300px\" class=\"wp-caption aligncenter\"><a href=\"http:\/\/blogs.univ-jfc.fr\/projetcroixrouge\/wp-content\/uploads\/sites\/40\/2015\/02\/BENEVOLES-ALBI.jpg\"><img loading=\"lazy\" class=\"size-medium wp-image-2292 \" alt=\"A Albi, les maraudes sont organis\u00e9es tous les soirs, de 21 heures \u00e0 minuit, pour rep\u00e9rer les SDF. Christian Capdevielle, pr\u00e9sident de la d\u00e9l\u00e9gation loale de la Croix-Rouge, peut compter sur des b\u00e9n\u00e9voles motiv\u00e9s.\" src=\"http:\/\/blogs.univ-jfc.fr\/projetcroixrouge\/wp-content\/uploads\/sites\/40\/2015\/02\/BENEVOLES-ALBI-300x179.jpg\" width=\"300\" height=\"179\" srcset=\"https:\/\/blogs.univ-jfc.fr\/projetcroixrouge\/wp-content\/uploads\/sites\/40\/2015\/02\/BENEVOLES-ALBI-300x179.jpg 300w, https:\/\/blogs.univ-jfc.fr\/projetcroixrouge\/wp-content\/uploads\/sites\/40\/2015\/02\/BENEVOLES-ALBI.jpg 835w\" sizes=\"(max-width: 300px) 100vw, 300px\" \/><\/a><figcaption id=\"caption-attachment-2292\" class=\"wp-caption-text\">A Albi, les maraudes sont organis\u00e9es tous les soirs, de 21 heures \u00e0 minuit, pour rep\u00e9rer les SDF. Christian Capdevielle, pr\u00e9sident de la d\u00e9l\u00e9gation loale de la Croix-Rouge, peut compter sur des b\u00e9n\u00e9voles motiv\u00e9s.<\/figcaption><\/figure>\n<p style=\"text-align: justify\"><strong><span style=\"color: #ff0000\"><br \/>\n<\/span> <\/strong><\/p>\n<p style=\"text-align: justify\"><span style=\"font-family: Liberation Serif,serif\">En effet, les d\u00e9fis auxquels la Croix-Rouge est confront\u00e9e sont de taille et demandent un certain professionnalisme.<span style=\"color: #000000\"> L<\/span>a prise en charge de situation<span style=\"color: #000000\">s<\/span> de catastrophe doit \u00eatre imm\u00e9diate et rigoureuse. <a title=\"Le paradoxe de la Croix-rouge: mener des actions professionnelles avec des b\u00e9n\u00e9voles\" href=\"http:\/\/blogs.univ-jfc.fr\/projetcroixrouge\/la-croix-rouge-tarnaise-des-hommes-et-des-femmes\/les-benevoles-de-la-croix-rouge-tarnaise\/le-paradoxe-de-la-croix-rouge-mener-des-actions-professionnelles-avec-des-benevoles\/\"><span style=\"color: #000080\">La Croix-Rouge attend donc de la part de ses b\u00e9n\u00e9voles un professionnalisme sans faille<\/span><\/a>. <span style=\"color: #000000\">Le profil du b\u00e9n\u00e9vole, corr\u00e9l\u00e9 \u00e0 cette attente de professionnalisme, peuvent donc former une association paradoxale<\/span><span style=\"color: #000000\">, m\u00eame si la Croix-Rouge tente d&rsquo;y rem\u00e9dier en proposant ses propres formations. Cela n\u00e9cessite donc tout un encadrement et un management sp\u00e9cifiques.<\/span><\/span><\/p>\n<figure id=\"attachment_2941\" aria-describedby=\"caption-attachment-2941\" style=\"width: 300px\" class=\"wp-caption aligncenter\"><a href=\"http:\/\/blogs.univ-jfc.fr\/projetcroixrouge\/wp-content\/uploads\/sites\/40\/2015\/02\/jean4.jpg\"><img loading=\"lazy\" class=\"size-medium wp-image-2941 \" alt=\"B\u00e9n\u00e9voles avec banni\u00e8res, d\u00e9fil\u00e9 annuel du 14 juillet en 2014 source: archives de la d\u00e9l\u00e9gation du Tarn\" src=\"http:\/\/blogs.univ-jfc.fr\/projetcroixrouge\/wp-content\/uploads\/sites\/40\/2015\/02\/jean4-300x200.jpg\" width=\"300\" height=\"200\" srcset=\"https:\/\/blogs.univ-jfc.fr\/projetcroixrouge\/wp-content\/uploads\/sites\/40\/2015\/02\/jean4-300x200.jpg 300w, https:\/\/blogs.univ-jfc.fr\/projetcroixrouge\/wp-content\/uploads\/sites\/40\/2015\/02\/jean4.jpg 960w\" sizes=\"(max-width: 300px) 100vw, 300px\" \/><\/a><figcaption id=\"caption-attachment-2941\" class=\"wp-caption-text\">B\u00e9n\u00e9voles avec banni\u00e8res, d\u00e9fil\u00e9 annuel du 14 juillet en 2014<br \/>source: archives de la d\u00e9l\u00e9gation du Tarn<\/figcaption><\/figure>\n<p style=\"text-align: justify\"><span style=\"font-family: Liberation Serif,serif\"><span style=\"color: #000000\"> Enfin, l<\/span>a Croix-Rouge n&rsquo;a pas pu \u00e9chapper<span style=\"color: #000000\"> \u00e0 <\/span><a title=\"L\u2019encadrement des b\u00e9n\u00e9voles \u00e0 l\u2019heure des nouvelles Technologies de l\u2019Information et de la Communication\" href=\"http:\/\/blogs.univ-jfc.fr\/projetcroixrouge\/la-croix-rouge-tarnaise-des-hommes-et-des-femmes\/les-benevoles-de-la-croix-rouge-tarnaise\/lencadrement-des-benevoles-a-lheure-des-nouvelles-technologies-de-linformation-et-de-la-communication\/\"><span style=\"color: #004586\">la vague des nouvelles technologies des ann\u00e9es 1990<\/span><\/a><span style=\"color: #000000\">, qui l&rsquo;a pouss\u00e9e \u00e0 modifier la structure de son organisation, dans<\/span><span style=\"color: #000000\"> s<\/span>a gestion des informations et des b\u00e9n\u00e9voles. La centralisation s&rsquo;en est trouv\u00e9e renforc\u00e9e par les nouvelles technologies, puisqu&rsquo;elle permet de conna\u00eetre avec une pr\u00e9cision accrue les comptes-rendus des actions effectu\u00e9es. Mais cette rapidit\u00e9 de l&rsquo;information ne facilite pas forc\u00e9ment la coordination, dans un organisme qui s&rsquo;est d\u00e9velopp\u00e9 \u00e0 l&rsquo;origine par le biais d&rsquo;un encadrement traditionnel.<\/span><\/p>\n<figure id=\"attachment_2295\" aria-describedby=\"caption-attachment-2295\" style=\"width: 252px\" class=\"wp-caption aligncenter\"><a href=\"http:\/\/blogs.univ-jfc.fr\/projetcroixrouge\/wp-content\/uploads\/sites\/40\/2015\/02\/TIC.jpg\"><img loading=\"lazy\" class=\"wp-image-2295 \" title=\"Jeune femme utilisant les nouvelles technologies de l'information et de la communication\" alt=\"TIC\" src=\"http:\/\/blogs.univ-jfc.fr\/projetcroixrouge\/wp-content\/uploads\/sites\/40\/2015\/02\/TIC-300x189.jpg\" width=\"252\" height=\"158\" \/><\/a><figcaption id=\"caption-attachment-2295\" class=\"wp-caption-text\">Une \u00e9tudiante utilisant les nouvelles technologies dans un des instituts r\u00e9gionaux de formation sanitaires et sociaux (IRFSS) sous responsabilit\u00e9 de la Croix-rouge.<\/figcaption><\/figure>\n<p>&nbsp;<\/p>\n<h6><a title=\"En savoir plus : encadrer les b\u00e9n\u00e9voles de la Croix-Rouge tarnaise\" href=\"http:\/\/blogs.univ-jfc.fr\/projetcroixrouge\/la-croix-rouge-tarnaise-des-hommes-et-des-femmes\/les-benevoles-de-la-croix-rouge-tarnaise\/en-savoir-plus-encadrer-les-benevoles-de-la-croix-rouge-tarnaise\/\">\u00a0En savoir plus : encadrer les b\u00e9n\u00e9voles de la Croix-Rouge tarnaise<\/a><\/h6>\n<p>Etudiants : Antoine Toulza, Noham Pedredro, Mlle Paillas.<\/p>\n","protected":false},"excerpt":{"rendered":"<p>&nbsp; La Croix-rouge est une association reposant sur des b\u00e9n\u00e9voles, un personnel motiv\u00e9 dans son engagement qui d\u00e9sire procurer aide et secours \u00e0 ceux qui en ont besoin. Le b\u00e9n\u00e9vole est un personnage dont le r\u00f4le est indispensable, puisque sans lui l&rsquo;association ne pourrait pas assumer ses responsabilit\u00e9s, en France comme dans le monde. Fonctionner &hellip; <a href=\"https:\/\/blogs.univ-jfc.fr\/projetcroixrouge\/la-croix-rouge-tarnaise-des-hommes-et-des-femmes\/les-benevoles-de-la-croix-rouge-tarnaise\/\" class=\"more-link\">Continuer la lecture de <span class=\"screen-reader-text\">Encadrer les b\u00e9n\u00e9voles de la Croix-Rouge tarnaise<\/span> <span class=\"meta-nav\">&rarr;<\/span><\/a><\/p>\n","protected":false},"author":20,"featured_media":0,"parent":1045,"menu_order":3,"comment_status":"closed","ping_status":"open","template":"","meta":[],"_links":{"self":[{"href":"https:\/\/blogs.univ-jfc.fr\/projetcroixrouge\/wp-json\/wp\/v2\/pages\/576"}],"collection":[{"href":"https:\/\/blogs.univ-jfc.fr\/projetcroixrouge\/wp-json\/wp\/v2\/pages"}],"about":[{"href":"https:\/\/blogs.univ-jfc.fr\/projetcroixrouge\/wp-json\/wp\/v2\/types\/page"}],"author":[{"embeddable":true,"href":"https:\/\/blogs.univ-jfc.fr\/projetcroixrouge\/wp-json\/wp\/v2\/users\/20"}],"replies":[{"embeddable":true,"href":"https:\/\/blogs.univ-jfc.fr\/projetcroixrouge\/wp-json\/wp\/v2\/comments?post=576"}],"version-history":[{"count":23,"href":"https:\/\/blogs.univ-jfc.fr\/projetcroixrouge\/wp-json\/wp\/v2\/pages\/576\/revisions"}],"predecessor-version":[{"id":2945,"href":"https:\/\/blogs.univ-jfc.fr\/projetcroixrouge\/wp-json\/wp\/v2\/pages\/576\/revisions\/2945"}],"up":[{"embeddable":true,"href":"https:\/\/blogs.univ-jfc.fr\/projetcroixrouge\/wp-json\/wp\/v2\/pages\/1045"}],"wp:attachment":[{"href":"https:\/\/blogs.univ-jfc.fr\/projetcroixrouge\/wp-json\/wp\/v2\/media?parent=576"}],"curies":[{"name":"wp","href":"https:\/\/api.w.org\/{rel}","templated":true}]}}