{"id":579,"date":"2015-02-12T10:02:52","date_gmt":"2015-02-12T09:02:52","guid":{"rendered":"http:\/\/blogs.univ-jfc.fr\/projetcroixrouge\/?page_id=579"},"modified":"2015-03-26T19:25:10","modified_gmt":"2015-03-26T18:25:10","slug":"le-cicr","status":"publish","type":"page","link":"https:\/\/blogs.univ-jfc.fr\/projetcroixrouge\/le-cicr\/","title":{"rendered":"Le CICR"},"content":{"rendered":"<p lang=\"fr-FR\" align=\"justify\"><span style=\"color: #000000\"><span style=\"font-family: Times New Roman,serif\"><span style=\"font-size: medium\"><span style=\"font-family: Arial,sans-serif\"><a title=\"Sp\u00e9cificit\u00e9s, origines et \u00e9volution\" href=\"http:\/\/blogs.univ-jfc.fr\/projetcroixrouge\/le-cicr\/specificites-origines-et-evolution\/\" target=\"_blank\">Le Comit\u00e9 International de la Croix-Rouge<\/a> (CICR) est une \u00ab organisation internationale humanitaire\u00a0\u00bb \u00e0 part enti\u00e8re. En 1863, le Comit\u00e9 des Cinq dont la figure embl\u00e9matique est <a href=\"http:\/\/blogs.univ-jfc.fr\/projetcroixrouge\/risque-urgence-guerre\/henry-dunant-introduction\/fondation-de-la-croix-rouge\/\" target=\"_blank\">Henri Dunant <\/a>fonde le CICR, qui, peu de temps apr\u00e8s donne naissance au mouvement de la Croix-Rouge. Le CICR et la Croix-Rouge sont interd\u00e9pendants et il est n\u00e9cessaire de faire la diff\u00e9rence entre ces deux organismes. Par exemple, en 1963 le Comit\u00e9 a re\u00e7u le prix Nobel de la paix en m\u00eame temps que la F\u00e9d\u00e9ration Internationale de la Croix-Rouge et du Croissant-Rouge. Ce Prix Nobel souligne l&rsquo;autonomie du Comit\u00e9 par rapport \u00e0 la F\u00e9d\u00e9ration. Malgr\u00e9 leur ind\u00e9pendance, elles sont fortement li\u00e9es.<\/span><\/span><\/span><\/span><\/p>\n<p lang=\"fr-FR\" align=\"justify\"><span style=\"color: #000000\"><span style=\"font-family: Arial,sans-serif\"><span style=\"font-size: medium\"><a title=\"Interview de Fr\u00e9d\u00e9ric Joli, historien du CICR, repr\u00e9sentant des archives, le 16 octobre 2014.\" href=\"http:\/\/blogs.univ-jfc.fr\/projetcroixrouge\/le-cicr\/annexe-interview-de-frederic-joli-historien-du-cicr-representant-des-archives-le-16-octobre-2014\/\" target=\"_blank\">Le CICR<\/a> s&rsquo;appuie sur le droit international humanitaire, pour assister les victimes lors des luttes arm\u00e9es et faire face aux diff\u00e9rentes formes de violences auxquelles elles sont confront\u00e9es. Gr\u00e2ce \u00e0 ces principes, les populations sont soutenues et secourues. <\/span><\/span><\/span><\/p>\n<figure id=\"attachment_719\" aria-describedby=\"caption-attachment-719\" style=\"width: 142px\" class=\"wp-caption aligncenter\"><a href=\"http:\/\/blogs.univ-jfc.fr\/projetcroixrouge\/wp-content\/uploads\/sites\/40\/2015\/03\/imagepremiersousongletCICR.jpg\"><img loading=\"lazy\" class=\"size-full wp-image-719 \" alt=\"Logo du CICR.\" src=\"http:\/\/blogs.univ-jfc.fr\/projetcroixrouge\/wp-content\/uploads\/sites\/40\/2015\/03\/imagepremiersousongletCICR.jpg\" width=\"142\" height=\"137\" \/><\/a><figcaption id=\"caption-attachment-719\" class=\"wp-caption-text\">Logo du CICR<\/figcaption><\/figure>\n<p lang=\"fr-FR\" align=\"justify\"><span style=\"color: #000000\"><span style=\"font-family: Arial,sans-serif\"><span style=\"font-size: medium\">\u00a0<\/span><\/span><\/span><\/p>\n","protected":false},"excerpt":{"rendered":"<p>Le Comit\u00e9 International de la Croix-Rouge (CICR) est une \u00ab organisation internationale humanitaire\u00a0\u00bb \u00e0 part enti\u00e8re. En 1863, le Comit\u00e9 des Cinq dont la figure embl\u00e9matique est Henri Dunant fonde le CICR, qui, peu de temps apr\u00e8s donne naissance au mouvement de la Croix-Rouge. Le CICR et la Croix-Rouge sont interd\u00e9pendants et il est n\u00e9cessaire &hellip; <a href=\"https:\/\/blogs.univ-jfc.fr\/projetcroixrouge\/le-cicr\/\" class=\"more-link\">Continuer la lecture de <span class=\"screen-reader-text\">Le CICR<\/span> <span class=\"meta-nav\">&rarr;<\/span><\/a><\/p>\n","protected":false},"author":20,"featured_media":0,"parent":0,"menu_order":1,"comment_status":"closed","ping_status":"open","template":"","meta":[],"_links":{"self":[{"href":"https:\/\/blogs.univ-jfc.fr\/projetcroixrouge\/wp-json\/wp\/v2\/pages\/579"}],"collection":[{"href":"https:\/\/blogs.univ-jfc.fr\/projetcroixrouge\/wp-json\/wp\/v2\/pages"}],"about":[{"href":"https:\/\/blogs.univ-jfc.fr\/projetcroixrouge\/wp-json\/wp\/v2\/types\/page"}],"author":[{"embeddable":true,"href":"https:\/\/blogs.univ-jfc.fr\/projetcroixrouge\/wp-json\/wp\/v2\/users\/20"}],"replies":[{"embeddable":true,"href":"https:\/\/blogs.univ-jfc.fr\/projetcroixrouge\/wp-json\/wp\/v2\/comments?post=579"}],"version-history":[{"count":30,"href":"https:\/\/blogs.univ-jfc.fr\/projetcroixrouge\/wp-json\/wp\/v2\/pages\/579\/revisions"}],"predecessor-version":[{"id":3499,"href":"https:\/\/blogs.univ-jfc.fr\/projetcroixrouge\/wp-json\/wp\/v2\/pages\/579\/revisions\/3499"}],"wp:attachment":[{"href":"https:\/\/blogs.univ-jfc.fr\/projetcroixrouge\/wp-json\/wp\/v2\/media?parent=579"}],"curies":[{"name":"wp","href":"https:\/\/api.w.org\/{rel}","templated":true}]}}