{"id":585,"date":"2015-02-12T10:04:47","date_gmt":"2015-02-12T09:04:47","guid":{"rendered":"http:\/\/blogs.univ-jfc.fr\/projetcroixrouge\/?page_id=585"},"modified":"2015-03-29T20:55:27","modified_gmt":"2015-03-29T19:55:27","slug":"caracteristiques","status":"publish","type":"page","link":"https:\/\/blogs.univ-jfc.fr\/projetcroixrouge\/le-cicr\/caracteristiques\/","title":{"rendered":"Caract\u00e9ristiques et particularit\u00e9s du CICR"},"content":{"rendered":"<p align=\"justify\"><span style=\"font-family: Arial,sans-serif\"><span style=\"font-size: medium\"> La particularit\u00e9 de la Croix-Rouge est d&rsquo;\u00eatre compos\u00e9e de plusieurs organisations interd\u00e9pendantes.<\/span><\/span><\/p>\n<p align=\"justify\"><span style=\"font-family: Arial,sans-serif\"><span style=\"font-size: medium\"><br \/>\nPour exister de mani\u00e8re officielle, une soci\u00e9t\u00e9 nationale de la Croix-Rouge, doit \u00eatre reconnue par le CICR. De plus, lorsqu&rsquo;un pays entre en guerre, sa soci\u00e9t\u00e9 nationale passe sous la tutelle du CICR. La F\u00e9d\u00e9ration sert quant \u00e0 elle de lien entre le Comit\u00e9 international et l&rsquo;\u00c9tat, elle organise les commissions permanentes qui d\u00e9livrent ses mandats d&rsquo;action au CICR.<\/span><\/span><\/p>\n<figure id=\"attachment_959\" aria-describedby=\"caption-attachment-959\" style=\"width: 344px\" class=\"wp-caption aligncenter\"><a href=\"http:\/\/blogs.univ-jfc.fr\/projetcroixrouge\/wp-content\/uploads\/sites\/40\/2015\/03\/organigrammeCICR.png\"><img loading=\"lazy\" class=\" wp-image-959\" alt=\"organigrammeCICR\" src=\"http:\/\/blogs.univ-jfc.fr\/projetcroixrouge\/wp-content\/uploads\/sites\/40\/2015\/03\/organigrammeCICR-300x212.png\" width=\"344\" height=\"212\" \/><\/a><figcaption id=\"caption-attachment-959\" class=\"wp-caption-text\">Organisation des soci\u00e9t\u00e9s de la Croix-Rouge et du Croissant-Rouge. Par Antoine Giroir, 2014.<\/figcaption><\/figure>\n<p align=\"justify\"><span style=\"font-family: Arial,sans-serif\"><span style=\"font-size: medium\"><span style=\"color: #000000\">Son<\/span><span style=\"color: #000000\"> but principal est de sauver des vies, il lui faut donc avoir acc\u00e8s aux zones en difficult\u00e9, <\/span><span style=\"color: #000000\">pour ce faire, il s&rsquo;appuie sur sa neutralit\u00e9<\/span><span style=\"color: #000000\">. <\/span><span style=\"color: #000000\">I<\/span><span style=\"color: #000000\">l est <\/span><span style=\"color: #000000\">alors<\/span><span style=\"color: #000000\"> n\u00e9cessaire que les parties bellig\u00e9rantes <\/span><span style=\"color: #000000\">lui <\/span><span style=\"color: #000000\">en <\/span><span style=\"color: #000000\">autorise<\/span><span style=\"color: #000000\">nt <\/span><span style=\"color: #000000\">l&rsquo;<\/span><span style=\"color: #000000\">acc\u00e8s. Le CICR s&rsquo;engage \u00e0 ne rien r\u00e9v\u00e9ler <\/span><span style=\"color: #000000\">de<\/span><span style=\"color: #000000\"> ce dont ses <\/span><span style=\"color: #000000\">\u00e9missaires<\/span><span style=\"color: #000000\"> sont t\u00e9moins. <\/span><span style=\"color: #000000\">C&rsquo;est ce principe qui permet au CICR<\/span><span style=\"color: #000000\"> d<\/span><span style=\"color: #000000\">&lsquo;<\/span><span style=\"color: #000000\">effectuer <\/span><span style=\"color: #000000\">plus facilement <\/span><span style=\"color: #000000\">ses<\/span><span style=\"color: #000000\"> mission<\/span><span style=\"color: #000000\">s<\/span><span style=\"color: #000000\"> de protection de la vie et de la dignit\u00e9 humaine. <\/span><span style=\"color: #000000\">Contrairement au <\/span><span style=\"color: #000000\">C<\/span><span style=\"color: #000000\">omit\u00e9,<\/span><span style=\"color: #000000\"> d&rsquo;autres ONG plus r\u00e9centes <\/span><span style=\"color: #000000\">sont <\/span><span style=\"color: #000000\">davantage<\/span><span style=\"color: #000000\"> engag\u00e9es dans la d\u00e9nonciation de la violence des conflits. <\/span><span style=\"color: #000000\">Par exemple, lors de la crise du Biafra, une partie des acteurs d<\/span><span style=\"color: #000000\">e l&rsquo;organisation <\/span><span style=\"color: #000000\">des<\/span><span style=\"color: #000000\"> French Doctors consid\u00e8ren<\/span><span style=\"color: #000000\">t<\/span><span style=\"color: #000000\"> qu&rsquo;il fa<\/span><span style=\"color: #000000\">ut<\/span> briser le silence qui entoure les actions humanitaires du CICR.<\/span><\/span><\/p>\n<p align=\"justify\"><span style=\"font-family: Arial,sans-serif\"><span style=\"font-size: medium\"><span style=\"color: #000000\"> Aujourd&rsquo;hui, l<\/span><span style=\"color: #000000\">e <\/span><span style=\"color: #000000\">C<\/span><span style=\"color: #000000\">omit\u00e9 dispose d&rsquo;un <a title=\"Statuts du Comite international de la Croix-Rouge, 2013.\" href=\"https:\/\/www.icrc.org\/fre\/resources\/documents\/misc\/icrc-statutes-080503.htm\" target=\"_blank\">statut particulier<\/a> car il est issu de l&rsquo;initiative priv\u00e9e mais est r\u00e9gi par le droit international publi<\/span><span style=\"color: #000000\">c\u00a0; <\/span><span style=\"color: #000000\">s<\/span><span style=\"color: #000000\">on<\/span><span style=\"color: #000000\"> action se fonde sur des conventions internationales. <\/span><a title=\"Le statut du CICR : dans une cat\u00e9gorie \u00e0 part, 2004.\" href=\"https:\/\/www.icrc.org\/fre\/resources\/documents\/misc\/5wwhdp.htm\" target=\"_blank\"><span style=\"color: #000000\">L<\/span><span style=\"color: #000000\">e <\/span><span style=\"color: #000000\">statut juridique particulier <\/span><\/a><span style=\"color: #000000\">du CICR lui permet d&rsquo;\u00eatre \u00e0\u00a090\u00a0% financ\u00e9 par les \u00c9tats <\/span><span style=\"color: #000000\">signataires des<\/span><span style=\"color: #000000\"><a title=\"Annexe : Tableau des Conventions de Gen\u00e8ve.\" href=\"http:\/\/blogs.univ-jfc.fr\/projetcroixrouge\/le-cicr\/caracteristiques\/annexe-tableau-des-conventions-de-geneve\/\" target=\"_blank\"> Conventions de Gen\u00e8ve<\/a>. <\/span><span style=\"color: #000000\">Le <\/span><span style=\"color: #000000\">C<\/span><span style=\"color: #000000\">omit\u00e9 lance \u00e9galement des appels aux dons pour pallier le manque de moyens n\u00e9cessaires, corr\u00e9l\u00e9s \u00e0 l&rsquo;augmentation du nombre de conflits dans le monde<\/span>.<\/span><\/span><\/p>\n<figure id=\"attachment_770\" aria-describedby=\"caption-attachment-770\" style=\"width: 300px\" class=\"wp-caption aligncenter\"><a href=\"http:\/\/blogs.univ-jfc.fr\/projetcroixrouge\/wp-content\/uploads\/sites\/40\/2015\/03\/AppelauxdonsCICR.jpg\"><img loading=\"lazy\" class=\"size-medium wp-image-770 \" alt=\"AppelauxdonsCICR\" src=\"http:\/\/blogs.univ-jfc.fr\/projetcroixrouge\/wp-content\/uploads\/sites\/40\/2015\/03\/AppelauxdonsCICR-300x298.jpg\" width=\"300\" height=\"298\" srcset=\"https:\/\/blogs.univ-jfc.fr\/projetcroixrouge\/wp-content\/uploads\/sites\/40\/2015\/03\/AppelauxdonsCICR-300x298.jpg 300w, https:\/\/blogs.univ-jfc.fr\/projetcroixrouge\/wp-content\/uploads\/sites\/40\/2015\/03\/AppelauxdonsCICR-150x150.jpg 150w, https:\/\/blogs.univ-jfc.fr\/projetcroixrouge\/wp-content\/uploads\/sites\/40\/2015\/03\/AppelauxdonsCICR-1024x1018.jpg 1024w\" sizes=\"(max-width: 300px) 100vw, 300px\" \/><\/a><figcaption id=\"caption-attachment-770\" class=\"wp-caption-text\">Publicit\u00e9 du CICR, appel aux dons, juillet\/septembre 2014.<\/figcaption><\/figure>\n<p align=\"justify\"><span style=\"color: #000000\"><span style=\"font-family: Arial,sans-serif\"><span style=\"font-size: medium\"> De nos jours, les installations du CICR sont compos\u00e9es de diff\u00e9rentes infrastructures en fonction des <span style=\"color: #000000\"><a title=\"Le CICR sa mission et son action, 2009\" href=\"https:\/\/www.icrc.org\/fre\/assets\/files\/other\/icrc_001_0963.pdf\" target=\"_blank\">missions<\/a>, <\/span><span style=\"color: #000000\">tel<\/span><span style=\"color: #000000\">les<\/span><span style=\"color: #000000\"> que d<\/span>es entrep\u00f4ts pour stocker l&rsquo;aide alimentaire en cas de famine, des bureaux pour la recherche des personnes disparues, des h\u00f4pitaux et des centres orthop\u00e9diques.<\/span><\/span><\/span><\/p>\n<p align=\"justify\"><span style=\"color: #000000\"><span style=\"font-family: Arial,sans-serif\"><span style=\"font-size: medium\">Le Comit\u00e9 est aussi bien entendu engag\u00e9 dans d&rsquo;autres missions, comme l&rsquo;aide m\u00e9dicale, la surveillance des conditions de d\u00e9tention, la reconstruction des infrastructures de base et l&rsquo;aide \u00e0 la population, tant sur le plan psychologique que physique.<\/span><\/span><\/span><\/p>\n","protected":false},"excerpt":{"rendered":"<p>La particularit\u00e9 de la Croix-Rouge est d&rsquo;\u00eatre compos\u00e9e de plusieurs organisations interd\u00e9pendantes. Pour exister de mani\u00e8re officielle, une soci\u00e9t\u00e9 nationale de la Croix-Rouge, doit \u00eatre reconnue par le CICR. De plus, lorsqu&rsquo;un pays entre en guerre, sa soci\u00e9t\u00e9 nationale passe sous la tutelle du CICR. La F\u00e9d\u00e9ration sert quant \u00e0 elle de lien entre le &hellip; <a href=\"https:\/\/blogs.univ-jfc.fr\/projetcroixrouge\/le-cicr\/caracteristiques\/\" class=\"more-link\">Continuer la lecture de <span class=\"screen-reader-text\">Caract\u00e9ristiques et particularit\u00e9s du CICR<\/span> <span class=\"meta-nav\">&rarr;<\/span><\/a><\/p>\n","protected":false},"author":20,"featured_media":0,"parent":579,"menu_order":3,"comment_status":"closed","ping_status":"open","template":"","meta":[],"_links":{"self":[{"href":"https:\/\/blogs.univ-jfc.fr\/projetcroixrouge\/wp-json\/wp\/v2\/pages\/585"}],"collection":[{"href":"https:\/\/blogs.univ-jfc.fr\/projetcroixrouge\/wp-json\/wp\/v2\/pages"}],"about":[{"href":"https:\/\/blogs.univ-jfc.fr\/projetcroixrouge\/wp-json\/wp\/v2\/types\/page"}],"author":[{"embeddable":true,"href":"https:\/\/blogs.univ-jfc.fr\/projetcroixrouge\/wp-json\/wp\/v2\/users\/20"}],"replies":[{"embeddable":true,"href":"https:\/\/blogs.univ-jfc.fr\/projetcroixrouge\/wp-json\/wp\/v2\/comments?post=585"}],"version-history":[{"count":17,"href":"https:\/\/blogs.univ-jfc.fr\/projetcroixrouge\/wp-json\/wp\/v2\/pages\/585\/revisions"}],"predecessor-version":[{"id":3539,"href":"https:\/\/blogs.univ-jfc.fr\/projetcroixrouge\/wp-json\/wp\/v2\/pages\/585\/revisions\/3539"}],"up":[{"embeddable":true,"href":"https:\/\/blogs.univ-jfc.fr\/projetcroixrouge\/wp-json\/wp\/v2\/pages\/579"}],"wp:attachment":[{"href":"https:\/\/blogs.univ-jfc.fr\/projetcroixrouge\/wp-json\/wp\/v2\/media?parent=585"}],"curies":[{"name":"wp","href":"https:\/\/api.w.org\/{rel}","templated":true}]}}