{"id":588,"date":"2015-02-12T10:06:09","date_gmt":"2015-02-12T09:06:09","guid":{"rendered":"http:\/\/blogs.univ-jfc.fr\/projetcroixrouge\/?page_id=588"},"modified":"2015-03-29T20:57:13","modified_gmt":"2015-03-29T19:57:13","slug":"les-origines","status":"publish","type":"page","link":"https:\/\/blogs.univ-jfc.fr\/projetcroixrouge\/le-cicr\/les-origines\/","title":{"rendered":"Les origines du CICR, pionnier de l&rsquo;humanitaire moderne"},"content":{"rendered":"<p align=\"justify\"><span style=\"font-family: Arial,sans-serif\"><span style=\"font-size: medium\"> D\u00e8s sa cr\u00e9ation le CICR soul\u00e8ve des interrogations d&rsquo;ordre philosophique\u00a0: le fait d&rsquo;institutionnaliser la protection des victimes de la guerre l\u00e9gitime-t-il les conflits\u00a0? Certains vont m\u00eame jusqu&rsquo;\u00e0 se demander si quelques responsables militaires et politiques ne veulent pas tenter de se blanchir devant l&rsquo;opinion publique et l&rsquo;Histoire. Malgr\u00e9 ces quelques critiques, le Comit\u00e9 des Cinq parvient \u00e0 mener son projet \u00e0 terme et fonde le CICR. <\/span><\/span><\/p>\n<p align=\"justify\"><span style=\"font-family: Arial,sans-serif\"><span style=\"font-size: medium\"> Le CICR se distingue\u00a0des nombreuses associations d&rsquo;aide qui existent lors de sa cr\u00e9ation, par exemple, la Soci\u00e9t\u00e9 Suisse d&rsquo;Utilit\u00e9 Publique (SSUP). Les nouveaux id\u00e9aux de Dunant, ou encore l&rsquo;exp\u00e9rience de chaque membre du Comit\u00e9 des cinq permet d&rsquo;aborder les sujets importants tels que la m\u00e9decine ou la guerre. De plus, dans une Europe \u00e0 tendance nationaliste comme l&rsquo;est celle du XIXe si\u00e8cle, \u00e9voluer dans un \u00c9tat \u00e0 priori neutre tel que la Suisse est un avantage. <\/span><\/span><\/p>\n<p align=\"justify\"><span style=\"font-family: Arial,sans-serif\"><span style=\"font-size: medium\"> Le 26 octobre 1863 l\u2019<a title=\"Histoire des embl\u00e8mes.\" href=\"https:\/\/www.icrc.org\/fre\/resources\/documents\/misc\/emblem-history.htm\" target=\"_blank\">embl\u00e8me<\/a> de la Croix-Rouge sur fond blanc est adopt\u00e9 dans le but d&rsquo;avoir un symbole qui soit reconnu de tous et qui place l&rsquo;aide m\u00e9dicale hors de danger. Lors de la guerre russo-turque de 1876 \u00e0 1878, les Ottomans d\u00e9cident d&rsquo;adopter un nouvel embl\u00e8me\u00a0: le Croissant-Rouge. Ils jugent l&rsquo;utilisation de la croix inappropri\u00e9e \u00e0 leur religion. Aujourd&rsquo;hui, 150 soci\u00e9t\u00e9s nationales utilisent la croix rouge, et 32 le croissant rouge. Cette adaptation a permis au CICR de s&rsquo;internationaliser. <\/span><\/span><\/p>\n<div>\n<figure id=\"attachment_733\" aria-describedby=\"caption-attachment-733\" style=\"width: 447px\" class=\"wp-caption aligncenter\"><img loading=\"lazy\" class=\"size-medium wp-image-733 \" alt=\"collaborationcroixrougecroissantrougeCICR\" src=\"http:\/\/blogs.univ-jfc.fr\/projetcroixrouge\/wp-content\/uploads\/sites\/40\/2015\/03\/collaborationcroixrougecroissantrougeCICR-300x200.jpg\" width=\"447\" height=\"298\" srcset=\"https:\/\/blogs.univ-jfc.fr\/projetcroixrouge\/wp-content\/uploads\/sites\/40\/2015\/03\/collaborationcroixrougecroissantrougeCICR-300x200.jpg 300w, https:\/\/blogs.univ-jfc.fr\/projetcroixrouge\/wp-content\/uploads\/sites\/40\/2015\/03\/collaborationcroixrougecroissantrougeCICR.jpg 640w\" sizes=\"(max-width: 447px) 100vw, 447px\" \/><figcaption id=\"caption-attachment-733\" class=\"wp-caption-text\">Le CICR en collaboration avec le Croissant-Rouge d&rsquo;Afghanistan en 2006.<\/figcaption><\/figure>\n<\/div>\n","protected":false},"excerpt":{"rendered":"<p>D\u00e8s sa cr\u00e9ation le CICR soul\u00e8ve des interrogations d&rsquo;ordre philosophique\u00a0: le fait d&rsquo;institutionnaliser la protection des victimes de la guerre l\u00e9gitime-t-il les conflits\u00a0? Certains vont m\u00eame jusqu&rsquo;\u00e0 se demander si quelques responsables militaires et politiques ne veulent pas tenter de se blanchir devant l&rsquo;opinion publique et l&rsquo;Histoire. Malgr\u00e9 ces quelques critiques, le Comit\u00e9 des Cinq &hellip; <a href=\"https:\/\/blogs.univ-jfc.fr\/projetcroixrouge\/le-cicr\/les-origines\/\" class=\"more-link\">Continuer la lecture de <span class=\"screen-reader-text\">Les origines du CICR, pionnier de l&rsquo;humanitaire moderne<\/span> <span class=\"meta-nav\">&rarr;<\/span><\/a><\/p>\n","protected":false},"author":20,"featured_media":0,"parent":579,"menu_order":3,"comment_status":"closed","ping_status":"open","template":"","meta":[],"_links":{"self":[{"href":"https:\/\/blogs.univ-jfc.fr\/projetcroixrouge\/wp-json\/wp\/v2\/pages\/588"}],"collection":[{"href":"https:\/\/blogs.univ-jfc.fr\/projetcroixrouge\/wp-json\/wp\/v2\/pages"}],"about":[{"href":"https:\/\/blogs.univ-jfc.fr\/projetcroixrouge\/wp-json\/wp\/v2\/types\/page"}],"author":[{"embeddable":true,"href":"https:\/\/blogs.univ-jfc.fr\/projetcroixrouge\/wp-json\/wp\/v2\/users\/20"}],"replies":[{"embeddable":true,"href":"https:\/\/blogs.univ-jfc.fr\/projetcroixrouge\/wp-json\/wp\/v2\/comments?post=588"}],"version-history":[{"count":16,"href":"https:\/\/blogs.univ-jfc.fr\/projetcroixrouge\/wp-json\/wp\/v2\/pages\/588\/revisions"}],"predecessor-version":[{"id":3540,"href":"https:\/\/blogs.univ-jfc.fr\/projetcroixrouge\/wp-json\/wp\/v2\/pages\/588\/revisions\/3540"}],"up":[{"embeddable":true,"href":"https:\/\/blogs.univ-jfc.fr\/projetcroixrouge\/wp-json\/wp\/v2\/pages\/579"}],"wp:attachment":[{"href":"https:\/\/blogs.univ-jfc.fr\/projetcroixrouge\/wp-json\/wp\/v2\/media?parent=588"}],"curies":[{"name":"wp","href":"https:\/\/api.w.org\/{rel}","templated":true}]}}