{"id":591,"date":"2015-02-12T10:07:22","date_gmt":"2015-02-12T09:07:22","guid":{"rendered":"http:\/\/blogs.univ-jfc.fr\/projetcroixrouge\/?page_id=591"},"modified":"2015-03-26T10:32:32","modified_gmt":"2015-03-26T09:32:32","slug":"evolutions","status":"publish","type":"page","link":"https:\/\/blogs.univ-jfc.fr\/projetcroixrouge\/le-cicr\/evolutions\/","title":{"rendered":"Les \u00e9volutions \u00e0 travers les conflits"},"content":{"rendered":"<p align=\"justify\"><span style=\"font-family: Arial,sans-serif\"><span style=\"font-size: medium\"><span style=\"color: #000000\">Le CICR \u00e9volue \u00e0 travers les conflits du XXe si\u00e8cle mais n&rsquo;a pas le m\u00eame r\u00f4le que les Croix-Rouge nationales et autres organisations <\/span><span style=\"color: #000000\">humanitaires<\/span><span style=\"color: #000000\">. <\/span><\/span><\/span><\/p>\n<p align=\"justify\"><span style=\"font-family: Arial,sans-serif\"><span style=\"font-size: medium\"> La cr\u00e9ation de <a title=\"Collection de photos, 2014.\" href=\"https:\/\/www.icrc.org\/fre\/resources\/documents\/photo-gallery\/2014\/150-years-aipg-ww1.htm\" target=\"_blank\">l&rsquo;Agence<span style=\"color: #000000\"> Internationale des Prisonniers de Guerre <\/span><\/a>est l&rsquo;un des engagements forts du CICR pendant la Premi\u00e8re Guerre Mondiale. <span style=\"color: #000000\">Le 27 ao\u00fbt 1914, le pr\u00e9sident du CICR Gustave Ador (1910-1928) annonce sa mise en place officielle. Le 12 octobre, l&rsquo;Agence s&rsquo;installe au Mus\u00e9e Rath \u00e0 Gen\u00e8ve. <a title=\"L'Agence Internationale des Prisonniers de Guerre. Le CICR dans la Premi\u00e8re Guerre mondiale\" href=\"https:\/\/www.icrc.org\/fre\/assets\/files\/other\/icrc_001_0937.pdf\" target=\"_blank\">Sa mission<\/a> est de retrouver les prisonniers de guerre <\/span><span style=\"color: #000000\">et<\/span><span style=\"color: #000000\"> de surveiller les conditions de d\u00e9tention (selon les accords de Gen\u00e8ve). Ils r\u00e9alisent principalement des listes et des fiches sur les prisonniers de guerre et informent leurs familles qui peuvent par cet interm\u00e9diaire envoyer des colis \u00e0 leurs proches. <\/span><span style=\"color: #000000\">L<\/span><span style=\"color: #000000\">e 31 d\u00e9cembre 1919, <\/span><span style=\"color: #000000\">le Comit\u00e9 <\/span><span style=\"color: #000000\">met fin au fonctionnement de l&rsquo;Agence <\/span><span style=\"color: #000000\">I<\/span><span style=\"color: #000000\">nternationale des <\/span><span style=\"color: #000000\">P<\/span><span style=\"color: #000000\">risonniers de <\/span><span style=\"color: #000000\">G<\/span><span style=\"color: #000000\">uerre en la rempla\u00e7ant par un service sp\u00e9cialis\u00e9 au sein m\u00eame du CICR.<\/span><\/span><\/span><\/p>\n<p align=\"justify\"><span style=\"font-family: Arial,sans-serif\"><span style=\"font-size: medium\"><span style=\"color: #000000\"> Lors des conflits, l<\/span><span style=\"color: #000000\">es <\/span><span style=\"color: #000000\">\u00c9tats<\/span><span style=\"color: #000000\"> signataires des conventions de <\/span><span style=\"color: #000000\">Gen\u00e8ve <\/span><span style=\"color: #000000\">doivent respecter les civil<\/span><span style=\"color: #000000\">s<\/span><span style=\"color: #000000\"> mais aussi les prisonniers de guerre <\/span><span style=\"color: #000000\">(homme comme femme puisque ces derni\u00e8res sont nombreuses)<\/span><span style=\"color: #000000\">. <\/span><span style=\"color: #000000\">Le conflit est un des moteurs majeur<\/span><span style=\"color: #000000\">s<\/span><span style=\"color: #000000\"> du d\u00e9veloppement du CICR.<\/span><\/span><\/span><\/p>\n<p align=\"justify\"><span style=\"font-family: Arial,sans-serif\"><span style=\"font-size: medium\"><span style=\"color: #000000\">La nouveaut\u00e9 durant la <\/span><span style=\"color: #000000\">S<\/span><span style=\"color: #000000\">econde <\/span><span style=\"color: #000000\">G<\/span><span style=\"color: #000000\">uerre <\/span><span style=\"color: #000000\">M<\/span><span style=\"color: #000000\">ondiale est le d\u00e9veloppement d&rsquo;un syst\u00e8me de d\u00e9l\u00e9gations permanentes <\/span><span style=\"color: #000000\">\u00e0 travers le monde qui renforce l&rsquo;internationalisation de ses actions et de sa pr\u00e9sence<\/span><span style=\"color: #000000\">. En temps de conflit, certains pays sont r\u00e9ticents \u00e0 la pr\u00e9sence de d\u00e9l\u00e9gu\u00e9s, le Comit\u00e9 ne peut pas <\/span><span style=\"color: #000000\">la leur <\/span><span style=\"color: #000000\">imposer. Malgr\u00e9 tout, en 1945, le CICR a 76 d\u00e9l\u00e9gations permanentes \u00e0 son actif, <\/span><span style=\"color: #000000\">c<\/span><span style=\"color: #000000\">ompos\u00e9es d<\/span><span style=\"color: #000000\">e<\/span><span style=\"color: #000000\"> 179 d\u00e9l\u00e9gu\u00e9s aid\u00e9s par des employ\u00e9s.<\/span><\/span><\/span><\/p>\n<p align=\"justify\"><span style=\"color: #000000\"><span style=\"font-family: Arial,sans-serif\"><span style=\"font-size: medium\"> Gr\u00e2ce au <a title=\"D\u00e9l\u00e9gations du CICR dans le monde. Auteur Sevan Spiess mars 2012\" href=\"http:\/\/arpc167.epfl.ch\/alice\/WP_UEE\/wp-content\/uploads\/2012\/03\/CICR_monde3.jpg\" target=\"_blank\">renforcement de cette pr\u00e9sence <\/a><\/span><\/span><\/span><span style=\"color: #000000\"><span style=\"font-family: Arial,sans-serif\"><span style=\"font-size: medium\">le CICR a pu s&rsquo;\u00e9tablir sur le long terme lors de conflits comme pour la <a title=\"Carte de l'\u00c9tat s\u00e9cessionniste de la R\u00e9publique du Biafra de 1967 \u00e0 1970.\" href=\"http:\/\/fr.wikipedia.org\/wiki\/Guerre_du_Biafra#mediaviewer\/File:Biafra_independent_state_map-fr.svg\" target=\"_blank\">Crise du Biafra <\/a>(1967-1970). Sa pr\u00e9sence avant le d\u00e9but de la crise a permis une meilleure pr\u00e9paration et organisation de ses missions. Ses actions entre 1967 et 1970 ont suivi ses engagements habituels, puis, lorsque le conflit a pris fin, le CICR a particip\u00e9 aux reconstructions diverses.<\/span><\/span><\/span><\/p>\n<figure id=\"attachment_734\" aria-describedby=\"caption-attachment-734\" style=\"width: 406px\" class=\"wp-caption aligncenter\"><a href=\"http:\/\/blogs.univ-jfc.fr\/projetcroixrouge\/wp-content\/uploads\/sites\/40\/2015\/03\/crisedubiafraCICR.jpg\"><img loading=\"lazy\" class=\" wp-image-734 \" alt=\"crisedubiafraCICR\" src=\"http:\/\/blogs.univ-jfc.fr\/projetcroixrouge\/wp-content\/uploads\/sites\/40\/2015\/03\/crisedubiafraCICR-300x225.jpg\" width=\"406\" height=\"296\" \/><\/a><figcaption id=\"caption-attachment-734\" class=\"wp-caption-text\">Le CICR en action lors de la Crise du Biafra (1968).<\/figcaption><\/figure>\n<p align=\"justify\"><span style=\"color: #000000\"><span style=\"font-family: Arial,sans-serif\"><span style=\"font-size: medium\"> C&rsquo;est toutefois lors de cette crise que les notions d&rsquo;impartialit\u00e9 et de neutralit\u00e9 du CICR sont remises en cause par une nouvelle vague d&rsquo;organisations humanitaires. En effet, ces derni\u00e8res souhaitent informer le grand public du d\u00e9roulement de leurs missions et l&rsquo;avertir de ce dont elles sont t\u00e9moins, contrairement au Comit\u00e9 qui pr\u00f4ne le principe du secret.<\/span><\/span><\/span><\/p>\n<p align=\"justify\">\n","protected":false},"excerpt":{"rendered":"<p>Le CICR \u00e9volue \u00e0 travers les conflits du XXe si\u00e8cle mais n&rsquo;a pas le m\u00eame r\u00f4le que les Croix-Rouge nationales et autres organisations humanitaires. La cr\u00e9ation de l&rsquo;Agence Internationale des Prisonniers de Guerre est l&rsquo;un des engagements forts du CICR pendant la Premi\u00e8re Guerre Mondiale. Le 27 ao\u00fbt 1914, le pr\u00e9sident du CICR Gustave Ador &hellip; <a href=\"https:\/\/blogs.univ-jfc.fr\/projetcroixrouge\/le-cicr\/evolutions\/\" class=\"more-link\">Continuer la lecture de <span class=\"screen-reader-text\">Les \u00e9volutions \u00e0 travers les conflits<\/span> <span class=\"meta-nav\">&rarr;<\/span><\/a><\/p>\n","protected":false},"author":20,"featured_media":0,"parent":579,"menu_order":3,"comment_status":"closed","ping_status":"open","template":"","meta":[],"_links":{"self":[{"href":"https:\/\/blogs.univ-jfc.fr\/projetcroixrouge\/wp-json\/wp\/v2\/pages\/591"}],"collection":[{"href":"https:\/\/blogs.univ-jfc.fr\/projetcroixrouge\/wp-json\/wp\/v2\/pages"}],"about":[{"href":"https:\/\/blogs.univ-jfc.fr\/projetcroixrouge\/wp-json\/wp\/v2\/types\/page"}],"author":[{"embeddable":true,"href":"https:\/\/blogs.univ-jfc.fr\/projetcroixrouge\/wp-json\/wp\/v2\/users\/20"}],"replies":[{"embeddable":true,"href":"https:\/\/blogs.univ-jfc.fr\/projetcroixrouge\/wp-json\/wp\/v2\/comments?post=591"}],"version-history":[{"count":16,"href":"https:\/\/blogs.univ-jfc.fr\/projetcroixrouge\/wp-json\/wp\/v2\/pages\/591\/revisions"}],"predecessor-version":[{"id":3457,"href":"https:\/\/blogs.univ-jfc.fr\/projetcroixrouge\/wp-json\/wp\/v2\/pages\/591\/revisions\/3457"}],"up":[{"embeddable":true,"href":"https:\/\/blogs.univ-jfc.fr\/projetcroixrouge\/wp-json\/wp\/v2\/pages\/579"}],"wp:attachment":[{"href":"https:\/\/blogs.univ-jfc.fr\/projetcroixrouge\/wp-json\/wp\/v2\/media?parent=591"}],"curies":[{"name":"wp","href":"https:\/\/api.w.org\/{rel}","templated":true}]}}