{"id":62,"date":"2015-01-05T11:40:58","date_gmt":"2015-01-05T10:40:58","guid":{"rendered":"http:\/\/blogs.univ-jfc.fr\/projetcroixrouge\/?page_id=62"},"modified":"2015-03-31T08:50:21","modified_gmt":"2015-03-31T07:50:21","slug":"les-origines","status":"publish","type":"page","link":"https:\/\/blogs.univ-jfc.fr\/projetcroixrouge\/la-croix-rouge-tarnaise-hommes-et-institutions\/les-origines\/","title":{"rendered":"Origines et naissance de la Croix-Rouge tarnaise"},"content":{"rendered":"<p style=\"text-align: justify\"><span style=\"font-size: medium\"><span style=\"color: #000000\"><span style=\"font-size: medium\"><a href=\"http:\/\/blogs.univ-jfc.fr\/projetcroixrouge\/wp-content\/uploads\/sites\/40\/2015\/01\/SSBM.png\"><img loading=\"lazy\" class=\" wp-image-1341 alignleft\" title=\"Fonds Carensac Almanach 1913 de la Croix-Rouge fran\u00e7aise.\" alt=\"\" src=\"http:\/\/blogs.univ-jfc.fr\/projetcroixrouge\/wp-content\/uploads\/sites\/40\/2015\/01\/SSBM-289x300.png\" width=\"202\" height=\"210\" srcset=\"https:\/\/blogs.univ-jfc.fr\/projetcroixrouge\/wp-content\/uploads\/sites\/40\/2015\/01\/SSBM-289x300.png 289w, https:\/\/blogs.univ-jfc.fr\/projetcroixrouge\/wp-content\/uploads\/sites\/40\/2015\/01\/SSBM.png 359w\" sizes=\"(max-width: 202px) 100vw, 202px\" \/><\/a><\/span><\/span><\/span><span style=\"font-family: Arial, sans-serif\"><span style=\"font-size: medium\"><span style=\"color: #000000\">La Croix-Rouge s\u2019implante en France \u00e0 travers la Soci\u00e9t\u00e9 de Secours aux Bless\u00e9s Militaires (SSBM) fond\u00e9e en 1864. Un accroissement du nombre de comit\u00e9s se fait en partie \u00e0 l\u2019occasion de la guerre franco-prussienne (1870), et suite aux \u00e9v\u00e9nements de la Commune (1871). N\u00e9anmoins, la SSBM n\u2019est pas pr\u00e9sente sur la totalit\u00e9 du territoire et met du temps \u00e0 s\u2019installer dans certains endroits. C\u2019est le cas pour le Tarn,<\/span><\/span><\/span><span style=\"color: #993300\"><span style=\"color: #993300\"><a title=\"Les pr\u00e9mices de la Croix-Rouge dans le Tarn (1864-1940)\" href=\"http:\/\/blogs.univ-jfc.fr\/projetcroixrouge\/la-croix-rouge-tarnaise-hommes-et-institutions\/les-origines\/essai-1\/\">\u00a0o\u00f9 se d\u00e9veloppe\u00a0la Croix-Rouge \u00e0 partir de 1889.<\/a><\/span><\/span><\/p>\n<p>&nbsp;<\/p>\n<p><a href=\"http:\/\/blogs.univ-jfc.fr\/projetcroixrouge\/wp-content\/uploads\/sites\/40\/2015\/01\/10426683_540898246020044_5480845734314322852_n.jpg\"><img loading=\"lazy\" class=\" wp-image-1078   alignleft\" title=\"Collection Croix-Rouge tarnaise 2014, Vignette des 150 ans de la Croix-Rouge fran\u00e7aise.\" alt=\"\" src=\"http:\/\/blogs.univ-jfc.fr\/projetcroixrouge\/wp-content\/uploads\/sites\/40\/2015\/01\/10426683_540898246020044_5480845734314322852_n-300x300.jpg\" width=\"192\" height=\"192\" srcset=\"https:\/\/blogs.univ-jfc.fr\/projetcroixrouge\/wp-content\/uploads\/sites\/40\/2015\/01\/10426683_540898246020044_5480845734314322852_n-300x300.jpg 300w, https:\/\/blogs.univ-jfc.fr\/projetcroixrouge\/wp-content\/uploads\/sites\/40\/2015\/01\/10426683_540898246020044_5480845734314322852_n-150x150.jpg 150w, https:\/\/blogs.univ-jfc.fr\/projetcroixrouge\/wp-content\/uploads\/sites\/40\/2015\/01\/10426683_540898246020044_5480845734314322852_n.jpg 960w\" sizes=\"(max-width: 192px) 100vw, 192px\" \/><\/a><\/p>\n<p>&nbsp;<\/p>\n<p style=\"text-align: justify\"><span style=\"font-family: Arial, sans-serif\"><span style=\"font-size: medium\"><span style=\"color: #000000\">Suite \u00e0 la fusion des trois associations\u00a0de\u00a0la Soci\u00e9t\u00e9 de Secours aux Bless\u00e9s Militaires\u00a0l\u2018association des Dames fran\u00e7aises, et l\u2019Union des Femmes de France en 1940, il n\u2019y a plus qu\u2019une seule\u00a0association en France \u00e9manant du\u00a0Comit\u00e9 International de la Croix-Rouge (CICR)\u00a0:<\/span><span style=\"color: #993300\">\u00a0<\/span><\/span><\/span><span style=\"color: #993300\"><a style=\"font-size: medium;line-height: 1.5\" title=\"L\u2019affirmation de la Croix-Rouge Fran\u00e7aise (1940-1980)\" href=\"http:\/\/blogs.univ-jfc.fr\/projetcroixrouge\/la-croix-rouge-tarnaise-hommes-et-institutions\/les-origines\/laffirmation-de-la-croix-rouge-francaise-1940-1980\/\"><span style=\"color: #993300\"><span style=\"font-family: Trebuchet MS, sans-serif\">dont l&rsquo;affirmation, \u00e0 partir de 1940 ne se d\u00e9ment pas.<\/span><\/span><\/a><\/span><\/p>\n<p>&nbsp;<\/p>\n<p style=\"text-align: justify\"><span style=\"font-family: Arial, sans-serif\"><span style=\"font-size: medium\"><span style=\"color: #141412\">Ainsi on peut se demander comment s&rsquo;est organis\u00e9e l&rsquo;implantation de la Croix-Rouge en France et notamment dans le Tarn. Cette implantation est-elle le r\u00e9sultat des besoins du terrain ou est-elle le r\u00e9sultat d&rsquo;une politique d&rsquo;expansion de l&rsquo;organisation ?<\/span> <\/span><\/span><\/p>\n<p style=\"text-align: justify\"><strong>Etudiants<\/strong> : Benjamin Vigreux et\u00a0 Elodie Delprat<\/p>\n","protected":false},"excerpt":{"rendered":"<p>La Croix-Rouge s\u2019implante en France \u00e0 travers la Soci\u00e9t\u00e9 de Secours aux Bless\u00e9s Militaires (SSBM) fond\u00e9e en 1864. Un accroissement du nombre de comit\u00e9s se fait en partie \u00e0 l\u2019occasion de la guerre franco-prussienne (1870), et suite aux \u00e9v\u00e9nements de la Commune (1871). N\u00e9anmoins, la SSBM n\u2019est pas pr\u00e9sente sur la totalit\u00e9 du territoire et &hellip; <a href=\"https:\/\/blogs.univ-jfc.fr\/projetcroixrouge\/la-croix-rouge-tarnaise-hommes-et-institutions\/les-origines\/\" class=\"more-link\">Continuer la lecture de <span class=\"screen-reader-text\">Origines et naissance de la Croix-Rouge tarnaise<\/span> <span class=\"meta-nav\">&rarr;<\/span><\/a><\/p>\n","protected":false},"author":15,"featured_media":0,"parent":6,"menu_order":1,"comment_status":"closed","ping_status":"closed","template":"","meta":[],"_links":{"self":[{"href":"https:\/\/blogs.univ-jfc.fr\/projetcroixrouge\/wp-json\/wp\/v2\/pages\/62"}],"collection":[{"href":"https:\/\/blogs.univ-jfc.fr\/projetcroixrouge\/wp-json\/wp\/v2\/pages"}],"about":[{"href":"https:\/\/blogs.univ-jfc.fr\/projetcroixrouge\/wp-json\/wp\/v2\/types\/page"}],"author":[{"embeddable":true,"href":"https:\/\/blogs.univ-jfc.fr\/projetcroixrouge\/wp-json\/wp\/v2\/users\/15"}],"replies":[{"embeddable":true,"href":"https:\/\/blogs.univ-jfc.fr\/projetcroixrouge\/wp-json\/wp\/v2\/comments?post=62"}],"version-history":[{"count":49,"href":"https:\/\/blogs.univ-jfc.fr\/projetcroixrouge\/wp-json\/wp\/v2\/pages\/62\/revisions"}],"predecessor-version":[{"id":2051,"href":"https:\/\/blogs.univ-jfc.fr\/projetcroixrouge\/wp-json\/wp\/v2\/pages\/62\/revisions\/2051"}],"up":[{"embeddable":true,"href":"https:\/\/blogs.univ-jfc.fr\/projetcroixrouge\/wp-json\/wp\/v2\/pages\/6"}],"wp:attachment":[{"href":"https:\/\/blogs.univ-jfc.fr\/projetcroixrouge\/wp-json\/wp\/v2\/media?parent=62"}],"curies":[{"name":"wp","href":"https:\/\/api.w.org\/{rel}","templated":true}]}}