{"id":655,"date":"2015-03-05T08:49:31","date_gmt":"2015-03-05T07:49:31","guid":{"rendered":"http:\/\/blogs.univ-jfc.fr\/projetcroixrouge\/?page_id=655"},"modified":"2015-03-30T09:48:31","modified_gmt":"2015-03-30T08:48:31","slug":"contexte-initial-de-la-formation-tarnaise","status":"publish","type":"page","link":"https:\/\/blogs.univ-jfc.fr\/projetcroixrouge\/formations-et-professions\/former-des-benevoles\/contexte-initial-de-la-formation-tarnaise\/","title":{"rendered":"Contexte initial de la formation tarnaise"},"content":{"rendered":"<div style=\"text-align: center\"><\/div>\n<div><b>La gestion du b\u00e9n\u00e9volat<\/b><\/div>\n<div><\/div>\n<div>\n<p align=\"justify\">\u00a0 Dans l&rsquo;histoire,\u00a0<span style=\"color: #000000\">l&rsquo;entraide<\/span>\u00a0entre personnes a toujours exist\u00e9 mais celle-ci n&rsquo;avait pas fait preuve d&rsquo;une organisation \u00e0 grande \u00e9chelle,\u00a0<span style=\"color: #000000\">si ce n\u2019est celle des ordres religieux.<\/span>\u00a0A ce niveau, la Croix-Rouge est\u00a0<span style=\"color: #000000\">donc<\/span>\u00a0la premi\u00e8re association non confessionnelle qui a r\u00e9ussi\u00a0\u00e0 coordonner le b\u00e9n\u00e9volat et \u00e0 le rendre\u00a0<span style=\"color: #000000\">efficient<\/span>. Mais cette notion de b\u00e9n\u00e9volat est rest\u00e9e tr\u00e8s longtemps incomprise par bon nombre de personnes. En effet, le b\u00e9n\u00e9vole faisait un travail utile \u00e0 la soci\u00e9t\u00e9 mais qui ne lui rapportait rien, d\u2019un point de vue mat\u00e9riel, ce qui a pu appara\u00eetre incompr\u00e9hensible\u00a0<span style=\"color: #000000\">dans une soci\u00e9t\u00e9 de plus en plus mat\u00e9rialiste. Du c\u00f4t\u00e9 de la Croix-Rouge, l\u2019institution a tard\u00e9 \u00e0 mettre en place des formations.\u00a0<\/span><\/p>\n<figure id=\"attachment_1411\" aria-describedby=\"caption-attachment-1411\" style=\"width: 464px\" class=\"wp-caption aligncenter\"><a href=\"http:\/\/blogs.univ-jfc.fr\/projetcroixrouge\/wp-content\/uploads\/sites\/40\/2015\/03\/p-HIS0002.jpg\"><img loading=\"lazy\" class=\"size-full wp-image-1411\" alt=\"Des brancardiers b\u00e9n\u00e9voles de la Croix-Rouge fran\u00e7aise transportant un bless\u00e9, \u00e0 l'arri\u00e8re, pendant la grande guerre (1914-1918), une des premi\u00e8res interventions de la Croix-Rouge. (Photo: irfc.org)\" src=\"http:\/\/blogs.univ-jfc.fr\/projetcroixrouge\/wp-content\/uploads\/sites\/40\/2015\/03\/p-HIS0002.jpg\" width=\"464\" height=\"250\" srcset=\"https:\/\/blogs.univ-jfc.fr\/projetcroixrouge\/wp-content\/uploads\/sites\/40\/2015\/03\/p-HIS0002.jpg 464w, https:\/\/blogs.univ-jfc.fr\/projetcroixrouge\/wp-content\/uploads\/sites\/40\/2015\/03\/p-HIS0002-300x161.jpg 300w\" sizes=\"(max-width: 464px) 100vw, 464px\" \/><\/a><figcaption id=\"caption-attachment-1411\" class=\"wp-caption-text\">Des brancardiers b\u00e9n\u00e9voles de la Croix-Rouge fran\u00e7aise transportant un bless\u00e9, \u00e0 l&rsquo;arri\u00e8re, pendant la grande guerre (1914-1918), une des premi\u00e8res interventions de la Croix-Rouge. (Photo: irfc.org)<\/figcaption><\/figure>\n<p align=\"justify\"><span style=\"color: #000000\">Le b\u00e9n\u00e9vole est une personne qui apporte une aide de mani\u00e8re totalement volontaire et sans r\u00e9mun\u00e9ration. Cependant, aussi sympathique soit-il, il pose aussi un certain nombre de contraintes \u00e0 une association telle que la Croix-Rouge (<a title=\"Encadrer des b\u00e9n\u00e9voles\" href=\"http:\/\/blogs.univ-jfc.fr\/projetcroixrouge\/la-croix-rouge-tarnaise-des-hommes-et-des-femmes\/encadrer-des-benevoles\/\">voir les b\u00e9n\u00e9voles<\/a>)<\/span><span style=\"color: #000000\">\u00a0notamment par la taille des effectifs concern\u00e9s ou sur les comp\u00e9tences n\u00e9cessaires \u00e0 l\u2019encadrement. En effet, au sein m\u00eame de la Croix-Rouge, les cadres sont eux aussi b\u00e9n\u00e9voles. Ces cadres n\u00e9cessitent donc une formation adapt\u00e9e. Pour eux, il a fallu cr\u00e9er un nouveau circuit d&rsquo;apprentissage prenant en compte les diff\u00e9rentes facettes<\/span><span style=\"color: #ff0000\">\u00a0<\/span><span style=\"color: #000000\">de la gestion\u00a0: gestion de l&rsquo;humain, de l&rsquo;argent, du cadre op\u00e9rationnel\u2026 Cela s&rsquo;appelle PAE\u00a0: la P\u00e9dagogie Appliqu\u00e9e \u00e0 l&rsquo;Emploi. Ainsi, la simple pr\u00e9sence de b\u00e9n\u00e9voles a-t-elle entra\u00een\u00e9 la cr\u00e9ation de tout un syst\u00e8me permettant de le former et de l&rsquo;encadrer de la meilleure mani\u00e8re qu&rsquo;il soit. La p\u00e9dagogie est donc un aspect important, sur lequel nous reviendrons.<\/span><\/p>\n<p><b>Les premi\u00e8res formations<\/b><\/p>\n<p align=\"justify\">\u00a0Jusqu&rsquo;au d\u00e9but du XX<sup>e\u00a0<\/sup>si\u00e8cle, les formations pour les b\u00e9n\u00e9voles de la Croix-Rouge relevaient de l&rsquo;apprentissage sur le terrain. Cette formation \u00ab\u00a0sur le tas\u00a0\u00bb \u00e9tait surtout observable lors des batailles ant\u00e9rieures \u00e0 la Grande Guerre<span style=\"color: #000000\">. C<\/span>es premi\u00e8res \u00ab\u00a0formations\u00a0\u00bb \u00e9taient ax\u00e9es sur les brancardiers, mais elles ont \u00e9t\u00e9 tr\u00e8s vite remplac\u00e9es ou am\u00e9lior\u00e9es,\u00a0<span style=\"color: #000000\">car l&rsquo;association a eu besoin<\/span>\u00a0de b\u00e9n\u00e9voles de plus en plus efficaces et professionnels. On pense notamment<span style=\"color: #000000\">\u00a0aux comp\u00e9tences n\u00e9cessaires en cas d\u2019intervention sur<\/span>\u00a0des accidents routiers, des catastrophes naturelles. En effet, plus les secteurs d&rsquo;intervention de la Croix-Rouge se sont diversifi\u00e9s, plus l&rsquo;association a eu besoin de b\u00e9n\u00e9voles davantage form\u00e9s et et adoptant une d\u00e9marche de plus en plus professionnels.<\/p>\n<figure id=\"attachment_855\" aria-describedby=\"caption-attachment-855\" style=\"width: 300px\" class=\"wp-caption aligncenter\"><a href=\"http:\/\/blogs.univ-jfc.fr\/projetcroixrouge\/wp-content\/uploads\/sites\/40\/2015\/03\/image-contexte-initial.jpg\"><img loading=\"lazy\" class=\"size-medium wp-image-855\" alt=\"Cr\u00e9dit photo : croixrouge.fr\" src=\"http:\/\/blogs.univ-jfc.fr\/projetcroixrouge\/wp-content\/uploads\/sites\/40\/2015\/03\/image-contexte-initial-300x199.jpg\" width=\"300\" height=\"199\" srcset=\"https:\/\/blogs.univ-jfc.fr\/projetcroixrouge\/wp-content\/uploads\/sites\/40\/2015\/03\/image-contexte-initial-300x199.jpg 300w, https:\/\/blogs.univ-jfc.fr\/projetcroixrouge\/wp-content\/uploads\/sites\/40\/2015\/03\/image-contexte-initial.jpg 353w\" sizes=\"(max-width: 300px) 100vw, 300px\" \/><\/a><figcaption id=\"caption-attachment-855\" class=\"wp-caption-text\">Des brancardiers de la Croix-Rouge transportant un bless\u00e9 vers 1920 en France.<\/figcaption><\/figure>\n<div>\n<p align=\"justify\">Petit \u00e0 petit, les formations qui sont\u00a0<span style=\"color: #000000\">mises<\/span>\u00a0en place par la Croix-Rouge se structurent pour que les b\u00e9n\u00e9voles soient les plus efficaces possible sur le terrain, notamment lors des situations d&rsquo;urgence. cela se traduit par la cr\u00e9ation de nombreuses \u00e9coles d&rsquo;infirmiers et d&rsquo;infirmi\u00e8res y compris dans le Tarn, \u00e0 Albi (voir les \u00e9coles de la Croix-Rouge). De m\u00eame, on voit appara\u00eetre les premi\u00e8res formations au secourisme de la Croix-Rouge qui positionne<span style=\"color: #000000\">nt<\/span>\u00a0celle-ci au rang de pr\u00e9curseur dans le domaine. En effet, ce n&rsquo;est que plus tard, le 5 Ao\u00fbt 1964 (Cf. M. Bayourte, entretien du 3 d\u00e9cembre 2014), que l\u2019\u00c9tat va lancer le premier brevet d<span style=\"color: #000000\">&lsquo;\u00c9<\/span>tat de premiers secours\u00a0<span style=\"color: #000000\">illustrant, \u00e0 rebours, la place avant-gardiste de la Croix-Rouge.\u00a0<\/span><span style=\"color: #000000\">Les r\u00e8gles sont d\u00e9finies d\u00e8s le commencement, d\u00e9terminant ainsi la n\u00e9cessit\u00e9 de disposer d&rsquo;un personnel form\u00e9 et de mat\u00e9riel adapt\u00e9. Les actions de la Croix Rouge ne s&rsquo;improvisent pas et le b\u00e9n\u00e9vole n&rsquo;est pas forc\u00e9ment comp\u00e9tent \u00e0 son arriv\u00e9e dans l&rsquo;institution.\u00a0<\/span>C<span style=\"color: #000000\">&lsquo;est pour \u00e7a qu&rsquo;il faut \u00eatre form\u00e9 pour pouvoir pr\u00e9tendre \u00e0 rentrer dans l&rsquo;association. Pour la Croix Rouge qui veut porter secours \u00e0 toute souffrance, il est donc indispensable d&rsquo;offrir des formations pour des b\u00e9n\u00e9voles devenus main d\u2019\u0153uvre primordiale<\/span><\/p>\n<p align=\"justify\">Tout le fonctionnement de ces \u00e9coles ainsi que le mat\u00e9riel n\u00e9cessaire \u00e0 la formation co\u00fbtait assez cher, c&rsquo;est pour cela qu&rsquo;une participation financi\u00e8re \u00e9tait, et est toujours demand\u00e9e, aux b\u00e9n\u00e9voles.\u00a0<span style=\"font-size: medium\">Cette participation financi\u00e8re garanti<\/span><span style=\"color: #000000\"><span style=\"font-size: medium\">t<\/span><\/span><span style=\"font-size: medium\">\u00a0encore aujourd&rsquo;hui la p\u00e9rennit\u00e9 de l&rsquo;organisation.<\/span><\/p>\n<\/div>\n<\/div>\n<p>Par la suite, les formations se sont <a title=\"Structuration des ann\u00e9es 1960\" href=\"http:\/\/blogs.univ-jfc.fr\/projetcroixrouge\/la-croix-rouge-tarnaise-hommes-et-institutions\/mettre-en-marche-des-benevoles\/former-des-benevoles\/structuration-des-annees-1960\/\">mieux structur\u00e9es dans les ann\u00e9es 1960<\/a>&#8230;<\/p>\n","protected":false},"excerpt":{"rendered":"<p>La gestion du b\u00e9n\u00e9volat \u00a0 Dans l&rsquo;histoire,\u00a0l&rsquo;entraide\u00a0entre personnes a toujours exist\u00e9 mais celle-ci n&rsquo;avait pas fait preuve d&rsquo;une organisation \u00e0 grande \u00e9chelle,\u00a0si ce n\u2019est celle des ordres religieux.\u00a0A ce niveau, la Croix-Rouge est\u00a0donc\u00a0la premi\u00e8re association non confessionnelle qui a r\u00e9ussi\u00a0\u00e0 coordonner le b\u00e9n\u00e9volat et \u00e0 le rendre\u00a0efficient. Mais cette notion de b\u00e9n\u00e9volat est rest\u00e9e tr\u00e8s &hellip; <a href=\"https:\/\/blogs.univ-jfc.fr\/projetcroixrouge\/formations-et-professions\/former-des-benevoles\/contexte-initial-de-la-formation-tarnaise\/\" class=\"more-link\">Continuer la lecture de <span class=\"screen-reader-text\">Contexte initial de la formation tarnaise<\/span> <span class=\"meta-nav\">&rarr;<\/span><\/a><\/p>\n","protected":false},"author":140,"featured_media":0,"parent":146,"menu_order":1,"comment_status":"closed","ping_status":"open","template":"","meta":[],"_links":{"self":[{"href":"https:\/\/blogs.univ-jfc.fr\/projetcroixrouge\/wp-json\/wp\/v2\/pages\/655"}],"collection":[{"href":"https:\/\/blogs.univ-jfc.fr\/projetcroixrouge\/wp-json\/wp\/v2\/pages"}],"about":[{"href":"https:\/\/blogs.univ-jfc.fr\/projetcroixrouge\/wp-json\/wp\/v2\/types\/page"}],"author":[{"embeddable":true,"href":"https:\/\/blogs.univ-jfc.fr\/projetcroixrouge\/wp-json\/wp\/v2\/users\/140"}],"replies":[{"embeddable":true,"href":"https:\/\/blogs.univ-jfc.fr\/projetcroixrouge\/wp-json\/wp\/v2\/comments?post=655"}],"version-history":[{"count":16,"href":"https:\/\/blogs.univ-jfc.fr\/projetcroixrouge\/wp-json\/wp\/v2\/pages\/655\/revisions"}],"predecessor-version":[{"id":3546,"href":"https:\/\/blogs.univ-jfc.fr\/projetcroixrouge\/wp-json\/wp\/v2\/pages\/655\/revisions\/3546"}],"up":[{"embeddable":true,"href":"https:\/\/blogs.univ-jfc.fr\/projetcroixrouge\/wp-json\/wp\/v2\/pages\/146"}],"wp:attachment":[{"href":"https:\/\/blogs.univ-jfc.fr\/projetcroixrouge\/wp-json\/wp\/v2\/media?parent=655"}],"curies":[{"name":"wp","href":"https:\/\/api.w.org\/{rel}","templated":true}]}}