{"id":66,"date":"2015-01-05T11:42:42","date_gmt":"2015-01-05T10:42:42","guid":{"rendered":"http:\/\/blogs.univ-jfc.fr\/projetcroixrouge\/?page_id=66"},"modified":"2015-04-02T08:30:55","modified_gmt":"2015-04-02T07:30:55","slug":"figures-tarn","status":"publish","type":"page","link":"https:\/\/blogs.univ-jfc.fr\/projetcroixrouge\/la-croix-rouge-tarnaise-des-hommes-et-des-femmes\/figures-tarn\/","title":{"rendered":"Les figures de la Croix-Rouge tarnaise"},"content":{"rendered":"<figure id=\"attachment_1116\" aria-describedby=\"caption-attachment-1116\" style=\"width: 139px\" class=\"wp-caption alignright\"><a href=\"http:\/\/blogs.univ-jfc.fr\/projetcroixrouge\/la-croix-rouge-tarnaise-des-hommes-et-des-femmes\/figures-tarn\/simpliquer-dans-lassociation-au-travers-de-responsabilites\/\"><img loading=\"lazy\" class=\"wp-image-1116             \" style=\"border: 0px;margin: 0px\" alt=\"\" src=\"http:\/\/blogs.univ-jfc.fr\/projetcroixrouge\/wp-content\/uploads\/sites\/40\/2015\/01\/Affiche-intro-I-207x300.jpg\" width=\"139\" height=\"202\" srcset=\"https:\/\/blogs.univ-jfc.fr\/projetcroixrouge\/wp-content\/uploads\/sites\/40\/2015\/01\/Affiche-intro-I-207x300.jpg 207w, https:\/\/blogs.univ-jfc.fr\/projetcroixrouge\/wp-content\/uploads\/sites\/40\/2015\/01\/Affiche-intro-I.jpg 400w\" sizes=\"(max-width: 139px) 100vw, 139px\" \/><\/a><figcaption id=\"caption-attachment-1116\" class=\"wp-caption-text\">Affiche de la Croix-Rouge : \u00ab\u00a0Ensemble aidons les plus d\u00e9munis\u00a0\u00bb (fin des ann\u00e9es 1980)<\/figcaption><\/figure>\n<p align=\"JUSTIFY\"><span style=\"color: #000000\"><span style=\"font-family: Arial, sans-serif\"><span style=\"font-size: medium\">L<a title=\"S\u2019impliquer dans l\u2019association au travers de responsabilit\u00e9s\" href=\"http:\/\/blogs.univ-jfc.fr\/projetcroixrouge\/la-croix-rouge-tarnaise-des-hommes-et-des-femmes\/figures-tarn\/simpliquer-dans-lassociation-au-travers-de-responsabilites\/\">&lsquo;implication dans l&rsquo;association<\/a> est la premi\u00e8re \u00e9tape de notre\u00a0<\/span><\/span><\/span><span style=\"color: #000000\"><span style=\"font-family: Arial, sans-serif\"><span style=\"font-size: medium\">travail. Elle n\u00e9cessite\u00a0<\/span><\/span><\/span><span style=\"color: #000000\"><span style=\"font-family: Arial, sans-serif\"><span style=\"font-size: medium\">un d\u00e9clencheur\u00a0: un besoin de s&rsquo;engager pour aider les plus d\u00e9munis, une envie de concr\u00e9tiser les valeurs que l&rsquo;on d\u00e9fend ou encore une curiosit\u00e9 particuli\u00e8re envers l&rsquo;association. Ce premier pas au sein de l&rsquo;organisation permet de prendre en compte ses objectifs et son mode de fonctionnement, possibles par l&rsquo;action coordonn\u00e9e de tous ses membres.<\/span><\/span><\/span><\/p>\n<p><span style=\"color: #ffffff\">.<\/span><\/p>\n<p><span style=\"color: #ffffff\">.<\/span><\/p>\n<p><span style=\"color: #ffffff\">.<\/span><\/p>\n<p><span style=\"color: #ffffff\">.<\/span><\/p>\n<figure id=\"attachment_1117\" aria-describedby=\"caption-attachment-1117\" style=\"width: 132px\" class=\"wp-caption alignleft\"><a style=\"color: #ea9629;text-decoration: underline;text-align: justify\" href=\"http:\/\/blogs.univ-jfc.fr\/projetcroixrouge\/la-croix-rouge-tarnaise-des-hommes-et-des-femmes\/figures-tarn\/les-porteurs-de-valeurs-ancrees-2\/\"><img loading=\"lazy\" class=\"wp-image-1117  \" alt=\"\" src=\"http:\/\/blogs.univ-jfc.fr\/projetcroixrouge\/wp-content\/uploads\/sites\/40\/2015\/01\/Affiche-intro-II-200x300.jpg\" width=\"132\" height=\"198\" srcset=\"https:\/\/blogs.univ-jfc.fr\/projetcroixrouge\/wp-content\/uploads\/sites\/40\/2015\/01\/Affiche-intro-II-200x300.jpg 200w, https:\/\/blogs.univ-jfc.fr\/projetcroixrouge\/wp-content\/uploads\/sites\/40\/2015\/01\/Affiche-intro-II.jpg 400w\" sizes=\"(max-width: 132px) 100vw, 132px\" \/><\/a><figcaption id=\"caption-attachment-1117\" class=\"wp-caption-text\">Affiche de la Croix-Rouge : \u00ab\u00a0La Croix-Rouge fran\u00e7aise \u00e0 votre secours\u00a0\u00bb (vers 1965)<\/figcaption><\/figure>\n<p align=\"JUSTIFY\"><span style=\"color: #000000\"><span style=\"font-family: Arial, sans-serif\"><span style=\"font-size: medium\">Les <a title=\"Les porteurs de valeurs ancr\u00e9es\" href=\"http:\/\/blogs.univ-jfc.fr\/projetcroixrouge\/la-croix-rouge-tarnaise-des-hommes-et-des-femmes\/figures-tarn\/les-porteurs-de-valeurs-ancrees-2\/\">valeurs<\/a>\u00a0que portent les uns et les autres jouent le r\u00f4le de moteur qui permettent l&rsquo;engagement au sein de la Croix-Rouge. Elles sont le propre de chacun, personnelles, m\u00eame si bien souvent elles ont une port\u00e9e plus g\u00e9n\u00e9rale. Par leur individualit\u00e9, elles se distinguent ainsi des principes fondamentaux de la Croix-Rouge,<\/span><\/span><\/span><span style=\"color: #000000\"><span style=\"font-family: Arial, sans-serif\"><span style=\"font-size: medium\"> qui, eux, correspondent \u00e0 l&rsquo;association elle-m\u00eame et doivent \u00eatre respect\u00e9s par tous.<\/span><\/span><\/span><\/p>\n<p><span style=\"color: #ffffff\">.<\/span><\/p>\n<p><span style=\"color: #ffffff\">.<\/span><\/p>\n<p><span style=\"color: #ffffff\">.<\/span><\/p>\n<p align=\"JUSTIFY\"><span style=\"color: #ffffff\">.<\/span><\/p>\n<p><span style=\"color: #ffffff\">\u00a0<\/span><\/p>\n<figure id=\"attachment_1118\" aria-describedby=\"caption-attachment-1118\" style=\"width: 218px\" class=\"wp-caption alignright\"><a style=\"color: #ea9629;text-decoration: underline;text-align: justify\" href=\"http:\/\/blogs.univ-jfc.fr\/projetcroixrouge\/transmettre-une-identite-lexemple-de-miguel-palhares\/\"><img loading=\"lazy\" class=\"wp-image-1118   \" alt=\"\" src=\"http:\/\/blogs.univ-jfc.fr\/projetcroixrouge\/wp-content\/uploads\/sites\/40\/2015\/01\/Affiche-intro-III-300x201.jpg\" width=\"218\" height=\"146\" srcset=\"https:\/\/blogs.univ-jfc.fr\/projetcroixrouge\/wp-content\/uploads\/sites\/40\/2015\/01\/Affiche-intro-III-300x201.jpg 300w, https:\/\/blogs.univ-jfc.fr\/projetcroixrouge\/wp-content\/uploads\/sites\/40\/2015\/01\/Affiche-intro-III.jpg 400w\" sizes=\"(max-width: 218px) 100vw, 218px\" \/><\/a><figcaption id=\"caption-attachment-1118\" class=\"wp-caption-text\">Affiche de la Croix-Rouge : \u00ab\u00a0Ne tol\u00e9rons aucune souffrance\u00a0\u00bb (s\u00e9rie &#8211; 1\/5) (2001-2002)<\/figcaption><\/figure>\n<p align=\"JUSTIFY\"><span style=\"color: #000000\"><span style=\"font-family: Arial, sans-serif\"><span style=\"font-size: medium\">Enfin, dans une perspective plus large, il s&rsquo;agit de <a title=\"Transmettre une identit\u00e9 : l\u2019exemple de Miguel Palhares\" href=\"http:\/\/blogs.univ-jfc.fr\/projetcroixrouge\/transmettre-une-identite-lexemple-de-miguel-palhares\/\">transmettre une identit\u00e9<\/a>, ses principes et ses missions au plus grand nombre. Pour ce faire, de nombreuses actions sont mises en place par l&rsquo;association, afin de sensibiliser la population, des plus jeunes aux plus \u00e2g\u00e9s, \u00e0 l&rsquo;utilit\u00e9 des actions men\u00e9es et des comp\u00e9tences acquises. Cette transmission est essentielle pour la continuit\u00e9 de l&rsquo;association.<\/span><\/span><\/span><\/p>\n<p align=\"JUSTIFY\">Elise Carayol, Marion Renonc\u00e9 Reus, Camille Lagriffoul<\/p>\n","protected":false},"excerpt":{"rendered":"<p>L&lsquo;implication dans l&rsquo;association est la premi\u00e8re \u00e9tape de notre\u00a0travail. Elle n\u00e9cessite\u00a0un d\u00e9clencheur\u00a0: un besoin de s&rsquo;engager pour aider les plus d\u00e9munis, une envie de concr\u00e9tiser les valeurs que l&rsquo;on d\u00e9fend ou encore une curiosit\u00e9 particuli\u00e8re envers l&rsquo;association. Ce premier pas au sein de l&rsquo;organisation permet de prendre en compte ses objectifs et son mode de &hellip; <a href=\"https:\/\/blogs.univ-jfc.fr\/projetcroixrouge\/la-croix-rouge-tarnaise-des-hommes-et-des-femmes\/figures-tarn\/\" class=\"more-link\">Continuer la lecture de <span class=\"screen-reader-text\">Les figures de la Croix-Rouge tarnaise<\/span> <span class=\"meta-nav\">&rarr;<\/span><\/a><\/p>\n","protected":false},"author":15,"featured_media":0,"parent":1045,"menu_order":1,"comment_status":"closed","ping_status":"closed","template":"","meta":[],"_links":{"self":[{"href":"https:\/\/blogs.univ-jfc.fr\/projetcroixrouge\/wp-json\/wp\/v2\/pages\/66"}],"collection":[{"href":"https:\/\/blogs.univ-jfc.fr\/projetcroixrouge\/wp-json\/wp\/v2\/pages"}],"about":[{"href":"https:\/\/blogs.univ-jfc.fr\/projetcroixrouge\/wp-json\/wp\/v2\/types\/page"}],"author":[{"embeddable":true,"href":"https:\/\/blogs.univ-jfc.fr\/projetcroixrouge\/wp-json\/wp\/v2\/users\/15"}],"replies":[{"embeddable":true,"href":"https:\/\/blogs.univ-jfc.fr\/projetcroixrouge\/wp-json\/wp\/v2\/comments?post=66"}],"version-history":[{"count":34,"href":"https:\/\/blogs.univ-jfc.fr\/projetcroixrouge\/wp-json\/wp\/v2\/pages\/66\/revisions"}],"predecessor-version":[{"id":3780,"href":"https:\/\/blogs.univ-jfc.fr\/projetcroixrouge\/wp-json\/wp\/v2\/pages\/66\/revisions\/3780"}],"up":[{"embeddable":true,"href":"https:\/\/blogs.univ-jfc.fr\/projetcroixrouge\/wp-json\/wp\/v2\/pages\/1045"}],"wp:attachment":[{"href":"https:\/\/blogs.univ-jfc.fr\/projetcroixrouge\/wp-json\/wp\/v2\/media?parent=66"}],"curies":[{"name":"wp","href":"https:\/\/api.w.org\/{rel}","templated":true}]}}