{"id":663,"date":"2015-03-05T08:53:03","date_gmt":"2015-03-05T07:53:03","guid":{"rendered":"http:\/\/blogs.univ-jfc.fr\/projetcroixrouge\/?page_id=663"},"modified":"2015-03-30T09:54:59","modified_gmt":"2015-03-30T08:54:59","slug":"des-benevoles-professionnalises-depuis-les-annees-2000","status":"publish","type":"page","link":"https:\/\/blogs.univ-jfc.fr\/projetcroixrouge\/formations-et-professions\/former-des-benevoles\/des-benevoles-professionnalises-depuis-les-annees-2000\/","title":{"rendered":"Des b\u00e9n\u00e9voles de plus en plus professionnalis\u00e9s depuis les ann\u00e9es 2000"},"content":{"rendered":"<div><b>Un renouveau des formations<\/b><\/div>\n<div><\/div>\n<div>\n<p align=\"justify\"><span style=\"color: #000000\">Les besoins de la soci\u00e9t\u00e9 du d\u00e9but du XXI<sup>e<\/sup>\u00a0si\u00e8cle sont multiples au niveau social et m\u00e9dical. Les normes sanitaires sont devenues intransigeantes, la m\u00e9decine et les lois sociales ont progress\u00e9. Par exemple, les ambulances de l\u2019organisme doivent \u00eatre contr\u00f4l\u00e9es par l\u2019\u00c9tat et le Samu avant leur mise en service et r\u00e9pondre \u00e0 des normes pr\u00e9cises et \u00e0 une capacit\u00e9 mat\u00e9rielle sp\u00e9cifique. D&rsquo;autre part, les formations comme celle menant au Brevet National de Secourisme, sont contr\u00f4l\u00e9es et r\u00e9guli\u00e8rement modifi\u00e9es par l&rsquo;\u00c9tat. La Croix-Rouge a d\u00fb adapter ses formations et ses formateurs aux nouvelles normes et lois.<\/span><\/p>\n<p align=\"justify\"><span style=\"color: #000000\">A ces adaptations des formations aux normes, s\u2019ajoutent celles aux objectifs. Depuis 2007, l&rsquo;objectif de la Croix-Rouge est ainsi de former au moins 20 % de la population au BNS, Brevet National de Secourisme.\u00a0<\/span><\/p>\n<p align=\"justify\"><span style=\"color: #000000\">La Croix-Rouge met donc en place plusieurs dispositifs d\u2019adaptations \u00e0 ces nouvelles contraintes. Elle a ainsi augment\u00e9<\/span><span style=\"color: #000000\">\u00a0le nombre des centres de formations avec plus de 600 \u00e9tablissements d\u00e9sormais d\u00e9di\u00e9s \u00e0 la sant\u00e9 et 112 centres de formations (source\u00a0: APEC,\u00a0Croix-Rouge fran\u00e7aise, consult\u00e9 le 12 f\u00e9vrier).<\/span><span style=\"color: #000000\"> Elle a aussi augment\u00e9 le nombre des ses formations \u00e0 travers la France, avec plus 150 sessions d\u00e9di\u00e9es aux salari\u00e9s de la Croix-Rouge.<\/span><a href=\"https:\/\/sites.google.com\/site\/formationcrtarn\/home\/modernisation-des-annees-2000#sdfootnote3sym\"><span style=\"color: #000000\"><sup><span style=\"text-decoration: underline\">3<\/span><\/sup><\/span><\/a><span style=\"color: #000000\">\u00a0Elle a encore innov\u00e9 sur le plan des formules et de la p\u00e9dagogi<\/span><span style=\"color: #000000\">e.\u00a0<\/span><span style=\"color: #000000\">\u00a0Pour attirer un plus grand nombre de personnes, certaines formations sont cr\u00e9\u00e9es en 2004, comme celles r\u00e9sultant de l&rsquo;accord entre le minist\u00e8re de la D\u00e9fense et la Croix-Rouge pour proposer un module de soixante quinze minutes d&rsquo;initiation aux alertes et aux premiers secours (I.A.P.S). Ce dernier est dispens\u00e9 aux jeunes passants la journ\u00e9e de pr\u00e9paration \u00e0 la d\u00e9fense (JAPD) et a permis en 2004 de former 450 000 jeunes. M\u00eame les enfants d&rsquo;\u00e9coles primaires ont d\u00e9sormais un module obligatoire depuis 2005 visant \u00e0 les initier aux principes du secourisme<\/span><span style=\"color: #000000\"><span style=\"font-size: small\">.<\/span><\/span><\/p>\n<p align=\"justify\"><span style=\"color: #000000\">Enfin, la Croix-Rouge a poursuivi l\u2019effort d\u00e9j\u00e0 engag\u00e9 concernant la r\u00e9duction de temps de formation puisque le format de quarante heures est\u00a0aujourd\u2019hui\u00a0d\u00e9di\u00e9 au CFAPSE (Certificat de\u00a0Formation au Premier Secours en \u00c9quipe). Ce dernier permet aux b\u00e9n\u00e9voles d&rsquo;exploiter leur formation de mani\u00e8re plus professionnelle. Cette diminution en termes de temps des formations a permis \u00e0 la Croix-Rouge de rendre les formations multiples et plus accessibles.<\/span><\/p>\n<p align=\"justify\"><span style=\"color: #000000\">Au final, les formations ont \u00e9volu\u00e9 en nombre, en diversit\u00e9 et en dur\u00e9e. Ce qui a permis aux femmes d&rsquo;acc\u00e9der plus facilement aux formations. Auparavant la part des femmes en tant que b\u00e9n\u00e9voles \u00e9tait bien inf\u00e9rieure \u00e0 celle des hommes. Aujourd\u2019hui la part de femmes b\u00e9n\u00e9voles en-dessous de soixante ans est de 62 % et de 70 % pour les femmes de plus de soixante ans. Donc au sein du b\u00e9n\u00e9volat les femmes sont aujourd&rsquo;hui majoritaires.<\/span><\/p>\n<div><\/div>\n<p><span style=\"color: #141823;font-size: medium\"><b>Une politique novatrice de sensibilisation\u00a0<\/b><\/span><\/p>\n<p align=\"justify\"><span style=\"color: #000000\">Les m\u00e9thodes d&rsquo;approche de la Croix-Rouge ont aussi \u00e9volu\u00e9\u00a0: des interventions de la Croix-rouge sont organis\u00e9es dans les \u00e9coles, coll\u00e8ges et lyc\u00e9es de la r\u00e9gion pour familiariser la jeunesse aux gestes de premiers secours mais \u00e9galement aux actions de la Croix-rouge du quotidien pour susciter d\u2019\u00e9ventuelles vocations.\u00a0<span>Des campagnes de pr\u00e9vention sont organis\u00e9es pour attirer la population \u00e0 suivre les formations de la Croix-rouge et les sensibiliser aux risques quotidiens. Beaucoup de professionnels viennent \u00e9galement se former \u00e0 la Croix-Rouge les pompiers, m\u00e9decins, secouristes, ambulanciers&#8230; <strong><\/strong><br \/>\n<\/span><\/span><\/p>\n<p align=\"justify\"><span style=\"color: #000000\">Ce qui donne aux b\u00e9n\u00e9voles une occasion de prendre part aux m\u00e9tiers professionnels de la sant\u00e9 et du secourisme. Les formations de la Croix-Rouge ont alors \u00e9volu\u00e9 \u00e0 tout niveau. Et elles se pr\u00e9parent d\u00e8s le plus jeune \u00e2ge, en effet la Croix-Rouge s&rsquo;est lanc\u00e9 dans une campagne de sensibilisation des plus jeunes. <strong><\/strong><br \/>\n<\/span><\/p>\n<figure id=\"attachment_1009\" aria-describedby=\"caption-attachment-1009\" style=\"width: 300px\" class=\"wp-caption aligncenter\"><a href=\"http:\/\/blogs.univ-jfc.fr\/projetcroixrouge\/wp-content\/uploads\/sites\/40\/2015\/03\/image-modernisation.jpg\"><img loading=\"lazy\" class=\"size-medium wp-image-1009\" alt=\"Un cours de sensibilisation pour des \u00e9l\u00e8ves du primaire. (Photo: croix-rouge.fr)\" src=\"http:\/\/blogs.univ-jfc.fr\/projetcroixrouge\/wp-content\/uploads\/sites\/40\/2015\/03\/image-modernisation-300x204.jpg\" width=\"300\" height=\"204\" srcset=\"https:\/\/blogs.univ-jfc.fr\/projetcroixrouge\/wp-content\/uploads\/sites\/40\/2015\/03\/image-modernisation-300x204.jpg 300w, https:\/\/blogs.univ-jfc.fr\/projetcroixrouge\/wp-content\/uploads\/sites\/40\/2015\/03\/image-modernisation.jpg 850w\" sizes=\"(max-width: 300px) 100vw, 300px\" \/><\/a><figcaption id=\"caption-attachment-1009\" class=\"wp-caption-text\">Un cours de sensibilisation pour des \u00e9l\u00e8ves du primaire. (Photo: croix-rouge.fr)<\/figcaption><\/figure>\n<p align=\"left\"><b>Lier le b\u00e9n\u00e9volat \u00e0 une d\u00e9marche professionnelle<br \/>\n<\/b><\/p>\n<p align=\"justify\"><span style=\"color: #000000\">L<\/span><span style=\"color: #000000\">a Croix-Rouge poss\u00e8de relativement peu de professionnels. En effet en France, en 2014 il y a cinquante mille b\u00e9n\u00e9voles\u00a0<\/span><span style=\"color: #000000\">et<\/span><span style=\"color: #000000\">\u00a0<\/span><span style=\"color: #000000\">dix-huit<\/span><span style=\"color: #000000\">\u00a0mille professionnels (Croix-Rouge fran\u00e7aise,\u00a0devenez salari\u00e9 en France, consult\u00e9 le 21\/02\/2015, <\/span>http:\/\/www.croix-rouge.fr\/Je-m-engage\/Espace-recrutement)<span><span style=\"color: #000000\"><a href=\"https:\/\/sites.google.com\/site\/formationcrtarn\/home\/modernisation-des-annees-2000#sdfootnote1sym\" name=\"sdfootnote1anc\"><\/a><\/span><\/span><span style=\"color: #000000\">, donc\u00a0<\/span><span style=\"color: #000000\">deux<\/span><span style=\"color: #000000\">\u00a0fois plus de b\u00e9n\u00e9voles que de professionnels. Un nombre important\u00a0<\/span><span style=\"color: #000000\">de professionnels dans la sant\u00e9 ou le social (<\/span><span style=\"color: #000000\">d&rsquo;ambulanciers, m\u00e9decins, secouristes, \u00e9ducateurs sp\u00e9cialis\u00e9s, assistants sociaux,<\/span><span style=\"color: #000000\">)<\/span><span style=\"color: #000000\">\u00a0<\/span><span style=\"color: #000000\">s&rsquo;investissent\u00a0<\/span><span style=\"color: #000000\">dans la Croix-Rouge pour se reformer ou en tant que b\u00e9n\u00e9vole.\u00a0<\/span><span style=\"color: #000000\">Quant aux<\/span><span style=\"color: #000000\">\u00a0professionnels de la Croix-Rouge,\u00a0<\/span><span style=\"color: #000000\">ils\u00a0<\/span><span style=\"color: #000000\">g\u00e8rent l&rsquo;administration de l&rsquo;association et sont\u00a0<\/span><span style=\"color: #000000\">appel\u00e9<\/span><span style=\"color: #000000\">s<\/span><span style=\"color: #000000\">\u00a0lors d\u2019interventions majeures (catastrophes naturelles importantes, interventions \u00e0 l\u2019\u00e9tranger, conflits arm\u00e9es, etc.).\u00a0<\/span><span style=\"color: #000000\">Lors de missions importantes,<\/span><span style=\"color: #000000\">\u00a0<\/span><span style=\"color: #000000\">les <\/span><span style=\"color: #000000\">professionnels\u00a0<\/span><span style=\"color: #000000\">ont<\/span><span style=\"color: #000000\">\u00a0le devoir de diriger les b\u00e9n\u00e9voles, de leur donner un axe d\u2019action tout en portant secours \u00e0 la population. <\/span><span style=\"color: #000000\">Toutefois, <\/span><span style=\"color: #000000\">les b\u00e9n\u00e9voles et les professionnels se c\u00f4toient peu sur les mission<\/span><span style=\"color: #000000\">s<\/span><span style=\"color: #000000\">.\u00a0<\/span><span style=\"color: #000000\">En effet, Tout\u00a0<\/span><span style=\"color: #000000\">poste de secours basique est form\u00e9 de deux \u00e9quipes avec cinq \u00e0 six b\u00e9n\u00e9voles, un chef d\u2019\u00e9quipe\u00a0<\/span><span style=\"color: #000000\">(b\u00e9n\u00e9vole)<\/span><span style=\"color: #000000\">\u00a0et un v\u00e9hicule. Le chef d&rsquo;\u00e9quipe doit avoir une parfaite connaissance des techniques de secours et une bonne p\u00e9dagogie. Le<\/span><span style=\"color: #000000\">s<\/span><span style=\"color: #000000\">\u00a0points communs\u00a0<\/span><span style=\"color: #000000\">entre professionnels et b\u00e9n\u00e9voles<\/span><span style=\"color: #000000\">\u00a0sont l\u2019uniforme, le<\/span><span style=\"color: #000000\">s<\/span><span style=\"color: #000000\">\u00a0comp\u00e9tences\u00a0<\/span><span style=\"color: #000000\">et les\u00a0<\/span><span style=\"color: #000000\">formations. Leur but est de valoriser et\u00a0<\/span><span style=\"color: #000000\">de\u00a0<\/span><span style=\"color: #000000\">faire vivre l\u2019ONG.<\/span><\/p>\n<figure id=\"attachment_1363\" aria-describedby=\"caption-attachment-1363\" style=\"width: 450px\" class=\"wp-caption aligncenter\"><a href=\"http:\/\/blogs.univ-jfc.fr\/projetcroixrouge\/wp-content\/uploads\/sites\/40\/2015\/03\/201410291425-full.jpg\"><img loading=\"lazy\" class=\" wp-image-1363 \" alt=\"Des b\u00e9n\u00e9voles de la Croix Rouge posent avec des cadres de l'association, en vue d'une op\u00e9ration de SAMU social, en 2014 \u00e0 Toulouse. (Photo DDM, Manu Massip)\" src=\"http:\/\/blogs.univ-jfc.fr\/projetcroixrouge\/wp-content\/uploads\/sites\/40\/2015\/03\/201410291425-full.jpg\" width=\"450\" height=\"250\" \/><\/a><figcaption id=\"caption-attachment-1363\" class=\"wp-caption-text\">Des b\u00e9n\u00e9voles de la Croix Rouge posent avec des cadres de l&rsquo;association, en vue d&rsquo;une op\u00e9ration de SAMU social, en 2014 \u00e0 Toulouse. (Photo DDM, Manu Massip)<\/figcaption><\/figure>\n<p><b>Une dimension professionnelle ?<\/b><\/p>\n<p align=\"justify\"><span style=\"color: #000000\">Le terme professionnalisme d\u00e9signe l\u2019action des professionnels, une action de qualit\u00e9 visant \u00e0 respecter ses engagements envers une entreprise ou autre organisation. Rappelons que les centres de la Croix-Rouge forment des professionnels notamment des pompiers, des ambulanciers, des infirmiers, des secouristes \u2026 et des b\u00e9n\u00e9voles. En effet b\u00e9n\u00e9voles et professionnels re\u00e7oivent les m\u00eames formations. Donc ces derni\u00e8res doivent \u00eatre professionnalisantes au point de vue th\u00e9orique (diff\u00e9rents brevets, transmission d\u2019un savoir-faire et d\u2019un savoir \u00eatre face \u00e0 la population, mise \u00e0 jour des savoirs r\u00e9guliers, etc.) et pratique puisque les formations sont suivies de stages. Certaines sont reconnues par l\u2019\u00c9tat puisque l\u2019on peut parler de brevet d\u2019\u00c9tat. La Croix-Rouge donne une dimension professionnelle au travail des b\u00e9n\u00e9voles. Si elle veut s\u2019av\u00e9rer efficace et rapide lors d&rsquo;interventions elle doit disposer d\u2019un personnel qualifi\u00e9 et expert \u00e0 tout niveau. Donc, les formations Croix-Rouge visent \u00e0 mettre en valeur les comp\u00e9tences des b\u00e9n\u00e9voles.<\/span><\/p>\n<p align=\"justify\"><span style=\"color: #000000\">Enfin, au terme de leur formation et pour permettre aux b\u00e9n\u00e9voles de valoriser leurs acquis et exp\u00e9rience l\u2019\u00c9tat a mis en place un syst\u00e8me appel\u00e9 VAE (Validation des Acquis de l\u2019Exp\u00e9rience)(Source\u00a0: Croix-Rouge fran\u00e7aise,\u00a0La politique de formation,, consult\u00e9 le 12 f\u00e9vrier)<span style=\"font-size: small\">.<\/span>\u00a0Les b\u00e9n\u00e9voles et salari\u00e9s peuvent acqu\u00e9rir des connaissances et exp\u00e9riences sans avoir forc\u00e9ment re\u00e7u une formation. Tout le monde peut envoyer un dossier au jury de la V.A.E. Ce dernier \u00e9valuera si, avec l&rsquo;exp\u00e9rience de la personne, il peut lui donner la formation d\u00e9sir\u00e9e sans l&rsquo;avoir pass\u00e9e. Ce syst\u00e8me permet aux b\u00e9n\u00e9voles de faire reconna\u00eetre leurs formations et exp\u00e9riences au sein d\u2019une association pour avoir un acc\u00e8s simplifi\u00e9 aux m\u00e9tiers de la sant\u00e9 et du social. Les formations de la Croix-Rouge font preuve d\u2019un r\u00e9el professionnalisme puisqu\u2019elles permettent aux b\u00e9n\u00e9voles de r\u00e9aliser des actions dignes d\u2019un professionnel puis d\u2019int\u00e9grer un m\u00e9tier m\u00e9dico-social suite aux formations re\u00e7ues.<\/span><\/p>\n<p align=\"justify\">Pour aller plus loin, nous vous invitons \u00e0 consulter\u00a0<a title=\"Ressources compl\u00e9mentaires\" href=\"http:\/\/blogs.univ-jfc.fr\/projetcroixrouge\/la-croix-rouge-tarnaise-hommes-et-institutions\/mettre-en-marche-des-benevoles\/former-des-benevoles\/ressourcescomplementaires\/\">nos ressources compl\u00e9mentaires<\/a>.<\/p>\n<\/div>\n","protected":false},"excerpt":{"rendered":"<p>Un renouveau des formations Les besoins de la soci\u00e9t\u00e9 du d\u00e9but du XXIe\u00a0si\u00e8cle sont multiples au niveau social et m\u00e9dical. Les normes sanitaires sont devenues intransigeantes, la m\u00e9decine et les lois sociales ont progress\u00e9. Par exemple, les ambulances de l\u2019organisme doivent \u00eatre contr\u00f4l\u00e9es par l\u2019\u00c9tat et le Samu avant leur mise en service et r\u00e9pondre &hellip; <a href=\"https:\/\/blogs.univ-jfc.fr\/projetcroixrouge\/formations-et-professions\/former-des-benevoles\/des-benevoles-professionnalises-depuis-les-annees-2000\/\" class=\"more-link\">Continuer la lecture de <span class=\"screen-reader-text\">Des b\u00e9n\u00e9voles de plus en plus professionnalis\u00e9s depuis les ann\u00e9es 2000<\/span> <span class=\"meta-nav\">&rarr;<\/span><\/a><\/p>\n","protected":false},"author":140,"featured_media":0,"parent":146,"menu_order":3,"comment_status":"closed","ping_status":"open","template":"","meta":[],"_links":{"self":[{"href":"https:\/\/blogs.univ-jfc.fr\/projetcroixrouge\/wp-json\/wp\/v2\/pages\/663"}],"collection":[{"href":"https:\/\/blogs.univ-jfc.fr\/projetcroixrouge\/wp-json\/wp\/v2\/pages"}],"about":[{"href":"https:\/\/blogs.univ-jfc.fr\/projetcroixrouge\/wp-json\/wp\/v2\/types\/page"}],"author":[{"embeddable":true,"href":"https:\/\/blogs.univ-jfc.fr\/projetcroixrouge\/wp-json\/wp\/v2\/users\/140"}],"replies":[{"embeddable":true,"href":"https:\/\/blogs.univ-jfc.fr\/projetcroixrouge\/wp-json\/wp\/v2\/comments?post=663"}],"version-history":[{"count":12,"href":"https:\/\/blogs.univ-jfc.fr\/projetcroixrouge\/wp-json\/wp\/v2\/pages\/663\/revisions"}],"predecessor-version":[{"id":3549,"href":"https:\/\/blogs.univ-jfc.fr\/projetcroixrouge\/wp-json\/wp\/v2\/pages\/663\/revisions\/3549"}],"up":[{"embeddable":true,"href":"https:\/\/blogs.univ-jfc.fr\/projetcroixrouge\/wp-json\/wp\/v2\/pages\/146"}],"wp:attachment":[{"href":"https:\/\/blogs.univ-jfc.fr\/projetcroixrouge\/wp-json\/wp\/v2\/media?parent=663"}],"curies":[{"name":"wp","href":"https:\/\/api.w.org\/{rel}","templated":true}]}}