{"id":671,"date":"2015-03-05T08:55:28","date_gmt":"2015-03-05T07:55:28","guid":{"rendered":"http:\/\/blogs.univ-jfc.fr\/projetcroixrouge\/?page_id=671"},"modified":"2015-03-06T12:10:56","modified_gmt":"2015-03-06T11:10:56","slug":"ressourcescomplementaires","status":"publish","type":"page","link":"https:\/\/blogs.univ-jfc.fr\/projetcroixrouge\/formations-et-professions\/former-des-benevoles\/ressourcescomplementaires\/","title":{"rendered":"Ressources compl\u00e9mentaires"},"content":{"rendered":"<p>Vous trouverez ici les ressources sur lesquelles nous nous sommes appuy\u00e9s, ainsi que d&rsquo;autres documents utiles \u00e0 une meilleure compr\u00e9hension.<\/p>\n<p>&nbsp;<\/p>\n<p>\u2192 La retranscription de l&rsquo;<a title=\"Interview de M. Caminade\" href=\"http:\/\/blogs.univ-jfc.fr\/projetcroixrouge\/la-croix-rouge-tarnaise-hommes-et-institutions\/mettre-en-marche-des-benevoles\/former-des-benevoles\/ressourcescomplementaires\/interview-de-m-caminade\/\">interview de monsieur l&rsquo;abb\u00e9 Caminade<\/a>, en d\u00e9cembre 2014.<\/p>\n<p>\u2192 Un\u00a0<a title=\"Tableau chronologique\" href=\"http:\/\/blogs.univ-jfc.fr\/projetcroixrouge\/la-croix-rouge-tarnaise-hommes-et-institutions\/mettre-en-marche-des-benevoles\/former-des-benevoles\/ressourcescomplementaires\/tableau-chronologique\/\">tableau chronologique<\/a>\u00a0des formations de la Croix-Rouge dans le Tarn<\/p>\n<p>\u2192 Une\u00a0<a title=\"Nomenclature des formations\" href=\"http:\/\/blogs.univ-jfc.fr\/projetcroixrouge\/la-croix-rouge-tarnaise-hommes-et-institutions\/mettre-en-marche-des-benevoles\/former-des-benevoles\/ressourcescomplementaires\/nomenclature-des-formations\/\">nomenclature des formations<\/a>\u00a0aux premiers secours au niveau national<\/p>\n","protected":false},"excerpt":{"rendered":"<p>Vous trouverez ici les ressources sur lesquelles nous nous sommes appuy\u00e9s, ainsi que d&rsquo;autres documents utiles \u00e0 une meilleure compr\u00e9hension. &nbsp; \u2192 La retranscription de l&rsquo;interview de monsieur l&rsquo;abb\u00e9 Caminade, en d\u00e9cembre 2014. \u2192 Un\u00a0tableau chronologique\u00a0des formations de la Croix-Rouge dans le Tarn \u2192 Une\u00a0nomenclature des formations\u00a0aux premiers secours au niveau national<\/p>\n","protected":false},"author":140,"featured_media":0,"parent":146,"menu_order":4,"comment_status":"closed","ping_status":"open","template":"","meta":[],"_links":{"self":[{"href":"https:\/\/blogs.univ-jfc.fr\/projetcroixrouge\/wp-json\/wp\/v2\/pages\/671"}],"collection":[{"href":"https:\/\/blogs.univ-jfc.fr\/projetcroixrouge\/wp-json\/wp\/v2\/pages"}],"about":[{"href":"https:\/\/blogs.univ-jfc.fr\/projetcroixrouge\/wp-json\/wp\/v2\/types\/page"}],"author":[{"embeddable":true,"href":"https:\/\/blogs.univ-jfc.fr\/projetcroixrouge\/wp-json\/wp\/v2\/users\/140"}],"replies":[{"embeddable":true,"href":"https:\/\/blogs.univ-jfc.fr\/projetcroixrouge\/wp-json\/wp\/v2\/comments?post=671"}],"version-history":[{"count":3,"href":"https:\/\/blogs.univ-jfc.fr\/projetcroixrouge\/wp-json\/wp\/v2\/pages\/671\/revisions"}],"predecessor-version":[{"id":1012,"href":"https:\/\/blogs.univ-jfc.fr\/projetcroixrouge\/wp-json\/wp\/v2\/pages\/671\/revisions\/1012"}],"up":[{"embeddable":true,"href":"https:\/\/blogs.univ-jfc.fr\/projetcroixrouge\/wp-json\/wp\/v2\/pages\/146"}],"wp:attachment":[{"href":"https:\/\/blogs.univ-jfc.fr\/projetcroixrouge\/wp-json\/wp\/v2\/media?parent=671"}],"curies":[{"name":"wp","href":"https:\/\/api.w.org\/{rel}","templated":true}]}}