{"id":68,"date":"2015-01-05T11:43:20","date_gmt":"2015-01-05T10:43:20","guid":{"rendered":"http:\/\/blogs.univ-jfc.fr\/projetcroixrouge\/?page_id=68"},"modified":"2015-03-29T14:01:43","modified_gmt":"2015-03-29T13:01:43","slug":"dans-le-reseau-national","status":"publish","type":"page","link":"https:\/\/blogs.univ-jfc.fr\/projetcroixrouge\/la-croix-rouge-tarnaise-hommes-et-institutions\/dans-le-reseau-national\/","title":{"rendered":"La Croix-Rouge tarnaise dans le r\u00e9seau national au d\u00e9but du XXIe si\u00e8cle"},"content":{"rendered":"<figure id=\"attachment_2441\" aria-describedby=\"caption-attachment-2441\" style=\"width: 165px\" class=\"wp-caption alignright\"><a href=\"http:\/\/blogs.univ-jfc.fr\/projetcroixrouge\/wp-content\/uploads\/sites\/40\/2015\/01\/Copie_de_dl_albi.jpg\"><img loading=\"lazy\" class=\" wp-image-2441    \" title=\"Photo prise 168, avenue de Lattre de Tassigny (Albi) par un membre de l'unit\u00e9 locale de la Croix-Rouge d'Albi. Source : http:\/\/81.croix-rouge.fr\/rubrique.php3?id_rubrique=29058\" alt=\"L'unit\u00e9 locale de la Croix-Rouge d'Albi (Tarn)\" src=\"http:\/\/blogs.univ-jfc.fr\/projetcroixrouge\/wp-content\/uploads\/sites\/40\/2015\/01\/Copie_de_dl_albi.jpg\" width=\"165\" height=\"150\" \/><\/a><figcaption id=\"caption-attachment-2441\" class=\"wp-caption-text\">L&rsquo;unit\u00e9 locale de la Croix-Rouge d&rsquo;Albi (Tarn)<\/figcaption><\/figure>\n<p align=\"JUSTIFY\"><span style=\"font-family: Times New Roman,serif\"><span style=\"font-size: medium\"><span style=\"color: #000000\">D\u00e8s les origines, la Croix-Rouge en France a mis en place dans son organisation <\/span><a title=\"Les d\u00e9l\u00e9gations d\u00e9partementales, l\u2019interm\u00e9diaire entre le local et le si\u00e8ge\" href=\"http:\/\/blogs.univ-jfc.fr\/projetcroixrouge\/la-croix-rouge-tarnaise-hommes-et-institutions\/dans-le-reseau-national\/les-delegations-departementales-lintermediaire-entre-le-local-et-le-siege\/\">l&rsquo;\u00e9chelon <\/a><\/span><\/span><span style=\"font-family: Times New Roman,serif\"><span style=\"font-size: medium\"><a title=\"Les d\u00e9l\u00e9gations d\u00e9partementales, l\u2019interm\u00e9diaire entre le local et le si\u00e8ge\" href=\"http:\/\/blogs.univ-jfc.fr\/projetcroixrouge\/la-croix-rouge-tarnaise-hommes-et-institutions\/dans-le-reseau-national\/les-delegations-departementales-lintermediaire-entre-le-local-et-le-siege\/\">d\u00e9partemental<\/a>. <span style=\"color: #000000\">Il a pris diff\u00e9rentes formes<\/span><span style=\"color: #000000\">, au d\u00e9part les d\u00e9l\u00e9gations locales \u00e9taient autonomes jusqu&rsquo;\u00e0 ce qu&rsquo;elles soient orient\u00e9es par les d\u00e9l\u00e9gations d\u00e9partementales dans leur objectifs. Celles-ci se trouvent au centre de la dynamique de l&rsquo;association et constituent un \u00e9l\u00e9ment important de son action sur le territoire. Au d\u00e9but du XXI<\/span><span style=\"color: #000000\"><sup>e <\/sup><\/span><span style=\"color: #000000\">si\u00e8cle<\/span><span style=\"color: #000000\"> les d\u00e9l\u00e9gations d\u00e9partementales constituent <\/span><span style=\"color: #000000\">le support indirect du contr\u00f4le du national sur les actions des d\u00e9l\u00e9gations locales.<\/span><\/span><\/span><\/p>\n<p align=\"JUSTIFY\">\n<figure id=\"attachment_2897\" aria-describedby=\"caption-attachment-2897\" style=\"width: 164px\" class=\"wp-caption alignleft\"><a href=\"http:\/\/blogs.univ-jfc.fr\/projetcroixrouge\/wp-content\/uploads\/sites\/40\/2015\/01\/france_departements.png\"><img loading=\"lazy\" class=\" wp-image-2897   \" title=\"L'organisation r\u00e9gionale de la Croix-Rouge fran\u00e7aise. 2015. Auteurs : Nabil Ousseni, Trystan Simon, M\u00e9lanie Vottero, Cyril Xipolitakis\" alt=\"Les regroupements d\u00e9partementaux\" src=\"http:\/\/blogs.univ-jfc.fr\/projetcroixrouge\/wp-content\/uploads\/sites\/40\/2015\/01\/france_departements.png\" width=\"164\" height=\"162\" srcset=\"https:\/\/blogs.univ-jfc.fr\/projetcroixrouge\/wp-content\/uploads\/sites\/40\/2015\/01\/france_departements.png 650w, https:\/\/blogs.univ-jfc.fr\/projetcroixrouge\/wp-content\/uploads\/sites\/40\/2015\/01\/france_departements-300x297.png 300w\" sizes=\"(max-width: 164px) 100vw, 164px\" \/><\/a><figcaption id=\"caption-attachment-2897\" class=\"wp-caption-text\">Les regroupements d\u00e9partementaux formant des d\u00e9l\u00e9gations r\u00e9gionales.<\/figcaption><\/figure>\n<p style=\"text-align: justify\"><span style=\"line-height: 1.5\">Les\u00a0<\/span><span style=\"line-height: 1.5\">d\u00e9l\u00e9gations r\u00e9gionales se sont impos\u00e9es dans l&rsquo;organisation de la Croix-Rouge fran\u00e7aise que vers la fin du\u00a0XXe\u00a0si\u00e8cle. Elles devaient offrir, dans une volont\u00e9 d&rsquo;harmoniser les \u00e9changes et de clarification des objectifs de chacun, la possibilit\u00e9 de regrouper les d\u00e9l\u00e9gations d\u00e9partementales dans de grands ensembles afin d&rsquo;organiser l&rsquo;action des acteurs associatifs.\u00a0<\/span><a style=\"line-height: 1.5\" title=\"Les d\u00e9l\u00e9gations r\u00e9gionales, le prolongement du contr\u00f4le national\" href=\"http:\/\/blogs.univ-jfc.fr\/projetcroixrouge\/la-croix-rouge-tarnaise-hommes-et-institutions\/dans-le-reseau-national\/les-delegations-regionales-le-prolongement-du-controle-national\/\">Ces d\u00e9l\u00e9gations r\u00e9gionales constituent le prolongement du contr\u00f4le national<\/a><span style=\"line-height: 1.5\">.<\/span><\/p>\n<p>&nbsp;<\/p>\n<p style=\"text-align: justify\">\n<figure id=\"attachment_2943\" aria-describedby=\"caption-attachment-2943\" style=\"width: 240px\" class=\"wp-caption alignright\"><a href=\"http:\/\/blogs.univ-jfc.fr\/projetcroixrouge\/wp-content\/uploads\/sites\/40\/2015\/01\/90b102a6ffffd3603191a947f3bff656-.jpg\"><img loading=\"lazy\" class=\" wp-image-2943  \" title=\"Croix-Rouge fran\u00e7aise 98 rue Didot, 75014 Paris 14\u00e8me [Cr\u00e9dits photo : CRF] accessible \u00e0 partir de la page de la journ\u00e9e du patrimoine du minist\u00e8re de la Culture.\" alt=\"\" src=\"http:\/\/blogs.univ-jfc.fr\/projetcroixrouge\/wp-content\/uploads\/sites\/40\/2015\/01\/90b102a6ffffd3603191a947f3bff656--300x201.jpg\" width=\"240\" height=\"161\" srcset=\"https:\/\/blogs.univ-jfc.fr\/projetcroixrouge\/wp-content\/uploads\/sites\/40\/2015\/01\/90b102a6ffffd3603191a947f3bff656--300x201.jpg 300w, https:\/\/blogs.univ-jfc.fr\/projetcroixrouge\/wp-content\/uploads\/sites\/40\/2015\/01\/90b102a6ffffd3603191a947f3bff656-.jpg 480w\" sizes=\"(max-width: 240px) 100vw, 240px\" \/><\/a><figcaption id=\"caption-attachment-2943\" class=\"wp-caption-text\">Le si\u00e8ge nationale de la Croix-Rouge fran\u00e7aise.<\/figcaption><\/figure>\n<p style=\"text-align: justify\"><span style=\"font-family: Times New Roman,serif\"><span style=\"font-size: medium\"><span style=\"color: #000000\"><span style=\"color: #000000\"><span style=\"color: #000000\"><span style=\"line-height: 1.5\">Depuis la fusion des associations\u00a0<\/span>en\u00a0<\/span><\/span>ao\u00fbt 1940, <a title=\"Les instances nationales, le cadre de l\u2019association\" href=\"http:\/\/blogs.univ-jfc.fr\/projetcroixrouge\/la-croix-rouge-tarnaise-hommes-et-institutions\/dans-le-reseau-national\/les-instances-nationales-le-cadre-de-lassociation\/\">les diff\u00e9rentes instances nationales jouent un <\/a><\/span><\/span><\/span><span style=\"font-family: Times New Roman,serif\"><span style=\"font-size: medium\"><span style=\"color: #000000\"><a title=\"Les instances nationales, le cadre de l\u2019association\" href=\"http:\/\/blogs.univ-jfc.fr\/projetcroixrouge\/la-croix-rouge-tarnaise-hommes-et-institutions\/dans-le-reseau-national\/les-instances-nationales-le-cadre-de-lassociation\/\">r\u00f4le important, fixant le cadre de l&rsquo;association.<\/a><\/span><span style=\"color: #000000\"> La Croix Rouge fran\u00e7aise est l&rsquo;une des plateformes tournantes entre l&rsquo;international et tout l&rsquo;ensemble du territoire national. \u00c9tant \u00e0 la fois la vitrine et l&rsquo;acteur de l&rsquo;organisation, c&rsquo;est elle qui prend les d\u00e9cisions qui sont par la suite appliqu\u00e9es \u00e0 l&rsquo;ensemble du territoire fran\u00e7ais.<\/span><\/span><\/span><\/p>\n<h5><\/h5>\n<h5><em>En savoir plus sur<\/em> : <a title=\"En savoir plus sur : La Croix-Rouge tarnaise dans le r\u00e9seau national au d\u00e9but du XXIe si\u00e8cle\" href=\"http:\/\/blogs.univ-jfc.fr\/projetcroixrouge\/en-savoir-plus-sur-la-croix-rouge-tarnaise-dans-le-reseau-national-au-debut-du-xxie-siecle\/\">La Croix-Rouge tarnaise dans le r\u00e9seau national au d\u00e9but du XXIe si\u00e8cle<\/a><\/h5>\n<p><strong>\u00c9tudiants<\/strong> : Nabil Ousseni, Trystan Simon, M\u00e9lanie Vottero, Cyril Xipolitakis, Benjamin Vigreux.<\/p>\n","protected":false},"excerpt":{"rendered":"<p>D\u00e8s les origines, la Croix-Rouge en France a mis en place dans son organisation l&rsquo;\u00e9chelon d\u00e9partemental. Il a pris diff\u00e9rentes formes, au d\u00e9part les d\u00e9l\u00e9gations locales \u00e9taient autonomes jusqu&rsquo;\u00e0 ce qu&rsquo;elles soient orient\u00e9es par les d\u00e9l\u00e9gations d\u00e9partementales dans leur objectifs. Celles-ci se trouvent au centre de la dynamique de l&rsquo;association et constituent un \u00e9l\u00e9ment important &hellip; <a href=\"https:\/\/blogs.univ-jfc.fr\/projetcroixrouge\/la-croix-rouge-tarnaise-hommes-et-institutions\/dans-le-reseau-national\/\" class=\"more-link\">Continuer la lecture de <span class=\"screen-reader-text\">La Croix-Rouge tarnaise dans le r\u00e9seau national au d\u00e9but du XXIe si\u00e8cle<\/span> <span class=\"meta-nav\">&rarr;<\/span><\/a><\/p>\n","protected":false},"author":15,"featured_media":0,"parent":6,"menu_order":4,"comment_status":"closed","ping_status":"closed","template":"","meta":[],"_links":{"self":[{"href":"https:\/\/blogs.univ-jfc.fr\/projetcroixrouge\/wp-json\/wp\/v2\/pages\/68"}],"collection":[{"href":"https:\/\/blogs.univ-jfc.fr\/projetcroixrouge\/wp-json\/wp\/v2\/pages"}],"about":[{"href":"https:\/\/blogs.univ-jfc.fr\/projetcroixrouge\/wp-json\/wp\/v2\/types\/page"}],"author":[{"embeddable":true,"href":"https:\/\/blogs.univ-jfc.fr\/projetcroixrouge\/wp-json\/wp\/v2\/users\/15"}],"replies":[{"embeddable":true,"href":"https:\/\/blogs.univ-jfc.fr\/projetcroixrouge\/wp-json\/wp\/v2\/comments?post=68"}],"version-history":[{"count":61,"href":"https:\/\/blogs.univ-jfc.fr\/projetcroixrouge\/wp-json\/wp\/v2\/pages\/68\/revisions"}],"predecessor-version":[{"id":3537,"href":"https:\/\/blogs.univ-jfc.fr\/projetcroixrouge\/wp-json\/wp\/v2\/pages\/68\/revisions\/3537"}],"up":[{"embeddable":true,"href":"https:\/\/blogs.univ-jfc.fr\/projetcroixrouge\/wp-json\/wp\/v2\/pages\/6"}],"wp:attachment":[{"href":"https:\/\/blogs.univ-jfc.fr\/projetcroixrouge\/wp-json\/wp\/v2\/media?parent=68"}],"curies":[{"name":"wp","href":"https:\/\/api.w.org\/{rel}","templated":true}]}}