{"id":731,"date":"2015-03-05T09:19:08","date_gmt":"2015-03-05T08:19:08","guid":{"rendered":"http:\/\/blogs.univ-jfc.fr\/projetcroixrouge\/?page_id=731"},"modified":"2015-04-01T18:42:42","modified_gmt":"2015-04-01T17:42:42","slug":"hopital-auxiliaire-et-hopitaux-complementaires-de-castres","status":"publish","type":"page","link":"https:\/\/blogs.univ-jfc.fr\/projetcroixrouge\/la-croix-rouge-tarnaise-hommes-et-institutions\/la-croix-rouge-action-sociale-et-interventions-medicales\/hopital-auxiliaire-et-hopitaux-complementaires-de-castres\/","title":{"rendered":"H\u00f4pital auxiliaire et h\u00f4pitaux compl\u00e9mentaires de Castres"},"content":{"rendered":"<dl class=\"wp-caption aligncenter\" id=\"attachment_2009\" style=\"width: 310px\">\n<dt class=\"wp-caption-dt\"><\/dt>\n<\/dl>\n<p align=\"JUSTIFY\"><span style=\"color: #000000\"><span style=\"font-family: Arial, sans-serif\"><span style=\"font-size: medium\">Lors de l\u2019\u00e9clatement de la Premi\u00e8re Guerre Mondiale, les services de sant\u00e9 de l\u2019arm\u00e9e et l\u2019association de la Croix-Rouge sont pr\u00eats \u00e0 accueillir les bless\u00e9s de guerre. Face \u00e0 la dur\u00e9e des combats, les h\u00f4pitaux de la France du Nord se retrouvent vite d\u00e9bord\u00e9s par les \u00e9v\u00e9nements, le nombre de bless\u00e9s est trop important pour les structures en bord des zones de conflit. Le service des arm\u00e9es s\u2019organise et opte d\u00e8s le d\u00e9part pour un rapatriement des bless\u00e9s vers des h\u00f4pitaux provinciaux. On distingue trois types de structures, les h\u00f4pitaux priv\u00e9s, les h\u00f4pitaux auxiliaires et les h\u00f4pitaux compl\u00e9mentaires. La Croix-Rouge g\u00e8re les h\u00f4pitaux auxiliaires et le service militaire de sant\u00e9 g\u00e8re les h\u00f4pitaux compl\u00e9mentaires. Ces h\u00f4pitaux constituent une v\u00e9ritable organisation, le personnel m\u00e9dical va \u00eatre de plus en plus comp\u00e9tent et apte \u00e0 g\u00e9rer les situations, telle la situation de la Premi\u00e8re Guerre Mondiale. Le Tarn appartenant \u00e0 la <a title=\"La 16\u00e8me r\u00e9gion militaire\" href=\"http:\/\/blogs.univ-jfc.fr\/projetcroixrouge\/la-croix-rouge-tarnaise-hommes-et-institutions\/la-croix-rouge-action-sociale-et-interventions-medicales\/hopital-auxiliaire-et-hopitaux-complementaires-de-castres\/la-16eme-region-militaire\/\" target=\"_blank\">16<sup>\u00e8me<\/sup> r\u00e9gion militaire<\/a> doit se pr\u00e9parer au niveau m\u00e9dical \u00e0 la veille du conflit. La ville de Castres installe son h\u00f4pital auxiliaire dans le couvent Notre-Dame, c\u2019est l\u2019h\u00f4pital auxiliaire n\u00b08, g\u00e9r\u00e9 par M. Prades et le Dr Jean Paulin. La structure compte trente-quatre lits \u00e0 partir du 8 septembre 1914, et le nombre de lits sera multipli\u00e9 par trois vu l\u2019affluence de bless\u00e9s revenant du front. Des annexes sont cr\u00e9\u00e9es, seulement un mois apr\u00e8s le d\u00e9but de la guerre, comme celle de Labessonni\u00e9 directement rattach\u00e9e \u00e0 l\u2019h\u00f4pital de Castres. De nombreux documents d\u2019archive t\u00e9moignent de cette implication, par exemple, une lettre du 15 janvier 1918 \u00e9crite par le m\u00e9decin chef de l\u2019h\u00f4pital auxiliaire n\u00b08 au maire de Castres lui annon\u00e7ant qu\u2019entre le 8 septembre 1914 et le 15 janvier 1918, l\u2019h\u00f4pital accueillit mille deux cent trente-deux personnes ayant b\u00e9n\u00e9fici\u00e9 de soins. La ville de Castres dispose de trois autres h\u00f4pitaux, cette fois des h\u00f4pitaux compl\u00e9mentaires g\u00e9r\u00e9s par le service de sant\u00e9 des arm\u00e9es. Ces h\u00f4pitaux sont les h\u00f4pitaux n\u00b016 et n\u00b017 et n\u00b018.<\/span><\/span><\/span><\/p>\n<figure id=\"attachment_2009\" aria-describedby=\"caption-attachment-2009\" style=\"width: 300px\" class=\"wp-caption aligncenter\"><img loading=\"lazy\" class=\"size-medium wp-image-2009   \" alt=\"Annexe partie Quentin\" src=\"http:\/\/blogs.univ-jfc.fr\/projetcroixrouge\/wp-content\/uploads\/sites\/40\/2015\/03\/Annexe-partie-Quentin-300x201.jpg\" width=\"300\" height=\"201\" srcset=\"https:\/\/blogs.univ-jfc.fr\/projetcroixrouge\/wp-content\/uploads\/sites\/40\/2015\/03\/Annexe-partie-Quentin-300x201.jpg 300w, https:\/\/blogs.univ-jfc.fr\/projetcroixrouge\/wp-content\/uploads\/sites\/40\/2015\/03\/Annexe-partie-Quentin-1024x686.jpg 1024w\" sizes=\"(max-width: 300px) 100vw, 300px\" \/><figcaption id=\"caption-attachment-2009\" class=\"wp-caption-text\">H\u00f4pital compl\u00e9mentaire n\u00b017<br \/>\u00a9 Archives de la biblioth\u00e8que de Castres<\/figcaption><\/figure>\n<p align=\"JUSTIFY\"><span style=\"font-family: Arial, sans-serif\"><span style=\"font-size: medium\"><span style=\"color: #000000\">Mazamet poss\u00e8de \u00e9galement une structure servant d\u2019h\u00f4pital auxiliaire, cette fois, la structure <\/span>prend une importance consid\u00e9rable. Cet h\u00f4pital est l\u2019h\u00f4pital n\u00b010. L\u2019h\u00f4pital auxiliaire de Mazamet fera partie des premiers h\u00f4pitaux de province \u00e0 b\u00e9n\u00e9ficier d\u2019un service de radiologie ou encore d\u2019un service d\u2019\u00e9lectroth\u00e9rapie. Les h\u00f4pitaux compl\u00e9mentaires et auxiliaires de Castres ne sont pas une exception puisque partout en France on retrouve ce type de structure.<\/span><\/span><\/p>\n<figure id=\"attachment_2952\" aria-describedby=\"caption-attachment-2952\" style=\"width: 270px\" class=\"wp-caption aligncenter\"><a href=\"http:\/\/blogs.univ-jfc.fr\/projetcroixrouge\/wp-content\/uploads\/sites\/40\/2015\/03\/Castres.png\"><img loading=\"lazy\" class=\" wp-image-2952 \" alt=\"Castres\" src=\"http:\/\/blogs.univ-jfc.fr\/projetcroixrouge\/wp-content\/uploads\/sites\/40\/2015\/03\/Castres-300x209.png\" width=\"270\" height=\"188\" srcset=\"https:\/\/blogs.univ-jfc.fr\/projetcroixrouge\/wp-content\/uploads\/sites\/40\/2015\/03\/Castres-300x209.png 300w, https:\/\/blogs.univ-jfc.fr\/projetcroixrouge\/wp-content\/uploads\/sites\/40\/2015\/03\/Castres.png 633w\" sizes=\"(max-width: 270px) 100vw, 270px\" \/><\/a><figcaption id=\"caption-attachment-2952\" class=\"wp-caption-text\">R\u00e9partition des h\u00f4pitaux militaires de la ville de Castres entre 1914 et 1918<\/figcaption><\/figure>\n<p style=\"text-align: justify\" align=\"JUSTIFY\"><span style=\"text-decoration: underline\">L\u00e9gende :\u00a0<\/span><\/p>\n<p style=\"text-align: justify\" align=\"JUSTIFY\">HA n\u00b08 : H\u00f4pital Auxiliaire n\u00b08, Pensionnat Notre-Dame, 58 rue du Commandant Prat.<\/p>\n<p style=\"text-align: justify\" align=\"JUSTIFY\">HC n\u00b016 : H\u00f4pital Compl\u00e9mentaire n\u00b016, Coll\u00e8ge des gar\u00e7ons, Boulevard de Lices.<\/p>\n<p style=\"text-align: justify\" align=\"JUSTIFY\">HC n\u00b017 : H\u00f4pital Compl\u00e9mentaire n\u00b017, Couvent de la pr\u00e9sentation, Boulevard de l&rsquo;\u00e9v\u00each\u00e9.<\/p>\n<p style=\"text-align: justify\" align=\"JUSTIFY\">HC n\u00b018 : H\u00f4pital Compl\u00e9mentaire n\u00b018, \u00c9cole Barral, Boulevard Carnot.<\/p>\n","protected":false},"excerpt":{"rendered":"<p>Lors de l\u2019\u00e9clatement de la Premi\u00e8re Guerre Mondiale, les services de sant\u00e9 de l\u2019arm\u00e9e et l\u2019association de la Croix-Rouge sont pr\u00eats \u00e0 accueillir les bless\u00e9s de guerre. Face \u00e0 la dur\u00e9e des combats, les h\u00f4pitaux de la France du Nord se retrouvent vite d\u00e9bord\u00e9s par les \u00e9v\u00e9nements, le nombre de bless\u00e9s est trop important pour &hellip; <a href=\"https:\/\/blogs.univ-jfc.fr\/projetcroixrouge\/la-croix-rouge-tarnaise-hommes-et-institutions\/la-croix-rouge-action-sociale-et-interventions-medicales\/hopital-auxiliaire-et-hopitaux-complementaires-de-castres\/\" class=\"more-link\">Continuer la lecture de <span class=\"screen-reader-text\">H\u00f4pital auxiliaire et h\u00f4pitaux compl\u00e9mentaires de Castres<\/span> <span class=\"meta-nav\">&rarr;<\/span><\/a><\/p>\n","protected":false},"author":56,"featured_media":0,"parent":569,"menu_order":0,"comment_status":"closed","ping_status":"open","template":"","meta":[],"_links":{"self":[{"href":"https:\/\/blogs.univ-jfc.fr\/projetcroixrouge\/wp-json\/wp\/v2\/pages\/731"}],"collection":[{"href":"https:\/\/blogs.univ-jfc.fr\/projetcroixrouge\/wp-json\/wp\/v2\/pages"}],"about":[{"href":"https:\/\/blogs.univ-jfc.fr\/projetcroixrouge\/wp-json\/wp\/v2\/types\/page"}],"author":[{"embeddable":true,"href":"https:\/\/blogs.univ-jfc.fr\/projetcroixrouge\/wp-json\/wp\/v2\/users\/56"}],"replies":[{"embeddable":true,"href":"https:\/\/blogs.univ-jfc.fr\/projetcroixrouge\/wp-json\/wp\/v2\/comments?post=731"}],"version-history":[{"count":12,"href":"https:\/\/blogs.univ-jfc.fr\/projetcroixrouge\/wp-json\/wp\/v2\/pages\/731\/revisions"}],"predecessor-version":[{"id":3642,"href":"https:\/\/blogs.univ-jfc.fr\/projetcroixrouge\/wp-json\/wp\/v2\/pages\/731\/revisions\/3642"}],"up":[{"embeddable":true,"href":"https:\/\/blogs.univ-jfc.fr\/projetcroixrouge\/wp-json\/wp\/v2\/pages\/569"}],"wp:attachment":[{"href":"https:\/\/blogs.univ-jfc.fr\/projetcroixrouge\/wp-json\/wp\/v2\/media?parent=731"}],"curies":[{"name":"wp","href":"https:\/\/api.w.org\/{rel}","templated":true}]}}