{"id":742,"date":"2015-03-05T09:21:01","date_gmt":"2015-03-05T08:21:01","guid":{"rendered":"http:\/\/blogs.univ-jfc.fr\/projetcroixrouge\/?page_id=742"},"modified":"2015-04-01T18:47:41","modified_gmt":"2015-04-01T17:47:41","slug":"pouponniere-de-castres","status":"publish","type":"page","link":"https:\/\/blogs.univ-jfc.fr\/projetcroixrouge\/la-croix-rouge-tarnaise-hommes-et-institutions\/la-croix-rouge-action-sociale-et-interventions-medicales\/pouponniere-de-castres\/","title":{"rendered":"Pouponni\u00e8re de Castres"},"content":{"rendered":"<figure id=\"attachment_2010\" aria-describedby=\"caption-attachment-2010\" style=\"width: 300px\" class=\"wp-caption aligncenter\"><a href=\"http:\/\/blogs.univ-jfc.fr\/projetcroixrouge\/wp-content\/uploads\/sites\/40\/2015\/03\/Castres-Pouponni\u00e8re-1-4862.jpg\"><img loading=\"lazy\" class=\"size-medium wp-image-2010  \" alt=\"Castres Pouponni\u00e8re 1 486(2)\" src=\"http:\/\/blogs.univ-jfc.fr\/projetcroixrouge\/wp-content\/uploads\/sites\/40\/2015\/03\/Castres-Pouponni\u00e8re-1-4862-300x295.jpg\" width=\"300\" height=\"295\" srcset=\"https:\/\/blogs.univ-jfc.fr\/projetcroixrouge\/wp-content\/uploads\/sites\/40\/2015\/03\/Castres-Pouponni\u00e8re-1-4862-300x295.jpg 300w, https:\/\/blogs.univ-jfc.fr\/projetcroixrouge\/wp-content\/uploads\/sites\/40\/2015\/03\/Castres-Pouponni\u00e8re-1-4862-1024x1008.jpg 1024w\" sizes=\"(max-width: 300px) 100vw, 300px\" \/><\/a><figcaption id=\"caption-attachment-2010\" class=\"wp-caption-text\">Petites filles de la pouponni\u00e8re de Castres en 1943 &#8211;\u00a0Croix-Rouge Suisse (CRS)<\/figcaption><\/figure>\n<p align=\"JUSTIFY\"><span style=\"color: #000000\"><span style=\"font-family: Arial, sans-serif\"><span style=\"font-size: medium\">Les pouponni\u00e8res aussi appel\u00e9es homes, sont des instances d\u00e9ploy\u00e9es par la Croix-Rouge pour soigner les enfants pendant la Seconde Guerre Mondiale. Elles peuvent accueillir autour de huit cent enfants en sous-alimentation l&rsquo;\u00e9t\u00e9 et sept cent l&rsquo;hiver pour un s\u00e9jour de trois mois. La dur\u00e9e de ce s\u00e9jour peut varier en fonction des cas et de l&rsquo;avis des infirmi\u00e8res. Ces homes sont donc charg\u00e9s de soigner et de ramener ces enfants d&rsquo;un \u00e9tat de sous-alimentation \u00e0 un \u00e9tat de bonne sant\u00e9. Ils proposent aussi de les \u00e9duquer et de les instruire, par le biais de la lecture ou d&rsquo;autres activit\u00e9s ludiques comme le th\u00e9\u00e2tre, et garantissent une discipline stricte et rigoureuse. D&rsquo;autre part ces pouponni\u00e8res s&rsquo;engagent \u00e0 lutter contre les maladies, comme la gale, en offrant \u00e0 leurs pensionnaires une bonne hygi\u00e8ne de vie dans un cadre simple et dans une atmosph\u00e8re familiale. C&rsquo;est en 1943, que le comit\u00e9 castrais de la Croix-Rouge a ouvert une pouponni\u00e8re ayant accueilli et soign\u00e9 trente-cinq enfants, qui avaient en moyenne entre z\u00e9ro et trois ans. Cette pouponni\u00e8re aurait \u00e9t\u00e9 situ\u00e9e au lieu dit de la Barradi\u00e8re. Le 31 d\u00e9cembre 1943, la pouponni\u00e8re de Castres comptait dix-huit filles et douze gar\u00e7ons dont seize fran\u00e7ais, quatre espagnoles, des polonais et des allemands parmi ses pensionnaires. Ainsi, Castres fait partie des onze villes de France \u00e0 avoir ouvert une pouponni\u00e8re pendant la Seconde Guerre Mondiale. En effet, les pouponni\u00e8res sont la preuve de l&rsquo;int\u00e9r\u00eat de la Croix-Rouge fran\u00e7aise, pour les besoins de l&rsquo;ensemble de la population, y compris ceux des b\u00e9b\u00e9s n&rsquo;\u00e9tant pas les plus visibles mais \u00e9tant tout de m\u00eame loin d&rsquo;\u00eatre anodins. Il est donc primordial de les prendre en consid\u00e9ration. Ainsi, les enfants ne sont pas laiss\u00e9s totalement \u00e0 l&rsquo;abandon pendant la Seconde Guerre Mondiale et les pouponni\u00e8res permettent de tisser des liens entre les infirmi\u00e8res de la Croix-Rouge, les enfants et leurs\u00a0<\/span><\/span><\/span><span style=\"color: #000000\"><span style=\"font-family: Arial, sans-serif\"><span style=\"font-size: medium\">familles.<\/span><\/span><\/span><\/p>\n<figure id=\"attachment_2011\" aria-describedby=\"caption-attachment-2011\" style=\"width: 300px\" class=\"wp-caption aligncenter\"><a href=\"http:\/\/blogs.univ-jfc.fr\/projetcroixrouge\/wp-content\/uploads\/sites\/40\/2015\/03\/Castres-Pouponni\u00e8re-2-4862.jpg\"><img loading=\"lazy\" class=\"size-medium wp-image-2011  \" alt=\"Castres Pouponni\u00e8re 2 486(2)\" src=\"http:\/\/blogs.univ-jfc.fr\/projetcroixrouge\/wp-content\/uploads\/sites\/40\/2015\/03\/Castres-Pouponni\u00e8re-2-4862-300x295.jpg\" width=\"300\" height=\"295\" srcset=\"https:\/\/blogs.univ-jfc.fr\/projetcroixrouge\/wp-content\/uploads\/sites\/40\/2015\/03\/Castres-Pouponni\u00e8re-2-4862-300x295.jpg 300w, https:\/\/blogs.univ-jfc.fr\/projetcroixrouge\/wp-content\/uploads\/sites\/40\/2015\/03\/Castres-Pouponni\u00e8re-2-4862-1024x1008.jpg 1024w\" sizes=\"(max-width: 300px) 100vw, 300px\" \/><\/a><figcaption id=\"caption-attachment-2011\" class=\"wp-caption-text\">Enfants se lavant &#8211; Croix-Rouge Suisse (CRS)<\/figcaption><\/figure>\n<p align=\"JUSTIFY\"><span style=\"color: #000000\"><span style=\"font-family: Arial, sans-serif\"><span style=\"font-size: medium\">La pouponni\u00e8re de Castres a \u00e9galement recueilli des enfants intern\u00e9s en camps de r\u00e9fugi\u00e9s, ces enfants arrivaient \u00e0 la pouponni\u00e8re dans un \u00e9tat de sous-alimentation voire dans un \u00e9tat fam\u00e9lique.\u00a0<\/span><\/span><\/span><\/p>\n<figure id=\"attachment_2012\" aria-describedby=\"caption-attachment-2012\" style=\"width: 300px\" class=\"wp-caption aligncenter\"><a href=\"http:\/\/blogs.univ-jfc.fr\/projetcroixrouge\/wp-content\/uploads\/sites\/40\/2015\/03\/Castres-Pouponni\u00e8re-enfant-arrivant-dun-camp-de-r\u00e9fugi\u00e9s-4861.jpg\"><img loading=\"lazy\" class=\"size-medium wp-image-2012 \" alt=\"Castres Pouponni\u00e8re, enfant arrivant d'un camp de r\u00e9fugi\u00e9s 486(1)\" src=\"http:\/\/blogs.univ-jfc.fr\/projetcroixrouge\/wp-content\/uploads\/sites\/40\/2015\/03\/Castres-Pouponni\u00e8re-enfant-arrivant-dun-camp-de-r\u00e9fugi\u00e9s-4861-300x295.jpg\" width=\"300\" height=\"295\" srcset=\"https:\/\/blogs.univ-jfc.fr\/projetcroixrouge\/wp-content\/uploads\/sites\/40\/2015\/03\/Castres-Pouponni\u00e8re-enfant-arrivant-dun-camp-de-r\u00e9fugi\u00e9s-4861-300x295.jpg 300w, https:\/\/blogs.univ-jfc.fr\/projetcroixrouge\/wp-content\/uploads\/sites\/40\/2015\/03\/Castres-Pouponni\u00e8re-enfant-arrivant-dun-camp-de-r\u00e9fugi\u00e9s-4861-1024x1008.jpg 1024w\" sizes=\"(max-width: 300px) 100vw, 300px\" \/><\/a><figcaption id=\"caption-attachment-2012\" class=\"wp-caption-text\">Enfant en provenance d&rsquo;un camp de r\u00e9fugi\u00e9s, recueillit \u00e0 la pouponni\u00e8re de Castres &#8211; Croix-Rouge Suisse (CRS)<\/figcaption><\/figure>\n","protected":false},"excerpt":{"rendered":"<p>Les pouponni\u00e8res aussi appel\u00e9es homes, sont des instances d\u00e9ploy\u00e9es par la Croix-Rouge pour soigner les enfants pendant la Seconde Guerre Mondiale. Elles peuvent accueillir autour de huit cent enfants en sous-alimentation l&rsquo;\u00e9t\u00e9 et sept cent l&rsquo;hiver pour un s\u00e9jour de trois mois. La dur\u00e9e de ce s\u00e9jour peut varier en fonction des cas et de &hellip; <a href=\"https:\/\/blogs.univ-jfc.fr\/projetcroixrouge\/la-croix-rouge-tarnaise-hommes-et-institutions\/la-croix-rouge-action-sociale-et-interventions-medicales\/pouponniere-de-castres\/\" class=\"more-link\">Continuer la lecture de <span class=\"screen-reader-text\">Pouponni\u00e8re de Castres<\/span> <span class=\"meta-nav\">&rarr;<\/span><\/a><\/p>\n","protected":false},"author":56,"featured_media":0,"parent":569,"menu_order":0,"comment_status":"closed","ping_status":"open","template":"","meta":[],"_links":{"self":[{"href":"https:\/\/blogs.univ-jfc.fr\/projetcroixrouge\/wp-json\/wp\/v2\/pages\/742"}],"collection":[{"href":"https:\/\/blogs.univ-jfc.fr\/projetcroixrouge\/wp-json\/wp\/v2\/pages"}],"about":[{"href":"https:\/\/blogs.univ-jfc.fr\/projetcroixrouge\/wp-json\/wp\/v2\/types\/page"}],"author":[{"embeddable":true,"href":"https:\/\/blogs.univ-jfc.fr\/projetcroixrouge\/wp-json\/wp\/v2\/users\/56"}],"replies":[{"embeddable":true,"href":"https:\/\/blogs.univ-jfc.fr\/projetcroixrouge\/wp-json\/wp\/v2\/comments?post=742"}],"version-history":[{"count":11,"href":"https:\/\/blogs.univ-jfc.fr\/projetcroixrouge\/wp-json\/wp\/v2\/pages\/742\/revisions"}],"predecessor-version":[{"id":3644,"href":"https:\/\/blogs.univ-jfc.fr\/projetcroixrouge\/wp-json\/wp\/v2\/pages\/742\/revisions\/3644"}],"up":[{"embeddable":true,"href":"https:\/\/blogs.univ-jfc.fr\/projetcroixrouge\/wp-json\/wp\/v2\/pages\/569"}],"wp:attachment":[{"href":"https:\/\/blogs.univ-jfc.fr\/projetcroixrouge\/wp-json\/wp\/v2\/media?parent=742"}],"curies":[{"name":"wp","href":"https:\/\/api.w.org\/{rel}","templated":true}]}}