{"id":757,"date":"2015-03-05T09:24:40","date_gmt":"2015-03-05T08:24:40","guid":{"rendered":"http:\/\/blogs.univ-jfc.fr\/projetcroixrouge\/?page_id=757"},"modified":"2015-04-01T18:51:46","modified_gmt":"2015-04-01T17:51:46","slug":"premieres-formations-secouristes-dans-le-tarn","status":"publish","type":"page","link":"https:\/\/blogs.univ-jfc.fr\/projetcroixrouge\/la-croix-rouge-tarnaise-hommes-et-institutions\/la-croix-rouge-action-sociale-et-interventions-medicales\/premieres-formations-secouristes-dans-le-tarn\/","title":{"rendered":"Premi\u00e8res formations secouristes dans le Tarn"},"content":{"rendered":"<p align=\"JUSTIFY\"><span style=\"color: #000000\"><span style=\"font-family: Arial, sans-serif\"><span style=\"font-size: medium\">D\u00e9j\u00e0 dans les ann\u00e9es 1950, quelques b\u00e9n\u00e9voles contribuent \u00e0 promouvoir le secourisme dans les \u00e9coles et les coll\u00e8ges. Ces b\u00e9n\u00e9voles comme <a title=\"Juliette Dallot\" href=\"http:\/\/blogs.univ-jfc.fr\/projetcroixrouge\/la-croix-rouge-tarnaise-hommes-et-institutions\/la-croix-rouge-action-sociale-et-interventions-medicales\/premieres-formations-secouristes-dans-le-tarn\/juliette-dallot-2\/\" target=\"_blank\">Mme Dallot<\/a> ou encore Mme Sauni\u00e8res, pr\u00e9sidente du comit\u00e9 de Castres \u00e0 cette \u00e9poque oeuvrent \u00a0pour pr\u00e9senter les premiers secours aux plus jeunes. Mais c&rsquo;est \u00e0 R\u00e9almont que se forme la toute premi\u00e8re \u00e9quipe de secouristes. Elle assure \u00e0 cette \u00e9poque des centres de secours lors de manifestations. C&rsquo;est \u00e0 partir des ann\u00e9es 1970, que le secourisme s&rsquo;est fortement d\u00e9velopp\u00e9 dans le Tarn notamment sur Castres et Albi gr\u00e2ce au p\u00e8re<a title=\"Jacques Caminade\" href=\"http:\/\/blogs.univ-jfc.fr\/projetcroixrouge\/la-croix-rouge-tarnaise-des-hommes-et-des-femmes\/figures-tarn\/jacques-caminade\/\" target=\"_blank\"> Jacques Caminade <\/a>qui \u00e9tait pr\u00eatre et directeur adjoint de la structure St Jean mais \u00e9galement directeur d\u00e9partemental du secourisme.\u00a0<\/span><\/span><\/span><span style=\"color: #000000\"><span style=\"font-family: Arial, sans-serif\"><span style=\"font-size: medium\">En 1978, Jacques Caminade passe son dipl\u00f4me de r\u00e9animation, ce qui lui a permis en 1979 de cr\u00e9er un centre national de formation de moniteur aux premiers secours de la Croix- Rouge \u00e0 Albi. Ce centre forme des gens aux premiers secours dans la France enti\u00e8re, c&rsquo;est un centre qui permet de d\u00e9velopper le secourisme dans le Tarn. Il \u00e9tait l&rsquo;un des premiers centres nationaux, il n&rsquo;y en avait qu&rsquo;un autre \u00e0 Paris. Il fonctionnait deux fois par an, pendant les vacances scolaires (vacances de f\u00e9vrier et d&rsquo;avril), jusqu&rsquo;en 2006. Aujourd&rsquo;hui ce centre ne fonctionne plus. \u00c0 partir de la cr\u00e9ation de ce centre le grand \u00e9lan pour le secourisme dans le Tarn est donn\u00e9, le secourisme se d\u00e9veloppe ensuite dans le Tarn gr\u00e2ce \u00e0 l&rsquo;action de ses b\u00e9n\u00e9voles toujours pr\u00e9sents.<\/span><\/span><\/span><\/p>\n<p>&nbsp;<\/p>\n","protected":false},"excerpt":{"rendered":"<p>D\u00e9j\u00e0 dans les ann\u00e9es 1950, quelques b\u00e9n\u00e9voles contribuent \u00e0 promouvoir le secourisme dans les \u00e9coles et les coll\u00e8ges. Ces b\u00e9n\u00e9voles comme Mme Dallot ou encore Mme Sauni\u00e8res, pr\u00e9sidente du comit\u00e9 de Castres \u00e0 cette \u00e9poque oeuvrent \u00a0pour pr\u00e9senter les premiers secours aux plus jeunes. Mais c&rsquo;est \u00e0 R\u00e9almont que se forme la toute premi\u00e8re \u00e9quipe &hellip; <a href=\"https:\/\/blogs.univ-jfc.fr\/projetcroixrouge\/la-croix-rouge-tarnaise-hommes-et-institutions\/la-croix-rouge-action-sociale-et-interventions-medicales\/premieres-formations-secouristes-dans-le-tarn\/\" class=\"more-link\">Continuer la lecture de <span class=\"screen-reader-text\">Premi\u00e8res formations secouristes dans le Tarn<\/span> <span class=\"meta-nav\">&rarr;<\/span><\/a><\/p>\n","protected":false},"author":56,"featured_media":0,"parent":569,"menu_order":0,"comment_status":"closed","ping_status":"open","template":"","meta":[],"_links":{"self":[{"href":"https:\/\/blogs.univ-jfc.fr\/projetcroixrouge\/wp-json\/wp\/v2\/pages\/757"}],"collection":[{"href":"https:\/\/blogs.univ-jfc.fr\/projetcroixrouge\/wp-json\/wp\/v2\/pages"}],"about":[{"href":"https:\/\/blogs.univ-jfc.fr\/projetcroixrouge\/wp-json\/wp\/v2\/types\/page"}],"author":[{"embeddable":true,"href":"https:\/\/blogs.univ-jfc.fr\/projetcroixrouge\/wp-json\/wp\/v2\/users\/56"}],"replies":[{"embeddable":true,"href":"https:\/\/blogs.univ-jfc.fr\/projetcroixrouge\/wp-json\/wp\/v2\/comments?post=757"}],"version-history":[{"count":6,"href":"https:\/\/blogs.univ-jfc.fr\/projetcroixrouge\/wp-json\/wp\/v2\/pages\/757\/revisions"}],"predecessor-version":[{"id":3647,"href":"https:\/\/blogs.univ-jfc.fr\/projetcroixrouge\/wp-json\/wp\/v2\/pages\/757\/revisions\/3647"}],"up":[{"embeddable":true,"href":"https:\/\/blogs.univ-jfc.fr\/projetcroixrouge\/wp-json\/wp\/v2\/pages\/569"}],"wp:attachment":[{"href":"https:\/\/blogs.univ-jfc.fr\/projetcroixrouge\/wp-json\/wp\/v2\/media?parent=757"}],"curies":[{"name":"wp","href":"https:\/\/api.w.org\/{rel}","templated":true}]}}