{"id":760,"date":"2015-03-05T09:26:25","date_gmt":"2015-03-05T08:26:25","guid":{"rendered":"http:\/\/blogs.univ-jfc.fr\/projetcroixrouge\/?page_id=760"},"modified":"2015-04-01T18:52:58","modified_gmt":"2015-04-01T17:52:58","slug":"structures-afin-daider-la-population-tarnaise","status":"publish","type":"page","link":"https:\/\/blogs.univ-jfc.fr\/projetcroixrouge\/la-croix-rouge-tarnaise-hommes-et-institutions\/la-croix-rouge-action-sociale-et-interventions-medicales\/structures-afin-daider-la-population-tarnaise\/","title":{"rendered":"Structures afin d&rsquo;aider la population tarnaise"},"content":{"rendered":"<p align=\"JUSTIFY\"><span style=\"font-family: Arial, sans-serif\"><span style=\"font-size: medium\"><span style=\"color: #000000\">Le Tarn se trouve confront\u00e9 au probl\u00e8me des SDF, c&rsquo;est \u00e0 nouveau la Croix-Rouge<\/span><span style=\"color: #1f497d\"> t<\/span>arnaise qui va s&rsquo;en occuper. Elle met en place des pensions de famille et des maisons relais pour permettre aux gens de s&rsquo;y arr\u00eater notamment les gens \u00e0 la rue. La Croix-Rouge arrive m\u00eame \u00e0 les loger dans des petits studios, qui peuvent \u00eatre lou\u00e9s \u00e0 vie. Par la suite, la Croix-Rouge s&rsquo;est aussi occup\u00e9e des prisons, au d\u00e9part elle faisait seulement des colis \u00e0 la demande, c&rsquo;est \u00e0 partir des ann\u00e9es 2000, que la Croix-Rouge s&rsquo;est impliqu\u00e9e dans le centre de la maison d&rsquo;arr\u00eat d&rsquo;Albi. En 2002, la Croix-Rouge s&rsquo;implique aussi \u00e0 la maison d&rsquo;arr\u00eat de Saint-Sulpice, elle recueillit des familles qui souhaitaient aller au parloir, le b\u00e2timent est inaugur\u00e9 en 2006. C&rsquo;est ainsi que tous les samedis et dimanches une \u00e9quipe de b\u00e9n\u00e9voles re\u00e7oit les familles des prisonniers. La Croix-Rouge tarnaise intervient aussi \u00e0 Lavaur dans un \u00e9tablissement pour accueillir les familles de mineurs. En plus, de former des gens au secourisme et de les secourir lors de catastrophes naturelles par exemple, la Croix-Rouge tarnaise s&rsquo;investit aussi dans le social et aide ainsi toutes les personnes en difficult\u00e9 dans la vie de tous les jours, et non seulement lors d&rsquo;un \u00e9v\u00e9nement pr\u00e9cis. \u00c0 l&rsquo;image des besoins de la soci\u00e9t\u00e9, la Croix-Rouge \u00e9volue \u00e0 son tour afin de satisfaire le plus grand nombre.<\/span><\/span><\/p>\n","protected":false},"excerpt":{"rendered":"<p>Le Tarn se trouve confront\u00e9 au probl\u00e8me des SDF, c&rsquo;est \u00e0 nouveau la Croix-Rouge tarnaise qui va s&rsquo;en occuper. Elle met en place des pensions de famille et des maisons relais pour permettre aux gens de s&rsquo;y arr\u00eater notamment les gens \u00e0 la rue. La Croix-Rouge arrive m\u00eame \u00e0 les loger dans des petits studios, &hellip; <a href=\"https:\/\/blogs.univ-jfc.fr\/projetcroixrouge\/la-croix-rouge-tarnaise-hommes-et-institutions\/la-croix-rouge-action-sociale-et-interventions-medicales\/structures-afin-daider-la-population-tarnaise\/\" class=\"more-link\">Continuer la lecture de <span class=\"screen-reader-text\">Structures afin d&rsquo;aider la population tarnaise<\/span> <span class=\"meta-nav\">&rarr;<\/span><\/a><\/p>\n","protected":false},"author":56,"featured_media":0,"parent":569,"menu_order":0,"comment_status":"closed","ping_status":"open","template":"","meta":[],"_links":{"self":[{"href":"https:\/\/blogs.univ-jfc.fr\/projetcroixrouge\/wp-json\/wp\/v2\/pages\/760"}],"collection":[{"href":"https:\/\/blogs.univ-jfc.fr\/projetcroixrouge\/wp-json\/wp\/v2\/pages"}],"about":[{"href":"https:\/\/blogs.univ-jfc.fr\/projetcroixrouge\/wp-json\/wp\/v2\/types\/page"}],"author":[{"embeddable":true,"href":"https:\/\/blogs.univ-jfc.fr\/projetcroixrouge\/wp-json\/wp\/v2\/users\/56"}],"replies":[{"embeddable":true,"href":"https:\/\/blogs.univ-jfc.fr\/projetcroixrouge\/wp-json\/wp\/v2\/comments?post=760"}],"version-history":[{"count":3,"href":"https:\/\/blogs.univ-jfc.fr\/projetcroixrouge\/wp-json\/wp\/v2\/pages\/760\/revisions"}],"predecessor-version":[{"id":3648,"href":"https:\/\/blogs.univ-jfc.fr\/projetcroixrouge\/wp-json\/wp\/v2\/pages\/760\/revisions\/3648"}],"up":[{"embeddable":true,"href":"https:\/\/blogs.univ-jfc.fr\/projetcroixrouge\/wp-json\/wp\/v2\/pages\/569"}],"wp:attachment":[{"href":"https:\/\/blogs.univ-jfc.fr\/projetcroixrouge\/wp-json\/wp\/v2\/media?parent=760"}],"curies":[{"name":"wp","href":"https:\/\/api.w.org\/{rel}","templated":true}]}}