{"id":766,"date":"2015-03-12T09:50:13","date_gmt":"2015-03-12T08:50:13","guid":{"rendered":"http:\/\/blogs.univ-jfc.fr\/projetcroixrouge\/?page_id=766"},"modified":"2015-04-01T10:54:42","modified_gmt":"2015-04-01T09:54:42","slug":"les-premices-dune-action-humanitaire-organisee","status":"publish","type":"page","link":"https:\/\/blogs.univ-jfc.fr\/projetcroixrouge\/la-croix-rouge-et-le-monde\/une-pionniere-de-laction-humanitaire\/les-premices-dune-action-humanitaire-organisee\/","title":{"rendered":"Les pr\u00e9mices d&rsquo;une action humanitaire organis\u00e9e"},"content":{"rendered":"<p align=\"justify\"><span style=\"font-family: Arial,serif\">Le milieu du XIX<\/span><sup><span style=\"font-family: Arial,serif\">e<\/span><\/sup><span style=\"font-family: Arial,serif\"> si\u00e8cle est propice \u00e0 l\u2019\u00e9closion d&rsquo;id\u00e9es charitables. En effet, <a href=\"http:\/\/www.fortsteynard.com\/artillerie.htm\" target=\"_blank\">les diverses am\u00e9liorations technologiques dans l&rsquo;armement<\/a> causent plus de blessures graves. Ces \u00ab\u00a0avanc\u00e9es\u00a0\u00bb co\u00efncident avec le retour en Europe de conflits particuli\u00e8rement meurtriers comme la guerre de Crim\u00e9e (1853-1856), ou la deuxi\u00e8me guerre d\u2019ind\u00e9pendance italienne en 1859. Cette violence \u00e9meut d\u2019autant plus l\u2019opinion publique que les services de sant\u00e9 des arm\u00e9es apparaissent impuissants \u00e0 y faire face.<\/span><\/p>\n<p align=\"justify\"><span style=\"font-family: Arial,serif\">La bataille de Solferino, le 24 juin 1859, est le conflit europ\u00e9en le plus violent depuis Waterloo. <\/span><span style=\"font-family: Arial,serif\"><a title=\"Dunant,combattant pour la paix\" href=\"http:\/\/blogs.univ-jfc.fr\/projetcroixrouge\/risque-urgence-guerre\/henry-dunant-introduction\/dunantcombattant-pour-la-paix\/\" target=\"_blank\">Henry Dunant, homme d\u2019affaires et humaniste suisse<\/a>, t\u00e9moigna suite \u00e0 ce d\u00e9ferlement de violence dans <\/span><span style=\"font-family: Arial,serif\"><i>Un souvenir de Solferino<\/i><\/span><span style=\"font-family: Arial,serif\">. Les id\u00e9es qu&rsquo;il y exprima sont \u00e0 l&rsquo;origine de la Croix-Rouge<\/span><span style=\"font-family: Arial,serif\">. <\/span><span style=\"font-family: Arial,serif\">En effet, suite \u00e0 la parution de l&rsquo;ouvrage en 1862, une commission fut cr\u00e9\u00e9e dans le but d&rsquo;examiner ses id\u00e9es.<\/span><span style=\"font-family: Arial,serif\"> A la diff\u00e9rence des autres philanthropes du XIX<\/span><sup><span style=\"font-family: Arial,serif\">e<\/span><\/sup><span style=\"font-family: Arial,serif\"> si\u00e8cle, les membres du Comit\u00e9 international de Gen\u00e8ve ont r\u00e9uni des conditions in\u00e9dites jusqu&rsquo;alors\u00a0: la permanence du mouvement, la signature d&rsquo;accords internationaux et la neutralit\u00e9 qui leur conf\u00e8re un statut particulier en cas de conflit. La Croix-Rouge d\u00e9bute dans l&rsquo;indiff\u00e9rence g\u00e9n\u00e9rale, mais en b\u00e9n\u00e9ficiant d\u2019une aide que les pui<\/span><span style=\"font-family: Arial,serif\">ssants lui accorde.<\/span><\/p>\n<p style=\"text-align: center\"><a href=\"http:\/\/blogs.univ-jfc.fr\/projetcroixrouge\/wp-content\/uploads\/sites\/40\/2015\/03\/Bataille-solferino.jpg\"><img loading=\"lazy\" class=\"size-medium wp-image-2330 aligncenter\" alt=\"Bataille solferino\" src=\"http:\/\/blogs.univ-jfc.fr\/projetcroixrouge\/wp-content\/uploads\/sites\/40\/2015\/03\/Bataille-solferino-300x193.jpg\" width=\"300\" height=\"193\" srcset=\"https:\/\/blogs.univ-jfc.fr\/projetcroixrouge\/wp-content\/uploads\/sites\/40\/2015\/03\/Bataille-solferino-300x193.jpg 300w, https:\/\/blogs.univ-jfc.fr\/projetcroixrouge\/wp-content\/uploads\/sites\/40\/2015\/03\/Bataille-solferino-1024x662.jpg 1024w, https:\/\/blogs.univ-jfc.fr\/projetcroixrouge\/wp-content\/uploads\/sites\/40\/2015\/03\/Bataille-solferino.jpg 2048w\" sizes=\"(max-width: 300px) 100vw, 300px\" \/><\/a><span style=\"font-family: Arial,sans-serif\"><span style=\"font-size: small\">BOSSOLI Carlo (1815 \u2013 1884),<em> La prise de Solferino<\/em>, d\u00e9cembre 1859, huile sur toile, 23 x 16 cm, Museo Nazionale del Risorgimento, Turin <\/span><\/span><\/p>\n<p align=\"justify\"><span style=\"font-family: Arial,serif\">Suite \u00e0 la bataille de Solferino, la Croix-Rouge doit faire face \u00e0 de nouveaux besoins et \u00e9largir son champ d\u2019action.<\/span><span style=\"font-family: Arial,serif\"> Pour cela, <a href=\"https:\/\/www.icrc.org\/applic\/ihl\/dih.nsf\/52d68d14de6160e0c12563da005fdb1b\/bfce643272ff9037c1256417003cf42a\" target=\"_blank\">la Convention de Gen\u00e8ve pour l\u2019am\u00e9lioration du sort des militaires bless\u00e9s dans les arm\u00e9es en campagne<\/a> est sign\u00e9e le 22 <\/span><span style=\"font-family: Arial,serif\">ao\u00fbt<\/span><span style=\"font-family: Arial,serif\"> 1864 entre douze <\/span><span style=\"font-family: Arial,serif\">\u00c9tats.<\/span><span style=\"font-family: Arial,serif\"> Elle a pour but de secourir les bless\u00e9s sans consid\u00e9ration d\u2019appartenance nationale.<\/span><\/p>\n<p style=\"text-align: center\" align=\"justify\"><a href=\"http:\/\/blogs.univ-jfc.fr\/projetcroixrouge\/wp-content\/uploads\/sites\/40\/2015\/03\/Signature-premiere-convention-de-Geneve.jpg\"><img loading=\"lazy\" class=\"size-medium wp-image-1881 aligncenter\" alt=\"Signature premiere convention de Geneve\" src=\"http:\/\/blogs.univ-jfc.fr\/projetcroixrouge\/wp-content\/uploads\/sites\/40\/2015\/03\/Signature-premiere-convention-de-Geneve-300x211.jpg\" width=\"300\" height=\"211\" srcset=\"https:\/\/blogs.univ-jfc.fr\/projetcroixrouge\/wp-content\/uploads\/sites\/40\/2015\/03\/Signature-premiere-convention-de-Geneve-300x211.jpg 300w, https:\/\/blogs.univ-jfc.fr\/projetcroixrouge\/wp-content\/uploads\/sites\/40\/2015\/03\/Signature-premiere-convention-de-Geneve-1024x720.jpg 1024w, https:\/\/blogs.univ-jfc.fr\/projetcroixrouge\/wp-content\/uploads\/sites\/40\/2015\/03\/Signature-premiere-convention-de-Geneve-426x300.jpg 426w, https:\/\/blogs.univ-jfc.fr\/projetcroixrouge\/wp-content\/uploads\/sites\/40\/2015\/03\/Signature-premiere-convention-de-Geneve.jpg 1320w\" sizes=\"(max-width: 300px) 100vw, 300px\" \/><\/a><span style=\"font-family: Arial,sans-serif\"><span style=\"font-size: small\">DUMARESQ Armand (1826 \u2013 1895), <em>La signature de la Convention de Gen\u00e8ve \u2013 1864<\/em>, 1870, huile sur toile, Salle de l\u2019Alabama de l\u2019H\u00f4tel de Ville, Gen\u00e8ve <\/span><\/span><\/p>\n<p align=\"justify\"><span style=\"font-family: Arial,serif\">La Soci\u00e9t\u00e9 fran\u00e7aise de Secours aux Bless\u00e9s Militaires conna\u00eet son bapt\u00eame du feu avec la guerre franco prussienne de 1870. Ce conflit met \u00e0 l\u2019\u00e9preuve la convention, notamment le principe de neutralit\u00e9 car beaucoup ne comprennent pas que l\u2019on puisse soigner les bless\u00e9s du camp adverse. De plus, la Croix-Rouge est peu pr\u00e9par\u00e9e et dispose de peu de moyens\u00a0: elle ne peut, par exemple, <a href=\"http:\/\/www.larevuedupraticien.fr\/histoire-de-la-medecine\/les-ambulances-de-la-croix-rouge-pendant-la-guerre-franco-allemande-19-juill\" target=\"_blank\">envoyer que 16 ambulances \u00e0 la veille de la guerre<\/a>. N\u00e9anmoins, ce conflit permet aux soci\u00e9t\u00e9s nationales de s\u2019entraider et d\u2019\u00e9largir les comp\u00e9tences du Comit\u00e9 international.<\/span><\/p>\n<p align=\"justify\"><span style=\"font-family: Arial,serif\">Le d\u00e9veloppement de la guerre maritime et l\u2019encha\u00eenement de batailles navales de grande envergure depuis la fin du XIX<\/span><sup><span style=\"font-family: Arial,serif\">e<\/span><\/sup><span style=\"font-family: Arial,serif\">\u00a0si\u00e8cle obligent la Croix-Rouge \u00e0 diversifier ses actions et \u00e0 rajouter de nouveaux articles dans la convention\u00a0: elle met en place des <a href=\"http:\/\/3.bp.blogspot.com\/-gQUfxRwAUZU\/UvHfRPtOxjI\/AAAAAAAACsA\/HGZ_AT_bfhs\/s1600\/grantully_castle.png\" target=\"_blank\">navires h\u00f4pitaux<\/a> et des hydravions sanitaires. L\u2019apparition des premiers sous-marins am\u00e8ne \u00e0 la r\u00e9daction finale en 1893 de la <a href=\"https:\/\/www.icrc.org\/dih\/INTRO\/370?OpenDocument\" target=\"_blank\">Convention de Gen\u00e8ve pour l\u2019am\u00e9lioration du sort des bless\u00e9s, des malades et des naufrag\u00e9s des forces arm\u00e9es sur mer<\/a>. L\u2019organisation va ainsi devoir s\u2019institutionnaliser pour durer dans le temps, notamment par la cr\u00e9ation du CICR.<\/span><\/p>\n<p align=\"justify\"><span style=\"font-family: Arial,sans-serif\"><span style=\"font-size: medium\"><a title=\"Les origines du CICR, pionnier de l\u2019humanitaire moderne\" href=\"http:\/\/blogs.univ-jfc.fr\/projetcroixrouge\/le-cicr\/les-origines\/\" target=\"_blank\">Lorsque le CICR voit le 17 f\u00e9vrier 1863<\/a>, il propose deux innovations\u00a0: un projet \u00e0 port\u00e9e universelle et une modification des relations internationales. Dans ce nouveau sch\u00e9ma, les \u00e9changes ne se font plus de nation \u00e0 nation, mais d&rsquo;un petit groupe d&rsquo;individus \u00e0 un \u00c9tat. Cette pr\u00e9tention de la part d&rsquo;un comit\u00e9 issu d&rsquo;un petit canton suisse sauve pourtant \u00e0 diff\u00e9rentes reprises le mouvement. En effet, bien que sujette aux critiques, l&rsquo;origine genevoise de tous les membres du comit\u00e9 assurera une unit\u00e9 \u00e0 l&rsquo;association face \u00e0 l&rsquo;affirmation nationale.<\/span><\/span><\/p>\n<p style=\"text-align: center\"><a href=\"http:\/\/blogs.univ-jfc.fr\/projetcroixrouge\/wp-content\/uploads\/sites\/40\/2015\/03\/Portraits-cinq-membres-fondateurs-du-CICR.jpg\"><img loading=\"lazy\" class=\"size-medium wp-image-707 aligncenter\" title=\"Les cinq membres fondateurs du CICR\" alt=\"\" src=\"http:\/\/blogs.univ-jfc.fr\/projetcroixrouge\/wp-content\/uploads\/sites\/40\/2015\/03\/Portraits-cinq-membres-fondateurs-du-CICR-300x216.jpg\" width=\"300\" height=\"216\" srcset=\"https:\/\/blogs.univ-jfc.fr\/projetcroixrouge\/wp-content\/uploads\/sites\/40\/2015\/03\/Portraits-cinq-membres-fondateurs-du-CICR-300x216.jpg 300w, https:\/\/blogs.univ-jfc.fr\/projetcroixrouge\/wp-content\/uploads\/sites\/40\/2015\/03\/Portraits-cinq-membres-fondateurs-du-CICR.jpg 697w\" sizes=\"(max-width: 300px) 100vw, 300px\" \/><\/a><span style=\"font-family: Arial,sans-serif\"><span style=\"font-size: small\">Portraits de cinq membres fondateurs du Comit\u00e9 international de la Croix-Rouge, 1863 <\/span><\/span><\/p>\n<p align=\"justify\"><span style=\"font-family: Arial,serif\">La premi\u00e8re convention de Gen\u00e8ve renforce le prestige du CICR qui prend alors un poids important sur la sc\u00e8ne europ\u00e9enne, tant sur le plan moral que politique. Pour la premi\u00e8re fois, des membres d\u2019une soci\u00e9t\u00e9 civile r\u00e9ussissent \u00e0 organiser et \u00e0 mettre en action un mouvement \u00e0 port\u00e9e internationale. Ceci s&rsquo;explique notamment par un contexte favorable aux initiatives charitables, \u00e0 la neutralit\u00e9 de Gen\u00e8ve et aux relations nou\u00e9es avec diff\u00e9rents interlocuteurs regroup\u00e9s dor\u00e9navant au sein des soci\u00e9t\u00e9s nationales de la Croix-Rouge. Le CICR, servant de lien entre ces associations, s&rsquo;est vu confort\u00e9 dans sa position gr\u00e2ce \u00e0 l&rsquo;entr\u00e9e de nouvelles soci\u00e9t\u00e9s jusqu&rsquo;en 1914. Malgr\u00e9 cette visibilit\u00e9, les soci\u00e9t\u00e9s nationales manquent \u00e0 l\u2019\u00e9poque de financement, leurs r\u00e9seaux \u00e9tant peu d\u00e9velopp\u00e9s, le mat\u00e9riel insuffisant et le personnel se r\u00e9sumant souvent aux cadres.<\/span><\/p>\n<p align=\"justify\"><a title=\"Bibliographie\" href=\"http:\/\/blogs.univ-jfc.fr\/projetcroixrouge\/bibliographie-2\/\">En savoir plus&#8230;<\/a><\/p>\n","protected":false},"excerpt":{"rendered":"<p>Le milieu du XIXe si\u00e8cle est propice \u00e0 l\u2019\u00e9closion d&rsquo;id\u00e9es charitables. En effet, les diverses am\u00e9liorations technologiques dans l&rsquo;armement causent plus de blessures graves. Ces \u00ab\u00a0avanc\u00e9es\u00a0\u00bb co\u00efncident avec le retour en Europe de conflits particuli\u00e8rement meurtriers comme la guerre de Crim\u00e9e (1853-1856), ou la deuxi\u00e8me guerre d\u2019ind\u00e9pendance italienne en 1859. Cette violence \u00e9meut d\u2019autant plus &hellip; <a href=\"https:\/\/blogs.univ-jfc.fr\/projetcroixrouge\/la-croix-rouge-et-le-monde\/une-pionniere-de-laction-humanitaire\/les-premices-dune-action-humanitaire-organisee\/\" class=\"more-link\">Continuer la lecture de <span class=\"screen-reader-text\">Les pr\u00e9mices d&rsquo;une action humanitaire organis\u00e9e<\/span> <span class=\"meta-nav\">&rarr;<\/span><\/a><\/p>\n","protected":false},"author":57,"featured_media":0,"parent":108,"menu_order":0,"comment_status":"closed","ping_status":"open","template":"","meta":[],"_links":{"self":[{"href":"https:\/\/blogs.univ-jfc.fr\/projetcroixrouge\/wp-json\/wp\/v2\/pages\/766"}],"collection":[{"href":"https:\/\/blogs.univ-jfc.fr\/projetcroixrouge\/wp-json\/wp\/v2\/pages"}],"about":[{"href":"https:\/\/blogs.univ-jfc.fr\/projetcroixrouge\/wp-json\/wp\/v2\/types\/page"}],"author":[{"embeddable":true,"href":"https:\/\/blogs.univ-jfc.fr\/projetcroixrouge\/wp-json\/wp\/v2\/users\/57"}],"replies":[{"embeddable":true,"href":"https:\/\/blogs.univ-jfc.fr\/projetcroixrouge\/wp-json\/wp\/v2\/comments?post=766"}],"version-history":[{"count":11,"href":"https:\/\/blogs.univ-jfc.fr\/projetcroixrouge\/wp-json\/wp\/v2\/pages\/766\/revisions"}],"predecessor-version":[{"id":3620,"href":"https:\/\/blogs.univ-jfc.fr\/projetcroixrouge\/wp-json\/wp\/v2\/pages\/766\/revisions\/3620"}],"up":[{"embeddable":true,"href":"https:\/\/blogs.univ-jfc.fr\/projetcroixrouge\/wp-json\/wp\/v2\/pages\/108"}],"wp:attachment":[{"href":"https:\/\/blogs.univ-jfc.fr\/projetcroixrouge\/wp-json\/wp\/v2\/media?parent=766"}],"curies":[{"name":"wp","href":"https:\/\/api.w.org\/{rel}","templated":true}]}}